{"id":1100,"date":"2024-06-26T09:42:50","date_gmt":"2024-06-26T07:42:50","guid":{"rendered":"https:\/\/altrisacces.fr\/?page_id=1100"},"modified":"2024-06-26T10:20:22","modified_gmt":"2024-06-26T08:20:22","slug":"mentions-legales","status":"publish","type":"page","link":"https:\/\/altrisacces.fr\/index.php\/mentions-legales\/","title":{"rendered":"Mentions l\u00e9gales"},"content":{"rendered":"\t\t<div data-elementor-type=\"wp-page\" data-elementor-id=\"1100\" class=\"elementor elementor-1100\" data-elementor-post-type=\"page\">\n\t\t\t\t<div class=\"elementor-element elementor-element-cbf2a57 e-flex e-con-boxed e-con e-parent\" data-id=\"cbf2a57\" data-element_type=\"container\">\n\t\t\t\t\t<div class=\"e-con-inner\">\n\t\t\t\t<div class=\"elementor-element elementor-element-4dc34cf elementor-widget elementor-widget-text-editor\" data-id=\"4dc34cf\" data-element_type=\"widget\" data-widget_type=\"text-editor.default\">\n\t\t\t\t<div class=\"elementor-widget-container\">\n\t\t\t<style>\/*! elementor - v3.22.0 - 26-06-2024 *\/\n.elementor-widget-text-editor.elementor-drop-cap-view-stacked .elementor-drop-cap{background-color:#69727d;color:#fff}.elementor-widget-text-editor.elementor-drop-cap-view-framed .elementor-drop-cap{color:#69727d;border:3px solid;background-color:transparent}.elementor-widget-text-editor:not(.elementor-drop-cap-view-default) .elementor-drop-cap{margin-top:8px}.elementor-widget-text-editor:not(.elementor-drop-cap-view-default) .elementor-drop-cap-letter{width:1em;height:1em}.elementor-widget-text-editor .elementor-drop-cap{float:left;text-align:center;line-height:1;font-size:50px}.elementor-widget-text-editor .elementor-drop-cap-letter{display:inline-block}<\/style>\t\t\t\t<h2 class=\"wp-block-heading\">Responsable de la publication<\/h2><p><strong>Altris Acces<br \/><\/strong>SASU au capital de 1000 \u20ac<br \/>9-11 rue des hauts chupins \u2013 91310 Linas<\/p><p>Responsable de la publication : ?????<br \/>T\u00e9l. : ????? \u2013 <a href=\"mailto:contact@altris.fr\">contact@altris.fr<\/a><br \/>TVA intra :\u00a0FR?????<br \/>SIRET du si\u00e8ge : ?????<br \/>751 487 083 R.C.S Evry<\/p><h2 class=\"wp-block-heading\">Conception &amp; d\u00e9veloppement<\/h2><p><strong>CD Atelier graphique<\/strong><br \/>56, rue Saint Thibault \u2013 77160 PROVINS<br \/>T\u00e9l. : 06 21 29 43 11<br \/><a href=\"mailto:celine.durand@cd-ateliergraphique.fr\">celine.durand@cd-ateliergraphique.fr<\/a><br \/><a href=\"http:\/\/www.cd-ateliergraphique.fr\/\" target=\"_blank\" rel=\"noreferrer noopener\">www.cd-ateliergraphique.fr<\/a><\/p><p><strong>Gestion du site\u00a0<\/strong><br \/>Maintenance WP<br \/><a href=\"https:\/\/www.maintenance-wp.fr\/\">https:\/\/www.maintenance-wp.fr<\/a><\/p><h2 class=\"wp-block-heading\">H\u00e9bergement<\/h2><p><strong>OVH<\/strong><br \/>SAS au capital de 10 069 020 \u20ac<br \/>RCS Lille M\u00e9tropole 424 761 419 00045<br \/>Code APE 2620Z<br \/>N\u00b0 TVA : FR 22 424 761 419<br \/>Si\u00e8ge social : 2 rue Kellermann \u2013 59100 Roubaix \u2013 France<br \/>Tel : 0 899 701 761 \u2013 Fax : 03 20 20 09 58<br \/>Mail :\u00a0<a href=\"mailto:support@ovh.com\">support@ovh.com<\/a><br \/>Site :\u00a0<a href=\"https:\/\/www.skiud.com\/www.ovh.com\" target=\"_blank\" rel=\"noreferrer noopener\">www.ovh.com<\/a><\/p><p style=\"font-weight: 400;\">La SAS ALTRIS est soucieuse de la protection des donn\u00e9es personnelles. Elle s\u2019engage \u00e0 assurer le meilleur niveau de protection \u00e0 vos donn\u00e9es personnelles en conformit\u00e9 avec les r\u00e9glementations europ\u00e9ennes et fran\u00e7aises qui lui sont applicables.<\/p><p style=\"font-weight: 400;\">La SAS ALTRIS s\u2019engage \u00e0 assurer le meilleur niveau de protection \u00e0 vos donn\u00e9es personnelles en conformit\u00e9 avec les r\u00e9glementations europ\u00e9ennes et fran\u00e7aises qui lui sont applicables. La SAS ALTRIS a mis en place une politique de gestion de ses syst\u00e8mes informatiques s\u00e9curis\u00e9e et efficace permettant de prot\u00e9ger les donn\u00e9es de l\u2019entreprise et les donn\u00e9es personnelles qu\u2019elle traite.<\/p><h3 style=\"font-weight: 400;\">Quelles donn\u00e9es collectons-nous ?<\/h3><p style=\"font-weight: 400;\">La SAS ALTRIS peut recueillir directement aupr\u00e8s de vous ou indirectement via des tiers des donn\u00e9es \u00e0 caract\u00e8re personnel. Conform\u00e9ment au principe de minimisation, nous ne collectons que les donn\u00e9es n\u00e9cessaires au regard des finalit\u00e9s pour lesquelles elles sont trait\u00e9es.<\/p><p style=\"font-weight: 400;\">Les diff\u00e9rentes cat\u00e9gories de donn\u00e9es collect\u00e9es lors de votre inscription sur le site et dans le cadre de votre navigation sur le site et de votre commande sont notamment les suivantes:<\/p><ul><li>Donn\u00e9es d\u2019identification (notamment nom, pr\u00e9nom) ;<\/li><li>Donn\u00e9es de contact (notamment adresse postale ou \u00e9lectronique (de livraison et de facturation), coordonn\u00e9es t\u00e9l\u00e9phoniques) ;<\/li><li>Donn\u00e9es d\u2019usage (notamment pages web et produits consult\u00e9s, recherches et demandes effectu\u00e9es, abandon de panier) ;<\/li><li>Donn\u00e9es de connexion et de navigation (notamment adresse IP de votre ordinateur, logs de connexion et d\u2019usage) ;<\/li><li>Donn\u00e9es commerciales (historique de commande et de demande de devis, r\u00e9clamations) ;<\/li><li>Donn\u00e9es de localisation.<\/li><\/ul><h3 style=\"font-weight: 400;\">Pourquoi collectons-nous des donn\u00e9es ?<\/h3><p style=\"font-weight: 400;\">La SAS ALTRIS utilise vos donn\u00e9es personnelles principalement pour les finalit\u00e9s suivantes :<\/p><ul><li>Dans le cadre de l\u2019ex\u00e9cution d\u2019un contrat : Gestion de la commande et de la relation client, gestion du compte client et authentification du client, paiement de la commande, communications avec le client (assistance technique et commerciale), Gestion des pr\u00e9contentieux, des contentieux et des impay\u00e9s, gestion des droits et des demandes d\u2019exercice des droits des personnes, fourniture et fonctionnement des services, h\u00e9bergement des donn\u00e9es du client ;<\/li><li>A des fins commerciales et de prospection: La connaissance client et les statistiques et performance de notre site, le ciblage des messages publicitaires, enrichissement et valorisation de la base clients\/prospects ;<\/li><li>Lutte contre la fraude et la s\u00e9curit\u00e9 de notre site.<\/li><\/ul><h3 style=\"font-weight: 400;\">Quelle est la dur\u00e9e de conservation de vos donn\u00e9es ?<\/h3><p style=\"font-weight: 400;\">Nous ne conservons vos donn\u00e9es que pendant la dur\u00e9e n\u00e9cessaire \u00e0 l\u2019accomplissement des finalit\u00e9s mentionn\u00e9es ci-dessus ou pour nous permettre de r\u00e9pondre \u00e0 nos obligations l\u00e9gales.<\/p><p style=\"font-weight: 400;\">Les donn\u00e9es \u00e0 caract\u00e8re personnel utilis\u00e9es \u00e0 des fins de prospection commerciale peuvent \u00eatre conserv\u00e9es pour une dur\u00e9e maximale de trois (3) ans \u00e0 compter de la fin de la relation commerciale.<\/p><h3 style=\"font-weight: 400;\">Cookies<\/h3><p style=\"font-weight: 400;\">Lors de la navigation sur le site ecoplanet-technology.com des cookies sont susceptibles d\u2019\u00eatre d\u00e9pos\u00e9s, sous r\u00e9serve de votre accord pr\u00e9alable.<\/p><p style=\"font-weight: 400;\">Le site ALTRIS.com utilise les outils suivants :<\/p><ul><li>Google Analytics, outil Google d\u2019analyse d\u2019audience Internet nous permettant de mieux comprendre le comportement des utilisateurs.<\/li><li>Google Adwords, outil de r\u00e9f\u00e9rencement publicitaire.<\/li><li>Google Tag Manager, outil de suivi, (ex : taux de conversion, temps pass\u00e9 sur une page, pages les plus visit\u00e9es, taux d\u2019abandon des paniers etc \u2026).<\/li><li>Pixel Facebook, outil d\u2019analyse permettant de mesurer l\u2019efficacit\u00e9 de la publicit\u00e9 en suivant les actions entreprises par les personnes sur le site web. Les donn\u00e9es collect\u00e9es via le pixel peuvent par exemple \u00eatre utilis\u00e9es pour s\u2019assurer que les publicit\u00e9s sont diffus\u00e9es aupr\u00e8s des bonnes personnes ou d\u00e9velopper des audiences pour les publicit\u00e9s.<\/li><li>Ces outils peuvent utiliser des cookies pour collecter des informations et g\u00e9n\u00e9rer des rapports sur les statistiques d\u2019utilisation du site ecoplanet-technology.com ou les mots clefs utilis\u00e9s, sans que les utilisateurs individuels soient identifi\u00e9s personnellement par Google. Dans ce cadre, vos donn\u00e9es de navigation sur le site de la SAS ALTRIS sont envoy\u00e9es \u00e0 Google Inc.<\/li><\/ul><p style=\"font-weight: 400;\">Vous pouvez vous opposer \u00e0 ces traitements en configurant vos pr\u00e9f\u00e9rences (dans la rubrique \u00ab Personnaliser \u00bb accessible depuis le bandeau \u00ab cookies \u00bb, ou dans la rubrique \u00ab Cookies \u00bb du site de la SAS ALTRIS). Nous vous informons \u00e9galement que vous pouvez param\u00e9trer la gestion des cookies en configurant votre navigateur.<\/p><p style=\"font-weight: 400;\">Les cookies sont conserv\u00e9s pour une dur\u00e9e maximale de treize (13) mois \u00e0 compter de leur d\u00e9p\u00f4t sur votre terminal. A l\u2019expiration de ce d\u00e9lai (ou si vous avez supprim\u00e9 manuellement vos cookies), votre consentement pour le d\u00e9p\u00f4t et\/ou la lecture de cookies sera \u00e0 nouveau requis.<\/p><h3 style=\"font-weight: 400;\">Quels sont les destinataires ?<\/h3><p style=\"font-weight: 400;\">Vos donn\u00e9es \u00e0 caract\u00e8re personnel pourront \u00eatre trait\u00e9es par le personnel habilit\u00e9 de la SAS ALTRIS, et des partenaires ou prestataires (tels que Google, WordPress).<br \/>Si ces destinataires sont amen\u00e9s \u00e0 traiter vos donn\u00e9es en dehors de l\u2019Union europ\u00e9enne, les transferts seront r\u00e9alis\u00e9s dans le respect de la R\u00e9glementation.<br \/>Les informations relatives au Client, \u00e0 sa navigation et \u00e0 ses demandes de devis et commandes sont collect\u00e9es et trait\u00e9es par le prestataire technique du site.<\/p><h3 style=\"font-weight: 400;\">Quelle s\u00e9curit\u00e9 pour vos donn\u00e9es ?<\/h3><p style=\"font-weight: 400;\">Nous avons d\u00e9fini des mesures techniques et organisationnelles permettant de prot\u00e9ger vos donn\u00e9es de fa\u00e7on appropri\u00e9e selon leur nature, l\u2019\u00e9tendue du traitement et leur accessibilit\u00e9. Il peut s\u2019agir par exemple de gestion de droits d\u2019acc\u00e8s ou de flux s\u00e9curis\u00e9s.<\/p><p style=\"font-weight: 400;\">Le respect de la s\u00e9curit\u00e9 et de la protection de vos donn\u00e9es s\u2019impose \u00e0 l\u2019ensemble de nos collaborateurs ainsi qu\u2019\u00e0 nos prestataires et partenaires.<\/p><h3 style=\"font-weight: 400;\">Quels sont vos droits ?<\/h3><p style=\"font-weight: 400;\">Conform\u00e9ment au R\u00e8glement G\u00e9n\u00e9ral sur la Protection des Donn\u00e9es (RGPD) et \u00e0 la nouvelle loi Informatique et Libert\u00e9 n\u00b02018-493 du 20 juin 2018, vous pouvez demander \u00e0 tout moment l\u2019acc\u00e8s aux donn\u00e9es \u00e0 caract\u00e8re personnel vous concernant, leur rectification, leur effacement (dans la mesure o\u00f9 cela n\u2019emp\u00eache pas la bonne ex\u00e9cution du contrat ou le respect des obligations l\u00e9gales de la SAS ALTRIS) et la limitation d\u2019un ou plusieurs traitements particuliers de donn\u00e9es vous concernant, dans les conditions pr\u00e9vues par la R\u00e9glementation.<\/p><p style=\"font-weight: 400;\">Vous disposez \u00e9galement du droit de modifier ou de retirer, \u00e0 tout moment, les consentements que vous nous avez accord\u00e9s pour le traitement de vos donn\u00e9es \u00e0 caract\u00e8re personnel.<\/p><p style=\"font-weight: 400;\">Vous disposez par ailleurs du droit de vous opposer \u00e0 un traitement de vos donn\u00e9es \u00e0 caract\u00e8re personnel et du droit \u00e0 leur portabilit\u00e9, dans les conditions fix\u00e9es par la R\u00e9glementation.<\/p><p style=\"font-weight: 400;\">Vos donn\u00e9es \u00e0 caract\u00e8re personnel peuvent \u00eatre conserv\u00e9es ou supprim\u00e9es apr\u00e8s votre d\u00e9c\u00e8s conform\u00e9ment \u00e0 la R\u00e9glementation. Vous disposez du droit de donner instruction \u00e0 la SAS ALTRIS de communiquer ces donn\u00e9es \u00e0 un tiers que vous aurez pr\u00e9alablement d\u00e9sign\u00e9.<\/p><h3 style=\"font-weight: 400;\">Modalit\u00e9s d\u2019exercice<\/h3><p style=\"font-weight: 400;\">Vous pouvez exercer vos droit \u00e0 tout moment en \u00e9crivant \u00e0 : SAS ALTRIS, 11 RUE DES HAUTS CHUPINS 91310 LINAS ou par email \u00e0 l\u2019adresse suivante : <a href=\"mailto:contact@altris.fr\">contact@altris.fr<\/a> .<\/p><p style=\"font-weight: 400;\">Par ailleurs, l\u2019Utilisateur est inform\u00e9 du droit d\u2019introduire une r\u00e9clamation aupr\u00e8s de l\u2019autorit\u00e9 de contr\u00f4le laquelle est la Commission Nationale de L\u2019Informatique et des Libert\u00e9s (CNIL) : 3 Place de Fontenoy \u2013 TSA 80715 \u2013 75334 Paris 07.<\/p><h3 style=\"font-weight: 400;\">Mise \u00e0 jour de la pr\u00e9sente POLITIQUE DE PROTECTION DES DONNEES PERSONNELLES<\/h3><p style=\"font-weight: 400;\">Nous nous r\u00e9servons le droit de modifier cette POLITIQUE DE PROTECTION DES DONNEES PERSONNELLES \u00e0 tout moment en la mettant notamment \u00e0 jour sur le site internet de La SAS ALTRIS. Notre utilisation de vos informations personnelles sera toujours r\u00e9gie par la version la plus r\u00e9cente de la pr\u00e9sente POLITIQUE DE PROTECTION DES DONNEES PERSONNELLES.<\/p>\t\t\t\t\t\t<\/div>\n\t\t\t\t<\/div>\n\t\t\t\t\t<\/div>\n\t\t\t\t<\/div>\n\t\t\t\t<\/div>\n\t\t","protected":false},"excerpt":{"rendered":"<p>Responsable de la publication Altris AccesSASU au capital de 1000 \u20ac9-11 rue des hauts chupins \u2013 91310 Linas Responsable de la publication : ?????T\u00e9l. : ????? \u2013 contact@altris.frTVA intra :\u00a0FR?????SIRET du si\u00e8ge : ?????751 487 083 R.C.S Evry Conception &amp; d\u00e9veloppement CD Atelier graphique56, rue Saint Thibault \u2013 77160 PROVINST\u00e9l. : 06 21 29 43 [&hellip;]<\/p>\n","protected":false},"author":1,"featured_media":0,"parent":0,"menu_order":0,"comment_status":"closed","ping_status":"closed","template":"","meta":{"_acf_changed":false,"footnotes":""},"class_list":["post-1100","page","type-page","status-publish","hentry"],"acf":[],"yoast_head":"<!-- This site is optimized with the Yoast SEO plugin v22.9 - https:\/\/yoast.com\/wordpress\/plugins\/seo\/ -->\n<title>Mentions l\u00e9gales - Altris | Eclairages LED<\/title>\n<meta name=\"robots\" content=\"index, follow, max-snippet:-1, max-image-preview:large, max-video-preview:-1\" \/>\n<link rel=\"canonical\" href=\"https:\/\/altrisacces.fr\/index.php\/mentions-legales\/\" \/>\n<meta property=\"og:locale\" content=\"fr_FR\" \/>\n<meta property=\"og:type\" content=\"article\" \/>\n<meta property=\"og:title\" content=\"Mentions l\u00e9gales - Altris | Eclairages LED\" \/>\n<meta property=\"og:description\" content=\"Responsable de la publication Altris AccesSASU au capital de 1000 \u20ac9-11 rue des hauts chupins \u2013 91310 Linas Responsable de la publication : ?????T\u00e9l. : ????? \u2013 contact@altris.frTVA intra :\u00a0FR?????SIRET du si\u00e8ge : ?????751 487 083 R.C.S Evry Conception &amp; d\u00e9veloppement CD Atelier graphique56, rue Saint Thibault \u2013 77160 PROVINST\u00e9l. : 06 21 29 43 [&hellip;]\" \/>\n<meta property=\"og:url\" content=\"https:\/\/altrisacces.fr\/index.php\/mentions-legales\/\" \/>\n<meta property=\"og:site_name\" content=\"Altris\" \/>\n<meta property=\"article:modified_time\" content=\"2024-06-26T08:20:22+00:00\" \/>\n<meta name=\"twitter:card\" content=\"summary_large_image\" \/>\n<meta name=\"twitter:label1\" content=\"Dur\u00e9e de lecture estim\u00e9e\" \/>\n\t<meta name=\"twitter:data1\" content=\"7 minutes\" \/>\n<script type=\"application\/ld+json\" class=\"yoast-schema-graph\">{\"@context\":\"https:\/\/schema.org\",\"@graph\":[{\"@type\":\"WebPage\",\"@id\":\"https:\/\/altrisacces.fr\/index.php\/mentions-legales\/\",\"url\":\"https:\/\/altrisacces.fr\/index.php\/mentions-legales\/\",\"name\":\"Mentions l\u00e9gales - Altris | Eclairages LED\",\"isPartOf\":{\"@id\":\"https:\/\/altrisacces.fr\/#website\"},\"datePublished\":\"2024-06-26T07:42:50+00:00\",\"dateModified\":\"2024-06-26T08:20:22+00:00\",\"breadcrumb\":{\"@id\":\"https:\/\/altrisacces.fr\/index.php\/mentions-legales\/#breadcrumb\"},\"inLanguage\":\"fr-FR\",\"potentialAction\":[{\"@type\":\"ReadAction\",\"target\":[\"https:\/\/altrisacces.fr\/index.php\/mentions-legales\/\"]}]},{\"@type\":\"BreadcrumbList\",\"@id\":\"https:\/\/altrisacces.fr\/index.php\/mentions-legales\/#breadcrumb\",\"itemListElement\":[{\"@type\":\"ListItem\",\"position\":1,\"name\":\"Accueil\",\"item\":\"https:\/\/altrisacces.fr\/\"},{\"@type\":\"ListItem\",\"position\":2,\"name\":\"Mentions l\u00e9gales\"}]},{\"@type\":\"WebSite\",\"@id\":\"https:\/\/altrisacces.fr\/#website\",\"url\":\"https:\/\/altrisacces.fr\/\",\"name\":\"Altris\",\"description\":\"\u00e9clairage LED public, ext\u00e9rieur, tertiaire et industriel\",\"publisher\":{\"@id\":\"https:\/\/altrisacces.fr\/#organization\"},\"potentialAction\":[{\"@type\":\"SearchAction\",\"target\":{\"@type\":\"EntryPoint\",\"urlTemplate\":\"https:\/\/altrisacces.fr\/?s={search_term_string}\"},\"query-input\":\"required name=search_term_string\"}],\"inLanguage\":\"fr-FR\"},{\"@type\":\"Organization\",\"@id\":\"https:\/\/altrisacces.fr\/#organization\",\"name\":\"Altris\",\"url\":\"https:\/\/altrisacces.fr\/\",\"logo\":{\"@type\":\"ImageObject\",\"inLanguage\":\"fr-FR\",\"@id\":\"https:\/\/altrisacces.fr\/#\/schema\/logo\/image\/\",\"url\":\"https:\/\/altrisacces.fr\/wp-content\/uploads\/2023\/10\/logo_Altris.png\",\"contentUrl\":\"https:\/\/altrisacces.fr\/wp-content\/uploads\/2023\/10\/logo_Altris.png\",\"width\":1579,\"height\":1006,\"caption\":\"Altris\"},\"image\":{\"@id\":\"https:\/\/altrisacces.fr\/#\/schema\/logo\/image\/\"}}]}<\/script>\n<!-- \/ Yoast SEO plugin. -->","yoast_head_json":{"title":"Mentions l\u00e9gales - Altris | Eclairages LED","robots":{"index":"index","follow":"follow","max-snippet":"max-snippet:-1","max-image-preview":"max-image-preview:large","max-video-preview":"max-video-preview:-1"},"canonical":"https:\/\/altrisacces.fr\/index.php\/mentions-legales\/","og_locale":"fr_FR","og_type":"article","og_title":"Mentions l\u00e9gales - Altris | Eclairages LED","og_description":"Responsable de la publication Altris AccesSASU au capital de 1000 \u20ac9-11 rue des hauts chupins \u2013 91310 Linas Responsable de la publication : ?????T\u00e9l. : ????? \u2013 contact@altris.frTVA intra :\u00a0FR?????SIRET du si\u00e8ge : ?????751 487 083 R.C.S Evry Conception &amp; d\u00e9veloppement CD Atelier graphique56, rue Saint Thibault \u2013 77160 PROVINST\u00e9l. : 06 21 29 43 [&hellip;]","og_url":"https:\/\/altrisacces.fr\/index.php\/mentions-legales\/","og_site_name":"Altris","article_modified_time":"2024-06-26T08:20:22+00:00","twitter_card":"summary_large_image","twitter_misc":{"Dur\u00e9e de lecture estim\u00e9e":"7 minutes"},"schema":{"@context":"https:\/\/schema.org","@graph":[{"@type":"WebPage","@id":"https:\/\/altrisacces.fr\/index.php\/mentions-legales\/","url":"https:\/\/altrisacces.fr\/index.php\/mentions-legales\/","name":"Mentions l\u00e9gales - Altris | Eclairages LED","isPartOf":{"@id":"https:\/\/altrisacces.fr\/#website"},"datePublished":"2024-06-26T07:42:50+00:00","dateModified":"2024-06-26T08:20:22+00:00","breadcrumb":{"@id":"https:\/\/altrisacces.fr\/index.php\/mentions-legales\/#breadcrumb"},"inLanguage":"fr-FR","potentialAction":[{"@type":"ReadAction","target":["https:\/\/altrisacces.fr\/index.php\/mentions-legales\/"]}]},{"@type":"BreadcrumbList","@id":"https:\/\/altrisacces.fr\/index.php\/mentions-legales\/#breadcrumb","itemListElement":[{"@type":"ListItem","position":1,"name":"Accueil","item":"https:\/\/altrisacces.fr\/"},{"@type":"ListItem","position":2,"name":"Mentions l\u00e9gales"}]},{"@type":"WebSite","@id":"https:\/\/altrisacces.fr\/#website","url":"https:\/\/altrisacces.fr\/","name":"Altris","description":"\u00e9clairage LED public, ext\u00e9rieur, tertiaire et industriel","publisher":{"@id":"https:\/\/altrisacces.fr\/#organization"},"potentialAction":[{"@type":"SearchAction","target":{"@type":"EntryPoint","urlTemplate":"https:\/\/altrisacces.fr\/?s={search_term_string}"},"query-input":"required name=search_term_string"}],"inLanguage":"fr-FR"},{"@type":"Organization","@id":"https:\/\/altrisacces.fr\/#organization","name":"Altris","url":"https:\/\/altrisacces.fr\/","logo":{"@type":"ImageObject","inLanguage":"fr-FR","@id":"https:\/\/altrisacces.fr\/#\/schema\/logo\/image\/","url":"https:\/\/altrisacces.fr\/wp-content\/uploads\/2023\/10\/logo_Altris.png","contentUrl":"https:\/\/altrisacces.fr\/wp-content\/uploads\/2023\/10\/logo_Altris.png","width":1579,"height":1006,"caption":"Altris"},"image":{"@id":"https:\/\/altrisacces.fr\/#\/schema\/logo\/image\/"}}]}},"_links":{"self":[{"href":"https:\/\/altrisacces.fr\/index.php\/wp-json\/wp\/v2\/pages\/1100","targetHints":{"allow":["GET"]}}],"collection":[{"href":"https:\/\/altrisacces.fr\/index.php\/wp-json\/wp\/v2\/pages"}],"about":[{"href":"https:\/\/altrisacces.fr\/index.php\/wp-json\/wp\/v2\/types\/page"}],"author":[{"embeddable":true,"href":"https:\/\/altrisacces.fr\/index.php\/wp-json\/wp\/v2\/users\/1"}],"replies":[{"embeddable":true,"href":"https:\/\/altrisacces.fr\/index.php\/wp-json\/wp\/v2\/comments?post=1100"}],"version-history":[{"count":16,"href":"https:\/\/altrisacces.fr\/index.php\/wp-json\/wp\/v2\/pages\/1100\/revisions"}],"predecessor-version":[{"id":1124,"href":"https:\/\/altrisacces.fr\/index.php\/wp-json\/wp\/v2\/pages\/1100\/revisions\/1124"}],"wp:attachment":[{"href":"https:\/\/altrisacces.fr\/index.php\/wp-json\/wp\/v2\/media?parent=1100"}],"curies":[{"name":"wp","href":"https:\/\/api.w.org\/{rel}","templated":true}]}}