{"id":133,"date":"2023-10-17T11:18:16","date_gmt":"2023-10-17T09:18:16","guid":{"rendered":"http:\/\/idon"},"modified":"2024-07-01T16:54:49","modified_gmt":"2024-07-01T14:54:49","slug":"eclairage-solaire-led-urbain-jd-slg021","status":"publish","type":"product","link":"https:\/\/altrisacces.fr\/index.php\/produit\/eclairage-solaire-led-urbain-jd-slg021\/","title":{"rendered":"Eclairage solaire led urbain EPJD-SLG021"},"content":{"rendered":"<p style=\"font-weight: 400;\">L&rsquo;\u00e9clairage solaire led urbain EPJD-SLG021 est un \u00e9clairage \u00e0 haute performance. A la pointe de la technologie LED, pour plus de performance et d\u2019efficacit\u00e9, avec sa conception solaire, il est id\u00e9al pour une installation hors r\u00e9seau \u00e9lectrique, con\u00e7u pour maximiser les performances d\u2019\u00e9clairage. Il optimisera les strat\u00e9gies d\u2019\u00e9conomies circulaires, tout en limitant l&#8217;empreinte carbone. Ce produit convient pour l\u2019\u00e9clairage routier, urbain, parc et jardin.<\/p>\n<h2><strong>Fonctionnalit\u00e9s de l&rsquo;\u00e9clairage solaire led urbain EPJD-SLG021<\/strong><\/h2>\n<ul>\n<li>Int\u00e8gre un logiciel de programmation pour garantir un \u00e9clairage efficace la nuit.<\/li>\n<li>Corps : fonderie d\u2019aluminium (AS9U) , traitement de pulv\u00e9risation \u00e9lectrostatique anti-vieillissement de surface, tr\u00e8s r\u00e9sistance \u00e0 la corrosion.<\/li>\n<li>Visserie : acier inoxydable<\/li>\n<li>Diff\u00e9rente option de temp\u00e9rature de couleur 3000k\/ 4000k<\/li>\n<li>Produit garantie 5 ans<\/li>\n<\/ul>\n<h2>Caract\u00e9ristiques<\/h2>\n<table border=\"1\" width=\"100%\" cellspacing=\"0\" cellpadding=\"0\">\n<tbody>\n<tr>\n<td class=\"et3\" width=\"91\" height=\"19\">Product Code<\/td>\n<td class=\"et4\" width=\"98\">EPJD-SLG021A<\/td>\n<td class=\"et4\" width=\"110\">EPJD-SLG021B<\/td>\n<td class=\"et4\" width=\"116\">EPJD-SLG021C<\/td>\n<td class=\"et4\" width=\"91\">EPJD-SLG023A<\/td>\n<td class=\"et4\" width=\"91\">EPJD-SLG023B<\/td>\n<td class=\"et4\" width=\"91\">EPJD-SLG023C<\/td>\n<\/tr>\n<tr>\n<td class=\"et3\" width=\"91\" height=\"19\">LED Quantity<\/td>\n<td class=\"et4\" width=\"98\">120pcs 3030<\/td>\n<td class=\"et4\" width=\"110\">120pcs 3030<\/td>\n<td class=\"et4\" width=\"116\">120pcs 3030<\/td>\n<td class=\"et4\" width=\"91\">120pcs 3030<\/td>\n<td class=\"et4\" width=\"91\">120pcs 3030<\/td>\n<td class=\"et4\" width=\"91\">120pcs 3030<\/td>\n<\/tr>\n<tr>\n<td class=\"et3\" width=\"91\" height=\"19\">Rate Power<\/td>\n<td class=\"et4\" width=\"98\">10W<\/td>\n<td class=\"et4\" width=\"110\">15W<\/td>\n<td class=\"et4\" width=\"116\">20W<\/td>\n<td class=\"et4\" width=\"91\">10W<\/td>\n<td class=\"et4\" width=\"91\">15W<\/td>\n<td class=\"et4\" width=\"91\">20W<\/td>\n<\/tr>\n<tr>\n<td class=\"et3\" width=\"91\" height=\"30\">Color Temperature<\/td>\n<td class=\"et4\" width=\"98\">6500\/4000\/3000K<\/td>\n<td class=\"et4\" width=\"110\">6500\/4000\/3000K<\/td>\n<td class=\"et4\" width=\"116\">6500\/4000\/3000K<\/td>\n<td class=\"et4\" width=\"91\">6500\/4000\/3000K<\/td>\n<td class=\"et4\" width=\"91\">6500\/4000\/3000K<\/td>\n<td class=\"et4\" width=\"91\">6500\/4000\/3000K<\/td>\n<\/tr>\n<tr>\n<td class=\"et3\" width=\"91\" height=\"19\">Color<\/td>\n<td class=\"et4\" width=\"98\">black<\/td>\n<td class=\"et4\" width=\"110\">black<\/td>\n<td class=\"et4\" width=\"116\">black<\/td>\n<td class=\"et4\" width=\"91\">black<\/td>\n<td class=\"et4\" width=\"91\">black<\/td>\n<td class=\"et4\" width=\"91\">black<\/td>\n<\/tr>\n<tr>\n<td class=\"et3\" width=\"91\" height=\"19\">Charge time<\/td>\n<td class=\"et4\" width=\"98\">4-5hours<\/td>\n<td class=\"et4\" width=\"110\">5-6hours<\/td>\n<td class=\"et4\" width=\"116\">6-7hours<\/td>\n<td class=\"et4\" width=\"91\">4-5hours<\/td>\n<td class=\"et4\" width=\"91\">5-6hours<\/td>\n<td class=\"et4\" width=\"91\">6-7hours<\/td>\n<\/tr>\n<tr>\n<td class=\"et3\" width=\"91\" height=\"30\">Discharge time<\/td>\n<td class=\"et4\" width=\"98\">8hours(full power)<\/td>\n<td class=\"et4\" width=\"110\">8hours(full power)<\/td>\n<td class=\"et4\" width=\"116\">8hours(full power)<\/td>\n<td class=\"et4\" width=\"91\">8hours(full power)<\/td>\n<td class=\"et4\" width=\"91\">8hours(full power)<\/td>\n<td class=\"et4\" width=\"91\">8hours(full power)<\/td>\n<\/tr>\n<tr>\n<td class=\"et3\" width=\"91\" height=\"45\">Operating time<\/td>\n<td class=\"et4\" width=\"98\">Intelligent dimming model 4-6 days<\/td>\n<td class=\"et4\" width=\"110\">Intelligent dimming model 4-6 days<\/td>\n<td class=\"et4\" width=\"116\">Intelligent dimming model 4-6 days<\/td>\n<td class=\"et4\" width=\"91\">Intelligent dimming model 4-6 days<\/td>\n<td class=\"et4\" width=\"91\">Intelligent dimming model 4-6 days<\/td>\n<td class=\"et4\" width=\"91\">Intelligent dimming model 4-6 days<\/td>\n<\/tr>\n<tr>\n<td class=\"et3\" width=\"91\" height=\"19\">Luminary EER<\/td>\n<td class=\"et4\" width=\"98\">1800lm\/6500K<\/td>\n<td class=\"et4\" width=\"110\">2600lm\/6500K<\/td>\n<td class=\"et4\" width=\"116\">3600lm\/6500K<\/td>\n<td class=\"et4\" width=\"91\">1800lm\/6500K<\/td>\n<td class=\"et4\" width=\"91\">2600lm\/6500K<\/td>\n<td class=\"et4\" width=\"91\">3600lm\/6500K<\/td>\n<\/tr>\n<tr>\n<td class=\"et3\" width=\"91\" height=\"32\">Color Temperature<\/td>\n<td class=\"et4\" width=\"98\">RA75<\/td>\n<td class=\"et4\" width=\"110\">RA75<\/td>\n<td class=\"et4\" width=\"116\">RA75<\/td>\n<td class=\"et4\" width=\"91\">RA75<\/td>\n<td class=\"et4\" width=\"91\">RA75<\/td>\n<td class=\"et4\" width=\"91\">RA75<\/td>\n<\/tr>\n<tr>\n<td class=\"et3\" width=\"91\" height=\"24\">Battery capacity<\/td>\n<td class=\"et4\" width=\"98\">8AH<\/td>\n<td class=\"et4\" width=\"110\">12AH<\/td>\n<td class=\"et4\" width=\"116\">16AH<\/td>\n<td class=\"et4\" width=\"91\">8AH<\/td>\n<td class=\"et4\" width=\"91\">12AH<\/td>\n<td class=\"et4\" width=\"91\">16AH<\/td>\n<\/tr>\n<tr>\n<td class=\"et3\" width=\"91\" height=\"30\">Battery type<\/td>\n<td class=\"et4\" width=\"98\">IFR ithium iron phosphate<\/td>\n<td class=\"et4\" width=\"110\">IFR ithium iron phosphate<\/td>\n<td class=\"et4\" width=\"116\">IFR ithium iron phosphate<\/td>\n<td class=\"et4\" width=\"91\">IFR ithium iron phosphate<\/td>\n<td class=\"et4\" width=\"91\">IFR ithium iron phosphate<\/td>\n<td class=\"et4\" width=\"91\">IFR ithium iron phosphate<\/td>\n<\/tr>\n<tr>\n<td class=\"et3\" width=\"91\" height=\"33\">Solar monocrystalline silicon panel<\/td>\n<td class=\"et4\" width=\"98\">39W<\/td>\n<td class=\"et4\" width=\"110\">39W<\/td>\n<td class=\"et4\" width=\"116\">39W<\/td>\n<td class=\"et4\" width=\"91\">39W<\/td>\n<td class=\"et4\" width=\"91\">39W<\/td>\n<td class=\"et4\" width=\"91\">39W<\/td>\n<\/tr>\n<tr>\n<td class=\"et3\" width=\"91\" height=\"30\">Installation Pipe Dia<\/td>\n<td class=\"et4\" width=\"98\">\u03a660mm\/\u03a676mm<\/td>\n<td class=\"et4\" width=\"110\">\u03a660mm\/\u03a676mm<\/td>\n<td class=\"et4\" width=\"116\">\u03a660mm\/\u03a676mm<\/td>\n<td class=\"et4\" width=\"91\">\u03a660mm\/\u03a676mm<\/td>\n<td class=\"et4\" width=\"91\">\u03a660mm\/\u03a676mm<\/td>\n<td class=\"et4\" width=\"91\">\u03a660mm\/\u03a676mm<\/td>\n<\/tr>\n<tr>\n<td class=\"et3\" width=\"91\" height=\"30\">Installation Height<\/td>\n<td class=\"et4\" width=\"98\">3-5m<\/td>\n<td class=\"et4\" width=\"110\">3-5m<\/td>\n<td class=\"et4\" width=\"116\">3-5m<\/td>\n<td class=\"et4\" width=\"91\">3-5m<\/td>\n<td class=\"et4\" width=\"91\">3-5m<\/td>\n<td class=\"et4\" width=\"91\">3-5m<\/td>\n<\/tr>\n<tr>\n<td class=\"et3\" width=\"91\" height=\"45\">Temperature of working condition<\/td>\n<td class=\"et8\" width=\"98\">-10<span class=\"font0\">\u2103<\/span><span class=\"font1\">\u00a0 &#8211;\u00a0 60<\/span><span class=\"font0\">\u2103<\/span><\/td>\n<td class=\"et8\" width=\"110\">-10<span class=\"font0\">\u2103<\/span><span class=\"font1\">\u00a0 &#8211;\u00a0 60<\/span><span class=\"font0\">\u2103<\/span><\/td>\n<td class=\"et8\" width=\"116\">-10<span class=\"font0\">\u2103<\/span><span class=\"font1\">\u00a0 &#8211;\u00a0 60<\/span><span class=\"font0\">\u2103<\/span><\/td>\n<td class=\"et8\" width=\"91\">-10<span class=\"font0\">\u2103<\/span><span class=\"font1\">\u00a0 &#8211;\u00a0 60<\/span><span class=\"font0\">\u2103<\/span><\/td>\n<td class=\"et8\" width=\"91\">-10<span class=\"font0\">\u2103<\/span><span class=\"font1\">\u00a0 &#8211;\u00a0 60<\/span><span class=\"font0\">\u2103<\/span><\/td>\n<td class=\"et8\" width=\"91\">-10<span class=\"font0\">\u2103<\/span><span class=\"font1\">\u00a0 &#8211;\u00a0 60<\/span><span class=\"font0\">\u2103<\/span><\/td>\n<\/tr>\n<tr>\n<td class=\"et3\" width=\"91\" height=\"32\">humidity of working condition<\/td>\n<td class=\"et8\" width=\"98\">20%-90%<\/td>\n<td class=\"et8\" width=\"110\">20%-90%<\/td>\n<td class=\"et8\" width=\"116\">20%-90%<\/td>\n<td class=\"et8\" width=\"91\">20%-90%<\/td>\n<td class=\"et8\" width=\"91\">20%-90%<\/td>\n<td class=\"et8\" width=\"91\">20%-90%<\/td>\n<\/tr>\n<tr>\n<td class=\"et3\" width=\"91\" height=\"32\">LED life time<\/td>\n<td class=\"et4\" width=\"98\">70000h<\/td>\n<td class=\"et4\" width=\"110\">70000h<\/td>\n<td class=\"et4\" width=\"116\">70000h<\/td>\n<td class=\"et4\" width=\"91\">70000h<\/td>\n<td class=\"et4\" width=\"91\">70000h<\/td>\n<td class=\"et4\" width=\"91\">70000h<\/td>\n<\/tr>\n<tr>\n<td class=\"et3\" width=\"91\" height=\"30\">Protestion Grade<\/td>\n<td class=\"et4\" width=\"98\">IP66<\/td>\n<td class=\"et4\" width=\"110\">IP66<\/td>\n<td class=\"et4\" width=\"116\">IP66<\/td>\n<td class=\"et4\" width=\"91\">IP66<\/td>\n<td class=\"et4\" width=\"91\">IP66<\/td>\n<td class=\"et4\" width=\"91\">IP66<\/td>\n<\/tr>\n<tr>\n<td class=\"et3\" width=\"91\" height=\"19\">Net Weight<\/td>\n<td class=\"et4\" width=\"98\">10.05 kg<\/td>\n<td class=\"et4\" width=\"110\">10.45 kg<\/td>\n<td class=\"et4\" width=\"116\">11.85 kg<\/td>\n<td class=\"et4\" width=\"91\">11.55kg<\/td>\n<td class=\"et4\" width=\"91\">11.95 kg<\/td>\n<td class=\"et4\" width=\"91\">12.35 kg<\/td>\n<\/tr>\n<tr>\n<td class=\"et3\" width=\"91\" height=\"19\">Gross Weight<\/td>\n<td class=\"et4\" width=\"98\">11.55 kg<\/td>\n<td class=\"et4\" width=\"110\">11.95 kg<\/td>\n<td class=\"et4\" width=\"116\">13.05 kg<\/td>\n<td class=\"et4\" width=\"91\">13.05kg<\/td>\n<td class=\"et4\" width=\"91\">13.45 kg<\/td>\n<td class=\"et4\" width=\"91\">13.85 kg<\/td>\n<\/tr>\n<tr>\n<td class=\"et3\" width=\"91\" height=\"19\">Product Size<\/td>\n<td class=\"et4\" width=\"98\">602*602*177mm<\/td>\n<td class=\"et4\" width=\"110\">602*602*177mm<\/td>\n<td class=\"et4\" width=\"116\">602*602*177mm<\/td>\n<td class=\"et4\" width=\"91\">602*602*599mm<\/td>\n<td class=\"et4\" width=\"91\">602*602*599mm<\/td>\n<td class=\"et4\" width=\"91\">602*602*599mm<\/td>\n<\/tr>\n<tr>\n<td class=\"et3\" width=\"91\" height=\"19\">Packing Size<\/td>\n<td class=\"et9\" colspan=\"3\" width=\"324\">635*635*220mm bracket assembled<\/td>\n<td class=\"et4\" width=\"91\">755*635*120mm<\/td>\n<td class=\"et4\" width=\"91\">755*635*120mm<\/td>\n<td class=\"et4\" width=\"91\">755*635*120mm<\/td>\n<\/tr>\n<\/tbody>\n<\/table>\n<p>&nbsp;<\/p>\n<p>Retrouvez l&rsquo;ensemble de notre gamme <em>\u00e9clairage solaire LED urbain<\/em> <a href=\"https:\/\/altrisacces.fr\/index.php\/categorie-produit\/eclairages-urbains\/\">ici<\/a><\/p>\n","protected":false},"excerpt":{"rendered":"<p style=\"font-weight: 400;\">L&rsquo;\u00e9clairage solaire led urbain EPJD-SLG021 est un \u00e9clairage \u00e0 haute performance. A la pointe de la technologie LED, pour plus de performance et d\u2019efficacit\u00e9, avec sa conception solaire, il est id\u00e9al pour une installation hors r\u00e9seau \u00e9lectrique, con\u00e7u pour maximiser les performances d\u2019\u00e9clairage. Il optimisera les strat\u00e9gies d\u2019\u00e9conomies circulaires, tout en limitant l&#8217;empreinte carbone. Ce produit convient pour l\u2019\u00e9clairage routier, urbain, parc et jardin.<\/p>\n","protected":false},"featured_media":446,"comment_status":"open","ping_status":"closed","template":"","meta":{"_acf_changed":false},"product_cat":[28,37],"product_tag":[],"class_list":{"0":"post-133","1":"product","2":"type-product","3":"status-publish","4":"has-post-thumbnail","6":"product_cat-eclairages-urbains","7":"product_cat-gamme-solaire","9":"first","10":"instock","11":"shipping-taxable","12":"product-type-simple"},"acf":[],"yoast_head":"<!-- This site is optimized with the Yoast SEO plugin v22.9 - https:\/\/yoast.com\/wordpress\/plugins\/seo\/ -->\n<title>Eclairage solaire led urbain EPJD-SLG021 - Altris | Eclairages LED<\/title>\n<meta name=\"description\" content=\"L&#039;\u00e9clairage solaire led urbain EPJD-SLG021 est un \u00e9clairage \u00e0 haute performance. Ce produit convient pour l\u2019\u00e9clairage routier, urbain, parcs et jardins.\" \/>\n<meta name=\"robots\" content=\"index, follow, max-snippet:-1, max-image-preview:large, max-video-preview:-1\" \/>\n<link rel=\"canonical\" href=\"https:\/\/altrisacces.fr\/index.php\/produit\/eclairage-solaire-led-urbain-jd-slg021\/\" \/>\n<meta property=\"og:locale\" content=\"fr_FR\" \/>\n<meta property=\"og:type\" content=\"article\" \/>\n<meta property=\"og:title\" content=\"Eclairage solaire led urbain EPJD-SLG021 - Altris | Eclairages LED\" \/>\n<meta property=\"og:description\" content=\"L&#039;\u00e9clairage solaire led urbain EPJD-SLG021 est un \u00e9clairage \u00e0 haute performance. Ce produit convient pour l\u2019\u00e9clairage routier, urbain, parcs et jardins.\" \/>\n<meta property=\"og:url\" content=\"https:\/\/altrisacces.fr\/index.php\/produit\/eclairage-solaire-led-urbain-jd-slg021\/\" \/>\n<meta property=\"og:site_name\" content=\"Altris\" \/>\n<meta property=\"article:modified_time\" content=\"2024-07-01T14:54:49+00:00\" \/>\n<meta property=\"og:image\" content=\"https:\/\/altrisacces.fr\/wp-content\/uploads\/2023\/10\/EPJD-SLG021-1.png\" \/>\n\t<meta property=\"og:image:width\" content=\"800\" \/>\n\t<meta property=\"og:image:height\" content=\"800\" \/>\n\t<meta property=\"og:image:type\" content=\"image\/png\" \/>\n<meta name=\"twitter:card\" content=\"summary_large_image\" \/>\n<meta name=\"twitter:label1\" content=\"Dur\u00e9e de lecture estim\u00e9e\" \/>\n\t<meta name=\"twitter:data1\" content=\"3 minutes\" \/>\n<script type=\"application\/ld+json\" class=\"yoast-schema-graph\">{\"@context\":\"https:\/\/schema.org\",\"@graph\":[{\"@type\":\"WebPage\",\"@id\":\"https:\/\/altrisacces.fr\/index.php\/produit\/eclairage-solaire-led-urbain-jd-slg021\/\",\"url\":\"https:\/\/altrisacces.fr\/index.php\/produit\/eclairage-solaire-led-urbain-jd-slg021\/\",\"name\":\"Eclairage solaire led urbain EPJD-SLG021 - Altris | Eclairages LED\",\"isPartOf\":{\"@id\":\"https:\/\/altrisacces.fr\/#website\"},\"primaryImageOfPage\":{\"@id\":\"https:\/\/altrisacces.fr\/index.php\/produit\/eclairage-solaire-led-urbain-jd-slg021\/#primaryimage\"},\"image\":{\"@id\":\"https:\/\/altrisacces.fr\/index.php\/produit\/eclairage-solaire-led-urbain-jd-slg021\/#primaryimage\"},\"thumbnailUrl\":\"https:\/\/altrisacces.fr\/wp-content\/uploads\/2023\/10\/EPJD-SLG021-1.png\",\"datePublished\":\"2023-10-17T09:18:16+00:00\",\"dateModified\":\"2024-07-01T14:54:49+00:00\",\"description\":\"L'\u00e9clairage solaire led urbain EPJD-SLG021 est un \u00e9clairage \u00e0 haute performance. Ce produit convient pour l\u2019\u00e9clairage routier, urbain, parcs et jardins.\",\"breadcrumb\":{\"@id\":\"https:\/\/altrisacces.fr\/index.php\/produit\/eclairage-solaire-led-urbain-jd-slg021\/#breadcrumb\"},\"inLanguage\":\"fr-FR\",\"potentialAction\":[{\"@type\":\"ReadAction\",\"target\":[\"https:\/\/altrisacces.fr\/index.php\/produit\/eclairage-solaire-led-urbain-jd-slg021\/\"]}]},{\"@type\":\"ImageObject\",\"inLanguage\":\"fr-FR\",\"@id\":\"https:\/\/altrisacces.fr\/index.php\/produit\/eclairage-solaire-led-urbain-jd-slg021\/#primaryimage\",\"url\":\"https:\/\/altrisacces.fr\/wp-content\/uploads\/2023\/10\/EPJD-SLG021-1.png\",\"contentUrl\":\"https:\/\/altrisacces.fr\/wp-content\/uploads\/2023\/10\/EPJD-SLG021-1.png\",\"width\":800,\"height\":800},{\"@type\":\"BreadcrumbList\",\"@id\":\"https:\/\/altrisacces.fr\/index.php\/produit\/eclairage-solaire-led-urbain-jd-slg021\/#breadcrumb\",\"itemListElement\":[{\"@type\":\"ListItem\",\"position\":1,\"name\":\"Accueil\",\"item\":\"https:\/\/altrisacces.fr\/\"},{\"@type\":\"ListItem\",\"position\":2,\"name\":\"Produits\",\"item\":\"https:\/\/altrisacces.fr\/index.php\/produits\/\"},{\"@type\":\"ListItem\",\"position\":3,\"name\":\"Eclairage solaire led urbain EPJD-SLG021\"}]},{\"@type\":\"WebSite\",\"@id\":\"https:\/\/altrisacces.fr\/#website\",\"url\":\"https:\/\/altrisacces.fr\/\",\"name\":\"Altris\",\"description\":\"\u00e9clairage LED public, ext\u00e9rieur, tertiaire et industriel\",\"publisher\":{\"@id\":\"https:\/\/altrisacces.fr\/#organization\"},\"potentialAction\":[{\"@type\":\"SearchAction\",\"target\":{\"@type\":\"EntryPoint\",\"urlTemplate\":\"https:\/\/altrisacces.fr\/?s={search_term_string}\"},\"query-input\":\"required name=search_term_string\"}],\"inLanguage\":\"fr-FR\"},{\"@type\":\"Organization\",\"@id\":\"https:\/\/altrisacces.fr\/#organization\",\"name\":\"Altris\",\"url\":\"https:\/\/altrisacces.fr\/\",\"logo\":{\"@type\":\"ImageObject\",\"inLanguage\":\"fr-FR\",\"@id\":\"https:\/\/altrisacces.fr\/#\/schema\/logo\/image\/\",\"url\":\"https:\/\/altrisacces.fr\/wp-content\/uploads\/2023\/10\/logo_Altris.png\",\"contentUrl\":\"https:\/\/altrisacces.fr\/wp-content\/uploads\/2023\/10\/logo_Altris.png\",\"width\":1579,\"height\":1006,\"caption\":\"Altris\"},\"image\":{\"@id\":\"https:\/\/altrisacces.fr\/#\/schema\/logo\/image\/\"}}]}<\/script>\n<!-- \/ Yoast SEO plugin. -->","yoast_head_json":{"title":"Eclairage solaire led urbain EPJD-SLG021 - Altris | Eclairages LED","description":"L'\u00e9clairage solaire led urbain EPJD-SLG021 est un \u00e9clairage \u00e0 haute performance. Ce produit convient pour l\u2019\u00e9clairage routier, urbain, parcs et jardins.","robots":{"index":"index","follow":"follow","max-snippet":"max-snippet:-1","max-image-preview":"max-image-preview:large","max-video-preview":"max-video-preview:-1"},"canonical":"https:\/\/altrisacces.fr\/index.php\/produit\/eclairage-solaire-led-urbain-jd-slg021\/","og_locale":"fr_FR","og_type":"article","og_title":"Eclairage solaire led urbain EPJD-SLG021 - Altris | Eclairages LED","og_description":"L'\u00e9clairage solaire led urbain EPJD-SLG021 est un \u00e9clairage \u00e0 haute performance. Ce produit convient pour l\u2019\u00e9clairage routier, urbain, parcs et jardins.","og_url":"https:\/\/altrisacces.fr\/index.php\/produit\/eclairage-solaire-led-urbain-jd-slg021\/","og_site_name":"Altris","article_modified_time":"2024-07-01T14:54:49+00:00","og_image":[{"width":800,"height":800,"url":"https:\/\/altrisacces.fr\/wp-content\/uploads\/2023\/10\/EPJD-SLG021-1.png","type":"image\/png"}],"twitter_card":"summary_large_image","twitter_misc":{"Dur\u00e9e de lecture estim\u00e9e":"3 minutes"},"schema":{"@context":"https:\/\/schema.org","@graph":[{"@type":"WebPage","@id":"https:\/\/altrisacces.fr\/index.php\/produit\/eclairage-solaire-led-urbain-jd-slg021\/","url":"https:\/\/altrisacces.fr\/index.php\/produit\/eclairage-solaire-led-urbain-jd-slg021\/","name":"Eclairage solaire led urbain EPJD-SLG021 - Altris | Eclairages LED","isPartOf":{"@id":"https:\/\/altrisacces.fr\/#website"},"primaryImageOfPage":{"@id":"https:\/\/altrisacces.fr\/index.php\/produit\/eclairage-solaire-led-urbain-jd-slg021\/#primaryimage"},"image":{"@id":"https:\/\/altrisacces.fr\/index.php\/produit\/eclairage-solaire-led-urbain-jd-slg021\/#primaryimage"},"thumbnailUrl":"https:\/\/altrisacces.fr\/wp-content\/uploads\/2023\/10\/EPJD-SLG021-1.png","datePublished":"2023-10-17T09:18:16+00:00","dateModified":"2024-07-01T14:54:49+00:00","description":"L'\u00e9clairage solaire led urbain EPJD-SLG021 est un \u00e9clairage \u00e0 haute performance. Ce produit convient pour l\u2019\u00e9clairage routier, urbain, parcs et jardins.","breadcrumb":{"@id":"https:\/\/altrisacces.fr\/index.php\/produit\/eclairage-solaire-led-urbain-jd-slg021\/#breadcrumb"},"inLanguage":"fr-FR","potentialAction":[{"@type":"ReadAction","target":["https:\/\/altrisacces.fr\/index.php\/produit\/eclairage-solaire-led-urbain-jd-slg021\/"]}]},{"@type":"ImageObject","inLanguage":"fr-FR","@id":"https:\/\/altrisacces.fr\/index.php\/produit\/eclairage-solaire-led-urbain-jd-slg021\/#primaryimage","url":"https:\/\/altrisacces.fr\/wp-content\/uploads\/2023\/10\/EPJD-SLG021-1.png","contentUrl":"https:\/\/altrisacces.fr\/wp-content\/uploads\/2023\/10\/EPJD-SLG021-1.png","width":800,"height":800},{"@type":"BreadcrumbList","@id":"https:\/\/altrisacces.fr\/index.php\/produit\/eclairage-solaire-led-urbain-jd-slg021\/#breadcrumb","itemListElement":[{"@type":"ListItem","position":1,"name":"Accueil","item":"https:\/\/altrisacces.fr\/"},{"@type":"ListItem","position":2,"name":"Produits","item":"https:\/\/altrisacces.fr\/index.php\/produits\/"},{"@type":"ListItem","position":3,"name":"Eclairage solaire led urbain EPJD-SLG021"}]},{"@type":"WebSite","@id":"https:\/\/altrisacces.fr\/#website","url":"https:\/\/altrisacces.fr\/","name":"Altris","description":"\u00e9clairage LED public, ext\u00e9rieur, tertiaire et industriel","publisher":{"@id":"https:\/\/altrisacces.fr\/#organization"},"potentialAction":[{"@type":"SearchAction","target":{"@type":"EntryPoint","urlTemplate":"https:\/\/altrisacces.fr\/?s={search_term_string}"},"query-input":"required name=search_term_string"}],"inLanguage":"fr-FR"},{"@type":"Organization","@id":"https:\/\/altrisacces.fr\/#organization","name":"Altris","url":"https:\/\/altrisacces.fr\/","logo":{"@type":"ImageObject","inLanguage":"fr-FR","@id":"https:\/\/altrisacces.fr\/#\/schema\/logo\/image\/","url":"https:\/\/altrisacces.fr\/wp-content\/uploads\/2023\/10\/logo_Altris.png","contentUrl":"https:\/\/altrisacces.fr\/wp-content\/uploads\/2023\/10\/logo_Altris.png","width":1579,"height":1006,"caption":"Altris"},"image":{"@id":"https:\/\/altrisacces.fr\/#\/schema\/logo\/image\/"}}]}},"_links":{"self":[{"href":"https:\/\/altrisacces.fr\/index.php\/wp-json\/wp\/v2\/product\/133","targetHints":{"allow":["GET"]}}],"collection":[{"href":"https:\/\/altrisacces.fr\/index.php\/wp-json\/wp\/v2\/product"}],"about":[{"href":"https:\/\/altrisacces.fr\/index.php\/wp-json\/wp\/v2\/types\/product"}],"replies":[{"embeddable":true,"href":"https:\/\/altrisacces.fr\/index.php\/wp-json\/wp\/v2\/comments?post=133"}],"wp:featuredmedia":[{"embeddable":true,"href":"https:\/\/altrisacces.fr\/index.php\/wp-json\/wp\/v2\/media\/446"}],"wp:attachment":[{"href":"https:\/\/altrisacces.fr\/index.php\/wp-json\/wp\/v2\/media?parent=133"}],"wp:term":[{"taxonomy":"product_cat","embeddable":true,"href":"https:\/\/altrisacces.fr\/index.php\/wp-json\/wp\/v2\/product_cat?post=133"},{"taxonomy":"product_tag","embeddable":true,"href":"https:\/\/altrisacces.fr\/index.php\/wp-json\/wp\/v2\/product_tag?post=133"}],"curies":[{"name":"wp","href":"https:\/\/api.w.org\/{rel}","templated":true}]}}