{"id":414,"date":"2023-10-23T14:41:28","date_gmt":"2023-10-23T12:41:28","guid":{"rendered":"https:\/\/altrisacces.fr\/?post_type=product&#038;p=414"},"modified":"2024-07-01T16:53:36","modified_gmt":"2024-07-01T14:53:36","slug":"eclairage-solaire-led-urbain-epjd-sl001","status":"publish","type":"product","link":"https:\/\/altrisacces.fr\/index.php\/produit\/eclairage-solaire-led-urbain-epjd-sl001\/","title":{"rendered":"Eclairage solaire led urbain EPJD-SL001"},"content":{"rendered":"<p>L&rsquo;\u00e9clairage solaire led urbain EPJD-SL001 est \u00e9quip\u00e9e d&rsquo;une t\u00eate de lampadaire avec un \u00e9clairage puissant.\u00a0Ce produit \u00e0 destination des particuliers jusqu&rsquo;aux\u00a0professionnelles, trouvera ais\u00e9ment sa place en tant que rempla\u00e7ante des \u00e9clairages urbains aliment\u00e9e par le r\u00e9seau \u00e9lectrique. Il est id\u00e9ale pour \u00e9clairer des parkings, voiries, chemins ou all\u00e9es de passage\u00a0de fa\u00e7on autonome, (Hors r\u00e9seau principal).<\/p>\n<h2><strong>Fonctionnalit\u00e9s de l&rsquo;\u00e9clairage solaire led urbain EPJD-SL001<\/strong><\/h2>\n<ul>\n<li>Corps : fonderie d\u2019aluminium (AS9U) , traitement de pulv\u00e9risation \u00e9lectrostatique anti-vieillissement de surface, tr\u00e8s r\u00e9sistance \u00e0 la corrosion.<\/li>\n<li>Visserie : acier inoxydable<\/li>\n<li>Diff\u00e9rente option de temp\u00e9rature de couleur 3000k\/ 4000k \/5000k<\/li>\n<li>Produit garantie 5 ans<\/li>\n<li>Classe de protection IP66<\/li>\n<\/ul>\n<h3>Caract\u00e9ristiques<\/h3>\n<table border=\"1\" width=\"100%\" cellspacing=\"0\" cellpadding=\"0\">\n<tbody>\n<tr>\n<td class=\"et3\" width=\"91\" height=\"19\">Product Code<\/td>\n<td class=\"et4\" width=\"98\">EPJD-SL001A<\/td>\n<td class=\"et4\" width=\"110\">EPJD-SL001B<\/td>\n<td class=\"et4\" width=\"116\">EPJD-SL001C<\/td>\n<td class=\"et4\" width=\"91\">EPJD-SL001D<\/td>\n<td class=\"et4\" width=\"91\">EPJD-SL001E<\/td>\n<td class=\"et4\" width=\"91\">EPJD-SL001F<\/td>\n<td class=\"et4\" width=\"91\">EPJD-SL001G<\/td>\n<td class=\"et4\" width=\"91\">EPJD-SL001H<\/td>\n<\/tr>\n<tr>\n<td class=\"et5\" width=\"91\" height=\"19\">LED Quantity<\/td>\n<td class=\"et6\" width=\"98\">42pcs 3030<\/td>\n<td class=\"et6\" width=\"110\">42pcs 3030<\/td>\n<td class=\"et6\" width=\"116\">84pcs 3030<\/td>\n<td class=\"et6\" width=\"91\">84pcs 3030<\/td>\n<td class=\"et6\" width=\"91\">126pcs 3030<\/td>\n<td class=\"et6\" width=\"91\">126pcs 3030<\/td>\n<td class=\"et6\" width=\"91\">126pcs 3030<\/td>\n<td class=\"et6\" width=\"91\">126pcs 3030<\/td>\n<\/tr>\n<tr>\n<td class=\"et5\" width=\"91\" height=\"19\">Rate Power<\/td>\n<td class=\"et6\" width=\"98\">10W<\/td>\n<td class=\"et6\" width=\"110\">15W<\/td>\n<td class=\"et6\" width=\"116\">20W<\/td>\n<td class=\"et6\" width=\"91\">25W<\/td>\n<td class=\"et6\" width=\"91\">30W<\/td>\n<td class=\"et6\" width=\"91\">40W<\/td>\n<td class=\"et6\" width=\"91\">50W<\/td>\n<td class=\"et6\" width=\"91\">60W<\/td>\n<\/tr>\n<tr>\n<td class=\"et5\" width=\"91\" height=\"19\">Color<\/td>\n<td class=\"et6\" width=\"98\">gray<\/td>\n<td class=\"et6\" width=\"110\">gray<\/td>\n<td class=\"et6\" width=\"116\">gray<\/td>\n<td class=\"et6\" width=\"91\">gray<\/td>\n<td class=\"et6\" width=\"91\">gray<\/td>\n<td class=\"et6\" width=\"91\">gray<\/td>\n<td class=\"et6\" width=\"91\">gray<\/td>\n<td class=\"et6\" width=\"91\">gray<\/td>\n<\/tr>\n<tr>\n<td class=\"et5\" width=\"91\" height=\"45\">Discharge time<\/td>\n<td class=\"et6\" width=\"98\">Intelligent dimming model 4-6 days<\/td>\n<td class=\"et6\" width=\"110\">Intelligent dimming model 4-6 days<\/td>\n<td class=\"et6\" width=\"116\">Intelligent dimming model 4-6 days<\/td>\n<td class=\"et6\" width=\"91\">Intelligent dimming model 4-6 days<\/td>\n<td class=\"et6\" width=\"91\">Intelligent dimming model 4-6 days<\/td>\n<td class=\"et6\" width=\"91\">Intelligent dimming model 4-6 days<\/td>\n<td class=\"et6\" width=\"91\">Intelligent dimming model 4-6 days<\/td>\n<td class=\"et6\" width=\"91\">Intelligent dimming model 4-6 days<\/td>\n<\/tr>\n<tr>\n<td class=\"et5\" width=\"91\" height=\"19\">Luminary EER<\/td>\n<td class=\"et6\" width=\"98\">180lm\/w<\/td>\n<td class=\"et6\" width=\"110\">170lm\/w<\/td>\n<td class=\"et6\" width=\"116\">180lm\/w<\/td>\n<td class=\"et6\" width=\"91\">170lm\/w<\/td>\n<td class=\"et6\" width=\"91\">180lm\/w<\/td>\n<td class=\"et6\" width=\"91\">170lm\/w<\/td>\n<td class=\"et6\" width=\"91\">165lm\/w<\/td>\n<td class=\"et6\" width=\"91\">160lm\/w<\/td>\n<\/tr>\n<tr>\n<td class=\"et5\" width=\"91\" height=\"30\">Battery capacity<\/td>\n<td class=\"et6\" width=\"98\">8AH<\/td>\n<td class=\"et6\" width=\"110\">12AH<\/td>\n<td class=\"et6\" width=\"116\">16AH<\/td>\n<td class=\"et6\" width=\"91\">20AH<\/td>\n<td class=\"et6\" width=\"91\">24AH<\/td>\n<td class=\"et6\" width=\"91\">32AH<\/td>\n<td class=\"et6\" width=\"91\">40AH<\/td>\n<td class=\"et6\" width=\"91\">52AH<\/td>\n<\/tr>\n<tr>\n<td class=\"et5\" width=\"91\" height=\"30\">Battery type<\/td>\n<td class=\"et6\" width=\"98\">IFR ithium iron phosphate<\/td>\n<td class=\"et6\" width=\"110\">IFR ithium iron phosphate<\/td>\n<td class=\"et6\" width=\"116\">IFR ithium iron phosphate<\/td>\n<td class=\"et6\" width=\"91\">IFR ithium iron phosphate<\/td>\n<td class=\"et6\" width=\"91\">IFR ithium iron phosphate<\/td>\n<td class=\"et6\" width=\"91\">IFR ithium iron phosphate<\/td>\n<td class=\"et6\" width=\"91\">IFR ithium iron phosphate<\/td>\n<td class=\"et6\" width=\"91\">IFR ithium iron phosphate<\/td>\n<\/tr>\n<tr>\n<td class=\"et5\" width=\"91\" height=\"60\">Solar monocrystalline silicon panel<\/td>\n<td class=\"et6\" width=\"98\">17.5W<\/td>\n<td class=\"et6\" width=\"110\">17.5W<\/td>\n<td class=\"et6\" width=\"116\">30W<\/td>\n<td class=\"et6\" width=\"91\">30W<\/td>\n<td class=\"et6\" width=\"91\">75W<\/td>\n<td class=\"et6\" width=\"91\">75W<\/td>\n<td class=\"et6\" width=\"91\">75W<\/td>\n<td class=\"et6\" width=\"91\">75W<\/td>\n<\/tr>\n<tr>\n<td class=\"et5\" width=\"91\" height=\"30\">Angle adjusttable<\/td>\n<td class=\"et6\" width=\"98\">\uff08-10 &#8211; 90\u00b0\uff09<\/td>\n<td class=\"et6\" width=\"110\">\uff08-10 &#8211; 90\u00b0\uff09<\/td>\n<td class=\"et6\" width=\"116\">\uff08-10 &#8211; 90\u00b0\uff09<\/td>\n<td class=\"et6\" width=\"91\">\uff08-10 &#8211; 90\u00b0\uff09<\/td>\n<td class=\"et6\" width=\"91\">\uff08-5 &#8211; 90\u00b0\uff09<\/td>\n<td class=\"et6\" width=\"91\">\uff08-5 &#8211; 90\u00b0\uff09<\/td>\n<td class=\"et6\" width=\"91\">\uff08-5 &#8211; 90\u00b0\uff09<\/td>\n<td class=\"et6\" width=\"91\">\uff08-5 &#8211; 90\u00b0\uff09<\/td>\n<\/tr>\n<tr>\n<td class=\"et5\" width=\"91\" height=\"30\">Installation Pipe Dia<\/td>\n<td class=\"et6\" width=\"98\">\u03c660<\/td>\n<td class=\"et6\" width=\"110\">\u03c660<\/td>\n<td class=\"et6\" width=\"116\">\u03c660<\/td>\n<td class=\"et6\" width=\"91\">\u03c660<\/td>\n<td class=\"et6\" width=\"91\">\u03c660<\/td>\n<td class=\"et6\" width=\"91\">\u03c660<\/td>\n<td class=\"et6\" width=\"91\">\u03c660<\/td>\n<td class=\"et6\" width=\"91\">\u03c660<\/td>\n<\/tr>\n<tr>\n<td class=\"et5\" width=\"91\" height=\"30\">Installation Height<\/td>\n<td class=\"et6\" width=\"98\">3-4m<\/td>\n<td class=\"et6\" width=\"110\">3-4m<\/td>\n<td class=\"et6\" width=\"116\">4-5m<\/td>\n<td class=\"et6\" width=\"91\">4-5m<\/td>\n<td class=\"et6\" width=\"91\">5-6m<\/td>\n<td class=\"et6\" width=\"91\">6-7m<\/td>\n<td class=\"et6\" width=\"91\">6-8m<\/td>\n<td class=\"et6\" width=\"91\">6-8m<\/td>\n<\/tr>\n<tr>\n<td class=\"et5\" width=\"91\" height=\"45\">Temperature of working condition<\/td>\n<td class=\"et8\" width=\"98\">-10<span class=\"font4\">\u2103<\/span><span class=\"font2\">\u00a0&#8211; 60<\/span><span class=\"font4\">\u2103<\/span><\/td>\n<td class=\"et8\" width=\"110\">-10<span class=\"font4\">\u2103<\/span><span class=\"font2\">\u00a0&#8211; 60<\/span><span class=\"font4\">\u2103<\/span><\/td>\n<td class=\"et8\" width=\"116\">-10<span class=\"font4\">\u2103<\/span><span class=\"font2\">\u00a0&#8211; 60<\/span><span class=\"font4\">\u2103<\/span><\/td>\n<td class=\"et8\" width=\"91\">-10<span class=\"font4\">\u2103<\/span><span class=\"font2\">\u00a0&#8211; 60<\/span><span class=\"font4\">\u2103<\/span><\/td>\n<td class=\"et8\" width=\"91\">-10<span class=\"font4\">\u2103<\/span><span class=\"font2\">\u00a0&#8211; 60<\/span><span class=\"font4\">\u2103<\/span><\/td>\n<td class=\"et8\" width=\"91\">-10<span class=\"font4\">\u2103<\/span><span class=\"font2\">\u00a0&#8211; 60<\/span><span class=\"font4\">\u2103<\/span><\/td>\n<td class=\"et8\" width=\"91\">-10<span class=\"font4\">\u2103<\/span><span class=\"font2\">\u00a0&#8211; 60<\/span><span class=\"font4\">\u2103<\/span><\/td>\n<td class=\"et8\" width=\"91\">-10<span class=\"font4\">\u2103<\/span><span class=\"font2\">\u00a0&#8211; 60<\/span><span class=\"font4\">\u2103<\/span><\/td>\n<\/tr>\n<tr>\n<td class=\"et5\" width=\"91\" height=\"45\">humidity of working condition<\/td>\n<td class=\"et8\" width=\"98\">20%-90%<\/td>\n<td class=\"et8\" width=\"110\">20%-90%<\/td>\n<td class=\"et8\" width=\"116\">20%-90%<\/td>\n<td class=\"et8\" width=\"91\">20%-90%<\/td>\n<td class=\"et8\" width=\"91\">20%-90%<\/td>\n<td class=\"et8\" width=\"91\">20%-90%<\/td>\n<td class=\"et8\" width=\"91\">20%-90%<\/td>\n<td class=\"et8\" width=\"91\">20%-90%<\/td>\n<\/tr>\n<tr>\n<td class=\"et5\" width=\"91\" height=\"30\">LED life time<\/td>\n<td class=\"et6\" width=\"98\">70000h<\/td>\n<td class=\"et6\" width=\"110\">70000h<\/td>\n<td class=\"et6\" width=\"116\">70000h<\/td>\n<td class=\"et6\" width=\"91\">70000h<\/td>\n<td class=\"et6\" width=\"91\">70000h<\/td>\n<td class=\"et6\" width=\"91\">70000h<\/td>\n<td class=\"et6\" width=\"91\">70000h<\/td>\n<td class=\"et6\" width=\"91\">70000h<\/td>\n<\/tr>\n<tr>\n<td class=\"et5\" width=\"91\" height=\"30\">Protestion Grade<\/td>\n<td class=\"et6\" width=\"98\">IP66<\/td>\n<td class=\"et6\" width=\"110\">IP66<\/td>\n<td class=\"et6\" width=\"116\">IP66<\/td>\n<td class=\"et6\" width=\"91\">IP66<\/td>\n<td class=\"et6\" width=\"91\">IP66<\/td>\n<td class=\"et6\" width=\"91\">IP66<\/td>\n<td class=\"et6\" width=\"91\">IP66<\/td>\n<td class=\"et6\" width=\"91\">IP66<\/td>\n<\/tr>\n<tr>\n<td class=\"et5\" width=\"91\" height=\"19\">Net Weight<\/td>\n<td class=\"et9\" width=\"98\">5.6kg<\/td>\n<td class=\"et9\" width=\"110\">5.9kg<\/td>\n<td class=\"et9\" width=\"116\">8.5kg<\/td>\n<td class=\"et9\" width=\"91\">9kg<\/td>\n<td class=\"et9\" width=\"91\">8.5kg<\/td>\n<td class=\"et9\" width=\"91\">8.5kg<\/td>\n<td class=\"et9\" width=\"91\">8.5kg<\/td>\n<td class=\"et9\" width=\"91\">8.5kg<\/td>\n<\/tr>\n<tr>\n<td class=\"et5\" width=\"91\" height=\"19\">Gross Weight<\/td>\n<td class=\"et9\" width=\"98\">6.6kg<\/td>\n<td class=\"et9\" width=\"110\">6.9kg<\/td>\n<td class=\"et9\" width=\"116\">9.5kg<\/td>\n<td class=\"et9\" width=\"91\">10.5kg<\/td>\n<td class=\"et9\" width=\"91\">10.5kg<\/td>\n<td class=\"et9\" width=\"91\">10.5kg<\/td>\n<td class=\"et9\" width=\"91\">10.5kg<\/td>\n<td class=\"et9\" width=\"91\">10.5kg<\/td>\n<\/tr>\n<tr>\n<td class=\"et5\" width=\"91\" height=\"19\">Product Size<\/td>\n<td class=\"et6\" width=\"98\">543*281*179mm<\/td>\n<td class=\"et6\" width=\"110\">543*281*179mm<\/td>\n<td class=\"et6\" width=\"116\">676*373*180mm<\/td>\n<td class=\"et6\" width=\"91\">676*373*180mm<\/td>\n<td class=\"et6\" width=\"91\">1039*535*178mm<\/td>\n<td class=\"et6\" width=\"91\">1039*535*178mm<\/td>\n<td class=\"et6\" width=\"91\">1039*535*178mm<\/td>\n<td class=\"et6\" width=\"91\">1039*535*178mm<\/td>\n<\/tr>\n<tr>\n<td class=\"et5\" width=\"91\" height=\"19\">Packing Size<\/td>\n<td class=\"et6\" width=\"98\">620*370*240mm<\/td>\n<td class=\"et6\" width=\"110\">620*370*240mm<\/td>\n<td class=\"et6\" width=\"116\">760*470*240mm<\/td>\n<td class=\"et6\" width=\"91\">760*470*240mm<\/td>\n<td class=\"et6\" width=\"91\">1155*665*275mm<\/td>\n<td class=\"et6\" width=\"91\">1155*665*275mm<\/td>\n<td class=\"et6\" width=\"91\">1155*665*275mm<\/td>\n<td class=\"et6\" width=\"91\">1155*665*275mm<\/td>\n<\/tr>\n<\/tbody>\n<\/table>\n<p>Retrouvez l&rsquo;ensemble de notre gamme <em>\u00e9clairage solaire LED urbain<\/em> <a href=\"https:\/\/altrisacces.fr\/index.php\/categorie-produit\/eclairages-urbains\/\">ici<\/a><\/p>\n","protected":false},"excerpt":{"rendered":"<p>L&rsquo;\u00e9clairage solaire led urbain EPJD-SL001 est id\u00e9al pour les routes secondaires. Il trouvera sa place sur\u00a0les routes d&rsquo;usine, les parcs ou les routes de montagne.<br \/>\nMais aussi pour les projets d&rsquo;\u00e9clairage de fermes et de zones \u00e9loign\u00e9es, cour, \u00e9coles, places et autres lieux d&rsquo;\u00e9clairage ext\u00e9rieur.<\/p>\n","protected":false},"featured_media":442,"comment_status":"open","ping_status":"closed","template":"","meta":{"_acf_changed":false},"product_cat":[28,37],"product_tag":[],"class_list":{"0":"post-414","1":"product","2":"type-product","3":"status-publish","4":"has-post-thumbnail","6":"product_cat-eclairages-urbains","7":"product_cat-gamme-solaire","9":"first","10":"instock","11":"shipping-taxable","12":"product-type-simple"},"acf":[],"yoast_head":"<!-- This site is optimized with the Yoast SEO plugin v22.9 - https:\/\/yoast.com\/wordpress\/plugins\/seo\/ -->\n<title>Eclairage solaire led urbain EPJD-SL001 - Altris | Eclairages LED<\/title>\n<meta name=\"description\" content=\"L&#039;\u00e9clairage solaire led urbain EPJD-SL001 est id\u00e9al pour les routes secondaires, routes d&#039;usine, les parcs ou les routes de montagne.\" \/>\n<meta name=\"robots\" content=\"index, follow, max-snippet:-1, max-image-preview:large, max-video-preview:-1\" \/>\n<link rel=\"canonical\" href=\"https:\/\/altrisacces.fr\/index.php\/produit\/eclairage-solaire-led-urbain-epjd-sl001\/\" \/>\n<meta property=\"og:locale\" content=\"fr_FR\" \/>\n<meta property=\"og:type\" content=\"article\" \/>\n<meta property=\"og:title\" content=\"Eclairage solaire led urbain EPJD-SL001 - Altris | Eclairages LED\" \/>\n<meta property=\"og:description\" content=\"L&#039;\u00e9clairage solaire led urbain EPJD-SL001 est id\u00e9al pour les routes secondaires, routes d&#039;usine, les parcs ou les routes de montagne.\" \/>\n<meta property=\"og:url\" content=\"https:\/\/altrisacces.fr\/index.php\/produit\/eclairage-solaire-led-urbain-epjd-sl001\/\" \/>\n<meta property=\"og:site_name\" content=\"Altris\" \/>\n<meta property=\"article:modified_time\" content=\"2024-07-01T14:53:36+00:00\" \/>\n<meta property=\"og:image\" content=\"https:\/\/altrisacces.fr\/wp-content\/uploads\/2023\/10\/EPJD-SL001-3-1.png\" \/>\n\t<meta property=\"og:image:width\" content=\"800\" \/>\n\t<meta property=\"og:image:height\" content=\"800\" \/>\n\t<meta property=\"og:image:type\" content=\"image\/png\" \/>\n<meta name=\"twitter:card\" content=\"summary_large_image\" \/>\n<meta name=\"twitter:label1\" content=\"Dur\u00e9e de lecture estim\u00e9e\" \/>\n\t<meta name=\"twitter:data1\" content=\"3 minutes\" \/>\n<script type=\"application\/ld+json\" class=\"yoast-schema-graph\">{\"@context\":\"https:\/\/schema.org\",\"@graph\":[{\"@type\":\"WebPage\",\"@id\":\"https:\/\/altrisacces.fr\/index.php\/produit\/eclairage-solaire-led-urbain-epjd-sl001\/\",\"url\":\"https:\/\/altrisacces.fr\/index.php\/produit\/eclairage-solaire-led-urbain-epjd-sl001\/\",\"name\":\"Eclairage solaire led urbain EPJD-SL001 - Altris | Eclairages LED\",\"isPartOf\":{\"@id\":\"https:\/\/altrisacces.fr\/#website\"},\"primaryImageOfPage\":{\"@id\":\"https:\/\/altrisacces.fr\/index.php\/produit\/eclairage-solaire-led-urbain-epjd-sl001\/#primaryimage\"},\"image\":{\"@id\":\"https:\/\/altrisacces.fr\/index.php\/produit\/eclairage-solaire-led-urbain-epjd-sl001\/#primaryimage\"},\"thumbnailUrl\":\"https:\/\/altrisacces.fr\/wp-content\/uploads\/2023\/10\/EPJD-SL001-3-1.png\",\"datePublished\":\"2023-10-23T12:41:28+00:00\",\"dateModified\":\"2024-07-01T14:53:36+00:00\",\"description\":\"L'\u00e9clairage solaire led urbain EPJD-SL001 est id\u00e9al pour les routes secondaires, routes d'usine, les parcs ou les routes de montagne.\",\"breadcrumb\":{\"@id\":\"https:\/\/altrisacces.fr\/index.php\/produit\/eclairage-solaire-led-urbain-epjd-sl001\/#breadcrumb\"},\"inLanguage\":\"fr-FR\",\"potentialAction\":[{\"@type\":\"ReadAction\",\"target\":[\"https:\/\/altrisacces.fr\/index.php\/produit\/eclairage-solaire-led-urbain-epjd-sl001\/\"]}]},{\"@type\":\"ImageObject\",\"inLanguage\":\"fr-FR\",\"@id\":\"https:\/\/altrisacces.fr\/index.php\/produit\/eclairage-solaire-led-urbain-epjd-sl001\/#primaryimage\",\"url\":\"https:\/\/altrisacces.fr\/wp-content\/uploads\/2023\/10\/EPJD-SL001-3-1.png\",\"contentUrl\":\"https:\/\/altrisacces.fr\/wp-content\/uploads\/2023\/10\/EPJD-SL001-3-1.png\",\"width\":800,\"height\":800,\"caption\":\"\u00e9clairage solaire led urbain\"},{\"@type\":\"BreadcrumbList\",\"@id\":\"https:\/\/altrisacces.fr\/index.php\/produit\/eclairage-solaire-led-urbain-epjd-sl001\/#breadcrumb\",\"itemListElement\":[{\"@type\":\"ListItem\",\"position\":1,\"name\":\"Accueil\",\"item\":\"https:\/\/altrisacces.fr\/\"},{\"@type\":\"ListItem\",\"position\":2,\"name\":\"Produits\",\"item\":\"https:\/\/altrisacces.fr\/index.php\/produits\/\"},{\"@type\":\"ListItem\",\"position\":3,\"name\":\"Eclairage solaire led urbain EPJD-SL001\"}]},{\"@type\":\"WebSite\",\"@id\":\"https:\/\/altrisacces.fr\/#website\",\"url\":\"https:\/\/altrisacces.fr\/\",\"name\":\"Altris\",\"description\":\"\u00e9clairage LED public, ext\u00e9rieur, tertiaire et industriel\",\"publisher\":{\"@id\":\"https:\/\/altrisacces.fr\/#organization\"},\"potentialAction\":[{\"@type\":\"SearchAction\",\"target\":{\"@type\":\"EntryPoint\",\"urlTemplate\":\"https:\/\/altrisacces.fr\/?s={search_term_string}\"},\"query-input\":\"required name=search_term_string\"}],\"inLanguage\":\"fr-FR\"},{\"@type\":\"Organization\",\"@id\":\"https:\/\/altrisacces.fr\/#organization\",\"name\":\"Altris\",\"url\":\"https:\/\/altrisacces.fr\/\",\"logo\":{\"@type\":\"ImageObject\",\"inLanguage\":\"fr-FR\",\"@id\":\"https:\/\/altrisacces.fr\/#\/schema\/logo\/image\/\",\"url\":\"https:\/\/altrisacces.fr\/wp-content\/uploads\/2023\/10\/logo_Altris.png\",\"contentUrl\":\"https:\/\/altrisacces.fr\/wp-content\/uploads\/2023\/10\/logo_Altris.png\",\"width\":1579,\"height\":1006,\"caption\":\"Altris\"},\"image\":{\"@id\":\"https:\/\/altrisacces.fr\/#\/schema\/logo\/image\/\"}}]}<\/script>\n<!-- \/ Yoast SEO plugin. -->","yoast_head_json":{"title":"Eclairage solaire led urbain EPJD-SL001 - Altris | Eclairages LED","description":"L'\u00e9clairage solaire led urbain EPJD-SL001 est id\u00e9al pour les routes secondaires, routes d'usine, les parcs ou les routes de montagne.","robots":{"index":"index","follow":"follow","max-snippet":"max-snippet:-1","max-image-preview":"max-image-preview:large","max-video-preview":"max-video-preview:-1"},"canonical":"https:\/\/altrisacces.fr\/index.php\/produit\/eclairage-solaire-led-urbain-epjd-sl001\/","og_locale":"fr_FR","og_type":"article","og_title":"Eclairage solaire led urbain EPJD-SL001 - Altris | Eclairages LED","og_description":"L'\u00e9clairage solaire led urbain EPJD-SL001 est id\u00e9al pour les routes secondaires, routes d'usine, les parcs ou les routes de montagne.","og_url":"https:\/\/altrisacces.fr\/index.php\/produit\/eclairage-solaire-led-urbain-epjd-sl001\/","og_site_name":"Altris","article_modified_time":"2024-07-01T14:53:36+00:00","og_image":[{"width":800,"height":800,"url":"https:\/\/altrisacces.fr\/wp-content\/uploads\/2023\/10\/EPJD-SL001-3-1.png","type":"image\/png"}],"twitter_card":"summary_large_image","twitter_misc":{"Dur\u00e9e de lecture estim\u00e9e":"3 minutes"},"schema":{"@context":"https:\/\/schema.org","@graph":[{"@type":"WebPage","@id":"https:\/\/altrisacces.fr\/index.php\/produit\/eclairage-solaire-led-urbain-epjd-sl001\/","url":"https:\/\/altrisacces.fr\/index.php\/produit\/eclairage-solaire-led-urbain-epjd-sl001\/","name":"Eclairage solaire led urbain EPJD-SL001 - Altris | Eclairages LED","isPartOf":{"@id":"https:\/\/altrisacces.fr\/#website"},"primaryImageOfPage":{"@id":"https:\/\/altrisacces.fr\/index.php\/produit\/eclairage-solaire-led-urbain-epjd-sl001\/#primaryimage"},"image":{"@id":"https:\/\/altrisacces.fr\/index.php\/produit\/eclairage-solaire-led-urbain-epjd-sl001\/#primaryimage"},"thumbnailUrl":"https:\/\/altrisacces.fr\/wp-content\/uploads\/2023\/10\/EPJD-SL001-3-1.png","datePublished":"2023-10-23T12:41:28+00:00","dateModified":"2024-07-01T14:53:36+00:00","description":"L'\u00e9clairage solaire led urbain EPJD-SL001 est id\u00e9al pour les routes secondaires, routes d'usine, les parcs ou les routes de montagne.","breadcrumb":{"@id":"https:\/\/altrisacces.fr\/index.php\/produit\/eclairage-solaire-led-urbain-epjd-sl001\/#breadcrumb"},"inLanguage":"fr-FR","potentialAction":[{"@type":"ReadAction","target":["https:\/\/altrisacces.fr\/index.php\/produit\/eclairage-solaire-led-urbain-epjd-sl001\/"]}]},{"@type":"ImageObject","inLanguage":"fr-FR","@id":"https:\/\/altrisacces.fr\/index.php\/produit\/eclairage-solaire-led-urbain-epjd-sl001\/#primaryimage","url":"https:\/\/altrisacces.fr\/wp-content\/uploads\/2023\/10\/EPJD-SL001-3-1.png","contentUrl":"https:\/\/altrisacces.fr\/wp-content\/uploads\/2023\/10\/EPJD-SL001-3-1.png","width":800,"height":800,"caption":"\u00e9clairage solaire led urbain"},{"@type":"BreadcrumbList","@id":"https:\/\/altrisacces.fr\/index.php\/produit\/eclairage-solaire-led-urbain-epjd-sl001\/#breadcrumb","itemListElement":[{"@type":"ListItem","position":1,"name":"Accueil","item":"https:\/\/altrisacces.fr\/"},{"@type":"ListItem","position":2,"name":"Produits","item":"https:\/\/altrisacces.fr\/index.php\/produits\/"},{"@type":"ListItem","position":3,"name":"Eclairage solaire led urbain EPJD-SL001"}]},{"@type":"WebSite","@id":"https:\/\/altrisacces.fr\/#website","url":"https:\/\/altrisacces.fr\/","name":"Altris","description":"\u00e9clairage LED public, ext\u00e9rieur, tertiaire et industriel","publisher":{"@id":"https:\/\/altrisacces.fr\/#organization"},"potentialAction":[{"@type":"SearchAction","target":{"@type":"EntryPoint","urlTemplate":"https:\/\/altrisacces.fr\/?s={search_term_string}"},"query-input":"required name=search_term_string"}],"inLanguage":"fr-FR"},{"@type":"Organization","@id":"https:\/\/altrisacces.fr\/#organization","name":"Altris","url":"https:\/\/altrisacces.fr\/","logo":{"@type":"ImageObject","inLanguage":"fr-FR","@id":"https:\/\/altrisacces.fr\/#\/schema\/logo\/image\/","url":"https:\/\/altrisacces.fr\/wp-content\/uploads\/2023\/10\/logo_Altris.png","contentUrl":"https:\/\/altrisacces.fr\/wp-content\/uploads\/2023\/10\/logo_Altris.png","width":1579,"height":1006,"caption":"Altris"},"image":{"@id":"https:\/\/altrisacces.fr\/#\/schema\/logo\/image\/"}}]}},"_links":{"self":[{"href":"https:\/\/altrisacces.fr\/index.php\/wp-json\/wp\/v2\/product\/414","targetHints":{"allow":["GET"]}}],"collection":[{"href":"https:\/\/altrisacces.fr\/index.php\/wp-json\/wp\/v2\/product"}],"about":[{"href":"https:\/\/altrisacces.fr\/index.php\/wp-json\/wp\/v2\/types\/product"}],"replies":[{"embeddable":true,"href":"https:\/\/altrisacces.fr\/index.php\/wp-json\/wp\/v2\/comments?post=414"}],"wp:featuredmedia":[{"embeddable":true,"href":"https:\/\/altrisacces.fr\/index.php\/wp-json\/wp\/v2\/media\/442"}],"wp:attachment":[{"href":"https:\/\/altrisacces.fr\/index.php\/wp-json\/wp\/v2\/media?parent=414"}],"wp:term":[{"taxonomy":"product_cat","embeddable":true,"href":"https:\/\/altrisacces.fr\/index.php\/wp-json\/wp\/v2\/product_cat?post=414"},{"taxonomy":"product_tag","embeddable":true,"href":"https:\/\/altrisacces.fr\/index.php\/wp-json\/wp\/v2\/product_tag?post=414"}],"curies":[{"name":"wp","href":"https:\/\/api.w.org\/{rel}","templated":true}]}}