{"id":449,"date":"2023-10-23T15:21:19","date_gmt":"2023-10-23T13:21:19","guid":{"rendered":"https:\/\/altrisacces.fr\/?post_type=product&#038;p=449"},"modified":"2024-07-01T16:55:25","modified_gmt":"2024-07-01T14:55:25","slug":"eclairage-solaire-led-urbain-epjd-slg023","status":"publish","type":"product","link":"https:\/\/altrisacces.fr\/index.php\/produit\/eclairage-solaire-led-urbain-epjd-slg023\/","title":{"rendered":"Eclairage solaire led urbain EPJD-SLG023"},"content":{"rendered":"<p>L&rsquo;\u00e9clairage solaire led urbain EPJD-SLG023 , design \u00e9pur\u00e9, permet d&rsquo;\u00e9clairer de larges zones. Sa forme ronde fournit une diffusion de lumi\u00e8re 360\u00b0 et illumine les alentours d&rsquo;un flux lumineux puissant, \u00e9quip\u00e9 d&rsquo;une d\u00e9tection d&rsquo;obscurit\u00e9. Multifonctions programmable.<\/p>\n<h2><strong>Fonctionnalit\u00e9s de l&rsquo;\u00e9clairage solaire led urbain EPJD-SLG023<\/strong><\/h2>\n<ul>\n<li>Int\u00e8gre un logiciel de programmation pour garantir un \u00e9clairage efficace la nuit.<\/li>\n<li>Corps : fonderie d\u2019aluminium (AS9U) , traitement de pulv\u00e9risation \u00e9lectrostatique anti-vieillissement de surface, tr\u00e8s r\u00e9sistance \u00e0 la corrosion.<\/li>\n<li>Visserie : acier inoxydable<\/li>\n<li>Diff\u00e9rente option de temp\u00e9rature de couleur 3000k\/ 4000k<\/li>\n<li>Produit garantie 7 ans<\/li>\n<\/ul>\n<h3>Caract\u00e9ristiques<\/h3>\n<table border=\"1\" width=\"100%\" cellspacing=\"0\">\n<tbody>\n<tr>\n<td width=\"296\">Product Code<\/td>\n<td width=\"186\">EPJD-SLG023A<\/td>\n<td width=\"186\">EPJD-SLG023B<\/td>\n<td width=\"186\">EPJD-SLG023C<\/td>\n<\/tr>\n<tr>\n<td>LED Quantity<\/td>\n<td>72pcs 3030<\/td>\n<td>72pcs 3030<\/td>\n<td>144pcs 3030<\/td>\n<\/tr>\n<tr>\n<td>Rate Power<\/td>\n<td>10W<\/td>\n<td>15W<\/td>\n<td>20W<\/td>\n<\/tr>\n<tr>\n<td>Color Temperature<\/td>\n<td>6500\/4000\/3000K<\/td>\n<td>6500\/4000\/3000K<\/td>\n<td>6500\/4000\/3000K<\/td>\n<\/tr>\n<tr>\n<td>Color<\/td>\n<td>black<\/td>\n<td>black<\/td>\n<td>black<\/td>\n<\/tr>\n<tr>\n<td>Charge time<\/td>\n<td>3hours<\/td>\n<td>4hours<\/td>\n<td>5hours<\/td>\n<\/tr>\n<tr>\n<td>Discharge time<\/td>\n<td width=\"186\">8hours(full power)<\/td>\n<td width=\"186\">8hours(full power)<\/td>\n<td width=\"186\">8hours(full power)<\/td>\n<\/tr>\n<tr>\n<td>Operating time<\/td>\n<td width=\"186\">Intelligent dimming model 4-6 days<\/td>\n<td width=\"186\">Intelligent dimming model 4-6 days<\/td>\n<td width=\"186\">Intelligent dimming model 4-6 days<\/td>\n<\/tr>\n<tr>\n<td>Luminous Flux<\/td>\n<td>1800lm\/6500K<\/td>\n<td>2600lm\/6500K<\/td>\n<td>3600lm\/6500K<\/td>\n<\/tr>\n<tr>\n<td>Color Temperature<\/td>\n<td>RA75<\/td>\n<td>RA75<\/td>\n<td>RA75<\/td>\n<\/tr>\n<tr>\n<td>Battery capacity<\/td>\n<td>6.4AH<\/td>\n<td>9.6AH<\/td>\n<td>12.8AH<\/td>\n<\/tr>\n<tr>\n<td>Battery type<\/td>\n<td width=\"186\">IFR ithium iron phosphate<\/td>\n<td width=\"186\">IFR ithium iron phosphate<\/td>\n<td width=\"186\">IFR ithium iron phosphate<\/td>\n<\/tr>\n<tr>\n<td width=\"296\">Solar monocrystalline silicon panel<\/td>\n<td>40W<\/td>\n<td>40W<\/td>\n<td>40W<\/td>\n<\/tr>\n<tr>\n<td>Installation Pipe Dia<\/td>\n<td>\u03a660mm\/\u03a676mm<\/td>\n<td>\u03a660mm\/\u03a676mm<\/td>\n<td>\u03a660mm\/\u03a676mm<\/td>\n<\/tr>\n<tr>\n<td>Installation Height<\/td>\n<td>3-5m<\/td>\n<td>3-5m<\/td>\n<td>3-5m<\/td>\n<\/tr>\n<tr>\n<td>Temperature of working condition<\/td>\n<td>-10\u2103\u00a0 &#8211;\u00a0 60\u2103<\/td>\n<td>-10\u2103\u00a0 &#8211;\u00a0 60\u2103<\/td>\n<td>-10\u2103\u00a0 &#8211;\u00a0 60\u2103<\/td>\n<\/tr>\n<tr>\n<td>humidity of working condition<\/td>\n<td>20%-90%<\/td>\n<td>20%-90%<\/td>\n<td>20%-90%<\/td>\n<\/tr>\n<tr>\n<td>LED life time<\/td>\n<td>70000h<\/td>\n<td>70000h<\/td>\n<td>70000h<\/td>\n<\/tr>\n<tr>\n<td>Protestion Grade<\/td>\n<td>IP66<\/td>\n<td>IP66<\/td>\n<td>IP66<\/td>\n<\/tr>\n<tr>\n<td>Net Weight<\/td>\n<td>12.0kg<\/td>\n<td>12.3 kg<\/td>\n<td>12.6 kg<\/td>\n<\/tr>\n<tr>\n<td>Gross Weight<\/td>\n<td>14.0kg<\/td>\n<td>14.3 kg<\/td>\n<td>14.6 kg<\/td>\n<\/tr>\n<tr>\n<td>Product Size<\/td>\n<td>600*600*589mm<\/td>\n<td>600*600*589mm<\/td>\n<td>600*600*589mm<\/td>\n<\/tr>\n<tr>\n<td>Packing Size<\/td>\n<td>790*790*150mm<\/td>\n<td>790*790*150mm<\/td>\n<td>790*790*150mm<\/td>\n<\/tr>\n<\/tbody>\n<\/table>\n<p>&nbsp;<\/p>\n<p>Retrouvez l&rsquo;ensemble de notre gamme <em>\u00e9clairage solaire LED urbain<\/em> <a href=\"https:\/\/altrisacces.fr\/index.php\/categorie-produit\/eclairages-urbains\/\">ici<\/a><\/p>\n","protected":false},"excerpt":{"rendered":"<p>L&rsquo;\u00e9clairage solaire led urbain EPJD-SLG023 , design \u00e9pur\u00e9, permet d&rsquo;\u00e9clairer de larges zones. Sa forme ronde fournit une diffusion de lumi\u00e8re 360\u00b0 et illumine les alentours d&rsquo;un flux lumineux puissant, \u00e9quip\u00e9 d&rsquo;une d\u00e9tection d&rsquo;obscurit\u00e9. Multifonctions programmable.<\/p>\n<p>Une fois install\u00e9e, la t\u00eate de lampadaire solaire poss\u00e8de un fonctionnement totalement autonome. Lorsque le panneau solaire ne per\u00e7oit plus de lumi\u00e8re (tomb\u00e9e de la nuit), elle s&rsquo;allume automatiquement.<br \/>\nUn mode de gestion intelligent de l&rsquo;\u00e9nergie assure un \u00e9clairage longue dur\u00e9e \u00e0 la t\u00eate de lampe solaire.<br \/>\nElle est con\u00e7ue pour r\u00e9sister aux intemp\u00e9ries gr\u00e2ce \u00e0 sa protection IP65 et sa conception robuste. Sa mise en fonctionnement est tr\u00e8s simple<\/p>\n","protected":false},"featured_media":426,"comment_status":"open","ping_status":"closed","template":"","meta":{"_acf_changed":false},"product_cat":[28,37],"product_tag":[],"class_list":{"0":"post-449","1":"product","2":"type-product","3":"status-publish","4":"has-post-thumbnail","6":"product_cat-eclairages-urbains","7":"product_cat-gamme-solaire","9":"first","10":"instock","11":"shipping-taxable","12":"product-type-simple"},"acf":[],"yoast_head":"<!-- This site is optimized with the Yoast SEO plugin v22.9 - https:\/\/yoast.com\/wordpress\/plugins\/seo\/ -->\n<title>Eclairage solaire led urbain EPJD-SLG023 - Altris | Eclairages LED<\/title>\n<meta name=\"description\" content=\"L&#039;\u00e9clairage solaire led urbain EPJD-SLG023 est id\u00e9al pour les parc,\" \/>\n<meta name=\"robots\" content=\"index, follow, max-snippet:-1, max-image-preview:large, max-video-preview:-1\" \/>\n<link rel=\"canonical\" href=\"https:\/\/altrisacces.fr\/index.php\/produit\/eclairage-solaire-led-urbain-epjd-slg023\/\" \/>\n<meta property=\"og:locale\" content=\"fr_FR\" \/>\n<meta property=\"og:type\" content=\"article\" \/>\n<meta property=\"og:title\" content=\"Eclairage solaire led urbain EPJD-SLG023 - Altris | Eclairages LED\" \/>\n<meta property=\"og:description\" content=\"L&#039;\u00e9clairage solaire led urbain EPJD-SLG023 est id\u00e9al pour les parc,\" \/>\n<meta property=\"og:url\" content=\"https:\/\/altrisacces.fr\/index.php\/produit\/eclairage-solaire-led-urbain-epjd-slg023\/\" \/>\n<meta property=\"og:site_name\" content=\"Altris\" \/>\n<meta property=\"article:modified_time\" content=\"2024-07-01T14:55:25+00:00\" \/>\n<meta property=\"og:image\" content=\"https:\/\/altrisacces.fr\/wp-content\/uploads\/2023\/10\/EPJD-SLG023-1.jpg\" \/>\n\t<meta property=\"og:image:width\" content=\"1903\" \/>\n\t<meta property=\"og:image:height\" content=\"1903\" \/>\n\t<meta property=\"og:image:type\" content=\"image\/jpeg\" \/>\n<meta name=\"twitter:card\" content=\"summary_large_image\" \/>\n<meta name=\"twitter:label1\" content=\"Dur\u00e9e de lecture estim\u00e9e\" \/>\n\t<meta name=\"twitter:data1\" content=\"2 minutes\" \/>\n<script type=\"application\/ld+json\" class=\"yoast-schema-graph\">{\"@context\":\"https:\/\/schema.org\",\"@graph\":[{\"@type\":\"WebPage\",\"@id\":\"https:\/\/altrisacces.fr\/index.php\/produit\/eclairage-solaire-led-urbain-epjd-slg023\/\",\"url\":\"https:\/\/altrisacces.fr\/index.php\/produit\/eclairage-solaire-led-urbain-epjd-slg023\/\",\"name\":\"Eclairage solaire led urbain EPJD-SLG023 - Altris | Eclairages LED\",\"isPartOf\":{\"@id\":\"https:\/\/altrisacces.fr\/#website\"},\"primaryImageOfPage\":{\"@id\":\"https:\/\/altrisacces.fr\/index.php\/produit\/eclairage-solaire-led-urbain-epjd-slg023\/#primaryimage\"},\"image\":{\"@id\":\"https:\/\/altrisacces.fr\/index.php\/produit\/eclairage-solaire-led-urbain-epjd-slg023\/#primaryimage\"},\"thumbnailUrl\":\"https:\/\/altrisacces.fr\/wp-content\/uploads\/2023\/10\/EPJD-SLG023-1.jpg\",\"datePublished\":\"2023-10-23T13:21:19+00:00\",\"dateModified\":\"2024-07-01T14:55:25+00:00\",\"description\":\"L'\u00e9clairage solaire led urbain EPJD-SLG023 est id\u00e9al pour les parc,\",\"breadcrumb\":{\"@id\":\"https:\/\/altrisacces.fr\/index.php\/produit\/eclairage-solaire-led-urbain-epjd-slg023\/#breadcrumb\"},\"inLanguage\":\"fr-FR\",\"potentialAction\":[{\"@type\":\"ReadAction\",\"target\":[\"https:\/\/altrisacces.fr\/index.php\/produit\/eclairage-solaire-led-urbain-epjd-slg023\/\"]}]},{\"@type\":\"ImageObject\",\"inLanguage\":\"fr-FR\",\"@id\":\"https:\/\/altrisacces.fr\/index.php\/produit\/eclairage-solaire-led-urbain-epjd-slg023\/#primaryimage\",\"url\":\"https:\/\/altrisacces.fr\/wp-content\/uploads\/2023\/10\/EPJD-SLG023-1.jpg\",\"contentUrl\":\"https:\/\/altrisacces.fr\/wp-content\/uploads\/2023\/10\/EPJD-SLG023-1.jpg\",\"width\":1903,\"height\":1903,\"caption\":\"\u00e9clairage solaire led urbain\"},{\"@type\":\"BreadcrumbList\",\"@id\":\"https:\/\/altrisacces.fr\/index.php\/produit\/eclairage-solaire-led-urbain-epjd-slg023\/#breadcrumb\",\"itemListElement\":[{\"@type\":\"ListItem\",\"position\":1,\"name\":\"Accueil\",\"item\":\"https:\/\/altrisacces.fr\/\"},{\"@type\":\"ListItem\",\"position\":2,\"name\":\"Produits\",\"item\":\"https:\/\/altrisacces.fr\/index.php\/produits\/\"},{\"@type\":\"ListItem\",\"position\":3,\"name\":\"Eclairage solaire led urbain EPJD-SLG023\"}]},{\"@type\":\"WebSite\",\"@id\":\"https:\/\/altrisacces.fr\/#website\",\"url\":\"https:\/\/altrisacces.fr\/\",\"name\":\"Altris\",\"description\":\"\u00e9clairage LED public, ext\u00e9rieur, tertiaire et industriel\",\"publisher\":{\"@id\":\"https:\/\/altrisacces.fr\/#organization\"},\"potentialAction\":[{\"@type\":\"SearchAction\",\"target\":{\"@type\":\"EntryPoint\",\"urlTemplate\":\"https:\/\/altrisacces.fr\/?s={search_term_string}\"},\"query-input\":\"required name=search_term_string\"}],\"inLanguage\":\"fr-FR\"},{\"@type\":\"Organization\",\"@id\":\"https:\/\/altrisacces.fr\/#organization\",\"name\":\"Altris\",\"url\":\"https:\/\/altrisacces.fr\/\",\"logo\":{\"@type\":\"ImageObject\",\"inLanguage\":\"fr-FR\",\"@id\":\"https:\/\/altrisacces.fr\/#\/schema\/logo\/image\/\",\"url\":\"https:\/\/altrisacces.fr\/wp-content\/uploads\/2023\/10\/logo_Altris.png\",\"contentUrl\":\"https:\/\/altrisacces.fr\/wp-content\/uploads\/2023\/10\/logo_Altris.png\",\"width\":1579,\"height\":1006,\"caption\":\"Altris\"},\"image\":{\"@id\":\"https:\/\/altrisacces.fr\/#\/schema\/logo\/image\/\"}}]}<\/script>\n<!-- \/ Yoast SEO plugin. -->","yoast_head_json":{"title":"Eclairage solaire led urbain EPJD-SLG023 - Altris | Eclairages LED","description":"L'\u00e9clairage solaire led urbain EPJD-SLG023 est id\u00e9al pour les parc,","robots":{"index":"index","follow":"follow","max-snippet":"max-snippet:-1","max-image-preview":"max-image-preview:large","max-video-preview":"max-video-preview:-1"},"canonical":"https:\/\/altrisacces.fr\/index.php\/produit\/eclairage-solaire-led-urbain-epjd-slg023\/","og_locale":"fr_FR","og_type":"article","og_title":"Eclairage solaire led urbain EPJD-SLG023 - Altris | Eclairages LED","og_description":"L'\u00e9clairage solaire led urbain EPJD-SLG023 est id\u00e9al pour les parc,","og_url":"https:\/\/altrisacces.fr\/index.php\/produit\/eclairage-solaire-led-urbain-epjd-slg023\/","og_site_name":"Altris","article_modified_time":"2024-07-01T14:55:25+00:00","og_image":[{"width":1903,"height":1903,"url":"https:\/\/altrisacces.fr\/wp-content\/uploads\/2023\/10\/EPJD-SLG023-1.jpg","type":"image\/jpeg"}],"twitter_card":"summary_large_image","twitter_misc":{"Dur\u00e9e de lecture estim\u00e9e":"2 minutes"},"schema":{"@context":"https:\/\/schema.org","@graph":[{"@type":"WebPage","@id":"https:\/\/altrisacces.fr\/index.php\/produit\/eclairage-solaire-led-urbain-epjd-slg023\/","url":"https:\/\/altrisacces.fr\/index.php\/produit\/eclairage-solaire-led-urbain-epjd-slg023\/","name":"Eclairage solaire led urbain EPJD-SLG023 - Altris | Eclairages LED","isPartOf":{"@id":"https:\/\/altrisacces.fr\/#website"},"primaryImageOfPage":{"@id":"https:\/\/altrisacces.fr\/index.php\/produit\/eclairage-solaire-led-urbain-epjd-slg023\/#primaryimage"},"image":{"@id":"https:\/\/altrisacces.fr\/index.php\/produit\/eclairage-solaire-led-urbain-epjd-slg023\/#primaryimage"},"thumbnailUrl":"https:\/\/altrisacces.fr\/wp-content\/uploads\/2023\/10\/EPJD-SLG023-1.jpg","datePublished":"2023-10-23T13:21:19+00:00","dateModified":"2024-07-01T14:55:25+00:00","description":"L'\u00e9clairage solaire led urbain EPJD-SLG023 est id\u00e9al pour les parc,","breadcrumb":{"@id":"https:\/\/altrisacces.fr\/index.php\/produit\/eclairage-solaire-led-urbain-epjd-slg023\/#breadcrumb"},"inLanguage":"fr-FR","potentialAction":[{"@type":"ReadAction","target":["https:\/\/altrisacces.fr\/index.php\/produit\/eclairage-solaire-led-urbain-epjd-slg023\/"]}]},{"@type":"ImageObject","inLanguage":"fr-FR","@id":"https:\/\/altrisacces.fr\/index.php\/produit\/eclairage-solaire-led-urbain-epjd-slg023\/#primaryimage","url":"https:\/\/altrisacces.fr\/wp-content\/uploads\/2023\/10\/EPJD-SLG023-1.jpg","contentUrl":"https:\/\/altrisacces.fr\/wp-content\/uploads\/2023\/10\/EPJD-SLG023-1.jpg","width":1903,"height":1903,"caption":"\u00e9clairage solaire led urbain"},{"@type":"BreadcrumbList","@id":"https:\/\/altrisacces.fr\/index.php\/produit\/eclairage-solaire-led-urbain-epjd-slg023\/#breadcrumb","itemListElement":[{"@type":"ListItem","position":1,"name":"Accueil","item":"https:\/\/altrisacces.fr\/"},{"@type":"ListItem","position":2,"name":"Produits","item":"https:\/\/altrisacces.fr\/index.php\/produits\/"},{"@type":"ListItem","position":3,"name":"Eclairage solaire led urbain EPJD-SLG023"}]},{"@type":"WebSite","@id":"https:\/\/altrisacces.fr\/#website","url":"https:\/\/altrisacces.fr\/","name":"Altris","description":"\u00e9clairage LED public, ext\u00e9rieur, tertiaire et industriel","publisher":{"@id":"https:\/\/altrisacces.fr\/#organization"},"potentialAction":[{"@type":"SearchAction","target":{"@type":"EntryPoint","urlTemplate":"https:\/\/altrisacces.fr\/?s={search_term_string}"},"query-input":"required name=search_term_string"}],"inLanguage":"fr-FR"},{"@type":"Organization","@id":"https:\/\/altrisacces.fr\/#organization","name":"Altris","url":"https:\/\/altrisacces.fr\/","logo":{"@type":"ImageObject","inLanguage":"fr-FR","@id":"https:\/\/altrisacces.fr\/#\/schema\/logo\/image\/","url":"https:\/\/altrisacces.fr\/wp-content\/uploads\/2023\/10\/logo_Altris.png","contentUrl":"https:\/\/altrisacces.fr\/wp-content\/uploads\/2023\/10\/logo_Altris.png","width":1579,"height":1006,"caption":"Altris"},"image":{"@id":"https:\/\/altrisacces.fr\/#\/schema\/logo\/image\/"}}]}},"_links":{"self":[{"href":"https:\/\/altrisacces.fr\/index.php\/wp-json\/wp\/v2\/product\/449","targetHints":{"allow":["GET"]}}],"collection":[{"href":"https:\/\/altrisacces.fr\/index.php\/wp-json\/wp\/v2\/product"}],"about":[{"href":"https:\/\/altrisacces.fr\/index.php\/wp-json\/wp\/v2\/types\/product"}],"replies":[{"embeddable":true,"href":"https:\/\/altrisacces.fr\/index.php\/wp-json\/wp\/v2\/comments?post=449"}],"wp:featuredmedia":[{"embeddable":true,"href":"https:\/\/altrisacces.fr\/index.php\/wp-json\/wp\/v2\/media\/426"}],"wp:attachment":[{"href":"https:\/\/altrisacces.fr\/index.php\/wp-json\/wp\/v2\/media?parent=449"}],"wp:term":[{"taxonomy":"product_cat","embeddable":true,"href":"https:\/\/altrisacces.fr\/index.php\/wp-json\/wp\/v2\/product_cat?post=449"},{"taxonomy":"product_tag","embeddable":true,"href":"https:\/\/altrisacces.fr\/index.php\/wp-json\/wp\/v2\/product_tag?post=449"}],"curies":[{"name":"wp","href":"https:\/\/api.w.org\/{rel}","templated":true}]}}