{"id":475,"date":"2023-10-23T16:16:08","date_gmt":"2023-10-23T14:16:08","guid":{"rendered":"https:\/\/altrisacces.fr\/?post_type=product&#038;p=475"},"modified":"2024-06-26T11:51:54","modified_gmt":"2024-06-26T09:51:54","slug":"eclairage-led-urbain-epjd-1043","status":"publish","type":"product","link":"https:\/\/altrisacces.fr\/index.php\/produit\/eclairage-led-urbain-epjd-1043\/","title":{"rendered":"Eclairage led urbain EPJD-1043"},"content":{"rendered":"<p>L&rsquo;\u00e9clairage led urbain EPJD-1043 offre un design moderne et une finition soign\u00e9e pour une int\u00e9gration parfaite dans son environnement. Lanterne fonctionnelle robuste et hautement efficace, qui procure confort et s\u00e9curit\u00e9 pour tous les types de route et de rue.<\/p>\n<h2>Fonctionnalit\u00e9s de l&rsquo;\u00e9clairage led urbain EPJD-1043<\/h2>\n<ul>\n<li>Module 3pcs ( Philips Luxeon 3030 led) et pilote Inventronic.<\/li>\n<li>90w, 120w LED street light. 2 puissances au choix.<\/li>\n<li>Corps en aluminium moul\u00e9 sous pression de haute intensit\u00e9.<\/li>\n<li>Verre tremp\u00e9 hautement transparent jusqu&rsquo;\u00e0 93%.<\/li>\n<li>Conception modulaire de la lentille optique. 3 types de photo m\u00e9trique au choix.<\/li>\n<li>Ouverture et entretien sans outil.<\/li>\n<li>Classe de protection : IP66.IK09.<\/li>\n<li>Interrupteur automatique, protecteur de surtension, cellule photo\u00e9lectrique au choix.<\/li>\n<\/ul>\n<h2>Caract\u00e9ristiques<\/h2>\n<table border=\"1\" width=\"100%\" cellspacing=\"0\" cellpadding=\"0\">\n<tbody>\n<tr>\n<td class=\"et4\" width=\"104\" height=\"36\">Product Code<\/td>\n<td class=\"et4\" width=\"104\">EPJD-1043A-30W<\/td>\n<td class=\"et4\" width=\"104\">EPJD-1043A-60W<\/td>\n<td class=\"et6\" width=\"104\">EPJD-1043A-100W<\/td>\n<\/tr>\n<tr>\n<td class=\"et7\" width=\"104\" height=\"36\">LED Current (mA)<\/td>\n<td class=\"et7\" width=\"104\">50mA 5050\/67mA 3030<\/td>\n<td class=\"et7\" width=\"104\">54mA 5050\/67mA 3030<\/td>\n<td class=\"et9\" width=\"104\">63mA 5050\/84mA 3030<\/td>\n<\/tr>\n<tr>\n<td class=\"et7\" width=\"104\" height=\"36\">LED Quantity<\/td>\n<td class=\"et7\" width=\"104\">24pcs 5050\/72pcs 3030<\/td>\n<td class=\"et7\" width=\"104\">48pcs 5050\/144pcs 3030<\/td>\n<td class=\"et9\" width=\"104\">64pcs 5050\/192pcs 3030<\/td>\n<\/tr>\n<tr>\n<td class=\"et7\" width=\"104\" height=\"36\">Rate Power<\/td>\n<td class=\"et7\" width=\"104\">30W<\/td>\n<td class=\"et7\" width=\"104\">60W<\/td>\n<td class=\"et9\" width=\"104\">100W<\/td>\n<\/tr>\n<tr>\n<td class=\"et7\" width=\"104\" height=\"36\">Color Temperature<\/td>\n<td class=\"et7\" width=\"104\">Temp\u00e9rature de couleur disponible\u00a06500\/4000\/3000K<\/td>\n<td class=\"et7\" width=\"104\">6500\/4000\/3000K<\/td>\n<td class=\"et9\" width=\"104\">6500\/4000\/3000K<\/td>\n<\/tr>\n<tr>\n<td class=\"et7\" width=\"104\" height=\"36\">Luminary EER<\/td>\n<td class=\"et7\" width=\"104\">150lm\/w(5050)<br \/>\n140lm\/w(3030)<\/td>\n<td class=\"et7\" width=\"104\">150lm\/w(5050)<br \/>\n140lm\/w(3030)<\/td>\n<td class=\"et9\" width=\"104\">150lm\/w(5050)<br \/>\n140lm\/w(3030)<\/td>\n<\/tr>\n<tr>\n<td class=\"et7\" width=\"104\" height=\"36\">Input Voltage<\/td>\n<td class=\"et7\" width=\"104\">AC100-277V<\/td>\n<td class=\"et7\" width=\"104\">AC100-277V<\/td>\n<td class=\"et9\" width=\"104\">AC100-277V<\/td>\n<\/tr>\n<tr>\n<td class=\"et7\" width=\"104\" height=\"36\">Frequency Range<\/td>\n<td class=\"et7\" width=\"104\">50\/60Hz<\/td>\n<td class=\"et7\" width=\"104\">50\/60Hz<\/td>\n<td class=\"et9\" width=\"104\">50\/60Hz<\/td>\n<\/tr>\n<tr>\n<td class=\"et7\" width=\"104\" height=\"36\">Color Temperature<\/td>\n<td class=\"et7\" width=\"104\">RA75<\/td>\n<td class=\"et7\" width=\"104\">RA75<\/td>\n<td class=\"et9\" width=\"104\">RA75<\/td>\n<\/tr>\n<tr>\n<td class=\"et7\" width=\"104\" height=\"36\">Temperature of working condition<\/td>\n<td class=\"et10\" width=\"104\">-40<span class=\"font2\">\u2103<\/span><span class=\"font1\">\u00a0 &#8211;\u00a0 50<\/span><span class=\"font2\">\u2103<\/span><\/td>\n<td class=\"et10\" width=\"104\">-40<span class=\"font2\">\u2103<\/span><span class=\"font1\">\u00a0 &#8211;\u00a0 50<\/span><span class=\"font2\">\u2103<\/span><\/td>\n<td class=\"et11\" width=\"104\">-40<span class=\"font2\">\u2103<\/span><span class=\"font1\">\u00a0 &#8211;\u00a0 50<\/span><span class=\"font2\">\u2103<\/span><\/td>\n<\/tr>\n<tr>\n<td class=\"et7\" width=\"104\" height=\"36\">humidity of working condition<\/td>\n<td class=\"et10\" width=\"104\">20%-90%<\/td>\n<td class=\"et10\" width=\"104\">20%-90%<\/td>\n<td class=\"et11\" width=\"104\">20%-90%<\/td>\n<\/tr>\n<tr>\n<td class=\"et7\" width=\"104\" height=\"36\">LED life time<\/td>\n<td class=\"et7\" width=\"104\">70000h<\/td>\n<td class=\"et7\" width=\"104\">70000h<\/td>\n<td class=\"et9\" width=\"104\">70000h<\/td>\n<\/tr>\n<tr>\n<td class=\"et7\" width=\"104\" height=\"36\">Protestion Grade<\/td>\n<td class=\"et7\" width=\"104\">IP66<\/td>\n<td class=\"et7\" width=\"104\">IP66<\/td>\n<td class=\"et9\" width=\"104\">IP66<\/td>\n<\/tr>\n<tr>\n<td class=\"et7\" width=\"104\" height=\"36\">Installation Pipe Dia<\/td>\n<td class=\"et7\" width=\"104\">\u03a660mm<\/td>\n<td class=\"et7\" width=\"104\">\u03a660mm<\/td>\n<td class=\"et9\" width=\"104\">\u03a660mm<\/td>\n<\/tr>\n<tr>\n<td class=\"et7\" width=\"104\" height=\"36\">Installation Height<\/td>\n<td class=\"et7\" width=\"104\">4-6m<\/td>\n<td class=\"et7\" width=\"104\">6-8m<\/td>\n<td class=\"et9\" width=\"104\">8-10m<\/td>\n<\/tr>\n<tr>\n<td class=\"et7\" width=\"104\" height=\"36\">Net Weight<\/td>\n<td class=\"et7\" width=\"104\">7.35kgs<\/td>\n<td class=\"et7\" width=\"104\">7.82kgs<\/td>\n<td class=\"et9\" width=\"104\">8.2kg<\/td>\n<\/tr>\n<tr>\n<td class=\"et7\" width=\"104\" height=\"36\">Gross Weight<\/td>\n<td class=\"et7\" width=\"104\">8.53kgs<\/td>\n<td class=\"et7\" width=\"104\">9.02kgs<\/td>\n<td class=\"et9\" width=\"104\">9.4kg<\/td>\n<\/tr>\n<tr>\n<td class=\"et7\" width=\"104\" height=\"36\">Product Size<\/td>\n<td class=\"et7\" width=\"104\">743*516*122mm<\/td>\n<td class=\"et7\" width=\"104\">743*516*122mm<\/td>\n<td class=\"et9\" width=\"104\">743*516*122mm<\/td>\n<\/tr>\n<tr>\n<td class=\"et7\" width=\"104\" height=\"36\">Packing Size<\/td>\n<td class=\"et7\" width=\"104\">655*590*165mM<\/td>\n<td class=\"et7\" width=\"104\">655*590*165mM<\/td>\n<td class=\"et9\" width=\"104\">655*590*165mM<\/td>\n<\/tr>\n<\/tbody>\n<\/table>\n<p>Retrouvez l&rsquo;ensemble de notre gamme <em>\u00e9clairage LED urbain<\/em> <a href=\"https:\/\/altrisacces.fr\/index.php\/categorie-produit\/eclairages-urbains\/\">ici<\/a><\/p>\n","protected":false},"excerpt":{"rendered":"<p>L&rsquo;\u00e9clairage led urbain EPJD-1043 offre un design moderne et une finition soign\u00e9e pour une int\u00e9gration parfaite dans son environnement. Lanterne fonctionnelle robuste et hautement efficace, qui procure confort et s\u00e9curit\u00e9 pour tous les types de route et de rue.<\/p>\n<p>Con\u00e7u pour un entretien ais\u00e9. Ouverture par le dessus sans outil avec d\u00e9connexion automatique pour un acc\u00e8s rapide et s\u00e9curis\u00e9 durant les op\u00e9rations de maintenance. Temp\u00e9rature de couleur disponible 6500\/4000\/3000K.<\/p>\n","protected":false},"featured_media":471,"comment_status":"open","ping_status":"closed","template":"","meta":{"_acf_changed":false},"product_cat":[28,36],"product_tag":[],"class_list":{"0":"post-475","1":"product","2":"type-product","3":"status-publish","4":"has-post-thumbnail","6":"product_cat-eclairages-urbains","7":"product_cat-gamme-filaire","9":"first","10":"instock","11":"downloadable","12":"shipping-taxable","13":"purchasable","14":"product-type-simple"},"acf":[],"yoast_head":"<!-- This site is optimized with the Yoast SEO plugin v22.9 - https:\/\/yoast.com\/wordpress\/plugins\/seo\/ -->\n<title>Eclairage led urbain EPJD-1043 - Altris | Eclairages LED<\/title>\n<meta name=\"description\" content=\"L&#039;\u00e9clairage led urbain EPJD-1043 offre un design moderne et une finition soign\u00e9e pour une int\u00e9gration parfaite dans son environnement\" \/>\n<meta name=\"robots\" content=\"index, follow, max-snippet:-1, max-image-preview:large, max-video-preview:-1\" \/>\n<link rel=\"canonical\" href=\"https:\/\/altrisacces.fr\/index.php\/produit\/eclairage-led-urbain-epjd-1043\/\" \/>\n<meta property=\"og:locale\" content=\"fr_FR\" \/>\n<meta property=\"og:type\" content=\"article\" \/>\n<meta property=\"og:title\" content=\"Eclairage led urbain EPJD-1043 - Altris | Eclairages LED\" \/>\n<meta property=\"og:description\" content=\"L&#039;\u00e9clairage led urbain EPJD-1043 offre un design moderne et une finition soign\u00e9e pour une int\u00e9gration parfaite dans son environnement\" \/>\n<meta property=\"og:url\" content=\"https:\/\/altrisacces.fr\/index.php\/produit\/eclairage-led-urbain-epjd-1043\/\" \/>\n<meta property=\"og:site_name\" content=\"Altris\" \/>\n<meta property=\"article:modified_time\" content=\"2024-06-26T09:51:54+00:00\" \/>\n<meta property=\"og:image\" content=\"https:\/\/altrisacces.fr\/wp-content\/uploads\/2023\/10\/EPJD-1043-1-1.png\" \/>\n\t<meta property=\"og:image:width\" content=\"800\" \/>\n\t<meta property=\"og:image:height\" content=\"800\" \/>\n\t<meta property=\"og:image:type\" content=\"image\/png\" \/>\n<meta name=\"twitter:card\" content=\"summary_large_image\" \/>\n<meta name=\"twitter:label1\" content=\"Dur\u00e9e de lecture estim\u00e9e\" \/>\n\t<meta name=\"twitter:data1\" content=\"2 minutes\" \/>\n<script type=\"application\/ld+json\" class=\"yoast-schema-graph\">{\"@context\":\"https:\/\/schema.org\",\"@graph\":[{\"@type\":\"WebPage\",\"@id\":\"https:\/\/altrisacces.fr\/index.php\/produit\/eclairage-led-urbain-epjd-1043\/\",\"url\":\"https:\/\/altrisacces.fr\/index.php\/produit\/eclairage-led-urbain-epjd-1043\/\",\"name\":\"Eclairage led urbain EPJD-1043 - Altris | Eclairages LED\",\"isPartOf\":{\"@id\":\"https:\/\/altrisacces.fr\/#website\"},\"primaryImageOfPage\":{\"@id\":\"https:\/\/altrisacces.fr\/index.php\/produit\/eclairage-led-urbain-epjd-1043\/#primaryimage\"},\"image\":{\"@id\":\"https:\/\/altrisacces.fr\/index.php\/produit\/eclairage-led-urbain-epjd-1043\/#primaryimage\"},\"thumbnailUrl\":\"https:\/\/altrisacces.fr\/wp-content\/uploads\/2023\/10\/EPJD-1043-1-1.png\",\"datePublished\":\"2023-10-23T14:16:08+00:00\",\"dateModified\":\"2024-06-26T09:51:54+00:00\",\"description\":\"L'\u00e9clairage led urbain EPJD-1043 offre un design moderne et une finition soign\u00e9e pour une int\u00e9gration parfaite dans son environnement\",\"breadcrumb\":{\"@id\":\"https:\/\/altrisacces.fr\/index.php\/produit\/eclairage-led-urbain-epjd-1043\/#breadcrumb\"},\"inLanguage\":\"fr-FR\",\"potentialAction\":[{\"@type\":\"ReadAction\",\"target\":[\"https:\/\/altrisacces.fr\/index.php\/produit\/eclairage-led-urbain-epjd-1043\/\"]}]},{\"@type\":\"ImageObject\",\"inLanguage\":\"fr-FR\",\"@id\":\"https:\/\/altrisacces.fr\/index.php\/produit\/eclairage-led-urbain-epjd-1043\/#primaryimage\",\"url\":\"https:\/\/altrisacces.fr\/wp-content\/uploads\/2023\/10\/EPJD-1043-1-1.png\",\"contentUrl\":\"https:\/\/altrisacces.fr\/wp-content\/uploads\/2023\/10\/EPJD-1043-1-1.png\",\"width\":800,\"height\":800,\"caption\":\"\u00e9clairage solaire led urbain\"},{\"@type\":\"BreadcrumbList\",\"@id\":\"https:\/\/altrisacces.fr\/index.php\/produit\/eclairage-led-urbain-epjd-1043\/#breadcrumb\",\"itemListElement\":[{\"@type\":\"ListItem\",\"position\":1,\"name\":\"Accueil\",\"item\":\"https:\/\/altrisacces.fr\/\"},{\"@type\":\"ListItem\",\"position\":2,\"name\":\"Produits\",\"item\":\"https:\/\/altrisacces.fr\/index.php\/produits\/\"},{\"@type\":\"ListItem\",\"position\":3,\"name\":\"Eclairage led urbain EPJD-1043\"}]},{\"@type\":\"WebSite\",\"@id\":\"https:\/\/altrisacces.fr\/#website\",\"url\":\"https:\/\/altrisacces.fr\/\",\"name\":\"Altris\",\"description\":\"\u00e9clairage LED public, ext\u00e9rieur, tertiaire et industriel\",\"publisher\":{\"@id\":\"https:\/\/altrisacces.fr\/#organization\"},\"potentialAction\":[{\"@type\":\"SearchAction\",\"target\":{\"@type\":\"EntryPoint\",\"urlTemplate\":\"https:\/\/altrisacces.fr\/?s={search_term_string}\"},\"query-input\":\"required name=search_term_string\"}],\"inLanguage\":\"fr-FR\"},{\"@type\":\"Organization\",\"@id\":\"https:\/\/altrisacces.fr\/#organization\",\"name\":\"Altris\",\"url\":\"https:\/\/altrisacces.fr\/\",\"logo\":{\"@type\":\"ImageObject\",\"inLanguage\":\"fr-FR\",\"@id\":\"https:\/\/altrisacces.fr\/#\/schema\/logo\/image\/\",\"url\":\"https:\/\/altrisacces.fr\/wp-content\/uploads\/2023\/10\/logo_Altris.png\",\"contentUrl\":\"https:\/\/altrisacces.fr\/wp-content\/uploads\/2023\/10\/logo_Altris.png\",\"width\":1579,\"height\":1006,\"caption\":\"Altris\"},\"image\":{\"@id\":\"https:\/\/altrisacces.fr\/#\/schema\/logo\/image\/\"}}]}<\/script>\n<!-- \/ Yoast SEO plugin. -->","yoast_head_json":{"title":"Eclairage led urbain EPJD-1043 - Altris | Eclairages LED","description":"L'\u00e9clairage led urbain EPJD-1043 offre un design moderne et une finition soign\u00e9e pour une int\u00e9gration parfaite dans son environnement","robots":{"index":"index","follow":"follow","max-snippet":"max-snippet:-1","max-image-preview":"max-image-preview:large","max-video-preview":"max-video-preview:-1"},"canonical":"https:\/\/altrisacces.fr\/index.php\/produit\/eclairage-led-urbain-epjd-1043\/","og_locale":"fr_FR","og_type":"article","og_title":"Eclairage led urbain EPJD-1043 - Altris | Eclairages LED","og_description":"L'\u00e9clairage led urbain EPJD-1043 offre un design moderne et une finition soign\u00e9e pour une int\u00e9gration parfaite dans son environnement","og_url":"https:\/\/altrisacces.fr\/index.php\/produit\/eclairage-led-urbain-epjd-1043\/","og_site_name":"Altris","article_modified_time":"2024-06-26T09:51:54+00:00","og_image":[{"width":800,"height":800,"url":"https:\/\/altrisacces.fr\/wp-content\/uploads\/2023\/10\/EPJD-1043-1-1.png","type":"image\/png"}],"twitter_card":"summary_large_image","twitter_misc":{"Dur\u00e9e de lecture estim\u00e9e":"2 minutes"},"schema":{"@context":"https:\/\/schema.org","@graph":[{"@type":"WebPage","@id":"https:\/\/altrisacces.fr\/index.php\/produit\/eclairage-led-urbain-epjd-1043\/","url":"https:\/\/altrisacces.fr\/index.php\/produit\/eclairage-led-urbain-epjd-1043\/","name":"Eclairage led urbain EPJD-1043 - Altris | Eclairages LED","isPartOf":{"@id":"https:\/\/altrisacces.fr\/#website"},"primaryImageOfPage":{"@id":"https:\/\/altrisacces.fr\/index.php\/produit\/eclairage-led-urbain-epjd-1043\/#primaryimage"},"image":{"@id":"https:\/\/altrisacces.fr\/index.php\/produit\/eclairage-led-urbain-epjd-1043\/#primaryimage"},"thumbnailUrl":"https:\/\/altrisacces.fr\/wp-content\/uploads\/2023\/10\/EPJD-1043-1-1.png","datePublished":"2023-10-23T14:16:08+00:00","dateModified":"2024-06-26T09:51:54+00:00","description":"L'\u00e9clairage led urbain EPJD-1043 offre un design moderne et une finition soign\u00e9e pour une int\u00e9gration parfaite dans son environnement","breadcrumb":{"@id":"https:\/\/altrisacces.fr\/index.php\/produit\/eclairage-led-urbain-epjd-1043\/#breadcrumb"},"inLanguage":"fr-FR","potentialAction":[{"@type":"ReadAction","target":["https:\/\/altrisacces.fr\/index.php\/produit\/eclairage-led-urbain-epjd-1043\/"]}]},{"@type":"ImageObject","inLanguage":"fr-FR","@id":"https:\/\/altrisacces.fr\/index.php\/produit\/eclairage-led-urbain-epjd-1043\/#primaryimage","url":"https:\/\/altrisacces.fr\/wp-content\/uploads\/2023\/10\/EPJD-1043-1-1.png","contentUrl":"https:\/\/altrisacces.fr\/wp-content\/uploads\/2023\/10\/EPJD-1043-1-1.png","width":800,"height":800,"caption":"\u00e9clairage solaire led urbain"},{"@type":"BreadcrumbList","@id":"https:\/\/altrisacces.fr\/index.php\/produit\/eclairage-led-urbain-epjd-1043\/#breadcrumb","itemListElement":[{"@type":"ListItem","position":1,"name":"Accueil","item":"https:\/\/altrisacces.fr\/"},{"@type":"ListItem","position":2,"name":"Produits","item":"https:\/\/altrisacces.fr\/index.php\/produits\/"},{"@type":"ListItem","position":3,"name":"Eclairage led urbain EPJD-1043"}]},{"@type":"WebSite","@id":"https:\/\/altrisacces.fr\/#website","url":"https:\/\/altrisacces.fr\/","name":"Altris","description":"\u00e9clairage LED public, ext\u00e9rieur, tertiaire et industriel","publisher":{"@id":"https:\/\/altrisacces.fr\/#organization"},"potentialAction":[{"@type":"SearchAction","target":{"@type":"EntryPoint","urlTemplate":"https:\/\/altrisacces.fr\/?s={search_term_string}"},"query-input":"required name=search_term_string"}],"inLanguage":"fr-FR"},{"@type":"Organization","@id":"https:\/\/altrisacces.fr\/#organization","name":"Altris","url":"https:\/\/altrisacces.fr\/","logo":{"@type":"ImageObject","inLanguage":"fr-FR","@id":"https:\/\/altrisacces.fr\/#\/schema\/logo\/image\/","url":"https:\/\/altrisacces.fr\/wp-content\/uploads\/2023\/10\/logo_Altris.png","contentUrl":"https:\/\/altrisacces.fr\/wp-content\/uploads\/2023\/10\/logo_Altris.png","width":1579,"height":1006,"caption":"Altris"},"image":{"@id":"https:\/\/altrisacces.fr\/#\/schema\/logo\/image\/"}}]}},"_links":{"self":[{"href":"https:\/\/altrisacces.fr\/index.php\/wp-json\/wp\/v2\/product\/475","targetHints":{"allow":["GET"]}}],"collection":[{"href":"https:\/\/altrisacces.fr\/index.php\/wp-json\/wp\/v2\/product"}],"about":[{"href":"https:\/\/altrisacces.fr\/index.php\/wp-json\/wp\/v2\/types\/product"}],"replies":[{"embeddable":true,"href":"https:\/\/altrisacces.fr\/index.php\/wp-json\/wp\/v2\/comments?post=475"}],"wp:featuredmedia":[{"embeddable":true,"href":"https:\/\/altrisacces.fr\/index.php\/wp-json\/wp\/v2\/media\/471"}],"wp:attachment":[{"href":"https:\/\/altrisacces.fr\/index.php\/wp-json\/wp\/v2\/media?parent=475"}],"wp:term":[{"taxonomy":"product_cat","embeddable":true,"href":"https:\/\/altrisacces.fr\/index.php\/wp-json\/wp\/v2\/product_cat?post=475"},{"taxonomy":"product_tag","embeddable":true,"href":"https:\/\/altrisacces.fr\/index.php\/wp-json\/wp\/v2\/product_tag?post=475"}],"curies":[{"name":"wp","href":"https:\/\/api.w.org\/{rel}","templated":true}]}}