{"id":491,"date":"2023-10-23T17:42:19","date_gmt":"2023-10-23T15:42:19","guid":{"rendered":"https:\/\/altrisacces.fr\/?post_type=product&#038;p=491"},"modified":"2024-06-18T11:09:28","modified_gmt":"2024-06-18T09:09:28","slug":"eclairage-led-urbain-epjd-1046","status":"publish","type":"product","link":"https:\/\/altrisacces.fr\/index.php\/produit\/eclairage-led-urbain-epjd-1046\/","title":{"rendered":"Eclairage LED urbain EPJD-1046"},"content":{"rendered":"<p>L&rsquo;\u00e9clairage led urbain EPJD-1046 offre une conception moderne et design, substitut id\u00e9al aux vieilles lampes au mercure (interdites dans l&rsquo;UE depuis 2015), am\u00e9liorant la qualit\u00e9 de la lumi\u00e8re et r\u00e9duisant consid\u00e9rablement sa consommation d&rsquo;\u00e9nergie. Toute derni\u00e8re technologie de module optique LED.<\/p>\n<h2>Fonctionnalit\u00e9s de l&rsquo;\u00e9clairage led urbain EPJD-1046<\/h2>\n<ul>\n<li>Utilis\u00e9 comme mat\u00e9riau de moulage sous pression de l&rsquo;aluminium \u00e0 haute r\u00e9sistance, le traitement \u00e9lectrostatique de vieillissement de la surface, le traitement par pulv\u00e9risation, offrent une excellente r\u00e9sistance \u00e0 la corrosion.<\/li>\n<li>Couvercle en verre tremp\u00e9, haute r\u00e9sistance aux chocs.<\/li>\n<li>Tension d&rsquo;entr\u00e9e : AC100-240V,50\/60Hz,IP66,Ik09.<\/li>\n<li>Diff\u00e9rents types de lentilles au choix.<\/li>\n<li>Pi\u00e8ces d\u00e9tach\u00e9es au choix, pilote de gradation 0-10v, interrupteur automatique.<\/li>\n<li>5 ans de garantie<\/li>\n<\/ul>\n<h2>Caract\u00e9ristiques<\/h2>\n<div>\n<table border=\"1\" width=\"100%\" cellspacing=\"0\" cellpadding=\"0\">\n<tbody>\n<tr>\n<td class=\"et3\" width=\"115\" height=\"30\">Product Code<\/td>\n<td class=\"et4\" width=\"115\">EPJD-1046A-30W<\/td>\n<td class=\"et4\" width=\"140\">EPJD-1046A-60W<\/td>\n<td class=\"et5\" width=\"115\">EPJD-1046A-100W<\/td>\n<\/tr>\n<tr>\n<td class=\"et6\" width=\"115\" height=\"30\">LED Current (mA)<\/td>\n<td class=\"et7\" width=\"115\">400mA\/800mA (5050)\/800mA (3030)<\/td>\n<td class=\"et7\" width=\"140\">800mA (5050)\/1600mA (3030)<\/td>\n<td class=\"et7\" width=\"115\">63mA 5050\/84mA 3030<\/td>\n<\/tr>\n<tr>\n<td class=\"et6\" width=\"115\" height=\"30\">LED Quantity<\/td>\n<td class=\"et7\" width=\"115\">24pcs 5050\/72pcs 3030<\/td>\n<td class=\"et7\" width=\"140\">48pcs 5050\/144pcs 3030<\/td>\n<td class=\"et7\" width=\"115\">64pcs 5050\/192pcs 3030<\/td>\n<\/tr>\n<tr>\n<td class=\"et6\" width=\"115\" height=\"30\">Rate Power<\/td>\n<td class=\"et7\" width=\"115\">30W<\/td>\n<td class=\"et7\" width=\"140\">60W<\/td>\n<td class=\"et7\" width=\"115\">100W<\/td>\n<\/tr>\n<tr>\n<td class=\"et6\" width=\"115\" height=\"30\">Color Temperature<\/td>\n<td class=\"et7\" width=\"115\">6500\/4000\/3000K<\/td>\n<td class=\"et7\" width=\"140\">6500\/4000\/3000K<\/td>\n<td class=\"et7\" width=\"115\">6500\/4000\/3000K<\/td>\n<\/tr>\n<tr>\n<td class=\"et6\" width=\"115\" height=\"30\">Luminary EER<\/td>\n<td class=\"et8\" width=\"115\">3000lm\/6500K<\/td>\n<td class=\"et7\" width=\"140\">6000lm\/6500K<\/td>\n<td class=\"et7\" width=\"115\">150lm\/w(5050)<br \/>\n140lm\/w(3030)<\/td>\n<\/tr>\n<tr>\n<td class=\"et6\" width=\"115\" height=\"30\">Input Voltage<\/td>\n<td class=\"et7\" width=\"115\">AC100-277V<\/td>\n<td class=\"et7\" width=\"140\">AC100-277V<\/td>\n<td class=\"et7\" width=\"115\">AC100-277V<\/td>\n<\/tr>\n<tr>\n<td class=\"et6\" width=\"115\" height=\"30\">Frequency Range<\/td>\n<td class=\"et7\" width=\"115\">50\/60Hz<\/td>\n<td class=\"et7\" width=\"140\">50\/60Hz<\/td>\n<td class=\"et7\" width=\"115\">50\/60Hz<\/td>\n<\/tr>\n<tr>\n<td class=\"et6\" width=\"115\" height=\"30\">Color Temperature<\/td>\n<td class=\"et7\" width=\"115\">RA75<\/td>\n<td class=\"et7\" width=\"140\">RA75<\/td>\n<td class=\"et7\" width=\"115\">RA75<\/td>\n<\/tr>\n<tr>\n<td class=\"et6\" width=\"115\" height=\"30\">Temperature of working condition<\/td>\n<td class=\"et9\" width=\"115\">-40<span class=\"font0\">\u2103<\/span><span class=\"font3\">\u00a0 &#8211;\u00a0 50<\/span><span class=\"font0\">\u2103<\/span><\/td>\n<td class=\"et9\" width=\"140\">-40<span class=\"font0\">\u2103<\/span><span class=\"font3\">\u00a0 &#8211;\u00a0 50<\/span><span class=\"font0\">\u2103<\/span><\/td>\n<td class=\"et9\" width=\"115\">-40<span class=\"font0\">\u2103<\/span><span class=\"font3\">\u00a0 &#8211;\u00a0 50<\/span><span class=\"font0\">\u2103<\/span><\/td>\n<\/tr>\n<tr>\n<td class=\"et6\" width=\"115\" height=\"30\">humidity of working condition<\/td>\n<td class=\"et9\" width=\"115\">20%-90%<\/td>\n<td class=\"et9\" width=\"140\">20%-90%<\/td>\n<td class=\"et9\" width=\"115\">20%-90%<\/td>\n<\/tr>\n<tr>\n<td class=\"et6\" width=\"115\" height=\"30\">LED life time<\/td>\n<td class=\"et7\" width=\"115\">70000h<\/td>\n<td class=\"et7\" width=\"140\">70000h<\/td>\n<td class=\"et7\" width=\"115\">70000h<\/td>\n<\/tr>\n<tr>\n<td class=\"et6\" width=\"115\" height=\"30\">Protestion Grade<\/td>\n<td class=\"et7\" width=\"115\">IP66<\/td>\n<td class=\"et7\" width=\"140\">IP66<\/td>\n<td class=\"et7\" width=\"115\">IP66<\/td>\n<\/tr>\n<tr>\n<td class=\"et6\" width=\"115\" height=\"30\">Installation Pipe Dia<\/td>\n<td class=\"et7\" width=\"115\">\u03a676mm\/\u03a660mm<\/td>\n<td class=\"et7\" width=\"140\">\u03a676mm\/\u03a660mm<\/td>\n<td class=\"et7\" width=\"115\">\u03a676mm\/\u03a660mm<\/td>\n<\/tr>\n<tr>\n<td class=\"et6\" width=\"115\" height=\"30\">Installation Height<\/td>\n<td class=\"et7\" width=\"115\">3-5m<\/td>\n<td class=\"et7\" width=\"140\">6-8m<\/td>\n<td class=\"et10\" width=\"115\">8-10m<\/td>\n<\/tr>\n<tr>\n<td class=\"et6\" width=\"115\" height=\"30\">Net Weight<\/td>\n<td class=\"et11\" width=\"115\">8.05kgs<\/td>\n<td class=\"et12\" width=\"140\">8.52kgs<\/td>\n<td class=\"et13\" width=\"115\">8.9kg<\/td>\n<\/tr>\n<tr>\n<td class=\"et6\" width=\"115\" height=\"30\">Gross Weight<\/td>\n<td class=\"et11\" width=\"115\">9.23kgs<\/td>\n<td class=\"et12\" width=\"140\">9.52kgs<\/td>\n<td class=\"et13\" width=\"115\">10kg<\/td>\n<\/tr>\n<tr>\n<td class=\"et6\" width=\"115\" height=\"30\">Product Size<\/td>\n<td class=\"et7\" width=\"115\">550*516*561mm<\/td>\n<td class=\"et14\" width=\"140\">550*516*561mm<\/td>\n<td class=\"et13\" width=\"115\">550*516*500mm<\/td>\n<\/tr>\n<tr>\n<td class=\"et6\" width=\"115\" height=\"30\">Packing Size<\/td>\n<td class=\"et7\" width=\"115\">690*590*165mm<\/td>\n<td class=\"et7\" width=\"140\">690*590*165mm<\/td>\n<td class=\"et15\" width=\"115\">655*590*165mm<\/td>\n<\/tr>\n<\/tbody>\n<\/table>\n<\/div>\n<p>Retrouvez l&rsquo;ensemble de notre gamme <em>\u00e9clairage LED urbain<\/em> <a href=\"https:\/\/altrisacces.fr\/index.php\/categorie-produit\/eclairages-urbains\/\">ici<\/a><\/p>\n","protected":false},"excerpt":{"rendered":"<p>L&rsquo;\u00e9clairage led urbain EPJD-1046 offre une conception moderne et design, substitut id\u00e9al aux vieilles lampes au mercure (interdites dans l&rsquo;UE depuis 2015), am\u00e9liorant la qualit\u00e9 de la lumi\u00e8re et r\u00e9duisant consid\u00e9rablement sa consommation d&rsquo;\u00e9nergie. Toute derni\u00e8re technologie de module optique LED.<\/p>\n<p>Conception modulaire de la lentille optique 30W\/60W. \u00c9clairage \u00e0 diodes \u00e9lectroluminescentes. \u00c9clairage disponible en version solaire.<\/p>\n","protected":false},"featured_media":498,"comment_status":"open","ping_status":"closed","template":"","meta":{"_acf_changed":false},"product_cat":[28,36,29],"product_tag":[],"class_list":{"0":"post-491","1":"product","2":"type-product","3":"status-publish","4":"has-post-thumbnail","6":"product_cat-eclairages-urbains","7":"product_cat-gamme-filaire","8":"product_cat-nouveautes","10":"first","11":"instock","12":"shipping-taxable","13":"product-type-simple"},"acf":[],"yoast_head":"<!-- This site is optimized with the Yoast SEO plugin v22.9 - https:\/\/yoast.com\/wordpress\/plugins\/seo\/ -->\n<title>Eclairage LED urbain EPJD-1046 - Altris | Eclairages LED<\/title>\n<meta name=\"description\" content=\"L&#039;\u00e9clairage led urbain EPJD-1046 offre une conception moderne et design, substitut id\u00e9al aux vieilles lampes au mercure, am\u00e9liorant la qualit\u00e9 de la lumi\u00e8re\" \/>\n<meta name=\"robots\" content=\"index, follow, max-snippet:-1, max-image-preview:large, max-video-preview:-1\" \/>\n<link rel=\"canonical\" href=\"https:\/\/altrisacces.fr\/index.php\/produit\/eclairage-led-urbain-epjd-1046\/\" \/>\n<meta property=\"og:locale\" content=\"fr_FR\" \/>\n<meta property=\"og:type\" content=\"article\" \/>\n<meta property=\"og:title\" content=\"Eclairage LED urbain EPJD-1046 - Altris | Eclairages LED\" \/>\n<meta property=\"og:description\" content=\"L&#039;\u00e9clairage led urbain EPJD-1046 offre une conception moderne et design, substitut id\u00e9al aux vieilles lampes au mercure, am\u00e9liorant la qualit\u00e9 de la lumi\u00e8re\" \/>\n<meta property=\"og:url\" content=\"https:\/\/altrisacces.fr\/index.php\/produit\/eclairage-led-urbain-epjd-1046\/\" \/>\n<meta property=\"og:site_name\" content=\"Altris\" \/>\n<meta property=\"article:modified_time\" content=\"2024-06-18T09:09:28+00:00\" \/>\n<meta property=\"og:image\" content=\"https:\/\/altrisacces.fr\/wp-content\/uploads\/2023\/10\/EPJD-1046-1-1.png\" \/>\n\t<meta property=\"og:image:width\" content=\"800\" \/>\n\t<meta property=\"og:image:height\" content=\"800\" \/>\n\t<meta property=\"og:image:type\" content=\"image\/png\" \/>\n<meta name=\"twitter:card\" content=\"summary_large_image\" \/>\n<meta name=\"twitter:label1\" content=\"Dur\u00e9e de lecture estim\u00e9e\" \/>\n\t<meta name=\"twitter:data1\" content=\"2 minutes\" \/>\n<script type=\"application\/ld+json\" class=\"yoast-schema-graph\">{\"@context\":\"https:\/\/schema.org\",\"@graph\":[{\"@type\":\"WebPage\",\"@id\":\"https:\/\/altrisacces.fr\/index.php\/produit\/eclairage-led-urbain-epjd-1046\/\",\"url\":\"https:\/\/altrisacces.fr\/index.php\/produit\/eclairage-led-urbain-epjd-1046\/\",\"name\":\"Eclairage LED urbain EPJD-1046 - Altris | Eclairages LED\",\"isPartOf\":{\"@id\":\"https:\/\/altrisacces.fr\/#website\"},\"primaryImageOfPage\":{\"@id\":\"https:\/\/altrisacces.fr\/index.php\/produit\/eclairage-led-urbain-epjd-1046\/#primaryimage\"},\"image\":{\"@id\":\"https:\/\/altrisacces.fr\/index.php\/produit\/eclairage-led-urbain-epjd-1046\/#primaryimage\"},\"thumbnailUrl\":\"https:\/\/altrisacces.fr\/wp-content\/uploads\/2023\/10\/EPJD-1046-1-1.png\",\"datePublished\":\"2023-10-23T15:42:19+00:00\",\"dateModified\":\"2024-06-18T09:09:28+00:00\",\"description\":\"L'\u00e9clairage led urbain EPJD-1046 offre une conception moderne et design, substitut id\u00e9al aux vieilles lampes au mercure, am\u00e9liorant la qualit\u00e9 de la lumi\u00e8re\",\"breadcrumb\":{\"@id\":\"https:\/\/altrisacces.fr\/index.php\/produit\/eclairage-led-urbain-epjd-1046\/#breadcrumb\"},\"inLanguage\":\"fr-FR\",\"potentialAction\":[{\"@type\":\"ReadAction\",\"target\":[\"https:\/\/altrisacces.fr\/index.php\/produit\/eclairage-led-urbain-epjd-1046\/\"]}]},{\"@type\":\"ImageObject\",\"inLanguage\":\"fr-FR\",\"@id\":\"https:\/\/altrisacces.fr\/index.php\/produit\/eclairage-led-urbain-epjd-1046\/#primaryimage\",\"url\":\"https:\/\/altrisacces.fr\/wp-content\/uploads\/2023\/10\/EPJD-1046-1-1.png\",\"contentUrl\":\"https:\/\/altrisacces.fr\/wp-content\/uploads\/2023\/10\/EPJD-1046-1-1.png\",\"width\":800,\"height\":800,\"caption\":\"Eclairage led urbain\"},{\"@type\":\"BreadcrumbList\",\"@id\":\"https:\/\/altrisacces.fr\/index.php\/produit\/eclairage-led-urbain-epjd-1046\/#breadcrumb\",\"itemListElement\":[{\"@type\":\"ListItem\",\"position\":1,\"name\":\"Accueil\",\"item\":\"https:\/\/altrisacces.fr\/\"},{\"@type\":\"ListItem\",\"position\":2,\"name\":\"Produits\",\"item\":\"https:\/\/altrisacces.fr\/index.php\/produits\/\"},{\"@type\":\"ListItem\",\"position\":3,\"name\":\"Eclairage LED urbain EPJD-1046\"}]},{\"@type\":\"WebSite\",\"@id\":\"https:\/\/altrisacces.fr\/#website\",\"url\":\"https:\/\/altrisacces.fr\/\",\"name\":\"Altris\",\"description\":\"\u00e9clairage LED public, ext\u00e9rieur, tertiaire et industriel\",\"publisher\":{\"@id\":\"https:\/\/altrisacces.fr\/#organization\"},\"potentialAction\":[{\"@type\":\"SearchAction\",\"target\":{\"@type\":\"EntryPoint\",\"urlTemplate\":\"https:\/\/altrisacces.fr\/?s={search_term_string}\"},\"query-input\":\"required name=search_term_string\"}],\"inLanguage\":\"fr-FR\"},{\"@type\":\"Organization\",\"@id\":\"https:\/\/altrisacces.fr\/#organization\",\"name\":\"Altris\",\"url\":\"https:\/\/altrisacces.fr\/\",\"logo\":{\"@type\":\"ImageObject\",\"inLanguage\":\"fr-FR\",\"@id\":\"https:\/\/altrisacces.fr\/#\/schema\/logo\/image\/\",\"url\":\"https:\/\/altrisacces.fr\/wp-content\/uploads\/2023\/10\/logo_Altris.png\",\"contentUrl\":\"https:\/\/altrisacces.fr\/wp-content\/uploads\/2023\/10\/logo_Altris.png\",\"width\":1579,\"height\":1006,\"caption\":\"Altris\"},\"image\":{\"@id\":\"https:\/\/altrisacces.fr\/#\/schema\/logo\/image\/\"}}]}<\/script>\n<!-- \/ Yoast SEO plugin. -->","yoast_head_json":{"title":"Eclairage LED urbain EPJD-1046 - Altris | Eclairages LED","description":"L'\u00e9clairage led urbain EPJD-1046 offre une conception moderne et design, substitut id\u00e9al aux vieilles lampes au mercure, am\u00e9liorant la qualit\u00e9 de la lumi\u00e8re","robots":{"index":"index","follow":"follow","max-snippet":"max-snippet:-1","max-image-preview":"max-image-preview:large","max-video-preview":"max-video-preview:-1"},"canonical":"https:\/\/altrisacces.fr\/index.php\/produit\/eclairage-led-urbain-epjd-1046\/","og_locale":"fr_FR","og_type":"article","og_title":"Eclairage LED urbain EPJD-1046 - Altris | Eclairages LED","og_description":"L'\u00e9clairage led urbain EPJD-1046 offre une conception moderne et design, substitut id\u00e9al aux vieilles lampes au mercure, am\u00e9liorant la qualit\u00e9 de la lumi\u00e8re","og_url":"https:\/\/altrisacces.fr\/index.php\/produit\/eclairage-led-urbain-epjd-1046\/","og_site_name":"Altris","article_modified_time":"2024-06-18T09:09:28+00:00","og_image":[{"width":800,"height":800,"url":"https:\/\/altrisacces.fr\/wp-content\/uploads\/2023\/10\/EPJD-1046-1-1.png","type":"image\/png"}],"twitter_card":"summary_large_image","twitter_misc":{"Dur\u00e9e de lecture estim\u00e9e":"2 minutes"},"schema":{"@context":"https:\/\/schema.org","@graph":[{"@type":"WebPage","@id":"https:\/\/altrisacces.fr\/index.php\/produit\/eclairage-led-urbain-epjd-1046\/","url":"https:\/\/altrisacces.fr\/index.php\/produit\/eclairage-led-urbain-epjd-1046\/","name":"Eclairage LED urbain EPJD-1046 - Altris | Eclairages LED","isPartOf":{"@id":"https:\/\/altrisacces.fr\/#website"},"primaryImageOfPage":{"@id":"https:\/\/altrisacces.fr\/index.php\/produit\/eclairage-led-urbain-epjd-1046\/#primaryimage"},"image":{"@id":"https:\/\/altrisacces.fr\/index.php\/produit\/eclairage-led-urbain-epjd-1046\/#primaryimage"},"thumbnailUrl":"https:\/\/altrisacces.fr\/wp-content\/uploads\/2023\/10\/EPJD-1046-1-1.png","datePublished":"2023-10-23T15:42:19+00:00","dateModified":"2024-06-18T09:09:28+00:00","description":"L'\u00e9clairage led urbain EPJD-1046 offre une conception moderne et design, substitut id\u00e9al aux vieilles lampes au mercure, am\u00e9liorant la qualit\u00e9 de la lumi\u00e8re","breadcrumb":{"@id":"https:\/\/altrisacces.fr\/index.php\/produit\/eclairage-led-urbain-epjd-1046\/#breadcrumb"},"inLanguage":"fr-FR","potentialAction":[{"@type":"ReadAction","target":["https:\/\/altrisacces.fr\/index.php\/produit\/eclairage-led-urbain-epjd-1046\/"]}]},{"@type":"ImageObject","inLanguage":"fr-FR","@id":"https:\/\/altrisacces.fr\/index.php\/produit\/eclairage-led-urbain-epjd-1046\/#primaryimage","url":"https:\/\/altrisacces.fr\/wp-content\/uploads\/2023\/10\/EPJD-1046-1-1.png","contentUrl":"https:\/\/altrisacces.fr\/wp-content\/uploads\/2023\/10\/EPJD-1046-1-1.png","width":800,"height":800,"caption":"Eclairage led urbain"},{"@type":"BreadcrumbList","@id":"https:\/\/altrisacces.fr\/index.php\/produit\/eclairage-led-urbain-epjd-1046\/#breadcrumb","itemListElement":[{"@type":"ListItem","position":1,"name":"Accueil","item":"https:\/\/altrisacces.fr\/"},{"@type":"ListItem","position":2,"name":"Produits","item":"https:\/\/altrisacces.fr\/index.php\/produits\/"},{"@type":"ListItem","position":3,"name":"Eclairage LED urbain EPJD-1046"}]},{"@type":"WebSite","@id":"https:\/\/altrisacces.fr\/#website","url":"https:\/\/altrisacces.fr\/","name":"Altris","description":"\u00e9clairage LED public, ext\u00e9rieur, tertiaire et industriel","publisher":{"@id":"https:\/\/altrisacces.fr\/#organization"},"potentialAction":[{"@type":"SearchAction","target":{"@type":"EntryPoint","urlTemplate":"https:\/\/altrisacces.fr\/?s={search_term_string}"},"query-input":"required name=search_term_string"}],"inLanguage":"fr-FR"},{"@type":"Organization","@id":"https:\/\/altrisacces.fr\/#organization","name":"Altris","url":"https:\/\/altrisacces.fr\/","logo":{"@type":"ImageObject","inLanguage":"fr-FR","@id":"https:\/\/altrisacces.fr\/#\/schema\/logo\/image\/","url":"https:\/\/altrisacces.fr\/wp-content\/uploads\/2023\/10\/logo_Altris.png","contentUrl":"https:\/\/altrisacces.fr\/wp-content\/uploads\/2023\/10\/logo_Altris.png","width":1579,"height":1006,"caption":"Altris"},"image":{"@id":"https:\/\/altrisacces.fr\/#\/schema\/logo\/image\/"}}]}},"_links":{"self":[{"href":"https:\/\/altrisacces.fr\/index.php\/wp-json\/wp\/v2\/product\/491","targetHints":{"allow":["GET"]}}],"collection":[{"href":"https:\/\/altrisacces.fr\/index.php\/wp-json\/wp\/v2\/product"}],"about":[{"href":"https:\/\/altrisacces.fr\/index.php\/wp-json\/wp\/v2\/types\/product"}],"replies":[{"embeddable":true,"href":"https:\/\/altrisacces.fr\/index.php\/wp-json\/wp\/v2\/comments?post=491"}],"wp:featuredmedia":[{"embeddable":true,"href":"https:\/\/altrisacces.fr\/index.php\/wp-json\/wp\/v2\/media\/498"}],"wp:attachment":[{"href":"https:\/\/altrisacces.fr\/index.php\/wp-json\/wp\/v2\/media?parent=491"}],"wp:term":[{"taxonomy":"product_cat","embeddable":true,"href":"https:\/\/altrisacces.fr\/index.php\/wp-json\/wp\/v2\/product_cat?post=491"},{"taxonomy":"product_tag","embeddable":true,"href":"https:\/\/altrisacces.fr\/index.php\/wp-json\/wp\/v2\/product_tag?post=491"}],"curies":[{"name":"wp","href":"https:\/\/api.w.org\/{rel}","templated":true}]}}