{"id":505,"date":"2023-10-23T17:56:28","date_gmt":"2023-10-23T15:56:28","guid":{"rendered":"https:\/\/altrisacces.fr\/?post_type=product&#038;p=505"},"modified":"2024-06-18T10:49:15","modified_gmt":"2024-06-18T08:49:15","slug":"eclairage-led-urbain-epjd-1047","status":"publish","type":"product","link":"https:\/\/altrisacces.fr\/index.php\/produit\/eclairage-led-urbain-epjd-1047\/","title":{"rendered":"Eclairage led urbain EPJD-1047"},"content":{"rendered":"<h2>Fonctionnalit\u00e9s de l&rsquo;\u00e9clairage led urbain EPJD-1047<\/h2>\n<ul>\n<li>Lampadaire LED 30W-60W.<\/li>\n<li>LED CREE XTE et pilote Meanwell.<\/li>\n<li>Corps en aluminium moul\u00e9 sous pression de haute intensit\u00e9.<\/li>\n<li>Verre tremp\u00e9 hautement transparent jusqu&rsquo;\u00e0 93%.<\/li>\n<li>Conception modulaire de la lentille optique. Am\u00e9lioration facile de l&rsquo;optique \u00e0 l&rsquo;avenir.<\/li>\n<li>Ouverture et entretien facilit\u00e9 et sans outils.<\/li>\n<li>Class de protection : IP66 \/ IK09<\/li>\n<li>Interrupteur automatique, protecteur de surtension et cellule photo\u00e9lectrique au choix.<\/li>\n<\/ul>\n<h2>Caract\u00e9ristiques<\/h2>\n<table border=\"1\" width=\"100%\" cellspacing=\"0\" cellpadding=\"0\">\n<tbody>\n<tr>\n<td class=\"et4\" width=\"104\" height=\"36\">Product Code<\/td>\n<td class=\"et4\" width=\"104\">EPJD-1047A<\/td>\n<td class=\"et4\" width=\"104\">EPJD-1047B<\/td>\n<td class=\"et4\" width=\"104\">EPJD-1047C<\/td>\n<td class=\"et4\" width=\"104\">EPJD-1047D<\/td>\n<td class=\"et4\" width=\"104\">EPJD-1047E<\/td>\n<td class=\"et4\" width=\"104\">EPJD-1047F<\/td>\n<td class=\"et4\" width=\"104\">EPJD-1047G<\/td>\n<td class=\"et4\" width=\"104\">EPJD-1047H<\/td>\n<td class=\"et4\" width=\"104\">EPJD-1047I<\/td>\n<\/tr>\n<tr>\n<td class=\"et6\" width=\"104\" height=\"36\">Driver Current<\/td>\n<td class=\"et6\" width=\"104\">0.6A 5050\/0.8A 3030<\/td>\n<td class=\"et6\" width=\"104\">0.8A 5050\/1.05A 3030<\/td>\n<td class=\"et6\" width=\"104\">1.05A 5050\/1.3A 3030<\/td>\n<td class=\"et6\" width=\"104\">1.3A 5050\/1.6A 3030<\/td>\n<td class=\"et6\" width=\"104\">1.5A 5050\/1.88A 3030<\/td>\n<td class=\"et6\" width=\"104\">2A 5050\/2.7A 3030<\/td>\n<td class=\"et6\" width=\"104\">2.52A 5050\/3.2A 3030<\/td>\n<td class=\"et6\" width=\"104\">3A 5050\/4A 3030<\/td>\n<td class=\"et6\" width=\"104\">4A 5050\/5.3A 3030<\/td>\n<\/tr>\n<tr>\n<td class=\"et6\" width=\"104\" height=\"36\">LED Current (mA)<\/td>\n<td class=\"et6\" width=\"104\">75mA 5050\/100mA 3030<\/td>\n<td class=\"et6\" width=\"104\">67mA 5050\/88mA 3030<\/td>\n<td class=\"et6\" width=\"104\">58mA 5050\/72mA 3030<\/td>\n<td class=\"et6\" width=\"104\">65mA 5050\/80mA 3030<\/td>\n<td class=\"et6\" width=\"104\">63mA 5050\/78mA 3030<\/td>\n<td class=\"et6\" width=\"104\">63mA 5050\/84mA 3030<\/td>\n<td class=\"et6\" width=\"104\">63mA 5050\/80mA 3030<\/td>\n<td class=\"et6\" width=\"104\">68mA 5050\/91mA 3030<\/td>\n<td class=\"et6\" width=\"104\">80mA 5050\/110mA 3030<\/td>\n<\/tr>\n<tr>\n<td class=\"et6\" width=\"104\" height=\"36\">LED Quantity<\/td>\n<td class=\"et6\" width=\"104\">16pcs 5050\/48pcs 3030<\/td>\n<td class=\"et6\" width=\"104\">24pcs 5050\/72pcs 3030<\/td>\n<td class=\"et6\" width=\"104\">36pcs 5050\/108pcs 3030<\/td>\n<td class=\"et6\" width=\"104\">40pcs 5050\/120pcs 3030<\/td>\n<td class=\"et6\" width=\"104\">48pcs 5050\/144pcs 3030<\/td>\n<td class=\"et6\" width=\"104\">64pcs 5050\/192pcs 3030<\/td>\n<td class=\"et6\" width=\"104\">80pcs 5050\/240pcs 3030<\/td>\n<td class=\"et6\" width=\"104\">88pcs 5050\/264pcs 3030<\/td>\n<td class=\"et6\" width=\"104\">100pcs 5050\/288pcs 3030<\/td>\n<\/tr>\n<tr>\n<td class=\"et6\" width=\"104\" height=\"36\">Rate Power<\/td>\n<td class=\"et6\" width=\"104\">30W<\/td>\n<td class=\"et6\" width=\"104\">40W<\/td>\n<td class=\"et6\" width=\"104\">50W<\/td>\n<td class=\"et6\" width=\"104\">60W<\/td>\n<td class=\"et6\" width=\"104\">70W<\/td>\n<td class=\"et6\" width=\"104\">100W<\/td>\n<td class=\"et6\" width=\"104\">120W<\/td>\n<td class=\"et6\" width=\"104\">150W<\/td>\n<td class=\"et6\" width=\"104\">200W<\/td>\n<\/tr>\n<tr>\n<td class=\"et6\" width=\"104\" height=\"36\">Color Temperature<\/td>\n<td class=\"et6\" width=\"104\">6500\/4000\/3000K<\/td>\n<td class=\"et6\" width=\"104\">6500\/4000\/3000K<\/td>\n<td class=\"et6\" width=\"104\">6500\/4000\/3000K<\/td>\n<td class=\"et6\" width=\"104\">6500\/4000\/3000K<\/td>\n<td class=\"et6\" width=\"104\">6500\/4000\/3000K<\/td>\n<td class=\"et6\" width=\"104\">6500\/4000\/3000K<\/td>\n<td class=\"et6\" width=\"104\">6500\/4000\/3000K<\/td>\n<td class=\"et6\" width=\"104\">6500\/4000\/3000K<\/td>\n<td class=\"et6\" width=\"104\">6500\/4000\/3000K<\/td>\n<\/tr>\n<tr>\n<td class=\"et6\" width=\"104\" height=\"36\">Luminary EER<\/td>\n<td class=\"et6\" width=\"104\">150lm\/w(5050)<br \/>\n140lm\/w(3030)<\/td>\n<td class=\"et6\" width=\"104\">150lm\/w(5050)<br \/>\n140lm\/w(3030)<\/td>\n<td class=\"et6\" width=\"104\">150lm\/w(5050)<br \/>\n140lm\/w(3030)<\/td>\n<td class=\"et6\" width=\"104\">150lm\/w(5050)<br \/>\n140lm\/w(3030)<\/td>\n<td class=\"et6\" width=\"104\">150lm\/w(5050)<br \/>\n140lm\/w(3030)<\/td>\n<td class=\"et6\" width=\"104\">150lm\/w(5050)<br \/>\n140lm\/w(3030)<\/td>\n<td class=\"et6\" width=\"104\">150lm\/w(5050)<br \/>\n140lm\/w(3030)<\/td>\n<td class=\"et6\" width=\"104\">150lm\/w(5050)<br \/>\n140lm\/w(3030)<\/td>\n<td class=\"et6\" width=\"104\">150lm\/w(5050)<br \/>\n140lm\/w(3030)<\/td>\n<\/tr>\n<tr>\n<td class=\"et6\" width=\"104\" height=\"36\">Input Voltage<\/td>\n<td class=\"et6\" width=\"104\">AC100-277V<\/td>\n<td class=\"et6\" width=\"104\">AC100-277V<\/td>\n<td class=\"et6\" width=\"104\">AC100-277V<\/td>\n<td class=\"et6\" width=\"104\">AC100-277V<\/td>\n<td class=\"et6\" width=\"104\">AC100-277V<\/td>\n<td class=\"et6\" width=\"104\">AC100-277V<\/td>\n<td class=\"et6\" width=\"104\">AC100-277V<\/td>\n<td class=\"et6\" width=\"104\">AC100-277V<\/td>\n<td class=\"et6\" width=\"104\">AC100-277V<\/td>\n<\/tr>\n<tr>\n<td class=\"et6\" width=\"104\" height=\"36\">Frequency Range<\/td>\n<td class=\"et6\" width=\"104\">50\/60Hz<\/td>\n<td class=\"et6\" width=\"104\">50\/60Hz<\/td>\n<td class=\"et6\" width=\"104\">50\/60Hz<\/td>\n<td class=\"et6\" width=\"104\">50\/60Hz<\/td>\n<td class=\"et6\" width=\"104\">50\/60Hz<\/td>\n<td class=\"et6\" width=\"104\">50\/60Hz<\/td>\n<td class=\"et6\" width=\"104\">50\/60Hz<\/td>\n<td class=\"et6\" width=\"104\">50\/60Hz<\/td>\n<td class=\"et6\" width=\"104\">50\/60Hz<\/td>\n<\/tr>\n<tr>\n<td class=\"et6\" width=\"104\" height=\"36\">Color Temperature<\/td>\n<td class=\"et6\" width=\"104\">RA75<\/td>\n<td class=\"et6\" width=\"104\">RA75<\/td>\n<td class=\"et6\" width=\"104\">RA75<\/td>\n<td class=\"et6\" width=\"104\">RA75<\/td>\n<td class=\"et6\" width=\"104\">RA75<\/td>\n<td class=\"et6\" width=\"104\">RA75<\/td>\n<td class=\"et6\" width=\"104\">RA75<\/td>\n<td class=\"et6\" width=\"104\">RA75<\/td>\n<td class=\"et6\" width=\"104\">RA75<\/td>\n<\/tr>\n<tr>\n<td class=\"et6\" width=\"104\" height=\"36\">Temperature of working condition<\/td>\n<td class=\"et9\" width=\"104\">-40<span class=\"font0\">\u2103<\/span><span class=\"font2\">\u00a0 &#8211;\u00a0 50<\/span><span class=\"font0\">\u2103<\/span><\/td>\n<td class=\"et9\" width=\"104\">-40<span class=\"font0\">\u2103<\/span><span class=\"font2\">\u00a0 &#8211;\u00a0 50<\/span><span class=\"font0\">\u2103<\/span><\/td>\n<td class=\"et9\" width=\"104\">-40<span class=\"font0\">\u2103<\/span><span class=\"font2\">\u00a0 &#8211;\u00a0 50<\/span><span class=\"font0\">\u2103<\/span><\/td>\n<td class=\"et9\" width=\"104\">-40<span class=\"font0\">\u2103<\/span><span class=\"font2\">\u00a0 &#8211;\u00a0 50<\/span><span class=\"font0\">\u2103<\/span><\/td>\n<td class=\"et9\" width=\"104\">-40<span class=\"font0\">\u2103<\/span><span class=\"font2\">\u00a0 &#8211;\u00a0 50<\/span><span class=\"font0\">\u2103<\/span><\/td>\n<td class=\"et9\" width=\"104\">-40<span class=\"font0\">\u2103<\/span><span class=\"font2\">\u00a0 &#8211;\u00a0 50<\/span><span class=\"font0\">\u2103<\/span><\/td>\n<td class=\"et9\" width=\"104\">-40<span class=\"font0\">\u2103<\/span><span class=\"font2\">\u00a0 &#8211;\u00a0 50<\/span><span class=\"font0\">\u2103<\/span><\/td>\n<td class=\"et9\" width=\"104\">-40<span class=\"font0\">\u2103<\/span><span class=\"font2\">\u00a0 &#8211;\u00a0 50<\/span><span class=\"font0\">\u2103<\/span><\/td>\n<td class=\"et9\" width=\"104\">-40<span class=\"font0\">\u2103<\/span><span class=\"font2\">\u00a0 &#8211;\u00a0 50<\/span><span class=\"font0\">\u2103<\/span><\/td>\n<\/tr>\n<tr>\n<td class=\"et6\" width=\"104\" height=\"36\">humidity of working condition<\/td>\n<td class=\"et9\" width=\"104\">20%-90%<\/td>\n<td class=\"et9\" width=\"104\">20%-90%<\/td>\n<td class=\"et9\" width=\"104\">20%-90%<\/td>\n<td class=\"et9\" width=\"104\">20%-90%<\/td>\n<td class=\"et9\" width=\"104\">20%-90%<\/td>\n<td class=\"et9\" width=\"104\">20%-90%<\/td>\n<td class=\"et9\" width=\"104\">20%-90%<\/td>\n<td class=\"et9\" width=\"104\">20%-90%<\/td>\n<td class=\"et9\" width=\"104\">20%-90%<\/td>\n<\/tr>\n<tr>\n<td class=\"et6\" width=\"104\" height=\"36\">LED life time<\/td>\n<td class=\"et6\" width=\"104\">70000h<\/td>\n<td class=\"et6\" width=\"104\">70000h<\/td>\n<td class=\"et6\" width=\"104\">70000h<\/td>\n<td class=\"et6\" width=\"104\">70000h<\/td>\n<td class=\"et6\" width=\"104\">70000h<\/td>\n<td class=\"et6\" width=\"104\">70000h<\/td>\n<td class=\"et6\" width=\"104\">70000h<\/td>\n<td class=\"et6\" width=\"104\">70000h<\/td>\n<td class=\"et6\" width=\"104\">70000h<\/td>\n<\/tr>\n<tr>\n<td class=\"et6\" width=\"104\" height=\"36\">Protestion Grade<\/td>\n<td class=\"et6\" width=\"104\">IP66<\/td>\n<td class=\"et6\" width=\"104\">IP66<\/td>\n<td class=\"et6\" width=\"104\">IP66<\/td>\n<td class=\"et6\" width=\"104\">IP66<\/td>\n<td class=\"et6\" width=\"104\">IP66<\/td>\n<td class=\"et6\" width=\"104\">IP66<\/td>\n<td class=\"et6\" width=\"104\">IP66<\/td>\n<td class=\"et6\" width=\"104\">IP66<\/td>\n<td class=\"et6\" width=\"104\">IP66<\/td>\n<\/tr>\n<tr>\n<td class=\"et6\" width=\"104\" height=\"36\">Installation Pipe Dia<\/td>\n<td class=\"et6\" width=\"104\">\u00a0\u03a660mm\/ \u03a642mm<\/td>\n<td class=\"et6\" width=\"104\">\u00a0\u03a660mm\/ \u03a642mm<\/td>\n<td class=\"et6\" width=\"104\">\u00a0\u03a660mm\/ \u03a642mm<\/td>\n<td class=\"et6\" width=\"104\">\u00a0\u03a660mm\/ \u03a642mm<\/td>\n<td class=\"et6\" width=\"104\">\u00a0\u03a660mm\/ \u03a642mm<\/td>\n<td class=\"et6\" width=\"104\">\u00a0\u03a660mm\/ \u03a642mm<\/td>\n<td class=\"et6\" width=\"104\">\u00a0\u03a660mm\/ \u03a642mm<\/td>\n<td class=\"et6\" width=\"104\">\u00a0\u03a660mm\/ \u03a642mm<\/td>\n<td class=\"et6\" width=\"104\">\u00a0\u03a660mm\/ \u03a642mm<\/td>\n<\/tr>\n<tr>\n<td class=\"et6\" width=\"104\" height=\"36\">Installation Height<\/td>\n<td class=\"et6\" width=\"104\">4-6m<\/td>\n<td class=\"et6\" width=\"104\">4-6m<\/td>\n<td class=\"et6\" width=\"104\">4-6m<\/td>\n<td class=\"et6\" width=\"104\">6-8m<\/td>\n<td class=\"et6\" width=\"104\">6-8m<\/td>\n<td class=\"et6\" width=\"104\">8-10m<\/td>\n<td class=\"et6\" width=\"104\">8-10m<\/td>\n<td class=\"et6\" width=\"104\">10-12m<\/td>\n<td class=\"et6\" width=\"104\">10-12m<\/td>\n<\/tr>\n<tr>\n<td class=\"et6\" width=\"104\" height=\"36\">Net Weight<\/td>\n<td class=\"et6\" width=\"104\">6.4kg<\/td>\n<td class=\"et6\" width=\"104\">6.5kg<\/td>\n<td class=\"et10\" width=\"104\">6.8kg<\/td>\n<td class=\"et6\" width=\"104\">10kg<\/td>\n<td class=\"et6\" width=\"104\">10.5Kg<\/td>\n<td class=\"et6\" width=\"104\">11kg<\/td>\n<td class=\"et6\" width=\"104\">11.4kg<\/td>\n<td class=\"et6\" width=\"104\">11.8kg<\/td>\n<td class=\"et6\" width=\"104\">12kg<\/td>\n<\/tr>\n<tr>\n<td class=\"et6\" width=\"104\" height=\"36\">Gross Weight<\/td>\n<td class=\"et6\" width=\"104\">7.4kg<\/td>\n<td class=\"et6\" width=\"104\">7.5kg<\/td>\n<td class=\"et6\" width=\"104\">7.8kg<\/td>\n<td class=\"et6\" width=\"104\">11kg<\/td>\n<td class=\"et6\" width=\"104\">11.5kg<\/td>\n<td class=\"et6\" width=\"104\">12kg<\/td>\n<td class=\"et6\" width=\"104\">12.4kg<\/td>\n<td class=\"et6\" width=\"104\">12.8kg<\/td>\n<td class=\"et6\" width=\"104\">13kg<\/td>\n<\/tr>\n<tr>\n<td class=\"et6\" width=\"104\" height=\"36\">Product Size<\/td>\n<td class=\"et6\" width=\"104\">573x245x120mm<\/td>\n<td class=\"et6\" width=\"104\">573x245x120mm<\/td>\n<td class=\"et6\" width=\"104\">573x245x120mm<\/td>\n<td class=\"et6\" width=\"104\">717*320*130mm<\/td>\n<td class=\"et6\" width=\"104\">717*320*130mm<\/td>\n<td class=\"et6\" width=\"104\">717*320*130mm<\/td>\n<td class=\"et6\" width=\"104\">867*392*159mm<\/td>\n<td class=\"et6\" width=\"104\">867*392*159mm<\/td>\n<td class=\"et6\" width=\"104\">867*392*159mm<\/td>\n<\/tr>\n<tr>\n<td class=\"et6\" width=\"104\" height=\"36\">Packing Size<\/td>\n<td class=\"et6\" width=\"104\">635*285*170mm<\/td>\n<td class=\"et6\" width=\"104\">635*285*170mm<\/td>\n<td class=\"et6\" width=\"104\">635*285*170mm<\/td>\n<td class=\"et6\" width=\"104\">770*365*165<\/td>\n<td class=\"et6\" width=\"104\">770*365*165<\/td>\n<td class=\"et6\" width=\"104\">770*365*165<\/td>\n<td class=\"et6\" width=\"104\">920*440*200mm<\/td>\n<td class=\"et6\" width=\"104\">920*440*200mm<\/td>\n<td class=\"et6\" width=\"104\">920*440*200mm<\/td>\n<\/tr>\n<\/tbody>\n<\/table>\n<p>Retrouvez l&rsquo;ensemble de notre gamme <em>\u00e9clairage LED urbain<\/em> <a href=\"https:\/\/altrisacces.fr\/index.php\/categorie-produit\/eclairages-urbains\/\">ici<\/a><\/p>\n","protected":false},"excerpt":{"rendered":"<p>L&rsquo;\u00e9clairage led urbain EPJD-1047 est compos\u00e9 de lanternes fonctionnelles offrant une haute performance, optimise les \u00e9conomies d\u2019\u00e9nergie gr\u00e2ce \u00e0 un large choix de syst\u00e8mes de gestion.<\/p>\n<p>Diff\u00e9rentes options sont possibles, comme la d\u00e9tection de pr\u00e9sence, la gestion de la temp\u00e9rature de couleur.<\/p>\n","protected":false},"featured_media":509,"comment_status":"open","ping_status":"closed","template":"","meta":{"_acf_changed":false},"product_cat":[28,36,29],"product_tag":[],"class_list":{"0":"post-505","1":"product","2":"type-product","3":"status-publish","4":"has-post-thumbnail","6":"product_cat-eclairages-urbains","7":"product_cat-gamme-filaire","8":"product_cat-nouveautes","10":"first","11":"instock","12":"shipping-taxable","13":"product-type-simple"},"acf":[],"yoast_head":"<!-- This site is optimized with the Yoast SEO plugin v22.9 - https:\/\/yoast.com\/wordpress\/plugins\/seo\/ -->\n<title>Eclairage led urbain EPJD-1047 - Altris | Eclairages LED<\/title>\n<meta name=\"description\" content=\"L&#039;\u00e9clairage led urbain EPJD-1047 est compos\u00e9 de lanternes fonctionnelles offrant une haute performance, optimise les \u00e9conomies d\u2019\u00e9nergie\" \/>\n<meta name=\"robots\" content=\"index, follow, max-snippet:-1, max-image-preview:large, max-video-preview:-1\" \/>\n<link rel=\"canonical\" href=\"https:\/\/altrisacces.fr\/index.php\/produit\/eclairage-led-urbain-epjd-1047\/\" \/>\n<meta property=\"og:locale\" content=\"fr_FR\" \/>\n<meta property=\"og:type\" content=\"article\" \/>\n<meta property=\"og:title\" content=\"Eclairage led urbain EPJD-1047 - Altris | Eclairages LED\" \/>\n<meta property=\"og:description\" content=\"L&#039;\u00e9clairage led urbain EPJD-1047 est compos\u00e9 de lanternes fonctionnelles offrant une haute performance, optimise les \u00e9conomies d\u2019\u00e9nergie\" \/>\n<meta property=\"og:url\" content=\"https:\/\/altrisacces.fr\/index.php\/produit\/eclairage-led-urbain-epjd-1047\/\" \/>\n<meta property=\"og:site_name\" content=\"Altris\" \/>\n<meta property=\"article:modified_time\" content=\"2024-06-18T08:49:15+00:00\" \/>\n<meta property=\"og:image\" content=\"https:\/\/altrisacces.fr\/wp-content\/uploads\/2023\/10\/EPJD-1047-3.png\" \/>\n\t<meta property=\"og:image:width\" content=\"800\" \/>\n\t<meta property=\"og:image:height\" content=\"800\" \/>\n\t<meta property=\"og:image:type\" content=\"image\/png\" \/>\n<meta name=\"twitter:card\" content=\"summary_large_image\" \/>\n<meta name=\"twitter:label1\" content=\"Dur\u00e9e de lecture estim\u00e9e\" \/>\n\t<meta name=\"twitter:data1\" content=\"3 minutes\" \/>\n<script type=\"application\/ld+json\" class=\"yoast-schema-graph\">{\"@context\":\"https:\/\/schema.org\",\"@graph\":[{\"@type\":\"WebPage\",\"@id\":\"https:\/\/altrisacces.fr\/index.php\/produit\/eclairage-led-urbain-epjd-1047\/\",\"url\":\"https:\/\/altrisacces.fr\/index.php\/produit\/eclairage-led-urbain-epjd-1047\/\",\"name\":\"Eclairage led urbain EPJD-1047 - Altris | Eclairages LED\",\"isPartOf\":{\"@id\":\"https:\/\/altrisacces.fr\/#website\"},\"primaryImageOfPage\":{\"@id\":\"https:\/\/altrisacces.fr\/index.php\/produit\/eclairage-led-urbain-epjd-1047\/#primaryimage\"},\"image\":{\"@id\":\"https:\/\/altrisacces.fr\/index.php\/produit\/eclairage-led-urbain-epjd-1047\/#primaryimage\"},\"thumbnailUrl\":\"https:\/\/altrisacces.fr\/wp-content\/uploads\/2023\/10\/EPJD-1047-3.png\",\"datePublished\":\"2023-10-23T15:56:28+00:00\",\"dateModified\":\"2024-06-18T08:49:15+00:00\",\"description\":\"L'\u00e9clairage led urbain EPJD-1047 est compos\u00e9 de lanternes fonctionnelles offrant une haute performance, optimise les \u00e9conomies d\u2019\u00e9nergie\",\"breadcrumb\":{\"@id\":\"https:\/\/altrisacces.fr\/index.php\/produit\/eclairage-led-urbain-epjd-1047\/#breadcrumb\"},\"inLanguage\":\"fr-FR\",\"potentialAction\":[{\"@type\":\"ReadAction\",\"target\":[\"https:\/\/altrisacces.fr\/index.php\/produit\/eclairage-led-urbain-epjd-1047\/\"]}]},{\"@type\":\"ImageObject\",\"inLanguage\":\"fr-FR\",\"@id\":\"https:\/\/altrisacces.fr\/index.php\/produit\/eclairage-led-urbain-epjd-1047\/#primaryimage\",\"url\":\"https:\/\/altrisacces.fr\/wp-content\/uploads\/2023\/10\/EPJD-1047-3.png\",\"contentUrl\":\"https:\/\/altrisacces.fr\/wp-content\/uploads\/2023\/10\/EPJD-1047-3.png\",\"width\":800,\"height\":800,\"caption\":\"Eclairage led urbain\"},{\"@type\":\"BreadcrumbList\",\"@id\":\"https:\/\/altrisacces.fr\/index.php\/produit\/eclairage-led-urbain-epjd-1047\/#breadcrumb\",\"itemListElement\":[{\"@type\":\"ListItem\",\"position\":1,\"name\":\"Accueil\",\"item\":\"https:\/\/altrisacces.fr\/\"},{\"@type\":\"ListItem\",\"position\":2,\"name\":\"Produits\",\"item\":\"https:\/\/altrisacces.fr\/index.php\/produits\/\"},{\"@type\":\"ListItem\",\"position\":3,\"name\":\"Eclairage led urbain EPJD-1047\"}]},{\"@type\":\"WebSite\",\"@id\":\"https:\/\/altrisacces.fr\/#website\",\"url\":\"https:\/\/altrisacces.fr\/\",\"name\":\"Altris\",\"description\":\"\u00e9clairage LED public, ext\u00e9rieur, tertiaire et industriel\",\"publisher\":{\"@id\":\"https:\/\/altrisacces.fr\/#organization\"},\"potentialAction\":[{\"@type\":\"SearchAction\",\"target\":{\"@type\":\"EntryPoint\",\"urlTemplate\":\"https:\/\/altrisacces.fr\/?s={search_term_string}\"},\"query-input\":\"required name=search_term_string\"}],\"inLanguage\":\"fr-FR\"},{\"@type\":\"Organization\",\"@id\":\"https:\/\/altrisacces.fr\/#organization\",\"name\":\"Altris\",\"url\":\"https:\/\/altrisacces.fr\/\",\"logo\":{\"@type\":\"ImageObject\",\"inLanguage\":\"fr-FR\",\"@id\":\"https:\/\/altrisacces.fr\/#\/schema\/logo\/image\/\",\"url\":\"https:\/\/altrisacces.fr\/wp-content\/uploads\/2023\/10\/logo_Altris.png\",\"contentUrl\":\"https:\/\/altrisacces.fr\/wp-content\/uploads\/2023\/10\/logo_Altris.png\",\"width\":1579,\"height\":1006,\"caption\":\"Altris\"},\"image\":{\"@id\":\"https:\/\/altrisacces.fr\/#\/schema\/logo\/image\/\"}}]}<\/script>\n<!-- \/ Yoast SEO plugin. -->","yoast_head_json":{"title":"Eclairage led urbain EPJD-1047 - Altris | Eclairages LED","description":"L'\u00e9clairage led urbain EPJD-1047 est compos\u00e9 de lanternes fonctionnelles offrant une haute performance, optimise les \u00e9conomies d\u2019\u00e9nergie","robots":{"index":"index","follow":"follow","max-snippet":"max-snippet:-1","max-image-preview":"max-image-preview:large","max-video-preview":"max-video-preview:-1"},"canonical":"https:\/\/altrisacces.fr\/index.php\/produit\/eclairage-led-urbain-epjd-1047\/","og_locale":"fr_FR","og_type":"article","og_title":"Eclairage led urbain EPJD-1047 - Altris | Eclairages LED","og_description":"L'\u00e9clairage led urbain EPJD-1047 est compos\u00e9 de lanternes fonctionnelles offrant une haute performance, optimise les \u00e9conomies d\u2019\u00e9nergie","og_url":"https:\/\/altrisacces.fr\/index.php\/produit\/eclairage-led-urbain-epjd-1047\/","og_site_name":"Altris","article_modified_time":"2024-06-18T08:49:15+00:00","og_image":[{"width":800,"height":800,"url":"https:\/\/altrisacces.fr\/wp-content\/uploads\/2023\/10\/EPJD-1047-3.png","type":"image\/png"}],"twitter_card":"summary_large_image","twitter_misc":{"Dur\u00e9e de lecture estim\u00e9e":"3 minutes"},"schema":{"@context":"https:\/\/schema.org","@graph":[{"@type":"WebPage","@id":"https:\/\/altrisacces.fr\/index.php\/produit\/eclairage-led-urbain-epjd-1047\/","url":"https:\/\/altrisacces.fr\/index.php\/produit\/eclairage-led-urbain-epjd-1047\/","name":"Eclairage led urbain EPJD-1047 - Altris | Eclairages LED","isPartOf":{"@id":"https:\/\/altrisacces.fr\/#website"},"primaryImageOfPage":{"@id":"https:\/\/altrisacces.fr\/index.php\/produit\/eclairage-led-urbain-epjd-1047\/#primaryimage"},"image":{"@id":"https:\/\/altrisacces.fr\/index.php\/produit\/eclairage-led-urbain-epjd-1047\/#primaryimage"},"thumbnailUrl":"https:\/\/altrisacces.fr\/wp-content\/uploads\/2023\/10\/EPJD-1047-3.png","datePublished":"2023-10-23T15:56:28+00:00","dateModified":"2024-06-18T08:49:15+00:00","description":"L'\u00e9clairage led urbain EPJD-1047 est compos\u00e9 de lanternes fonctionnelles offrant une haute performance, optimise les \u00e9conomies d\u2019\u00e9nergie","breadcrumb":{"@id":"https:\/\/altrisacces.fr\/index.php\/produit\/eclairage-led-urbain-epjd-1047\/#breadcrumb"},"inLanguage":"fr-FR","potentialAction":[{"@type":"ReadAction","target":["https:\/\/altrisacces.fr\/index.php\/produit\/eclairage-led-urbain-epjd-1047\/"]}]},{"@type":"ImageObject","inLanguage":"fr-FR","@id":"https:\/\/altrisacces.fr\/index.php\/produit\/eclairage-led-urbain-epjd-1047\/#primaryimage","url":"https:\/\/altrisacces.fr\/wp-content\/uploads\/2023\/10\/EPJD-1047-3.png","contentUrl":"https:\/\/altrisacces.fr\/wp-content\/uploads\/2023\/10\/EPJD-1047-3.png","width":800,"height":800,"caption":"Eclairage led urbain"},{"@type":"BreadcrumbList","@id":"https:\/\/altrisacces.fr\/index.php\/produit\/eclairage-led-urbain-epjd-1047\/#breadcrumb","itemListElement":[{"@type":"ListItem","position":1,"name":"Accueil","item":"https:\/\/altrisacces.fr\/"},{"@type":"ListItem","position":2,"name":"Produits","item":"https:\/\/altrisacces.fr\/index.php\/produits\/"},{"@type":"ListItem","position":3,"name":"Eclairage led urbain EPJD-1047"}]},{"@type":"WebSite","@id":"https:\/\/altrisacces.fr\/#website","url":"https:\/\/altrisacces.fr\/","name":"Altris","description":"\u00e9clairage LED public, ext\u00e9rieur, tertiaire et industriel","publisher":{"@id":"https:\/\/altrisacces.fr\/#organization"},"potentialAction":[{"@type":"SearchAction","target":{"@type":"EntryPoint","urlTemplate":"https:\/\/altrisacces.fr\/?s={search_term_string}"},"query-input":"required name=search_term_string"}],"inLanguage":"fr-FR"},{"@type":"Organization","@id":"https:\/\/altrisacces.fr\/#organization","name":"Altris","url":"https:\/\/altrisacces.fr\/","logo":{"@type":"ImageObject","inLanguage":"fr-FR","@id":"https:\/\/altrisacces.fr\/#\/schema\/logo\/image\/","url":"https:\/\/altrisacces.fr\/wp-content\/uploads\/2023\/10\/logo_Altris.png","contentUrl":"https:\/\/altrisacces.fr\/wp-content\/uploads\/2023\/10\/logo_Altris.png","width":1579,"height":1006,"caption":"Altris"},"image":{"@id":"https:\/\/altrisacces.fr\/#\/schema\/logo\/image\/"}}]}},"_links":{"self":[{"href":"https:\/\/altrisacces.fr\/index.php\/wp-json\/wp\/v2\/product\/505","targetHints":{"allow":["GET"]}}],"collection":[{"href":"https:\/\/altrisacces.fr\/index.php\/wp-json\/wp\/v2\/product"}],"about":[{"href":"https:\/\/altrisacces.fr\/index.php\/wp-json\/wp\/v2\/types\/product"}],"replies":[{"embeddable":true,"href":"https:\/\/altrisacces.fr\/index.php\/wp-json\/wp\/v2\/comments?post=505"}],"wp:featuredmedia":[{"embeddable":true,"href":"https:\/\/altrisacces.fr\/index.php\/wp-json\/wp\/v2\/media\/509"}],"wp:attachment":[{"href":"https:\/\/altrisacces.fr\/index.php\/wp-json\/wp\/v2\/media?parent=505"}],"wp:term":[{"taxonomy":"product_cat","embeddable":true,"href":"https:\/\/altrisacces.fr\/index.php\/wp-json\/wp\/v2\/product_cat?post=505"},{"taxonomy":"product_tag","embeddable":true,"href":"https:\/\/altrisacces.fr\/index.php\/wp-json\/wp\/v2\/product_tag?post=505"}],"curies":[{"name":"wp","href":"https:\/\/api.w.org\/{rel}","templated":true}]}}