{"id":514,"date":"2023-10-23T18:09:40","date_gmt":"2023-10-23T16:09:40","guid":{"rendered":"https:\/\/altrisacces.fr\/?post_type=product&#038;p=514"},"modified":"2024-06-18T11:10:29","modified_gmt":"2024-06-18T09:10:29","slug":"eclairage-led-urbain-epjd-1051a","status":"publish","type":"product","link":"https:\/\/altrisacces.fr\/index.php\/produit\/eclairage-led-urbain-epjd-1051a\/","title":{"rendered":"Eclairage led urbain EPJD-1051A"},"content":{"rendered":"<p>L&rsquo;\u00e9clairage led urbain EPJD-1051A est un \u00e9clairage routier contemporain, \u00e0 la pointe de la technologie LED, offrant d\u2019excellentes performances et une haute efficacit\u00e9 \u00e9nerg\u00e9tique. Vous avez le choix entre deux distributions lumineuses et diff\u00e9rents niveaux de flux pour offrir la meilleure combinaison quel que soit le type de route.<\/p>\n<h2>Fonctionnalit\u00e9s de l&rsquo;\u00e9clairage led urbain EPJD-1051A<\/h2>\n<ul>\n<li>Lampadaire \u00e0 LED de 25W et 50W.<\/li>\n<li>Module LED Sumsung ou LG.<\/li>\n<li>Corps en aluminium moul\u00e9 sous pression \u00e0 haute intensit\u00e9.<\/li>\n<li>Conception modulaire de la lentille optique. Mise \u00e0 niveau facile de l&rsquo;optique<\/li>\n<li>Classe de protection : IP66\/ IK08.<\/li>\n<li>Choix de l&rsquo;interrupteur automatique et de la cellule photo\u00e9lectrique.<\/li>\n<\/ul>\n<h2>Caract\u00e9ristiques<\/h2>\n<table border=\"1\" width=\"100%\" cellspacing=\"0\" cellpadding=\"0\">\n<tbody>\n<tr>\n<td class=\"et5\" width=\"104\" height=\"36\">Product Code<\/td>\n<td class=\"et5\" width=\"104\">EPJD-1051A<\/td>\n<td class=\"et5\" width=\"104\">EPJD-1051B-30W<\/td>\n<td class=\"et5\" width=\"104\">EPJD-1051B-60W<\/td>\n<\/tr>\n<tr>\n<td class=\"et7\" width=\"104\" height=\"36\">LED Current (mA)<\/td>\n<td class=\"et7\" width=\"104\">700mA<\/td>\n<td class=\"et7\" width=\"104\">75mA 5050\/100mA 3030<\/td>\n<td class=\"et7\" width=\"104\">100mA 5050\/125mA 3030<\/td>\n<\/tr>\n<tr>\n<td class=\"et7\" width=\"104\" height=\"36\">LED Quantity<\/td>\n<td class=\"et7\" width=\"104\">Samsung\/LG \/Cree\/Philip<\/td>\n<td class=\"et7\" width=\"104\">16pcs 5050\/48pcs 3030<\/td>\n<td class=\"et7\" width=\"104\">24pcs 5050\/72pcs 3030<\/td>\n<\/tr>\n<tr>\n<td class=\"et7\" width=\"104\" height=\"36\">Rate Power<\/td>\n<td class=\"et7\" width=\"104\">50W<\/td>\n<td class=\"et7\" width=\"104\">30W<\/td>\n<td class=\"et7\" width=\"104\">60W<\/td>\n<\/tr>\n<tr>\n<td class=\"et7\" width=\"104\" height=\"36\">Color Temperature<\/td>\n<td class=\"et7\" width=\"104\">6500\/4000\/3000K<\/td>\n<td class=\"et7\" width=\"104\">6500\/4000\/3000K<\/td>\n<td class=\"et7\" width=\"104\">6500\/4000\/3000K<\/td>\n<\/tr>\n<tr>\n<td class=\"et7\" width=\"104\" height=\"36\">Luminary EER<\/td>\n<td class=\"et7\" width=\"104\">130lm\/w<\/td>\n<td class=\"et7\" width=\"104\">150lm\/w(5050)<br \/>\n140lm\/w(3030)<\/td>\n<td class=\"et7\" width=\"104\">130lm\/w(5050)<br \/>\n120lm\/w(3030)<\/td>\n<\/tr>\n<tr>\n<td class=\"et7\" width=\"104\" height=\"36\">Input Voltage<\/td>\n<td class=\"et7\" width=\"104\">AC100-277V<\/td>\n<td class=\"et7\" width=\"104\">AC100-277V<\/td>\n<td class=\"et7\" width=\"104\">AC100-277V<\/td>\n<\/tr>\n<tr>\n<td class=\"et7\" width=\"104\" height=\"36\">Frequency Range<\/td>\n<td class=\"et7\" width=\"104\">50\/60Hz<\/td>\n<td class=\"et7\" width=\"104\">50\/60Hz<\/td>\n<td class=\"et7\" width=\"104\">50\/60Hz<\/td>\n<\/tr>\n<tr>\n<td class=\"et7\" width=\"104\" height=\"36\">Color Temperature<\/td>\n<td class=\"et7\" width=\"104\">RA75<\/td>\n<td class=\"et7\" width=\"104\">RA75<\/td>\n<td class=\"et7\" width=\"104\">RA75<\/td>\n<\/tr>\n<tr>\n<td class=\"et7\" width=\"104\" height=\"36\">Temperature of working condition<\/td>\n<td class=\"et9\" width=\"104\">-40<span class=\"font0\">\u2103<\/span><span class=\"font1\">\u00a0 &#8211;\u00a0 50<\/span><span class=\"font0\">\u2103<\/span><\/td>\n<td class=\"et9\" width=\"104\">-40<span class=\"font0\">\u2103<\/span><span class=\"font1\">\u00a0 &#8211;\u00a0 50<\/span><span class=\"font0\">\u2103<\/span><\/td>\n<td class=\"et9\" width=\"104\">-40<span class=\"font0\">\u2103<\/span><span class=\"font1\">\u00a0 &#8211;\u00a0 50<\/span><span class=\"font0\">\u2103<\/span><\/td>\n<\/tr>\n<tr>\n<td class=\"et7\" width=\"104\" height=\"36\">humidity of working condition<\/td>\n<td class=\"et9\" width=\"104\">20%-90%<\/td>\n<td class=\"et9\" width=\"104\">20%-90%<\/td>\n<td class=\"et9\" width=\"104\">20%-90%<\/td>\n<\/tr>\n<tr>\n<td class=\"et7\" width=\"104\" height=\"36\">LED life time<\/td>\n<td class=\"et7\" width=\"104\">70000h<\/td>\n<td class=\"et7\" width=\"104\">70000h<\/td>\n<td class=\"et7\" width=\"104\">70000h<\/td>\n<\/tr>\n<tr>\n<td class=\"et7\" width=\"104\" height=\"36\">Protestion Grade<\/td>\n<td class=\"et7\" width=\"104\">IP66<\/td>\n<td class=\"et7\" width=\"104\">IP66<\/td>\n<td class=\"et7\" width=\"104\">IP66<\/td>\n<\/tr>\n<tr>\n<td class=\"et7\" width=\"104\" height=\"36\">Installation Pipe Dia<\/td>\n<td class=\"et7\" width=\"104\">\u00a0\u03a660mm\/ \u03a642mm<\/td>\n<td class=\"et7\" width=\"104\">\u00a0\u03a660mm\/ \u03a642mm<\/td>\n<td class=\"et7\" width=\"104\">\u00a0\u03a660mm\/ \u03a642mm<\/td>\n<\/tr>\n<tr>\n<td class=\"et7\" width=\"104\" height=\"36\">Installation Height<\/td>\n<td class=\"et7\" width=\"104\">5-6m<\/td>\n<td class=\"et7\" width=\"104\">3-5m<\/td>\n<td class=\"et7\" width=\"104\">5-8m<\/td>\n<\/tr>\n<tr>\n<td class=\"et7\" width=\"104\" height=\"36\">Net Weight<\/td>\n<td class=\"et7\" width=\"104\">3kgs<\/td>\n<td class=\"et7\" width=\"104\">4kg<\/td>\n<td class=\"et7\" width=\"104\">4.2kg<\/td>\n<\/tr>\n<tr>\n<td class=\"et7\" width=\"104\" height=\"36\">Gross Weight<\/td>\n<td class=\"et7\" width=\"104\">4kgs<\/td>\n<td class=\"et7\" width=\"104\">4.8kg<\/td>\n<td class=\"et7\" width=\"104\">5kg<\/td>\n<\/tr>\n<tr>\n<td class=\"et7\" width=\"104\" height=\"36\">Product Size<\/td>\n<td class=\"et7\" width=\"104\">560*245*110mm<\/td>\n<td class=\"et7\" width=\"104\">560*245*110mm<\/td>\n<td class=\"et7\" width=\"104\">560*245*110mm<\/td>\n<\/tr>\n<tr>\n<td class=\"et7\" width=\"104\" height=\"36\">Packing Size<\/td>\n<td class=\"et7\" width=\"104\">610*280*155mm<\/td>\n<td class=\"et7\" width=\"104\">610*280*155mm<\/td>\n<td class=\"et7\" width=\"104\">610*280*155mm<\/td>\n<\/tr>\n<\/tbody>\n<\/table>\n<p>&nbsp;<\/p>\n<p>Retrouvez l&rsquo;ensemble de notre gamme <em>\u00e9clairage LED urbain<\/em> <a href=\"https:\/\/altrisacces.fr\/index.php\/categorie-produit\/eclairages-urbains\/\">ici<\/a><\/p>\n","protected":false},"excerpt":{"rendered":"<p>L&rsquo;\u00e9clairage led urbain EPJD-1051A est un \u00e9clairage routier contemporain, \u00e0 la pointe de la technologie LED, offrant d\u2019excellentes performances et une haute efficacit\u00e9 \u00e9nerg\u00e9tique. Vous avez le choix entre deux distributions lumineuses et diff\u00e9rents niveaux de flux pour offrir la meilleure combinaison quel que soit le type de route.<\/p>\n<p>Diff\u00e9rentes options sont possibles, comme la d\u00e9tection de pr\u00e9sence, la gestion de la temp\u00e9rature de couleur.<\/p>\n","protected":false},"featured_media":515,"comment_status":"open","ping_status":"closed","template":"","meta":{"_acf_changed":false},"product_cat":[28,36,29],"product_tag":[],"class_list":{"0":"post-514","1":"product","2":"type-product","3":"status-publish","4":"has-post-thumbnail","6":"product_cat-eclairages-urbains","7":"product_cat-gamme-filaire","8":"product_cat-nouveautes","10":"first","11":"instock","12":"shipping-taxable","13":"product-type-simple"},"acf":[],"yoast_head":"<!-- This site is optimized with the Yoast SEO plugin v22.9 - https:\/\/yoast.com\/wordpress\/plugins\/seo\/ -->\n<title>Eclairage led urbain EPJD-1051A - Altris | Eclairages LED<\/title>\n<meta name=\"description\" content=\"L&#039;\u00e9clairage led urbain EPJD-1051A est un \u00e9clairage routier contemporain, \u00e0 la pointe de la technologie LED offrant d\u2019excellentes performances\" \/>\n<meta name=\"robots\" content=\"index, follow, max-snippet:-1, max-image-preview:large, max-video-preview:-1\" \/>\n<link rel=\"canonical\" href=\"https:\/\/altrisacces.fr\/index.php\/produit\/eclairage-led-urbain-epjd-1051a\/\" \/>\n<meta property=\"og:locale\" content=\"fr_FR\" \/>\n<meta property=\"og:type\" content=\"article\" \/>\n<meta property=\"og:title\" content=\"Eclairage led urbain EPJD-1051A - Altris | Eclairages LED\" \/>\n<meta property=\"og:description\" content=\"L&#039;\u00e9clairage led urbain EPJD-1051A est un \u00e9clairage routier contemporain, \u00e0 la pointe de la technologie LED offrant d\u2019excellentes performances\" \/>\n<meta property=\"og:url\" content=\"https:\/\/altrisacces.fr\/index.php\/produit\/eclairage-led-urbain-epjd-1051a\/\" \/>\n<meta property=\"og:site_name\" content=\"Altris\" \/>\n<meta property=\"article:modified_time\" content=\"2024-06-18T09:10:29+00:00\" \/>\n<meta property=\"og:image\" content=\"https:\/\/altrisacces.fr\/wp-content\/uploads\/2023\/10\/EPJD-1051A-1.png\" \/>\n\t<meta property=\"og:image:width\" content=\"800\" \/>\n\t<meta property=\"og:image:height\" content=\"800\" \/>\n\t<meta property=\"og:image:type\" content=\"image\/png\" \/>\n<meta name=\"twitter:card\" content=\"summary_large_image\" \/>\n<meta name=\"twitter:label1\" content=\"Dur\u00e9e de lecture estim\u00e9e\" \/>\n\t<meta name=\"twitter:data1\" content=\"2 minutes\" \/>\n<script type=\"application\/ld+json\" class=\"yoast-schema-graph\">{\"@context\":\"https:\/\/schema.org\",\"@graph\":[{\"@type\":\"WebPage\",\"@id\":\"https:\/\/altrisacces.fr\/index.php\/produit\/eclairage-led-urbain-epjd-1051a\/\",\"url\":\"https:\/\/altrisacces.fr\/index.php\/produit\/eclairage-led-urbain-epjd-1051a\/\",\"name\":\"Eclairage led urbain EPJD-1051A - Altris | Eclairages LED\",\"isPartOf\":{\"@id\":\"https:\/\/altrisacces.fr\/#website\"},\"primaryImageOfPage\":{\"@id\":\"https:\/\/altrisacces.fr\/index.php\/produit\/eclairage-led-urbain-epjd-1051a\/#primaryimage\"},\"image\":{\"@id\":\"https:\/\/altrisacces.fr\/index.php\/produit\/eclairage-led-urbain-epjd-1051a\/#primaryimage\"},\"thumbnailUrl\":\"https:\/\/altrisacces.fr\/wp-content\/uploads\/2023\/10\/EPJD-1051A-1.png\",\"datePublished\":\"2023-10-23T16:09:40+00:00\",\"dateModified\":\"2024-06-18T09:10:29+00:00\",\"description\":\"L'\u00e9clairage led urbain EPJD-1051A est un \u00e9clairage routier contemporain, \u00e0 la pointe de la technologie LED offrant d\u2019excellentes performances\",\"breadcrumb\":{\"@id\":\"https:\/\/altrisacces.fr\/index.php\/produit\/eclairage-led-urbain-epjd-1051a\/#breadcrumb\"},\"inLanguage\":\"fr-FR\",\"potentialAction\":[{\"@type\":\"ReadAction\",\"target\":[\"https:\/\/altrisacces.fr\/index.php\/produit\/eclairage-led-urbain-epjd-1051a\/\"]}]},{\"@type\":\"ImageObject\",\"inLanguage\":\"fr-FR\",\"@id\":\"https:\/\/altrisacces.fr\/index.php\/produit\/eclairage-led-urbain-epjd-1051a\/#primaryimage\",\"url\":\"https:\/\/altrisacces.fr\/wp-content\/uploads\/2023\/10\/EPJD-1051A-1.png\",\"contentUrl\":\"https:\/\/altrisacces.fr\/wp-content\/uploads\/2023\/10\/EPJD-1051A-1.png\",\"width\":800,\"height\":800,\"caption\":\"Eclairage led urbain\"},{\"@type\":\"BreadcrumbList\",\"@id\":\"https:\/\/altrisacces.fr\/index.php\/produit\/eclairage-led-urbain-epjd-1051a\/#breadcrumb\",\"itemListElement\":[{\"@type\":\"ListItem\",\"position\":1,\"name\":\"Accueil\",\"item\":\"https:\/\/altrisacces.fr\/\"},{\"@type\":\"ListItem\",\"position\":2,\"name\":\"Produits\",\"item\":\"https:\/\/altrisacces.fr\/index.php\/produits\/\"},{\"@type\":\"ListItem\",\"position\":3,\"name\":\"Eclairage led urbain EPJD-1051A\"}]},{\"@type\":\"WebSite\",\"@id\":\"https:\/\/altrisacces.fr\/#website\",\"url\":\"https:\/\/altrisacces.fr\/\",\"name\":\"Altris\",\"description\":\"\u00e9clairage LED public, ext\u00e9rieur, tertiaire et industriel\",\"publisher\":{\"@id\":\"https:\/\/altrisacces.fr\/#organization\"},\"potentialAction\":[{\"@type\":\"SearchAction\",\"target\":{\"@type\":\"EntryPoint\",\"urlTemplate\":\"https:\/\/altrisacces.fr\/?s={search_term_string}\"},\"query-input\":\"required name=search_term_string\"}],\"inLanguage\":\"fr-FR\"},{\"@type\":\"Organization\",\"@id\":\"https:\/\/altrisacces.fr\/#organization\",\"name\":\"Altris\",\"url\":\"https:\/\/altrisacces.fr\/\",\"logo\":{\"@type\":\"ImageObject\",\"inLanguage\":\"fr-FR\",\"@id\":\"https:\/\/altrisacces.fr\/#\/schema\/logo\/image\/\",\"url\":\"https:\/\/altrisacces.fr\/wp-content\/uploads\/2023\/10\/logo_Altris.png\",\"contentUrl\":\"https:\/\/altrisacces.fr\/wp-content\/uploads\/2023\/10\/logo_Altris.png\",\"width\":1579,\"height\":1006,\"caption\":\"Altris\"},\"image\":{\"@id\":\"https:\/\/altrisacces.fr\/#\/schema\/logo\/image\/\"}}]}<\/script>\n<!-- \/ Yoast SEO plugin. -->","yoast_head_json":{"title":"Eclairage led urbain EPJD-1051A - Altris | Eclairages LED","description":"L'\u00e9clairage led urbain EPJD-1051A est un \u00e9clairage routier contemporain, \u00e0 la pointe de la technologie LED offrant d\u2019excellentes performances","robots":{"index":"index","follow":"follow","max-snippet":"max-snippet:-1","max-image-preview":"max-image-preview:large","max-video-preview":"max-video-preview:-1"},"canonical":"https:\/\/altrisacces.fr\/index.php\/produit\/eclairage-led-urbain-epjd-1051a\/","og_locale":"fr_FR","og_type":"article","og_title":"Eclairage led urbain EPJD-1051A - Altris | Eclairages LED","og_description":"L'\u00e9clairage led urbain EPJD-1051A est un \u00e9clairage routier contemporain, \u00e0 la pointe de la technologie LED offrant d\u2019excellentes performances","og_url":"https:\/\/altrisacces.fr\/index.php\/produit\/eclairage-led-urbain-epjd-1051a\/","og_site_name":"Altris","article_modified_time":"2024-06-18T09:10:29+00:00","og_image":[{"width":800,"height":800,"url":"https:\/\/altrisacces.fr\/wp-content\/uploads\/2023\/10\/EPJD-1051A-1.png","type":"image\/png"}],"twitter_card":"summary_large_image","twitter_misc":{"Dur\u00e9e de lecture estim\u00e9e":"2 minutes"},"schema":{"@context":"https:\/\/schema.org","@graph":[{"@type":"WebPage","@id":"https:\/\/altrisacces.fr\/index.php\/produit\/eclairage-led-urbain-epjd-1051a\/","url":"https:\/\/altrisacces.fr\/index.php\/produit\/eclairage-led-urbain-epjd-1051a\/","name":"Eclairage led urbain EPJD-1051A - Altris | Eclairages LED","isPartOf":{"@id":"https:\/\/altrisacces.fr\/#website"},"primaryImageOfPage":{"@id":"https:\/\/altrisacces.fr\/index.php\/produit\/eclairage-led-urbain-epjd-1051a\/#primaryimage"},"image":{"@id":"https:\/\/altrisacces.fr\/index.php\/produit\/eclairage-led-urbain-epjd-1051a\/#primaryimage"},"thumbnailUrl":"https:\/\/altrisacces.fr\/wp-content\/uploads\/2023\/10\/EPJD-1051A-1.png","datePublished":"2023-10-23T16:09:40+00:00","dateModified":"2024-06-18T09:10:29+00:00","description":"L'\u00e9clairage led urbain EPJD-1051A est un \u00e9clairage routier contemporain, \u00e0 la pointe de la technologie LED offrant d\u2019excellentes performances","breadcrumb":{"@id":"https:\/\/altrisacces.fr\/index.php\/produit\/eclairage-led-urbain-epjd-1051a\/#breadcrumb"},"inLanguage":"fr-FR","potentialAction":[{"@type":"ReadAction","target":["https:\/\/altrisacces.fr\/index.php\/produit\/eclairage-led-urbain-epjd-1051a\/"]}]},{"@type":"ImageObject","inLanguage":"fr-FR","@id":"https:\/\/altrisacces.fr\/index.php\/produit\/eclairage-led-urbain-epjd-1051a\/#primaryimage","url":"https:\/\/altrisacces.fr\/wp-content\/uploads\/2023\/10\/EPJD-1051A-1.png","contentUrl":"https:\/\/altrisacces.fr\/wp-content\/uploads\/2023\/10\/EPJD-1051A-1.png","width":800,"height":800,"caption":"Eclairage led urbain"},{"@type":"BreadcrumbList","@id":"https:\/\/altrisacces.fr\/index.php\/produit\/eclairage-led-urbain-epjd-1051a\/#breadcrumb","itemListElement":[{"@type":"ListItem","position":1,"name":"Accueil","item":"https:\/\/altrisacces.fr\/"},{"@type":"ListItem","position":2,"name":"Produits","item":"https:\/\/altrisacces.fr\/index.php\/produits\/"},{"@type":"ListItem","position":3,"name":"Eclairage led urbain EPJD-1051A"}]},{"@type":"WebSite","@id":"https:\/\/altrisacces.fr\/#website","url":"https:\/\/altrisacces.fr\/","name":"Altris","description":"\u00e9clairage LED public, ext\u00e9rieur, tertiaire et industriel","publisher":{"@id":"https:\/\/altrisacces.fr\/#organization"},"potentialAction":[{"@type":"SearchAction","target":{"@type":"EntryPoint","urlTemplate":"https:\/\/altrisacces.fr\/?s={search_term_string}"},"query-input":"required name=search_term_string"}],"inLanguage":"fr-FR"},{"@type":"Organization","@id":"https:\/\/altrisacces.fr\/#organization","name":"Altris","url":"https:\/\/altrisacces.fr\/","logo":{"@type":"ImageObject","inLanguage":"fr-FR","@id":"https:\/\/altrisacces.fr\/#\/schema\/logo\/image\/","url":"https:\/\/altrisacces.fr\/wp-content\/uploads\/2023\/10\/logo_Altris.png","contentUrl":"https:\/\/altrisacces.fr\/wp-content\/uploads\/2023\/10\/logo_Altris.png","width":1579,"height":1006,"caption":"Altris"},"image":{"@id":"https:\/\/altrisacces.fr\/#\/schema\/logo\/image\/"}}]}},"_links":{"self":[{"href":"https:\/\/altrisacces.fr\/index.php\/wp-json\/wp\/v2\/product\/514","targetHints":{"allow":["GET"]}}],"collection":[{"href":"https:\/\/altrisacces.fr\/index.php\/wp-json\/wp\/v2\/product"}],"about":[{"href":"https:\/\/altrisacces.fr\/index.php\/wp-json\/wp\/v2\/types\/product"}],"replies":[{"embeddable":true,"href":"https:\/\/altrisacces.fr\/index.php\/wp-json\/wp\/v2\/comments?post=514"}],"wp:featuredmedia":[{"embeddable":true,"href":"https:\/\/altrisacces.fr\/index.php\/wp-json\/wp\/v2\/media\/515"}],"wp:attachment":[{"href":"https:\/\/altrisacces.fr\/index.php\/wp-json\/wp\/v2\/media?parent=514"}],"wp:term":[{"taxonomy":"product_cat","embeddable":true,"href":"https:\/\/altrisacces.fr\/index.php\/wp-json\/wp\/v2\/product_cat?post=514"},{"taxonomy":"product_tag","embeddable":true,"href":"https:\/\/altrisacces.fr\/index.php\/wp-json\/wp\/v2\/product_tag?post=514"}],"curies":[{"name":"wp","href":"https:\/\/api.w.org\/{rel}","templated":true}]}}