{"id":546,"date":"2023-11-09T11:53:05","date_gmt":"2023-11-09T10:53:05","guid":{"rendered":"https:\/\/altrisacces.fr\/?post_type=product&#038;p=546"},"modified":"2024-06-18T11:12:04","modified_gmt":"2024-06-18T09:12:04","slug":"eclairage-led-urbain-epjd-1053","status":"publish","type":"product","link":"https:\/\/altrisacces.fr\/index.php\/produit\/eclairage-led-urbain-epjd-1053\/","title":{"rendered":"Eclairage led urbain EPJD-1053"},"content":{"rendered":"<p>L&rsquo;\u00e9clairage led urbain EPJD-1053 offre un design moderne qui s&rsquo;int\u00e8gre parfaitement \u00e0 l&rsquo;environnement, ce qui en fait un projet de premier plan.<\/p>\n<h2>Fonctionnalit\u00e9s de l&rsquo;\u00e9clairage led urbain EPJD-1053<\/h2>\n<div class=\"text column\">\n<ul>\n<li>Verre tremp\u00e9 \u00e0 haute transparence<\/li>\n<li>Tension d&rsquo;entr\u00e9e : AC100-240V, 50\/60Hz, IP66, Ik09<\/li>\n<li>Installation horizontale : +10~ -10\u00b0 r\u00e9glable<\/li>\n<li>Installation verticale : +10~ -10\u00b0 ajustable<\/li>\n<li>Diff\u00e9rents types de lentilles au choix<\/li>\n<li>Zone venteuse :petite taille :305 \u339d\u00b2 taille moyenne :450 \u339d\u00b2<\/li>\n<li>Pi\u00e8ces d\u00e9tach\u00e9es au choix<\/li>\n<li>10 kv\/20kv SPD<\/li>\n<li>Variateur 0-10v<\/li>\n<li>Interrupteur automatique<\/li>\n<li>Prise Nema<\/li>\n<li>7 ans de garantie<\/li>\n<\/ul>\n<\/div>\n<h2>Caract\u00e9ristiques<\/h2>\n<table border=\"1\" width=\"100%\" cellspacing=\"0\" cellpadding=\"0\">\n<tbody>\n<tr>\n<td class=\"et3\" width=\"104\" height=\"36\">EPJD-1053A<\/td>\n<td class=\"et3\" width=\"104\">EPJD-1053B<\/td>\n<td class=\"et3\" width=\"104\">EPJD-1053C<\/td>\n<td class=\"et3\" width=\"104\">EPJD-1053D<\/td>\n<td class=\"et3\" width=\"104\">EPJD-1053E<\/td>\n<td class=\"et3\" width=\"104\">EPJD-1053F<\/td>\n<\/tr>\n<tr>\n<td class=\"et4\" width=\"104\" height=\"36\">0.6A 5050\/0.8A 3030<\/td>\n<td class=\"et4\" width=\"104\">0.8A 5050\/1.05A 3030<\/td>\n<td class=\"et4\" width=\"104\">1.05A 5050\/1.3A 3030<\/td>\n<td class=\"et4\" width=\"104\">1.3A 5050\/1.6A 3030<\/td>\n<td class=\"et4\" width=\"104\">1.5A 5050\/1.88A 3030<\/td>\n<td class=\"et4\" width=\"104\">2A 5050\/2.7A 3030<\/td>\n<\/tr>\n<tr>\n<td class=\"et4\" width=\"104\" height=\"36\">75mA 5050\/100mA 3030<\/td>\n<td class=\"et4\" width=\"104\">67mA 5050\/88mA 3030<\/td>\n<td class=\"et4\" width=\"104\">58mA 5050\/72mA 3030<\/td>\n<td class=\"et4\" width=\"104\">65mA 5050\/80mA 3030<\/td>\n<td class=\"et4\" width=\"104\">63mA 5050\/78mA 3030<\/td>\n<td class=\"et4\" width=\"104\">63mA 5050\/84mA 3030<\/td>\n<\/tr>\n<tr>\n<td class=\"et4\" width=\"104\" height=\"36\">16pcs 5050\/48pcs 3030<\/td>\n<td class=\"et4\" width=\"104\">24pcs 5050\/72pcs 3030<\/td>\n<td class=\"et4\" width=\"104\">36pcs 5050\/108pcs 3030<\/td>\n<td class=\"et4\" width=\"104\">40pcs 5050\/120pcs 3030<\/td>\n<td class=\"et4\" width=\"104\">48pcs 5050\/144pcs 3030<\/td>\n<td class=\"et4\" width=\"104\">64pcs 5050\/192pcs 3030<\/td>\n<\/tr>\n<tr>\n<td class=\"et4\" width=\"104\" height=\"36\">30W<\/td>\n<td class=\"et4\" width=\"104\">40W<\/td>\n<td class=\"et4\" width=\"104\">50W<\/td>\n<td class=\"et4\" width=\"104\">60W<\/td>\n<td class=\"et4\" width=\"104\">70W<\/td>\n<td class=\"et4\" width=\"104\">100W<\/td>\n<\/tr>\n<tr>\n<td class=\"et4\" width=\"104\" height=\"36\">6500\/4000\/3000K<\/td>\n<td class=\"et4\" width=\"104\">6500\/4000\/3000K<\/td>\n<td class=\"et4\" width=\"104\">6500\/4000\/3000K<\/td>\n<td class=\"et4\" width=\"104\">6500\/4000\/3000K<\/td>\n<td class=\"et4\" width=\"104\">6500\/4000\/3000K<\/td>\n<td class=\"et4\" width=\"104\">6500\/4000\/3000K<\/td>\n<\/tr>\n<tr>\n<td class=\"et4\" width=\"104\" height=\"36\">150lm\/w(5050)<br \/>\n140lm\/w(3030)<\/td>\n<td class=\"et4\" width=\"104\">150lm\/w(5050)<br \/>\n140lm\/w(3030)<\/td>\n<td class=\"et4\" width=\"104\">150lm\/w(5050)<br \/>\n140lm\/w(3030)<\/td>\n<td class=\"et4\" width=\"104\">150lm\/w(5050)<br \/>\n140lm\/w(3030)<\/td>\n<td class=\"et4\" width=\"104\">150lm\/w(5050)<br \/>\n140lm\/w(3030)<\/td>\n<td class=\"et4\" width=\"104\">150lm\/w(5050)<br \/>\n140lm\/w(3030)<\/td>\n<\/tr>\n<tr>\n<td class=\"et4\" width=\"104\" height=\"36\">AC100-277V<\/td>\n<td class=\"et4\" width=\"104\">AC100-277V<\/td>\n<td class=\"et4\" width=\"104\">AC100-277V<\/td>\n<td class=\"et4\" width=\"104\">AC100-277V<\/td>\n<td class=\"et4\" width=\"104\">AC100-277V<\/td>\n<td class=\"et4\" width=\"104\">AC100-277V<\/td>\n<\/tr>\n<tr>\n<td class=\"et4\" width=\"104\" height=\"36\">50\/60Hz<\/td>\n<td class=\"et4\" width=\"104\">50\/60Hz<\/td>\n<td class=\"et4\" width=\"104\">50\/60Hz<\/td>\n<td class=\"et4\" width=\"104\">50\/60Hz<\/td>\n<td class=\"et4\" width=\"104\">50\/60Hz<\/td>\n<td class=\"et4\" width=\"104\">50\/60Hz<\/td>\n<\/tr>\n<tr>\n<td class=\"et4\" width=\"104\" height=\"36\">RA75<\/td>\n<td class=\"et4\" width=\"104\">RA75<\/td>\n<td class=\"et4\" width=\"104\">RA75<\/td>\n<td class=\"et4\" width=\"104\">RA75<\/td>\n<td class=\"et4\" width=\"104\">RA75<\/td>\n<td class=\"et4\" width=\"104\">RA75<\/td>\n<\/tr>\n<tr>\n<td class=\"et6\" width=\"104\" height=\"36\">-40<span class=\"font0\">\u2103<\/span><span class=\"font1\">\u00a0 &#8211;\u00a0 50<\/span><span class=\"font0\">\u2103<\/span><\/td>\n<td class=\"et6\" width=\"104\">-40<span class=\"font0\">\u2103<\/span><span class=\"font1\">\u00a0 &#8211;\u00a0 50<\/span><span class=\"font0\">\u2103<\/span><\/td>\n<td class=\"et6\" width=\"104\">-40<span class=\"font0\">\u2103<\/span><span class=\"font1\">\u00a0 &#8211;\u00a0 50<\/span><span class=\"font0\">\u2103<\/span><\/td>\n<td class=\"et6\" width=\"104\">-40<span class=\"font0\">\u2103<\/span><span class=\"font1\">\u00a0 &#8211;\u00a0 50<\/span><span class=\"font0\">\u2103<\/span><\/td>\n<td class=\"et6\" width=\"104\">-40<span class=\"font0\">\u2103<\/span><span class=\"font1\">\u00a0 &#8211;\u00a0 50<\/span><span class=\"font0\">\u2103<\/span><\/td>\n<td class=\"et6\" width=\"104\">-40<span class=\"font0\">\u2103<\/span><span class=\"font1\">\u00a0 &#8211;\u00a0 50<\/span><span class=\"font0\">\u2103<\/span><\/td>\n<\/tr>\n<tr>\n<td class=\"et6\" width=\"104\" height=\"36\">20%-90%<\/td>\n<td class=\"et6\" width=\"104\">20%-90%<\/td>\n<td class=\"et6\" width=\"104\">20%-90%<\/td>\n<td class=\"et6\" width=\"104\">20%-90%<\/td>\n<td class=\"et6\" width=\"104\">20%-90%<\/td>\n<td class=\"et6\" width=\"104\">20%-90%<\/td>\n<\/tr>\n<tr>\n<td class=\"et4\" width=\"104\" height=\"36\">70000h<\/td>\n<td class=\"et4\" width=\"104\">70000h<\/td>\n<td class=\"et4\" width=\"104\">70000h<\/td>\n<td class=\"et4\" width=\"104\">70000h<\/td>\n<td class=\"et4\" width=\"104\">70000h<\/td>\n<td class=\"et4\" width=\"104\">70000h<\/td>\n<\/tr>\n<tr>\n<td class=\"et4\" width=\"104\" height=\"36\">IP66<\/td>\n<td class=\"et4\" width=\"104\">IP66<\/td>\n<td class=\"et4\" width=\"104\">IP66<\/td>\n<td class=\"et4\" width=\"104\">IP66<\/td>\n<td class=\"et4\" width=\"104\">IP66<\/td>\n<td class=\"et4\" width=\"104\">IP66<\/td>\n<\/tr>\n<tr>\n<td class=\"et4\" width=\"104\" height=\"36\">\u00a0\u03a660mm\/ \u03a642mm<\/td>\n<td class=\"et4\" width=\"104\">\u00a0\u03a660mm\/ \u03a642mm<\/td>\n<td class=\"et4\" width=\"104\">\u00a0\u03a660mm\/ \u03a642mm<\/td>\n<td class=\"et4\" width=\"104\">\u00a0\u03a660mm\/ \u03a642mm<\/td>\n<td class=\"et4\" width=\"104\">\u00a0\u03a660mm\/ \u03a642mm<\/td>\n<td class=\"et4\" width=\"104\">\u00a0\u03a660mm\/ \u03a642mm<\/td>\n<\/tr>\n<tr>\n<td class=\"et4\" width=\"104\" height=\"36\">4-6m<\/td>\n<td class=\"et4\" width=\"104\">4-6m<\/td>\n<td class=\"et4\" width=\"104\">4-6m<\/td>\n<td class=\"et4\" width=\"104\">6-8m<\/td>\n<td class=\"et4\" width=\"104\">6-8m<\/td>\n<td class=\"et4\" width=\"104\">8-10m<\/td>\n<\/tr>\n<tr>\n<td class=\"et4\" width=\"104\" height=\"36\">6.0kg<\/td>\n<td class=\"et4\" width=\"104\">6.0kg<\/td>\n<td class=\"et4\" width=\"104\">6.1kg<\/td>\n<td class=\"et4\" width=\"104\">8.0kg<\/td>\n<td class=\"et4\" width=\"104\">8.0kg<\/td>\n<td class=\"et4\" width=\"104\">8.2kg<\/td>\n<\/tr>\n<tr>\n<td class=\"et4\" width=\"104\" height=\"36\">7.0kg<\/td>\n<td class=\"et4\" width=\"104\">7.0kg<\/td>\n<td class=\"et4\" width=\"104\">7.1kg<\/td>\n<td class=\"et4\" width=\"104\">9.5kg<\/td>\n<td class=\"et4\" width=\"104\">9.5kg<\/td>\n<td class=\"et4\" width=\"104\">9.7kg<\/td>\n<\/tr>\n<tr>\n<td class=\"et4\" width=\"104\" height=\"36\">550x230x115mm<\/td>\n<td class=\"et4\" width=\"104\">550x230x115mm<\/td>\n<td class=\"et4\" width=\"104\">550x230x115mm<\/td>\n<td class=\"et4\" width=\"104\">617*263*119mm<\/td>\n<td class=\"et4\" width=\"104\">617*263*119mm<\/td>\n<td class=\"et4\" width=\"104\">617*263*119mm<\/td>\n<\/tr>\n<tr>\n<td class=\"et4\" width=\"104\" height=\"36\">600*270*160mm<\/td>\n<td class=\"et4\" width=\"104\">600*270*160mm<\/td>\n<td class=\"et4\" width=\"104\">600*270*160mm<\/td>\n<td class=\"et4\" width=\"104\">660*295*165mm<\/td>\n<td class=\"et4\" width=\"104\">660*295*165mm<\/td>\n<td class=\"et4\" width=\"104\">660*295*165mm<\/td>\n<\/tr>\n<\/tbody>\n<\/table>\n<p>Retrouvez l&rsquo;ensemble de notre gamme <em>\u00e9clairage LED urbain<\/em> <a href=\"https:\/\/altrisacces.fr\/index.php\/categorie-produit\/eclairages-urbains\/\">ici<\/a><\/p>\n","protected":false},"excerpt":{"rendered":"<p>L&rsquo;\u00e9clairage led urbain EPJD-1053 \u00e0 une surface anit-ageing electrostatic Led street light.<\/p>\n<p>Le design moderne s&rsquo;int\u00e8gre parfaitement \u00e0 l&rsquo;environnement, ce qui en fait un projet de premier plan.<br \/>\nUtilisation de mat\u00e9riaux de moulage sous pression en aluminium \u00e0 haute r\u00e9sistance, traitement de pulv\u00e9risation \u00e9lectrostatique afin d&rsquo;\u00e9viter le vieillissement pr\u00e9matur\u00e9 des surfaces, tr\u00e8s r\u00e9sistance \u00e0 la corrosion.<\/p>\n<ul>\n<li>Sources lumineuses LED et alimentation de Haute\u00a0qualit\u00e9 \u00a0garantie 7 ans ;<\/li>\n<li>Une intensit\u00e9 lumineuse\u00a0tr\u00e8s\u00a0importante<\/li>\n<li>Orientable de diff\u00e9rentes mani\u00e8res\u00a0: positions horizontales ou verticales (r\u00e9glable sur 90\u00b0) sur un tube de \u00a060mm.<\/li>\n<\/ul>\n","protected":false},"featured_media":549,"comment_status":"open","ping_status":"closed","template":"","meta":{"_acf_changed":false},"product_cat":[28,36,29],"product_tag":[],"class_list":{"0":"post-546","1":"product","2":"type-product","3":"status-publish","4":"has-post-thumbnail","6":"product_cat-eclairages-urbains","7":"product_cat-gamme-filaire","8":"product_cat-nouveautes","10":"first","11":"instock","12":"shipping-taxable","13":"product-type-simple"},"acf":[],"yoast_head":"<!-- This site is optimized with the Yoast SEO plugin v22.9 - https:\/\/yoast.com\/wordpress\/plugins\/seo\/ -->\n<title>Eclairage led urbain EPJD-1053 - Altris | Eclairages LED<\/title>\n<meta name=\"description\" content=\"L&#039;\u00e9clairage led urbain EPJD-1053 offre un design moderne qui s&#039;int\u00e8gre parfaitement \u00e0 l&#039;environnement, ce qui en fait un projet de premier plan.\" \/>\n<meta name=\"robots\" content=\"index, follow, max-snippet:-1, max-image-preview:large, max-video-preview:-1\" \/>\n<link rel=\"canonical\" href=\"https:\/\/altrisacces.fr\/index.php\/produit\/eclairage-led-urbain-epjd-1053\/\" \/>\n<meta property=\"og:locale\" content=\"fr_FR\" \/>\n<meta property=\"og:type\" content=\"article\" \/>\n<meta property=\"og:title\" content=\"Eclairage led urbain EPJD-1053 - Altris | Eclairages LED\" \/>\n<meta property=\"og:description\" content=\"L&#039;\u00e9clairage led urbain EPJD-1053 offre un design moderne qui s&#039;int\u00e8gre parfaitement \u00e0 l&#039;environnement, ce qui en fait un projet de premier plan.\" \/>\n<meta property=\"og:url\" content=\"https:\/\/altrisacces.fr\/index.php\/produit\/eclairage-led-urbain-epjd-1053\/\" \/>\n<meta property=\"og:site_name\" content=\"Altris\" \/>\n<meta property=\"article:modified_time\" content=\"2024-06-18T09:12:04+00:00\" \/>\n<meta property=\"og:image\" content=\"https:\/\/altrisacces.fr\/wp-content\/uploads\/2023\/11\/EPJD-1053-1.png\" \/>\n\t<meta property=\"og:image:width\" content=\"800\" \/>\n\t<meta property=\"og:image:height\" content=\"800\" \/>\n\t<meta property=\"og:image:type\" content=\"image\/png\" \/>\n<meta name=\"twitter:card\" content=\"summary_large_image\" \/>\n<meta name=\"twitter:label1\" content=\"Dur\u00e9e de lecture estim\u00e9e\" \/>\n\t<meta name=\"twitter:data1\" content=\"2 minutes\" \/>\n<script type=\"application\/ld+json\" class=\"yoast-schema-graph\">{\"@context\":\"https:\/\/schema.org\",\"@graph\":[{\"@type\":\"WebPage\",\"@id\":\"https:\/\/altrisacces.fr\/index.php\/produit\/eclairage-led-urbain-epjd-1053\/\",\"url\":\"https:\/\/altrisacces.fr\/index.php\/produit\/eclairage-led-urbain-epjd-1053\/\",\"name\":\"Eclairage led urbain EPJD-1053 - Altris | Eclairages LED\",\"isPartOf\":{\"@id\":\"https:\/\/altrisacces.fr\/#website\"},\"primaryImageOfPage\":{\"@id\":\"https:\/\/altrisacces.fr\/index.php\/produit\/eclairage-led-urbain-epjd-1053\/#primaryimage\"},\"image\":{\"@id\":\"https:\/\/altrisacces.fr\/index.php\/produit\/eclairage-led-urbain-epjd-1053\/#primaryimage\"},\"thumbnailUrl\":\"https:\/\/altrisacces.fr\/wp-content\/uploads\/2023\/11\/EPJD-1053-1.png\",\"datePublished\":\"2023-11-09T10:53:05+00:00\",\"dateModified\":\"2024-06-18T09:12:04+00:00\",\"description\":\"L'\u00e9clairage led urbain EPJD-1053 offre un design moderne qui s'int\u00e8gre parfaitement \u00e0 l'environnement, ce qui en fait un projet de premier plan.\",\"breadcrumb\":{\"@id\":\"https:\/\/altrisacces.fr\/index.php\/produit\/eclairage-led-urbain-epjd-1053\/#breadcrumb\"},\"inLanguage\":\"fr-FR\",\"potentialAction\":[{\"@type\":\"ReadAction\",\"target\":[\"https:\/\/altrisacces.fr\/index.php\/produit\/eclairage-led-urbain-epjd-1053\/\"]}]},{\"@type\":\"ImageObject\",\"inLanguage\":\"fr-FR\",\"@id\":\"https:\/\/altrisacces.fr\/index.php\/produit\/eclairage-led-urbain-epjd-1053\/#primaryimage\",\"url\":\"https:\/\/altrisacces.fr\/wp-content\/uploads\/2023\/11\/EPJD-1053-1.png\",\"contentUrl\":\"https:\/\/altrisacces.fr\/wp-content\/uploads\/2023\/11\/EPJD-1053-1.png\",\"width\":800,\"height\":800,\"caption\":\"Eclairage led urbain\"},{\"@type\":\"BreadcrumbList\",\"@id\":\"https:\/\/altrisacces.fr\/index.php\/produit\/eclairage-led-urbain-epjd-1053\/#breadcrumb\",\"itemListElement\":[{\"@type\":\"ListItem\",\"position\":1,\"name\":\"Accueil\",\"item\":\"https:\/\/altrisacces.fr\/\"},{\"@type\":\"ListItem\",\"position\":2,\"name\":\"Produits\",\"item\":\"https:\/\/altrisacces.fr\/index.php\/produits\/\"},{\"@type\":\"ListItem\",\"position\":3,\"name\":\"Eclairage led urbain EPJD-1053\"}]},{\"@type\":\"WebSite\",\"@id\":\"https:\/\/altrisacces.fr\/#website\",\"url\":\"https:\/\/altrisacces.fr\/\",\"name\":\"Altris\",\"description\":\"\u00e9clairage LED public, ext\u00e9rieur, tertiaire et industriel\",\"publisher\":{\"@id\":\"https:\/\/altrisacces.fr\/#organization\"},\"potentialAction\":[{\"@type\":\"SearchAction\",\"target\":{\"@type\":\"EntryPoint\",\"urlTemplate\":\"https:\/\/altrisacces.fr\/?s={search_term_string}\"},\"query-input\":\"required name=search_term_string\"}],\"inLanguage\":\"fr-FR\"},{\"@type\":\"Organization\",\"@id\":\"https:\/\/altrisacces.fr\/#organization\",\"name\":\"Altris\",\"url\":\"https:\/\/altrisacces.fr\/\",\"logo\":{\"@type\":\"ImageObject\",\"inLanguage\":\"fr-FR\",\"@id\":\"https:\/\/altrisacces.fr\/#\/schema\/logo\/image\/\",\"url\":\"https:\/\/altrisacces.fr\/wp-content\/uploads\/2023\/10\/logo_Altris.png\",\"contentUrl\":\"https:\/\/altrisacces.fr\/wp-content\/uploads\/2023\/10\/logo_Altris.png\",\"width\":1579,\"height\":1006,\"caption\":\"Altris\"},\"image\":{\"@id\":\"https:\/\/altrisacces.fr\/#\/schema\/logo\/image\/\"}}]}<\/script>\n<!-- \/ Yoast SEO plugin. -->","yoast_head_json":{"title":"Eclairage led urbain EPJD-1053 - Altris | Eclairages LED","description":"L'\u00e9clairage led urbain EPJD-1053 offre un design moderne qui s'int\u00e8gre parfaitement \u00e0 l'environnement, ce qui en fait un projet de premier plan.","robots":{"index":"index","follow":"follow","max-snippet":"max-snippet:-1","max-image-preview":"max-image-preview:large","max-video-preview":"max-video-preview:-1"},"canonical":"https:\/\/altrisacces.fr\/index.php\/produit\/eclairage-led-urbain-epjd-1053\/","og_locale":"fr_FR","og_type":"article","og_title":"Eclairage led urbain EPJD-1053 - Altris | Eclairages LED","og_description":"L'\u00e9clairage led urbain EPJD-1053 offre un design moderne qui s'int\u00e8gre parfaitement \u00e0 l'environnement, ce qui en fait un projet de premier plan.","og_url":"https:\/\/altrisacces.fr\/index.php\/produit\/eclairage-led-urbain-epjd-1053\/","og_site_name":"Altris","article_modified_time":"2024-06-18T09:12:04+00:00","og_image":[{"width":800,"height":800,"url":"https:\/\/altrisacces.fr\/wp-content\/uploads\/2023\/11\/EPJD-1053-1.png","type":"image\/png"}],"twitter_card":"summary_large_image","twitter_misc":{"Dur\u00e9e de lecture estim\u00e9e":"2 minutes"},"schema":{"@context":"https:\/\/schema.org","@graph":[{"@type":"WebPage","@id":"https:\/\/altrisacces.fr\/index.php\/produit\/eclairage-led-urbain-epjd-1053\/","url":"https:\/\/altrisacces.fr\/index.php\/produit\/eclairage-led-urbain-epjd-1053\/","name":"Eclairage led urbain EPJD-1053 - Altris | Eclairages LED","isPartOf":{"@id":"https:\/\/altrisacces.fr\/#website"},"primaryImageOfPage":{"@id":"https:\/\/altrisacces.fr\/index.php\/produit\/eclairage-led-urbain-epjd-1053\/#primaryimage"},"image":{"@id":"https:\/\/altrisacces.fr\/index.php\/produit\/eclairage-led-urbain-epjd-1053\/#primaryimage"},"thumbnailUrl":"https:\/\/altrisacces.fr\/wp-content\/uploads\/2023\/11\/EPJD-1053-1.png","datePublished":"2023-11-09T10:53:05+00:00","dateModified":"2024-06-18T09:12:04+00:00","description":"L'\u00e9clairage led urbain EPJD-1053 offre un design moderne qui s'int\u00e8gre parfaitement \u00e0 l'environnement, ce qui en fait un projet de premier plan.","breadcrumb":{"@id":"https:\/\/altrisacces.fr\/index.php\/produit\/eclairage-led-urbain-epjd-1053\/#breadcrumb"},"inLanguage":"fr-FR","potentialAction":[{"@type":"ReadAction","target":["https:\/\/altrisacces.fr\/index.php\/produit\/eclairage-led-urbain-epjd-1053\/"]}]},{"@type":"ImageObject","inLanguage":"fr-FR","@id":"https:\/\/altrisacces.fr\/index.php\/produit\/eclairage-led-urbain-epjd-1053\/#primaryimage","url":"https:\/\/altrisacces.fr\/wp-content\/uploads\/2023\/11\/EPJD-1053-1.png","contentUrl":"https:\/\/altrisacces.fr\/wp-content\/uploads\/2023\/11\/EPJD-1053-1.png","width":800,"height":800,"caption":"Eclairage led urbain"},{"@type":"BreadcrumbList","@id":"https:\/\/altrisacces.fr\/index.php\/produit\/eclairage-led-urbain-epjd-1053\/#breadcrumb","itemListElement":[{"@type":"ListItem","position":1,"name":"Accueil","item":"https:\/\/altrisacces.fr\/"},{"@type":"ListItem","position":2,"name":"Produits","item":"https:\/\/altrisacces.fr\/index.php\/produits\/"},{"@type":"ListItem","position":3,"name":"Eclairage led urbain EPJD-1053"}]},{"@type":"WebSite","@id":"https:\/\/altrisacces.fr\/#website","url":"https:\/\/altrisacces.fr\/","name":"Altris","description":"\u00e9clairage LED public, ext\u00e9rieur, tertiaire et industriel","publisher":{"@id":"https:\/\/altrisacces.fr\/#organization"},"potentialAction":[{"@type":"SearchAction","target":{"@type":"EntryPoint","urlTemplate":"https:\/\/altrisacces.fr\/?s={search_term_string}"},"query-input":"required name=search_term_string"}],"inLanguage":"fr-FR"},{"@type":"Organization","@id":"https:\/\/altrisacces.fr\/#organization","name":"Altris","url":"https:\/\/altrisacces.fr\/","logo":{"@type":"ImageObject","inLanguage":"fr-FR","@id":"https:\/\/altrisacces.fr\/#\/schema\/logo\/image\/","url":"https:\/\/altrisacces.fr\/wp-content\/uploads\/2023\/10\/logo_Altris.png","contentUrl":"https:\/\/altrisacces.fr\/wp-content\/uploads\/2023\/10\/logo_Altris.png","width":1579,"height":1006,"caption":"Altris"},"image":{"@id":"https:\/\/altrisacces.fr\/#\/schema\/logo\/image\/"}}]}},"_links":{"self":[{"href":"https:\/\/altrisacces.fr\/index.php\/wp-json\/wp\/v2\/product\/546","targetHints":{"allow":["GET"]}}],"collection":[{"href":"https:\/\/altrisacces.fr\/index.php\/wp-json\/wp\/v2\/product"}],"about":[{"href":"https:\/\/altrisacces.fr\/index.php\/wp-json\/wp\/v2\/types\/product"}],"replies":[{"embeddable":true,"href":"https:\/\/altrisacces.fr\/index.php\/wp-json\/wp\/v2\/comments?post=546"}],"wp:featuredmedia":[{"embeddable":true,"href":"https:\/\/altrisacces.fr\/index.php\/wp-json\/wp\/v2\/media\/549"}],"wp:attachment":[{"href":"https:\/\/altrisacces.fr\/index.php\/wp-json\/wp\/v2\/media?parent=546"}],"wp:term":[{"taxonomy":"product_cat","embeddable":true,"href":"https:\/\/altrisacces.fr\/index.php\/wp-json\/wp\/v2\/product_cat?post=546"},{"taxonomy":"product_tag","embeddable":true,"href":"https:\/\/altrisacces.fr\/index.php\/wp-json\/wp\/v2\/product_tag?post=546"}],"curies":[{"name":"wp","href":"https:\/\/api.w.org\/{rel}","templated":true}]}}