{"id":558,"date":"2023-11-09T12:01:12","date_gmt":"2023-11-09T11:01:12","guid":{"rendered":"https:\/\/altrisacces.fr\/?post_type=product&#038;p=558"},"modified":"2024-06-18T11:25:57","modified_gmt":"2024-06-18T09:25:57","slug":"eclairage-led-urbain-epjd-1054","status":"publish","type":"product","link":"https:\/\/altrisacces.fr\/index.php\/produit\/eclairage-led-urbain-epjd-1054\/","title":{"rendered":"Eclairage led urbain EPJD-1054"},"content":{"rendered":"<p>L&rsquo;\u00e9clairage led urbain EPJD-1054 offre un design moderne s&rsquo;int\u00e8gre parfaitement \u00e0 l&rsquo;environnement, ce qui en fait un projet de premier plan.<\/p>\n<h2>Fonctionnalit\u00e9s de l&rsquo;\u00e9clairage led urbain EPJD-1054<\/h2>\n<div class=\"text column\">\n<ul>\n<li>InputVoltage:AC100240V,50\/60Hz,IP66,IK08<\/li>\n<li>Diff\u00e9rents types de lentilles au choix.<\/li>\n<\/ul>\n<\/div>\n<h2>Caract\u00e9ristiques<\/h2>\n<table border=\"1\" width=\"100%\" cellspacing=\"0\" cellpadding=\"0\">\n<tbody>\n<tr>\n<td class=\"et3\" width=\"115\" height=\"30\">Product Code<\/td>\n<td class=\"et4\" width=\"115\">EPJD-1054A<\/td>\n<td class=\"et4\" width=\"115\">EPJD-1054B<\/td>\n<td class=\"et4\" width=\"115\">EPJD-1054C<\/td>\n<td class=\"et4\" width=\"115\">EPJD-1055A<\/td>\n<td class=\"et4\" width=\"115\">EPJD-1055B<\/td>\n<\/tr>\n<tr>\n<td class=\"et6\" width=\"115\" height=\"30\">LED Current (mA)<\/td>\n<td class=\"et7\" width=\"115\">50mA 5050\/67mA 3030<\/td>\n<td class=\"et7\" width=\"115\">54mA 5050\/67mA 3030<\/td>\n<td class=\"et7\" width=\"115\">63mA 5050\/84mA 3030<\/td>\n<td class=\"et7\" width=\"115\">700mA<\/td>\n<td class=\"et7\" width=\"115\">700mA<\/td>\n<\/tr>\n<tr>\n<td class=\"et6\" width=\"115\" height=\"30\">LED Quantity<\/td>\n<td class=\"et7\" width=\"115\">24pcs 5050\/72pcs 3030<\/td>\n<td class=\"et7\" width=\"115\">48pcs 5050\/144pcs 3030<\/td>\n<td class=\"et7\" width=\"115\">64pcs 5050\/192pcs 3030<\/td>\n<td class=\"et7\" width=\"115\">CXA2520<\/td>\n<td class=\"et7\" width=\"115\">CXA2520<\/td>\n<\/tr>\n<tr>\n<td class=\"et6\" width=\"115\" height=\"30\">Rate Power<\/td>\n<td class=\"et7\" width=\"115\">30W<\/td>\n<td class=\"et7\" width=\"115\">60W<\/td>\n<td class=\"et7\" width=\"115\">100W<\/td>\n<td class=\"et7\" width=\"115\">25W<\/td>\n<td class=\"et7\" width=\"115\">25W<\/td>\n<\/tr>\n<tr>\n<td class=\"et6\" width=\"115\" height=\"30\">Color Temperature<\/td>\n<td class=\"et7\" width=\"115\">6500\/4000\/3000K<\/td>\n<td class=\"et7\" width=\"115\">6500\/4000\/3000K<\/td>\n<td class=\"et7\" width=\"115\">6500\/4000\/3000K<\/td>\n<td class=\"et7\" width=\"115\">6500\/4000\/3000K<\/td>\n<td class=\"et7\" width=\"115\">6500\/4000\/3000K<\/td>\n<\/tr>\n<tr>\n<td class=\"et6\" width=\"115\" height=\"30\">Luminary EER<\/td>\n<td class=\"et7\" width=\"115\">140lm\/w(5050)<br \/>\n130lm\/w(3030)<\/td>\n<td class=\"et7\" width=\"115\">140lm\/w(5050)<br \/>\n130lm\/w(3030)<\/td>\n<td class=\"et7\" width=\"115\">140lm\/w(5050)<br \/>\n130lm\/w(3030)<\/td>\n<td class=\"et7\" width=\"115\">60lm\/w<\/td>\n<td class=\"et7\" width=\"115\">60lm\/w<\/td>\n<\/tr>\n<tr>\n<td class=\"et6\" width=\"115\" height=\"30\">Input Voltage<\/td>\n<td class=\"et7\" width=\"115\">AC100-277V<\/td>\n<td class=\"et7\" width=\"115\">AC100-277V<\/td>\n<td class=\"et7\" width=\"115\">AC100-277V<\/td>\n<td class=\"et7\" width=\"115\">AC100-277V<\/td>\n<td class=\"et7\" width=\"115\">AC100-277V<\/td>\n<\/tr>\n<tr>\n<td class=\"et6\" width=\"115\" height=\"30\">Frequency Range<\/td>\n<td class=\"et7\" width=\"115\">50\/60Hz<\/td>\n<td class=\"et7\" width=\"115\">50\/60Hz<\/td>\n<td class=\"et7\" width=\"115\">50\/60Hz<\/td>\n<td class=\"et7\" width=\"115\">50\/60Hz<\/td>\n<td class=\"et7\" width=\"115\">50\/60Hz<\/td>\n<\/tr>\n<tr>\n<td class=\"et6\" width=\"115\" height=\"30\">Color Temperature<\/td>\n<td class=\"et7\" width=\"115\">RA75<\/td>\n<td class=\"et7\" width=\"115\">RA75<\/td>\n<td class=\"et7\" width=\"115\">RA75<\/td>\n<td class=\"et7\" width=\"115\">RA75<\/td>\n<td class=\"et7\" width=\"115\">RA75<\/td>\n<\/tr>\n<tr>\n<td class=\"et6\" width=\"115\" height=\"30\">Temperature of working condition<\/td>\n<td class=\"et10\" width=\"115\">-40<span class=\"font1\">\u2103<\/span><span class=\"font4\">\u00a0 &#8211;\u00a0 50<\/span><span class=\"font1\">\u2103<\/span><\/td>\n<td class=\"et10\" width=\"115\">-40<span class=\"font1\">\u2103<\/span><span class=\"font4\">\u00a0 &#8211;\u00a0 50<\/span><span class=\"font1\">\u2103<\/span><\/td>\n<td class=\"et10\" width=\"115\">-40<span class=\"font1\">\u2103<\/span><span class=\"font4\">\u00a0 &#8211;\u00a0 50<\/span><span class=\"font1\">\u2103<\/span><\/td>\n<td class=\"et7\" width=\"115\">-40\u2103\u00a0 &#8211;\u00a0 50\u2103<\/td>\n<td class=\"et7\" width=\"115\">-40\u2103\u00a0 &#8211;\u00a0 50\u2103<\/td>\n<\/tr>\n<tr>\n<td class=\"et6\" width=\"115\" height=\"30\">humidity of working condition<\/td>\n<td class=\"et10\" width=\"115\">20%-90%<\/td>\n<td class=\"et10\" width=\"115\">20%-90%<\/td>\n<td class=\"et10\" width=\"115\">20%-90%<\/td>\n<td class=\"et7\" width=\"115\">20%-90%<\/td>\n<td class=\"et7\" width=\"115\">20%-90%<\/td>\n<\/tr>\n<tr>\n<td class=\"et6\" width=\"115\" height=\"30\">LED life time<\/td>\n<td class=\"et7\" width=\"115\">70000h<\/td>\n<td class=\"et7\" width=\"115\">70000h<\/td>\n<td class=\"et7\" width=\"115\">70000h<\/td>\n<td class=\"et7\" width=\"115\">70000h<\/td>\n<td class=\"et7\" width=\"115\">70000h<\/td>\n<\/tr>\n<tr>\n<td class=\"et6\" width=\"115\" height=\"30\">Protestion Grade<\/td>\n<td class=\"et7\" width=\"115\">IP66<\/td>\n<td class=\"et7\" width=\"115\">IP66<\/td>\n<td class=\"et7\" width=\"115\">IP66<\/td>\n<td class=\"et7\" width=\"115\">IP66<\/td>\n<td class=\"et7\" width=\"115\">IP66<\/td>\n<\/tr>\n<tr>\n<td class=\"et6\" width=\"115\" height=\"30\">Installation Pipe Dia<\/td>\n<td class=\"et7\" width=\"115\">\u03a660mm\/\u03a676mm<\/td>\n<td class=\"et7\" width=\"115\">\u03a660mm\/\u03a676mm<\/td>\n<td class=\"et7\" width=\"115\">\u03a660mm\/\u03a676mm<\/td>\n<td class=\"et7\" width=\"115\">\u03a660mm\/\u03a676mm<\/td>\n<td class=\"et7\" width=\"115\">\u03a660mm\/\u03a676mm<\/td>\n<\/tr>\n<tr>\n<td class=\"et6\" width=\"115\" height=\"30\">Installation Height<\/td>\n<td class=\"et7\" width=\"115\">3-5m<\/td>\n<td class=\"et7\" width=\"115\">5-8m<\/td>\n<td class=\"et7\" width=\"115\">8-10m<\/td>\n<td class=\"et7\" width=\"115\">3-5m<\/td>\n<td class=\"et7\" width=\"115\">3-5m<\/td>\n<\/tr>\n<tr>\n<td class=\"et6\" width=\"115\" height=\"30\">Net Weight<\/td>\n<td class=\"et11\" width=\"115\">7.9kg<\/td>\n<td class=\"et11\" width=\"115\">8.46kg<\/td>\n<td class=\"et11\" width=\"115\">8.6kg<\/td>\n<td class=\"et7\" width=\"115\">7.9kg<\/td>\n<td class=\"et7\" width=\"115\">7.9kg<\/td>\n<\/tr>\n<tr>\n<td class=\"et6\" width=\"115\" height=\"30\">Gross Weight<\/td>\n<td class=\"et11\" width=\"115\">9.1kg<\/td>\n<td class=\"et11\" width=\"115\">9.66kg<\/td>\n<td class=\"et11\" width=\"115\">10kg<\/td>\n<td class=\"et7\" width=\"115\">9.1kg<\/td>\n<td class=\"et7\" width=\"115\">9.1kg<\/td>\n<\/tr>\n<tr>\n<td class=\"et6\" width=\"115\" height=\"30\">Product Size<\/td>\n<td class=\"et7\" width=\"115\">580*450*720mm<\/td>\n<td class=\"et7\" width=\"115\">580*450*720mm<\/td>\n<td class=\"et7\" width=\"115\">580*450*720mm<\/td>\n<td class=\"et7\" width=\"115\">580*450*720mm<\/td>\n<td class=\"et7\" width=\"115\">580*450*720mm<\/td>\n<\/tr>\n<tr>\n<td class=\"et6\" width=\"115\" height=\"30\">Packing Size<\/td>\n<td class=\"et7\" width=\"115\">555*505*270mm<\/td>\n<td class=\"et7\" width=\"115\">555*505*270mm<\/td>\n<td class=\"et7\" width=\"115\">555*505*270mm<\/td>\n<td class=\"et7\" width=\"115\">555*505*270mm<\/td>\n<td class=\"et7\" width=\"115\">555*505*270mm<\/td>\n<\/tr>\n<\/tbody>\n<\/table>\n<p>&nbsp;<\/p>\n<p>Retrouvez l&rsquo;ensemble de notre gamme <em>\u00e9clairage LED urbain<\/em> <a href=\"https:\/\/altrisacces.fr\/index.php\/categorie-produit\/eclairages-urbains\/\">ici<\/a><\/p>\n","protected":false},"excerpt":{"rendered":"<p>L&rsquo;\u00e9clairage led urbain EPJD-1054 offre un design moderne s&rsquo;int\u00e8gre parfaitement \u00e0 l&rsquo;environnement, ce qui en fait un projet de premier plan.<br \/>\nUtilisation de mat\u00e9riaux de moulage sous pression en aluminium \u00e0 haute r\u00e9sistance, traitement de pulv\u00e9risation \u00e9lectrostatique afin d&rsquo;\u00e9viter le vieillissement pr\u00e9matur\u00e9 des surfaces, tr\u00e8s r\u00e9sistance \u00e0 la corrosion.<\/p>\n<p>L&rsquo;\u00e9clairage led urbain EPJD-1054 \u00e0 une surface anit-ageing electrostatic Led street light . Couvercle en verre tremp\u00e9 tr\u00e8s transparent, haute r\u00e9sistance aux chocs.<\/p>\n","protected":false},"featured_media":577,"comment_status":"open","ping_status":"closed","template":"","meta":{"_acf_changed":false},"product_cat":[28,36,29],"product_tag":[],"class_list":{"0":"post-558","1":"product","2":"type-product","3":"status-publish","4":"has-post-thumbnail","6":"product_cat-eclairages-urbains","7":"product_cat-gamme-filaire","8":"product_cat-nouveautes","10":"first","11":"instock","12":"shipping-taxable","13":"product-type-simple"},"acf":[],"yoast_head":"<!-- This site is optimized with the Yoast SEO plugin v22.9 - https:\/\/yoast.com\/wordpress\/plugins\/seo\/ -->\n<title>Eclairage led urbain EPJD-1054 - Altris | Eclairages LED<\/title>\n<meta name=\"description\" content=\"L&#039;\u00e9clairage led urbain EPJD-1054 offre un design moderne s&#039;int\u00e8gre parfaitement \u00e0 l&#039;environnement, ce qui en fait un projet de premier plan.\" \/>\n<meta name=\"robots\" content=\"index, follow, max-snippet:-1, max-image-preview:large, max-video-preview:-1\" \/>\n<link rel=\"canonical\" href=\"https:\/\/altrisacces.fr\/index.php\/produit\/eclairage-led-urbain-epjd-1054\/\" \/>\n<meta property=\"og:locale\" content=\"fr_FR\" \/>\n<meta property=\"og:type\" content=\"article\" \/>\n<meta property=\"og:title\" content=\"Eclairage led urbain EPJD-1054 - Altris | Eclairages LED\" \/>\n<meta property=\"og:description\" content=\"L&#039;\u00e9clairage led urbain EPJD-1054 offre un design moderne s&#039;int\u00e8gre parfaitement \u00e0 l&#039;environnement, ce qui en fait un projet de premier plan.\" \/>\n<meta property=\"og:url\" content=\"https:\/\/altrisacces.fr\/index.php\/produit\/eclairage-led-urbain-epjd-1054\/\" \/>\n<meta property=\"og:site_name\" content=\"Altris\" \/>\n<meta property=\"article:modified_time\" content=\"2024-06-18T09:25:57+00:00\" \/>\n<meta property=\"og:image\" content=\"https:\/\/altrisacces.fr\/wp-content\/uploads\/2023\/11\/EPJD-1054.jpg\" \/>\n\t<meta property=\"og:image:width\" content=\"1978\" \/>\n\t<meta property=\"og:image:height\" content=\"2486\" \/>\n\t<meta property=\"og:image:type\" content=\"image\/jpeg\" \/>\n<meta name=\"twitter:card\" content=\"summary_large_image\" \/>\n<meta name=\"twitter:label1\" content=\"Dur\u00e9e de lecture estim\u00e9e\" \/>\n\t<meta name=\"twitter:data1\" content=\"2 minutes\" \/>\n<script type=\"application\/ld+json\" class=\"yoast-schema-graph\">{\"@context\":\"https:\/\/schema.org\",\"@graph\":[{\"@type\":\"WebPage\",\"@id\":\"https:\/\/altrisacces.fr\/index.php\/produit\/eclairage-led-urbain-epjd-1054\/\",\"url\":\"https:\/\/altrisacces.fr\/index.php\/produit\/eclairage-led-urbain-epjd-1054\/\",\"name\":\"Eclairage led urbain EPJD-1054 - Altris | Eclairages LED\",\"isPartOf\":{\"@id\":\"https:\/\/altrisacces.fr\/#website\"},\"primaryImageOfPage\":{\"@id\":\"https:\/\/altrisacces.fr\/index.php\/produit\/eclairage-led-urbain-epjd-1054\/#primaryimage\"},\"image\":{\"@id\":\"https:\/\/altrisacces.fr\/index.php\/produit\/eclairage-led-urbain-epjd-1054\/#primaryimage\"},\"thumbnailUrl\":\"https:\/\/altrisacces.fr\/wp-content\/uploads\/2023\/11\/EPJD-1054.jpg\",\"datePublished\":\"2023-11-09T11:01:12+00:00\",\"dateModified\":\"2024-06-18T09:25:57+00:00\",\"description\":\"L'\u00e9clairage led urbain EPJD-1054 offre un design moderne s'int\u00e8gre parfaitement \u00e0 l'environnement, ce qui en fait un projet de premier plan.\",\"breadcrumb\":{\"@id\":\"https:\/\/altrisacces.fr\/index.php\/produit\/eclairage-led-urbain-epjd-1054\/#breadcrumb\"},\"inLanguage\":\"fr-FR\",\"potentialAction\":[{\"@type\":\"ReadAction\",\"target\":[\"https:\/\/altrisacces.fr\/index.php\/produit\/eclairage-led-urbain-epjd-1054\/\"]}]},{\"@type\":\"ImageObject\",\"inLanguage\":\"fr-FR\",\"@id\":\"https:\/\/altrisacces.fr\/index.php\/produit\/eclairage-led-urbain-epjd-1054\/#primaryimage\",\"url\":\"https:\/\/altrisacces.fr\/wp-content\/uploads\/2023\/11\/EPJD-1054.jpg\",\"contentUrl\":\"https:\/\/altrisacces.fr\/wp-content\/uploads\/2023\/11\/EPJD-1054.jpg\",\"width\":1978,\"height\":2486},{\"@type\":\"BreadcrumbList\",\"@id\":\"https:\/\/altrisacces.fr\/index.php\/produit\/eclairage-led-urbain-epjd-1054\/#breadcrumb\",\"itemListElement\":[{\"@type\":\"ListItem\",\"position\":1,\"name\":\"Accueil\",\"item\":\"https:\/\/altrisacces.fr\/\"},{\"@type\":\"ListItem\",\"position\":2,\"name\":\"Produits\",\"item\":\"https:\/\/altrisacces.fr\/index.php\/produits\/\"},{\"@type\":\"ListItem\",\"position\":3,\"name\":\"Eclairage led urbain EPJD-1054\"}]},{\"@type\":\"WebSite\",\"@id\":\"https:\/\/altrisacces.fr\/#website\",\"url\":\"https:\/\/altrisacces.fr\/\",\"name\":\"Altris\",\"description\":\"\u00e9clairage LED public, ext\u00e9rieur, tertiaire et industriel\",\"publisher\":{\"@id\":\"https:\/\/altrisacces.fr\/#organization\"},\"potentialAction\":[{\"@type\":\"SearchAction\",\"target\":{\"@type\":\"EntryPoint\",\"urlTemplate\":\"https:\/\/altrisacces.fr\/?s={search_term_string}\"},\"query-input\":\"required name=search_term_string\"}],\"inLanguage\":\"fr-FR\"},{\"@type\":\"Organization\",\"@id\":\"https:\/\/altrisacces.fr\/#organization\",\"name\":\"Altris\",\"url\":\"https:\/\/altrisacces.fr\/\",\"logo\":{\"@type\":\"ImageObject\",\"inLanguage\":\"fr-FR\",\"@id\":\"https:\/\/altrisacces.fr\/#\/schema\/logo\/image\/\",\"url\":\"https:\/\/altrisacces.fr\/wp-content\/uploads\/2023\/10\/logo_Altris.png\",\"contentUrl\":\"https:\/\/altrisacces.fr\/wp-content\/uploads\/2023\/10\/logo_Altris.png\",\"width\":1579,\"height\":1006,\"caption\":\"Altris\"},\"image\":{\"@id\":\"https:\/\/altrisacces.fr\/#\/schema\/logo\/image\/\"}}]}<\/script>\n<!-- \/ Yoast SEO plugin. -->","yoast_head_json":{"title":"Eclairage led urbain EPJD-1054 - Altris | Eclairages LED","description":"L'\u00e9clairage led urbain EPJD-1054 offre un design moderne s'int\u00e8gre parfaitement \u00e0 l'environnement, ce qui en fait un projet de premier plan.","robots":{"index":"index","follow":"follow","max-snippet":"max-snippet:-1","max-image-preview":"max-image-preview:large","max-video-preview":"max-video-preview:-1"},"canonical":"https:\/\/altrisacces.fr\/index.php\/produit\/eclairage-led-urbain-epjd-1054\/","og_locale":"fr_FR","og_type":"article","og_title":"Eclairage led urbain EPJD-1054 - Altris | Eclairages LED","og_description":"L'\u00e9clairage led urbain EPJD-1054 offre un design moderne s'int\u00e8gre parfaitement \u00e0 l'environnement, ce qui en fait un projet de premier plan.","og_url":"https:\/\/altrisacces.fr\/index.php\/produit\/eclairage-led-urbain-epjd-1054\/","og_site_name":"Altris","article_modified_time":"2024-06-18T09:25:57+00:00","og_image":[{"width":1978,"height":2486,"url":"https:\/\/altrisacces.fr\/wp-content\/uploads\/2023\/11\/EPJD-1054.jpg","type":"image\/jpeg"}],"twitter_card":"summary_large_image","twitter_misc":{"Dur\u00e9e de lecture estim\u00e9e":"2 minutes"},"schema":{"@context":"https:\/\/schema.org","@graph":[{"@type":"WebPage","@id":"https:\/\/altrisacces.fr\/index.php\/produit\/eclairage-led-urbain-epjd-1054\/","url":"https:\/\/altrisacces.fr\/index.php\/produit\/eclairage-led-urbain-epjd-1054\/","name":"Eclairage led urbain EPJD-1054 - Altris | Eclairages LED","isPartOf":{"@id":"https:\/\/altrisacces.fr\/#website"},"primaryImageOfPage":{"@id":"https:\/\/altrisacces.fr\/index.php\/produit\/eclairage-led-urbain-epjd-1054\/#primaryimage"},"image":{"@id":"https:\/\/altrisacces.fr\/index.php\/produit\/eclairage-led-urbain-epjd-1054\/#primaryimage"},"thumbnailUrl":"https:\/\/altrisacces.fr\/wp-content\/uploads\/2023\/11\/EPJD-1054.jpg","datePublished":"2023-11-09T11:01:12+00:00","dateModified":"2024-06-18T09:25:57+00:00","description":"L'\u00e9clairage led urbain EPJD-1054 offre un design moderne s'int\u00e8gre parfaitement \u00e0 l'environnement, ce qui en fait un projet de premier plan.","breadcrumb":{"@id":"https:\/\/altrisacces.fr\/index.php\/produit\/eclairage-led-urbain-epjd-1054\/#breadcrumb"},"inLanguage":"fr-FR","potentialAction":[{"@type":"ReadAction","target":["https:\/\/altrisacces.fr\/index.php\/produit\/eclairage-led-urbain-epjd-1054\/"]}]},{"@type":"ImageObject","inLanguage":"fr-FR","@id":"https:\/\/altrisacces.fr\/index.php\/produit\/eclairage-led-urbain-epjd-1054\/#primaryimage","url":"https:\/\/altrisacces.fr\/wp-content\/uploads\/2023\/11\/EPJD-1054.jpg","contentUrl":"https:\/\/altrisacces.fr\/wp-content\/uploads\/2023\/11\/EPJD-1054.jpg","width":1978,"height":2486},{"@type":"BreadcrumbList","@id":"https:\/\/altrisacces.fr\/index.php\/produit\/eclairage-led-urbain-epjd-1054\/#breadcrumb","itemListElement":[{"@type":"ListItem","position":1,"name":"Accueil","item":"https:\/\/altrisacces.fr\/"},{"@type":"ListItem","position":2,"name":"Produits","item":"https:\/\/altrisacces.fr\/index.php\/produits\/"},{"@type":"ListItem","position":3,"name":"Eclairage led urbain EPJD-1054"}]},{"@type":"WebSite","@id":"https:\/\/altrisacces.fr\/#website","url":"https:\/\/altrisacces.fr\/","name":"Altris","description":"\u00e9clairage LED public, ext\u00e9rieur, tertiaire et industriel","publisher":{"@id":"https:\/\/altrisacces.fr\/#organization"},"potentialAction":[{"@type":"SearchAction","target":{"@type":"EntryPoint","urlTemplate":"https:\/\/altrisacces.fr\/?s={search_term_string}"},"query-input":"required name=search_term_string"}],"inLanguage":"fr-FR"},{"@type":"Organization","@id":"https:\/\/altrisacces.fr\/#organization","name":"Altris","url":"https:\/\/altrisacces.fr\/","logo":{"@type":"ImageObject","inLanguage":"fr-FR","@id":"https:\/\/altrisacces.fr\/#\/schema\/logo\/image\/","url":"https:\/\/altrisacces.fr\/wp-content\/uploads\/2023\/10\/logo_Altris.png","contentUrl":"https:\/\/altrisacces.fr\/wp-content\/uploads\/2023\/10\/logo_Altris.png","width":1579,"height":1006,"caption":"Altris"},"image":{"@id":"https:\/\/altrisacces.fr\/#\/schema\/logo\/image\/"}}]}},"_links":{"self":[{"href":"https:\/\/altrisacces.fr\/index.php\/wp-json\/wp\/v2\/product\/558","targetHints":{"allow":["GET"]}}],"collection":[{"href":"https:\/\/altrisacces.fr\/index.php\/wp-json\/wp\/v2\/product"}],"about":[{"href":"https:\/\/altrisacces.fr\/index.php\/wp-json\/wp\/v2\/types\/product"}],"replies":[{"embeddable":true,"href":"https:\/\/altrisacces.fr\/index.php\/wp-json\/wp\/v2\/comments?post=558"}],"wp:featuredmedia":[{"embeddable":true,"href":"https:\/\/altrisacces.fr\/index.php\/wp-json\/wp\/v2\/media\/577"}],"wp:attachment":[{"href":"https:\/\/altrisacces.fr\/index.php\/wp-json\/wp\/v2\/media?parent=558"}],"wp:term":[{"taxonomy":"product_cat","embeddable":true,"href":"https:\/\/altrisacces.fr\/index.php\/wp-json\/wp\/v2\/product_cat?post=558"},{"taxonomy":"product_tag","embeddable":true,"href":"https:\/\/altrisacces.fr\/index.php\/wp-json\/wp\/v2\/product_tag?post=558"}],"curies":[{"name":"wp","href":"https:\/\/api.w.org\/{rel}","templated":true}]}}