{"id":611,"date":"2023-11-09T14:00:25","date_gmt":"2023-11-09T13:00:25","guid":{"rendered":"https:\/\/altrisacces.fr\/?post_type=product&#038;p=611"},"modified":"2024-06-18T18:10:44","modified_gmt":"2024-06-18T16:10:44","slug":"eclairage-led-urbain-epjd-1063","status":"publish","type":"product","link":"https:\/\/altrisacces.fr\/index.php\/produit\/eclairage-led-urbain-epjd-1063\/","title":{"rendered":"Eclairage led urbain EPJD-1063"},"content":{"rendered":"<p style=\"font-weight: 400;\">L&rsquo;\u00e9clairage led urbain EPJD-1063 est un luminaire design embl\u00e9matique et \u00e0 la technologie LED ultramoderne.<br \/>\nIl am\u00e9liore les environnements urbains en cr\u00e9ant des espaces o\u00f9 les personnes se sentent bien et en s\u00e9curit\u00e9. Avec un design intemporel et \u00e9l\u00e9gant, il tire parti de la derni\u00e8re technologie LED pour r\u00e9aliser des \u00e9conomies d\u2019\u00e9nergie significatives.<\/p>\n<h2>Fonctionnalit\u00e9s de l&rsquo;\u00e9clairage led urbain EPJD-1063<\/h2>\n<div class=\"text column\">\n<ul>\n<li>Lampadaire LED 30W,60W\uff0c100W.<\/li>\n<li>LED CREE \u00a0OU philips 3030 luminled et pilote Inventronic.<\/li>\n<li>Corps en aluminium moul\u00e9 sous pression de haute intensit\u00e9.<\/li>\n<li>Verre tremp\u00e9 hautement transparent jusqu&rsquo;\u00e0 93%.<\/li>\n<li>Lentille optique modulaire. 3 types de photo m\u00e9trique au choix.<\/li>\n<li>Ouverture et entretien sans outil.<\/li>\n<li>IK09.<\/li>\n<li>Degr\u00e9 de protection : IP66<\/li>\n<li>Interrupteur automatique, protecteur de surtension, reniflard et cellule photo\u00e9lectrique au choix.<\/li>\n<\/ul>\n<\/div>\n<h2>Caract\u00e9ristiques<\/h2>\n<table border=\"1\" width=\"100%\" cellspacing=\"0\" cellpadding=\"0\">\n<tbody>\n<tr>\n<td class=\"et3\" width=\"115\" height=\"30\">Product Code<\/td>\n<td class=\"et4\" width=\"115\">EPJD-1063A-30W<\/td>\n<td class=\"et4\" width=\"140\">EPJD-1063B-60W<\/td>\n<td class=\"et4\" width=\"115\">EPJD-1063C-100W<\/td>\n<\/tr>\n<tr>\n<td class=\"et5\" width=\"115\" height=\"30\">LED Current (mA)<\/td>\n<td class=\"et6\" width=\"115\">50mA 5050\/67mA 3030<\/td>\n<td class=\"et6\" width=\"140\">54mA 5050\/67mA 3030<\/td>\n<td class=\"et6\" width=\"115\">63mA 5050\/84mA 3030<\/td>\n<\/tr>\n<tr>\n<td class=\"et5\" width=\"115\" height=\"30\">LED Quantity<\/td>\n<td class=\"et6\" width=\"115\">24pcs 5050\/72pcs 3030<\/td>\n<td class=\"et6\" width=\"140\">48pcs 5050\/144pcs 3030<\/td>\n<td class=\"et6\" width=\"115\">64pcs 5050\/192pcs 3030<\/td>\n<\/tr>\n<tr>\n<td class=\"et5\" width=\"115\" height=\"30\">Rate Power<\/td>\n<td class=\"et6\" width=\"115\">30W<\/td>\n<td class=\"et6\" width=\"140\">60W<\/td>\n<td class=\"et6\" width=\"115\">100W<\/td>\n<\/tr>\n<tr>\n<td class=\"et5\" width=\"115\" height=\"30\">Color Temperature<\/td>\n<td class=\"et6\" width=\"115\">6500\/4000\/3000K<\/td>\n<td class=\"et6\" width=\"140\">6500\/4000\/3000K<\/td>\n<td class=\"et6\" width=\"115\">6500\/4000\/3000K<\/td>\n<\/tr>\n<tr>\n<td class=\"et5\" width=\"115\" height=\"30\">Luminary EER<\/td>\n<td class=\"et6\" width=\"115\">140lm\/w(5050)<br \/>\n130lm\/w(3030)<\/td>\n<td class=\"et6\" width=\"140\">140lm\/w(5050)<br \/>\n130lm\/w(3030)<\/td>\n<td class=\"et6\" width=\"115\">140lm\/w(5050)<br \/>\n130lm\/w(3030)<\/td>\n<\/tr>\n<tr>\n<td class=\"et5\" width=\"115\" height=\"30\">Input Voltage<\/td>\n<td class=\"et6\" width=\"115\">AC100-277V<\/td>\n<td class=\"et6\" width=\"140\">AC100-277V<\/td>\n<td class=\"et6\" width=\"115\">AC100-277V<\/td>\n<\/tr>\n<tr>\n<td class=\"et5\" width=\"115\" height=\"30\">Frequency Range<\/td>\n<td class=\"et6\" width=\"115\">50\/60Hz<\/td>\n<td class=\"et6\" width=\"140\">50\/60Hz<\/td>\n<td class=\"et6\" width=\"115\">50\/60Hz<\/td>\n<\/tr>\n<tr>\n<td class=\"et5\" width=\"115\" height=\"30\">Color Temperature<\/td>\n<td class=\"et6\" width=\"115\">RA75<\/td>\n<td class=\"et6\" width=\"140\">RA75<\/td>\n<td class=\"et6\" width=\"115\">RA75<\/td>\n<\/tr>\n<tr>\n<td class=\"et5\" width=\"115\" height=\"30\">Temperature of working condition<\/td>\n<td class=\"et8\" width=\"115\">-40<span class=\"font0\">\u2103<\/span><span class=\"font3\">\u00a0 &#8211;\u00a0 50<\/span><span class=\"font0\">\u2103<\/span><\/td>\n<td class=\"et8\" width=\"140\">-40<span class=\"font0\">\u2103<\/span><span class=\"font3\">\u00a0 &#8211;\u00a0 50<\/span><span class=\"font0\">\u2103<\/span><\/td>\n<td class=\"et8\" width=\"115\">-40<span class=\"font0\">\u2103<\/span><span class=\"font3\">\u00a0 &#8211;\u00a0 50<\/span><span class=\"font0\">\u2103<\/span><\/td>\n<\/tr>\n<tr>\n<td class=\"et5\" width=\"115\" height=\"30\">humidity of working condition<\/td>\n<td class=\"et8\" width=\"115\">20%-90%<\/td>\n<td class=\"et8\" width=\"140\">20%-90%<\/td>\n<td class=\"et8\" width=\"115\">20%-90%<\/td>\n<\/tr>\n<tr>\n<td class=\"et5\" width=\"115\" height=\"30\">LED life time<\/td>\n<td class=\"et6\" width=\"115\">70000h<\/td>\n<td class=\"et6\" width=\"140\">70000h<\/td>\n<td class=\"et6\" width=\"115\">70000h<\/td>\n<\/tr>\n<tr>\n<td class=\"et5\" width=\"115\" height=\"30\">Protestion Grade<\/td>\n<td class=\"et6\" width=\"115\">IP66<\/td>\n<td class=\"et6\" width=\"140\">IP66<\/td>\n<td class=\"et6\" width=\"115\">IP66<\/td>\n<\/tr>\n<tr>\n<td class=\"et5\" width=\"115\" height=\"30\">Installation Pipe Dia<\/td>\n<td class=\"et6\" width=\"115\">\u00a0\u03a676mm<\/td>\n<td class=\"et6\" width=\"140\">\u00a0\u03a676mm<\/td>\n<td class=\"et6\" width=\"115\">\u00a0\u03a676mm<\/td>\n<\/tr>\n<tr>\n<td class=\"et5\" width=\"115\" height=\"30\">Installation Height<\/td>\n<td class=\"et6\" width=\"115\">3-5m<\/td>\n<td class=\"et6\" width=\"140\">5-8m<\/td>\n<td class=\"et6\" width=\"115\">8-10m<\/td>\n<\/tr>\n<tr>\n<td class=\"et5\" width=\"115\" height=\"30\">Net Weight<\/td>\n<td class=\"et9\" width=\"115\">7.9kg<\/td>\n<td class=\"et9\" width=\"140\">8.46kg<\/td>\n<td class=\"et9\" width=\"115\">8.5kg<\/td>\n<\/tr>\n<tr>\n<td class=\"et5\" width=\"115\" height=\"30\">Gross Weight<\/td>\n<td class=\"et9\" width=\"115\">9.1kg<\/td>\n<td class=\"et9\" width=\"140\">9.66kg<\/td>\n<td class=\"et9\" width=\"115\">10.5kg<\/td>\n<\/tr>\n<tr>\n<td class=\"et5\" width=\"115\" height=\"30\">Product Size<\/td>\n<td class=\"et6\" width=\"115\">550*480*470mm<\/td>\n<td class=\"et6\" width=\"140\">550*480*470mm<\/td>\n<td class=\"et6\" width=\"115\">550*480*470mm<\/td>\n<\/tr>\n<tr>\n<td class=\"et5\" width=\"115\" height=\"30\">Packing Size<\/td>\n<td class=\"et10\" colspan=\"3\" width=\"370\">light head\uff1a63.5X53.5X15cm , bracket\uff1a56*56*31CM\u00a0\u00a0\u00a0\u00a0\u00a0\u00a0\u00a0\u00a0\u00a0\u00a0\u00a0\u00a0\u00a0\u00a0\u00a0\u00a0\u00a0\u00a0\u00a0\u00a0\u00a0\u00a0\u00a0\u00a0\u00a0\u00a0\u00a0\u00a0\u00a0\u00a0\u00a0\u00a0\u00a0\u00a0\u00a0\u00a0\u00a0\u00a0\u00a0\u00a0\u00a0\u00a0\u00a0\u00a0\u00a0\u00a0\u00a0\u00a0\u00a0\u00a0\u00a0 bracket: JD-1060 42PCS\/CTN,JD-1061\/1064 10PCS\/CTN,JD-1062W 25PCS\/CTN,JD-1063 18PCS\/CTN<\/td>\n<\/tr>\n<\/tbody>\n<\/table>\n<p>&nbsp;<\/p>\n<p>Retrouvez l&rsquo;ensemble de notre gamme <em>\u00e9clairage LED urbain<\/em> <a href=\"https:\/\/altrisacces.fr\/index.php\/categorie-produit\/eclairages-urbains\/\">ici<\/a><\/p>\n","protected":false},"excerpt":{"rendered":"<p>L&rsquo;\u00e9clairage led urbain EPJD-1063 est un luminaire design embl\u00e9matique et \u00e0 la technologie LED ultramoderne.<br \/>\nIl am\u00e9liore les environnements urbains en cr\u00e9ant des espaces o\u00f9 les personnes se sentent bien et en s\u00e9curit\u00e9. Avec un design intemporel et \u00e9l\u00e9gant, il tire parti de la derni\u00e8re technologie LED pour r\u00e9aliser des \u00e9conomies d\u2019\u00e9nergie significatives.<\/p>\n<p style=\"font-weight: 400;\">Combin\u00e9s \u00e0 des \u00e9l\u00e9gants poteaux et consoles, ces luminaires d\u2019\u00e9clairage public cr\u00e9ent des ensembles esth\u00e9tiques pour mettre en valeur de nombreux espaces urbains, tels que les grandes places ou rues urbaines, les avenues, les pi\u00e9tonniers et les zones r\u00e9sidentielles.<\/p>\n<div>\n<p>&nbsp;<\/p>\n<\/div>\n<div>\n<p>&nbsp;<\/p>\n<\/div>\n","protected":false},"featured_media":612,"comment_status":"open","ping_status":"closed","template":"","meta":{"_acf_changed":false},"product_cat":[28,36,29],"product_tag":[],"class_list":{"0":"post-611","1":"product","2":"type-product","3":"status-publish","4":"has-post-thumbnail","6":"product_cat-eclairages-urbains","7":"product_cat-gamme-filaire","8":"product_cat-nouveautes","10":"first","11":"instock","12":"shipping-taxable","13":"product-type-simple"},"acf":[],"yoast_head":"<!-- This site is optimized with the Yoast SEO plugin v22.9 - https:\/\/yoast.com\/wordpress\/plugins\/seo\/ -->\n<title>Eclairage led urbain EPJD-1063 - Altris | Eclairages LED<\/title>\n<meta name=\"description\" content=\"L&#039;\u00e9clairage led urbain EPJD-1063 est un luminaire design embl\u00e9matique et \u00e0 la technologie LED ultramoderne.\" \/>\n<meta name=\"robots\" content=\"index, follow, max-snippet:-1, max-image-preview:large, max-video-preview:-1\" \/>\n<link rel=\"canonical\" href=\"https:\/\/altrisacces.fr\/index.php\/produit\/eclairage-led-urbain-epjd-1063\/\" \/>\n<meta property=\"og:locale\" content=\"fr_FR\" \/>\n<meta property=\"og:type\" content=\"article\" \/>\n<meta property=\"og:title\" content=\"Eclairage led urbain EPJD-1063 - Altris | Eclairages LED\" \/>\n<meta property=\"og:description\" content=\"L&#039;\u00e9clairage led urbain EPJD-1063 est un luminaire design embl\u00e9matique et \u00e0 la technologie LED ultramoderne.\" \/>\n<meta property=\"og:url\" content=\"https:\/\/altrisacces.fr\/index.php\/produit\/eclairage-led-urbain-epjd-1063\/\" \/>\n<meta property=\"og:site_name\" content=\"Altris\" \/>\n<meta property=\"article:modified_time\" content=\"2024-06-18T16:10:44+00:00\" \/>\n<meta property=\"og:image\" content=\"https:\/\/altrisacces.fr\/wp-content\/uploads\/2023\/11\/EPJD-1063-.png\" \/>\n\t<meta property=\"og:image:width\" content=\"800\" \/>\n\t<meta property=\"og:image:height\" content=\"800\" \/>\n\t<meta property=\"og:image:type\" content=\"image\/png\" \/>\n<meta name=\"twitter:card\" content=\"summary_large_image\" \/>\n<meta name=\"twitter:label1\" content=\"Dur\u00e9e de lecture estim\u00e9e\" \/>\n\t<meta name=\"twitter:data1\" content=\"2 minutes\" \/>\n<script type=\"application\/ld+json\" class=\"yoast-schema-graph\">{\"@context\":\"https:\/\/schema.org\",\"@graph\":[{\"@type\":\"WebPage\",\"@id\":\"https:\/\/altrisacces.fr\/index.php\/produit\/eclairage-led-urbain-epjd-1063\/\",\"url\":\"https:\/\/altrisacces.fr\/index.php\/produit\/eclairage-led-urbain-epjd-1063\/\",\"name\":\"Eclairage led urbain EPJD-1063 - Altris | Eclairages LED\",\"isPartOf\":{\"@id\":\"https:\/\/altrisacces.fr\/#website\"},\"primaryImageOfPage\":{\"@id\":\"https:\/\/altrisacces.fr\/index.php\/produit\/eclairage-led-urbain-epjd-1063\/#primaryimage\"},\"image\":{\"@id\":\"https:\/\/altrisacces.fr\/index.php\/produit\/eclairage-led-urbain-epjd-1063\/#primaryimage\"},\"thumbnailUrl\":\"https:\/\/altrisacces.fr\/wp-content\/uploads\/2023\/11\/EPJD-1063-.png\",\"datePublished\":\"2023-11-09T13:00:25+00:00\",\"dateModified\":\"2024-06-18T16:10:44+00:00\",\"description\":\"L'\u00e9clairage led urbain EPJD-1063 est un luminaire design embl\u00e9matique et \u00e0 la technologie LED ultramoderne.\",\"breadcrumb\":{\"@id\":\"https:\/\/altrisacces.fr\/index.php\/produit\/eclairage-led-urbain-epjd-1063\/#breadcrumb\"},\"inLanguage\":\"fr-FR\",\"potentialAction\":[{\"@type\":\"ReadAction\",\"target\":[\"https:\/\/altrisacces.fr\/index.php\/produit\/eclairage-led-urbain-epjd-1063\/\"]}]},{\"@type\":\"ImageObject\",\"inLanguage\":\"fr-FR\",\"@id\":\"https:\/\/altrisacces.fr\/index.php\/produit\/eclairage-led-urbain-epjd-1063\/#primaryimage\",\"url\":\"https:\/\/altrisacces.fr\/wp-content\/uploads\/2023\/11\/EPJD-1063-.png\",\"contentUrl\":\"https:\/\/altrisacces.fr\/wp-content\/uploads\/2023\/11\/EPJD-1063-.png\",\"width\":800,\"height\":800,\"caption\":\"Eclairage led urbain\"},{\"@type\":\"BreadcrumbList\",\"@id\":\"https:\/\/altrisacces.fr\/index.php\/produit\/eclairage-led-urbain-epjd-1063\/#breadcrumb\",\"itemListElement\":[{\"@type\":\"ListItem\",\"position\":1,\"name\":\"Accueil\",\"item\":\"https:\/\/altrisacces.fr\/\"},{\"@type\":\"ListItem\",\"position\":2,\"name\":\"Produits\",\"item\":\"https:\/\/altrisacces.fr\/index.php\/produits\/\"},{\"@type\":\"ListItem\",\"position\":3,\"name\":\"Eclairage led urbain EPJD-1063\"}]},{\"@type\":\"WebSite\",\"@id\":\"https:\/\/altrisacces.fr\/#website\",\"url\":\"https:\/\/altrisacces.fr\/\",\"name\":\"Altris\",\"description\":\"\u00e9clairage LED public, ext\u00e9rieur, tertiaire et industriel\",\"publisher\":{\"@id\":\"https:\/\/altrisacces.fr\/#organization\"},\"potentialAction\":[{\"@type\":\"SearchAction\",\"target\":{\"@type\":\"EntryPoint\",\"urlTemplate\":\"https:\/\/altrisacces.fr\/?s={search_term_string}\"},\"query-input\":\"required name=search_term_string\"}],\"inLanguage\":\"fr-FR\"},{\"@type\":\"Organization\",\"@id\":\"https:\/\/altrisacces.fr\/#organization\",\"name\":\"Altris\",\"url\":\"https:\/\/altrisacces.fr\/\",\"logo\":{\"@type\":\"ImageObject\",\"inLanguage\":\"fr-FR\",\"@id\":\"https:\/\/altrisacces.fr\/#\/schema\/logo\/image\/\",\"url\":\"https:\/\/altrisacces.fr\/wp-content\/uploads\/2023\/10\/logo_Altris.png\",\"contentUrl\":\"https:\/\/altrisacces.fr\/wp-content\/uploads\/2023\/10\/logo_Altris.png\",\"width\":1579,\"height\":1006,\"caption\":\"Altris\"},\"image\":{\"@id\":\"https:\/\/altrisacces.fr\/#\/schema\/logo\/image\/\"}}]}<\/script>\n<!-- \/ Yoast SEO plugin. -->","yoast_head_json":{"title":"Eclairage led urbain EPJD-1063 - Altris | Eclairages LED","description":"L'\u00e9clairage led urbain EPJD-1063 est un luminaire design embl\u00e9matique et \u00e0 la technologie LED ultramoderne.","robots":{"index":"index","follow":"follow","max-snippet":"max-snippet:-1","max-image-preview":"max-image-preview:large","max-video-preview":"max-video-preview:-1"},"canonical":"https:\/\/altrisacces.fr\/index.php\/produit\/eclairage-led-urbain-epjd-1063\/","og_locale":"fr_FR","og_type":"article","og_title":"Eclairage led urbain EPJD-1063 - Altris | Eclairages LED","og_description":"L'\u00e9clairage led urbain EPJD-1063 est un luminaire design embl\u00e9matique et \u00e0 la technologie LED ultramoderne.","og_url":"https:\/\/altrisacces.fr\/index.php\/produit\/eclairage-led-urbain-epjd-1063\/","og_site_name":"Altris","article_modified_time":"2024-06-18T16:10:44+00:00","og_image":[{"width":800,"height":800,"url":"https:\/\/altrisacces.fr\/wp-content\/uploads\/2023\/11\/EPJD-1063-.png","type":"image\/png"}],"twitter_card":"summary_large_image","twitter_misc":{"Dur\u00e9e de lecture estim\u00e9e":"2 minutes"},"schema":{"@context":"https:\/\/schema.org","@graph":[{"@type":"WebPage","@id":"https:\/\/altrisacces.fr\/index.php\/produit\/eclairage-led-urbain-epjd-1063\/","url":"https:\/\/altrisacces.fr\/index.php\/produit\/eclairage-led-urbain-epjd-1063\/","name":"Eclairage led urbain EPJD-1063 - Altris | Eclairages LED","isPartOf":{"@id":"https:\/\/altrisacces.fr\/#website"},"primaryImageOfPage":{"@id":"https:\/\/altrisacces.fr\/index.php\/produit\/eclairage-led-urbain-epjd-1063\/#primaryimage"},"image":{"@id":"https:\/\/altrisacces.fr\/index.php\/produit\/eclairage-led-urbain-epjd-1063\/#primaryimage"},"thumbnailUrl":"https:\/\/altrisacces.fr\/wp-content\/uploads\/2023\/11\/EPJD-1063-.png","datePublished":"2023-11-09T13:00:25+00:00","dateModified":"2024-06-18T16:10:44+00:00","description":"L'\u00e9clairage led urbain EPJD-1063 est un luminaire design embl\u00e9matique et \u00e0 la technologie LED ultramoderne.","breadcrumb":{"@id":"https:\/\/altrisacces.fr\/index.php\/produit\/eclairage-led-urbain-epjd-1063\/#breadcrumb"},"inLanguage":"fr-FR","potentialAction":[{"@type":"ReadAction","target":["https:\/\/altrisacces.fr\/index.php\/produit\/eclairage-led-urbain-epjd-1063\/"]}]},{"@type":"ImageObject","inLanguage":"fr-FR","@id":"https:\/\/altrisacces.fr\/index.php\/produit\/eclairage-led-urbain-epjd-1063\/#primaryimage","url":"https:\/\/altrisacces.fr\/wp-content\/uploads\/2023\/11\/EPJD-1063-.png","contentUrl":"https:\/\/altrisacces.fr\/wp-content\/uploads\/2023\/11\/EPJD-1063-.png","width":800,"height":800,"caption":"Eclairage led urbain"},{"@type":"BreadcrumbList","@id":"https:\/\/altrisacces.fr\/index.php\/produit\/eclairage-led-urbain-epjd-1063\/#breadcrumb","itemListElement":[{"@type":"ListItem","position":1,"name":"Accueil","item":"https:\/\/altrisacces.fr\/"},{"@type":"ListItem","position":2,"name":"Produits","item":"https:\/\/altrisacces.fr\/index.php\/produits\/"},{"@type":"ListItem","position":3,"name":"Eclairage led urbain EPJD-1063"}]},{"@type":"WebSite","@id":"https:\/\/altrisacces.fr\/#website","url":"https:\/\/altrisacces.fr\/","name":"Altris","description":"\u00e9clairage LED public, ext\u00e9rieur, tertiaire et industriel","publisher":{"@id":"https:\/\/altrisacces.fr\/#organization"},"potentialAction":[{"@type":"SearchAction","target":{"@type":"EntryPoint","urlTemplate":"https:\/\/altrisacces.fr\/?s={search_term_string}"},"query-input":"required name=search_term_string"}],"inLanguage":"fr-FR"},{"@type":"Organization","@id":"https:\/\/altrisacces.fr\/#organization","name":"Altris","url":"https:\/\/altrisacces.fr\/","logo":{"@type":"ImageObject","inLanguage":"fr-FR","@id":"https:\/\/altrisacces.fr\/#\/schema\/logo\/image\/","url":"https:\/\/altrisacces.fr\/wp-content\/uploads\/2023\/10\/logo_Altris.png","contentUrl":"https:\/\/altrisacces.fr\/wp-content\/uploads\/2023\/10\/logo_Altris.png","width":1579,"height":1006,"caption":"Altris"},"image":{"@id":"https:\/\/altrisacces.fr\/#\/schema\/logo\/image\/"}}]}},"_links":{"self":[{"href":"https:\/\/altrisacces.fr\/index.php\/wp-json\/wp\/v2\/product\/611","targetHints":{"allow":["GET"]}}],"collection":[{"href":"https:\/\/altrisacces.fr\/index.php\/wp-json\/wp\/v2\/product"}],"about":[{"href":"https:\/\/altrisacces.fr\/index.php\/wp-json\/wp\/v2\/types\/product"}],"replies":[{"embeddable":true,"href":"https:\/\/altrisacces.fr\/index.php\/wp-json\/wp\/v2\/comments?post=611"}],"wp:featuredmedia":[{"embeddable":true,"href":"https:\/\/altrisacces.fr\/index.php\/wp-json\/wp\/v2\/media\/612"}],"wp:attachment":[{"href":"https:\/\/altrisacces.fr\/index.php\/wp-json\/wp\/v2\/media?parent=611"}],"wp:term":[{"taxonomy":"product_cat","embeddable":true,"href":"https:\/\/altrisacces.fr\/index.php\/wp-json\/wp\/v2\/product_cat?post=611"},{"taxonomy":"product_tag","embeddable":true,"href":"https:\/\/altrisacces.fr\/index.php\/wp-json\/wp\/v2\/product_tag?post=611"}],"curies":[{"name":"wp","href":"https:\/\/api.w.org\/{rel}","templated":true}]}}