{"id":623,"date":"2023-11-09T14:09:45","date_gmt":"2023-11-09T13:09:45","guid":{"rendered":"https:\/\/altrisacces.fr\/?post_type=product&#038;p=623"},"modified":"2024-06-18T18:09:27","modified_gmt":"2024-06-18T16:09:27","slug":"eclairage-led-urbain-epjd-1071","status":"publish","type":"product","link":"https:\/\/altrisacces.fr\/index.php\/produit\/eclairage-led-urbain-epjd-1071\/","title":{"rendered":"Eclairage led urbain EPJD-1071"},"content":{"rendered":"<p style=\"font-weight: 400;\">L&rsquo;\u00e9clairage led urbain EPJD-1071 est un luminaire LED d&rsquo;\u00e9clairage public et rural. Offre un allumage instantan\u00e9 et puissant est la solution id\u00e9ale pour le remplacement des vieux lampadaires \u00e0 d\u00e9charge. Am\u00e9liorant la qualit\u00e9 de la lumi\u00e8re, tout en r\u00e9duisant consid\u00e9rablement la consommation d&rsquo;\u00e9nergie.<\/p>\n<h2>Fonctionnalit\u00e9s de l&rsquo;\u00e9clairage led urbain EPJD-1071<\/h2>\n<div class=\"text column\">\n<ul>\n<li>\n<div>LED\/Philips Lumiled 5050 ou 3030 Pilote:philip,Meanwell Inventronics<\/div>\n<\/li>\n<li>\n<div>Mat\u00e9riau en aluminium moul\u00e9 sous pression, surface vieillie par pulv\u00e9risation \u00e9lectrostatique.<\/div>\n<\/li>\n<li>\n<div>Traitement de pulv\u00e9risation \u00e9lectrostatique, tr\u00e8s bonne r\u00e9sistance \u00e0 la corrosion.<\/div>\n<\/li>\n<li>\n<div>Couvercle en PMMA, pas de verre<\/div>\n<\/li>\n<li>\n<div>Tension d&rsquo;entr\u00e9e : AC100-240V, 50\/60Hz, IP65, Ik08<\/div>\n<\/li>\n<li>\n<div>Zone venteuse : 115 \u339d2<\/div>\n<\/li>\n<li>\n<div>Vis en acier inoxydable<\/div>\n<\/li>\n<li>\n<div>7 ans de garantie<\/div>\n<\/li>\n<\/ul>\n<h2>Caract\u00e9ristiques<\/h2>\n<\/div>\n<table border=\"0\" width=\"1545\" cellspacing=\"0\" cellpadding=\"0\">\n<tbody>\n<tr>\n<td class=\"et2\" width=\"333\" height=\"19\">Product Code<\/td>\n<td class=\"et3\" width=\"199\">EPJD-1071A<\/td>\n<td class=\"et3\" width=\"199\">EPJD1071A-XX<\/td>\n<td class=\"et3\" width=\"208\">EPJD-1071B<\/td>\n<td class=\"et3\" width=\"208\">EPJD-1071B-XX<\/td>\n<td class=\"et3\" width=\"199\">EPJD-1071C<\/td>\n<td class=\"et3\" width=\"199\">EPJD-1071C-XX<\/td>\n<\/tr>\n<tr>\n<td class=\"et2\" height=\"19\">LED Current (mA)<\/td>\n<td class=\"et3\">83mA<\/td>\n<td class=\"et3\">83mA<\/td>\n<td class=\"et3\">91mA<\/td>\n<td class=\"et3\">91mA<\/td>\n<td class=\"et3\">110mA<\/td>\n<td class=\"et3\">110mA<\/td>\n<\/tr>\n<tr>\n<td class=\"et2\" height=\"19\">LED Quantity<\/td>\n<td class=\"et3\">40pcs 5050\/160pcs 3030<\/td>\n<td class=\"et3\">40pcs 5050\/160pcs 3030<\/td>\n<td class=\"et3\">72pcs 5050\/ 288pcs 3030<\/td>\n<td class=\"et3\">72pcs 5050\/ 288pcs 3030<\/td>\n<td class=\"et3\">98pcs 5050\/392pcs 3030<\/td>\n<td class=\"et3\">98pcs 5050\/392pcs 3030<\/td>\n<\/tr>\n<tr>\n<td class=\"et2\" height=\"19\">Rate Power<\/td>\n<td class=\"et3\">100W<\/td>\n<td class=\"et3\">100W<\/td>\n<td class=\"et3\">150W<\/td>\n<td class=\"et3\">150W<\/td>\n<td class=\"et3\">200W<\/td>\n<td class=\"et3\">200W<\/td>\n<\/tr>\n<tr>\n<td class=\"et2\" height=\"19\">Color Temperature<\/td>\n<td class=\"et3\">6500\/4000\/3000K<\/td>\n<td class=\"et3\">6500\/4000\/3000K<\/td>\n<td class=\"et3\">6500\/4000\/3000K<\/td>\n<td class=\"et3\">6500\/4000\/3000K<\/td>\n<td class=\"et3\">6500\/4000\/3000K<\/td>\n<td class=\"et3\">6500\/4000\/3000K<\/td>\n<\/tr>\n<tr>\n<td class=\"et2\" height=\"19\">Luminous Flux<\/td>\n<td class=\"et3\">150LUM\/W<\/td>\n<td class=\"et3\">100LUM\/W<\/td>\n<td class=\"et3\">150LUM\/W<\/td>\n<td class=\"et3\">100LUM\/W<\/td>\n<td class=\"et3\">150LUM\/W<\/td>\n<td class=\"et3\">100LUM\/W<\/td>\n<\/tr>\n<tr>\n<td class=\"et2\" height=\"19\">Input Voltage<\/td>\n<td class=\"et3\">AC100-240V<\/td>\n<td class=\"et3\">AC100-240V<\/td>\n<td class=\"et3\">AC100-240V<\/td>\n<td class=\"et3\">AC100-240V<\/td>\n<td class=\"et3\">AC100-240V<\/td>\n<td class=\"et3\">AC100-240V<\/td>\n<\/tr>\n<tr>\n<td class=\"et2\" height=\"19\">Frequency Range<\/td>\n<td class=\"et3\">50\/60Hz<\/td>\n<td class=\"et3\">50\/60Hz<\/td>\n<td class=\"et3\">50\/60Hz<\/td>\n<td class=\"et3\">50\/60Hz<\/td>\n<td class=\"et3\">50\/60Hz<\/td>\n<td class=\"et3\">50\/60Hz<\/td>\n<\/tr>\n<tr>\n<td class=\"et2\" height=\"19\">Color Temperature<\/td>\n<td class=\"et3\">RA75<\/td>\n<td class=\"et3\">RA75<\/td>\n<td class=\"et3\">RA75<\/td>\n<td class=\"et3\">RA75<\/td>\n<td class=\"et3\">RA75<\/td>\n<td class=\"et3\">RA75<\/td>\n<\/tr>\n<tr>\n<td class=\"et2\" height=\"19\">Temperature of working condition<\/td>\n<td class=\"et4\">-40<span class=\"font4\">\u2103<\/span><span class=\"font0\">\u00a0 &#8211;\u00a0 50<\/span><span class=\"font4\">\u2103<\/span><\/td>\n<td class=\"et4\">-40<span class=\"font4\">\u2103<\/span><span class=\"font0\">\u00a0 &#8211;\u00a0 50<\/span><span class=\"font4\">\u2103<\/span><\/td>\n<td class=\"et4\">-40<span class=\"font4\">\u2103<\/span><span class=\"font0\">\u00a0 &#8211;\u00a0 50<\/span><span class=\"font4\">\u2103<\/span><\/td>\n<td class=\"et4\">-40<span class=\"font4\">\u2103<\/span><span class=\"font0\">\u00a0 &#8211;\u00a0 50<\/span><span class=\"font4\">\u2103<\/span><\/td>\n<td class=\"et4\">-40<span class=\"font4\">\u2103<\/span><span class=\"font0\">\u00a0 &#8211;\u00a0 50<\/span><span class=\"font4\">\u2103<\/span><\/td>\n<td class=\"et4\">-40<span class=\"font4\">\u2103<\/span><span class=\"font0\">\u00a0 &#8211;\u00a0 50<\/span><span class=\"font4\">\u2103<\/span><\/td>\n<\/tr>\n<tr>\n<td class=\"et2\" height=\"19\">humidity of working condition<\/td>\n<td class=\"et4\">20%-90%<\/td>\n<td class=\"et4\">20%-90%<\/td>\n<td class=\"et4\">20%-90%<\/td>\n<td class=\"et4\">20%-90%<\/td>\n<td class=\"et4\">20%-90%<\/td>\n<td class=\"et4\">20%-90%<\/td>\n<\/tr>\n<tr>\n<td class=\"et2\" height=\"19\">LED life time<\/td>\n<td class=\"et3\">70000h<\/td>\n<td class=\"et3\">70000h<\/td>\n<td class=\"et3\">70000h<\/td>\n<td class=\"et3\">70000h<\/td>\n<td class=\"et3\">70000h<\/td>\n<td class=\"et3\">70000h<\/td>\n<\/tr>\n<tr>\n<td class=\"et2\" height=\"19\">Protestion Grade<\/td>\n<td class=\"et3\">IP65<\/td>\n<td class=\"et3\">IP65<\/td>\n<td class=\"et3\">IP65<\/td>\n<td class=\"et3\">IP65<\/td>\n<td class=\"et3\">IP65<\/td>\n<td class=\"et3\">IP65<\/td>\n<\/tr>\n<tr>\n<td class=\"et2\" height=\"19\">Installation Pipe Dia<\/td>\n<td class=\"et3\">\u03a648\/\u03a660mm<\/td>\n<td class=\"et3\">\u03a648\/\u03a660mm<\/td>\n<td class=\"et3\">\u03a648\/\u03a660mm<\/td>\n<td class=\"et3\">\u03a648\/\u03a660mm<\/td>\n<td class=\"et3\">\u03a648\/\u03a660mm<\/td>\n<td class=\"et3\">\u03a648\/\u03a660mm<\/td>\n<\/tr>\n<tr>\n<td class=\"et2\" height=\"19\">Installation Height<\/td>\n<td class=\"et3\">2-8m<\/td>\n<td class=\"et3\">2-8m<\/td>\n<td class=\"et3\">8-11m<\/td>\n<td class=\"et3\">8-11m<\/td>\n<td class=\"et3\">11-12m<\/td>\n<td class=\"et3\">11-12m<\/td>\n<\/tr>\n<tr>\n<td class=\"et2\" height=\"19\">Net Weight<\/td>\n<td class=\"et3\">1.8KG<\/td>\n<td class=\"et3\">1.3KG<\/td>\n<td class=\"et3\">2.8KG<\/td>\n<td class=\"et5\">1.8KG<\/td>\n<td class=\"et3\">3.8KG<\/td>\n<td class=\"et5\">2.6KG<\/td>\n<\/tr>\n<tr>\n<td class=\"et2\" height=\"19\">Gross Weight<\/td>\n<td class=\"et3\">2.2KG<\/td>\n<td class=\"et3\">1.4KG<\/td>\n<td class=\"et3\">3.3KG<\/td>\n<td class=\"et3\">2.3KG<\/td>\n<td class=\"et3\">4.2KG<\/td>\n<td class=\"et3\">3.1KG<\/td>\n<\/tr>\n<tr>\n<td class=\"et2\" height=\"19\">Product Size<\/td>\n<td class=\"et3\">464*217*86mm<\/td>\n<td class=\"et3\">464*217*81mm<\/td>\n<td class=\"et3\">546*234*86mm<\/td>\n<td class=\"et3\">545*234*81mm<\/td>\n<td class=\"et3\">597*267*95mm<\/td>\n<td class=\"et3\">597*267*81mm<\/td>\n<\/tr>\n<tr>\n<td class=\"et2\" height=\"19\">Packing Size<\/td>\n<td class=\"et3\">580*340*200mm<\/td>\n<td class=\"et3\">580*340*200mm<\/td>\n<td class=\"et3\">670*360*200mm<\/td>\n<td class=\"et3\">670*360*200mm<\/td>\n<td class=\"et3\">720*380*220mm<\/td>\n<td class=\"et3\">720*380*200mm<\/td>\n<\/tr>\n<\/tbody>\n<\/table>\n<p>Retrouvez l&rsquo;ensemble de notre gamme <em>\u00e9clairage LED urbain<\/em> <a href=\"https:\/\/altrisacces.fr\/index.php\/categorie-produit\/eclairages-urbains\/\">ici<\/a><\/p>\n","protected":false},"excerpt":{"rendered":"<p>L&rsquo;\u00e9clairage led urbain EPJD-1071 est un luminaire LED d&rsquo;\u00e9clairage public et rural. Offre un allumage instantan\u00e9 et puissant est la solution id\u00e9ale pour le remplacement des vieux lampadaires \u00e0 d\u00e9charge. Am\u00e9liorant la qualit\u00e9 de la lumi\u00e8re, tout en r\u00e9duisant consid\u00e9rablement la consommation d&rsquo;\u00e9nergie.<\/p>\n<p>\u00c9quiper d\u2019une optique Multi-LED, d\u2019une protection avec Cristal en verre tremp\u00e9 et une t\u00eate orientable \u00e0 90\u00ba permettant une installation dans des m\u00e2ts ou des bras avec diff\u00e9rents \u00a0angle.<\/p>\n<div>\n<p>&nbsp;<\/p>\n<\/div>\n","protected":false},"featured_media":634,"comment_status":"open","ping_status":"closed","template":"","meta":{"_acf_changed":false},"product_cat":[28,36,29],"product_tag":[],"class_list":{"0":"post-623","1":"product","2":"type-product","3":"status-publish","4":"has-post-thumbnail","6":"product_cat-eclairages-urbains","7":"product_cat-gamme-filaire","8":"product_cat-nouveautes","10":"first","11":"instock","12":"shipping-taxable","13":"product-type-simple"},"acf":[],"yoast_head":"<!-- This site is optimized with the Yoast SEO plugin v22.9 - https:\/\/yoast.com\/wordpress\/plugins\/seo\/ -->\n<title>Eclairage led urbain EPJD-1071 - Altris | Eclairages LED<\/title>\n<meta name=\"description\" content=\"L&#039;\u00e9clairage led urbain EPJD-1071 est un luminaire LED d&#039;\u00e9clairage public et rural. Offre un allumage instantan\u00e9 et puissant\" \/>\n<meta name=\"robots\" content=\"index, follow, max-snippet:-1, max-image-preview:large, max-video-preview:-1\" \/>\n<link rel=\"canonical\" href=\"https:\/\/altrisacces.fr\/index.php\/produit\/eclairage-led-urbain-epjd-1071\/\" \/>\n<meta property=\"og:locale\" content=\"fr_FR\" \/>\n<meta property=\"og:type\" content=\"article\" \/>\n<meta property=\"og:title\" content=\"Eclairage led urbain EPJD-1071 - Altris | Eclairages LED\" \/>\n<meta property=\"og:description\" content=\"L&#039;\u00e9clairage led urbain EPJD-1071 est un luminaire LED d&#039;\u00e9clairage public et rural. Offre un allumage instantan\u00e9 et puissant\" \/>\n<meta property=\"og:url\" content=\"https:\/\/altrisacces.fr\/index.php\/produit\/eclairage-led-urbain-epjd-1071\/\" \/>\n<meta property=\"og:site_name\" content=\"Altris\" \/>\n<meta property=\"article:modified_time\" content=\"2024-06-18T16:09:27+00:00\" \/>\n<meta property=\"og:image\" content=\"https:\/\/altrisacces.fr\/wp-content\/uploads\/2023\/11\/EP-1071-1.png\" \/>\n\t<meta property=\"og:image:width\" content=\"800\" \/>\n\t<meta property=\"og:image:height\" content=\"800\" \/>\n\t<meta property=\"og:image:type\" content=\"image\/png\" \/>\n<meta name=\"twitter:card\" content=\"summary_large_image\" \/>\n<meta name=\"twitter:label1\" content=\"Dur\u00e9e de lecture estim\u00e9e\" \/>\n\t<meta name=\"twitter:data1\" content=\"2 minutes\" \/>\n<script type=\"application\/ld+json\" class=\"yoast-schema-graph\">{\"@context\":\"https:\/\/schema.org\",\"@graph\":[{\"@type\":\"WebPage\",\"@id\":\"https:\/\/altrisacces.fr\/index.php\/produit\/eclairage-led-urbain-epjd-1071\/\",\"url\":\"https:\/\/altrisacces.fr\/index.php\/produit\/eclairage-led-urbain-epjd-1071\/\",\"name\":\"Eclairage led urbain EPJD-1071 - Altris | Eclairages LED\",\"isPartOf\":{\"@id\":\"https:\/\/altrisacces.fr\/#website\"},\"primaryImageOfPage\":{\"@id\":\"https:\/\/altrisacces.fr\/index.php\/produit\/eclairage-led-urbain-epjd-1071\/#primaryimage\"},\"image\":{\"@id\":\"https:\/\/altrisacces.fr\/index.php\/produit\/eclairage-led-urbain-epjd-1071\/#primaryimage\"},\"thumbnailUrl\":\"https:\/\/altrisacces.fr\/wp-content\/uploads\/2023\/11\/EP-1071-1.png\",\"datePublished\":\"2023-11-09T13:09:45+00:00\",\"dateModified\":\"2024-06-18T16:09:27+00:00\",\"description\":\"L'\u00e9clairage led urbain EPJD-1071 est un luminaire LED d'\u00e9clairage public et rural. Offre un allumage instantan\u00e9 et puissant\",\"breadcrumb\":{\"@id\":\"https:\/\/altrisacces.fr\/index.php\/produit\/eclairage-led-urbain-epjd-1071\/#breadcrumb\"},\"inLanguage\":\"fr-FR\",\"potentialAction\":[{\"@type\":\"ReadAction\",\"target\":[\"https:\/\/altrisacces.fr\/index.php\/produit\/eclairage-led-urbain-epjd-1071\/\"]}]},{\"@type\":\"ImageObject\",\"inLanguage\":\"fr-FR\",\"@id\":\"https:\/\/altrisacces.fr\/index.php\/produit\/eclairage-led-urbain-epjd-1071\/#primaryimage\",\"url\":\"https:\/\/altrisacces.fr\/wp-content\/uploads\/2023\/11\/EP-1071-1.png\",\"contentUrl\":\"https:\/\/altrisacces.fr\/wp-content\/uploads\/2023\/11\/EP-1071-1.png\",\"width\":800,\"height\":800},{\"@type\":\"BreadcrumbList\",\"@id\":\"https:\/\/altrisacces.fr\/index.php\/produit\/eclairage-led-urbain-epjd-1071\/#breadcrumb\",\"itemListElement\":[{\"@type\":\"ListItem\",\"position\":1,\"name\":\"Accueil\",\"item\":\"https:\/\/altrisacces.fr\/\"},{\"@type\":\"ListItem\",\"position\":2,\"name\":\"Produits\",\"item\":\"https:\/\/altrisacces.fr\/index.php\/produits\/\"},{\"@type\":\"ListItem\",\"position\":3,\"name\":\"Eclairage led urbain EPJD-1071\"}]},{\"@type\":\"WebSite\",\"@id\":\"https:\/\/altrisacces.fr\/#website\",\"url\":\"https:\/\/altrisacces.fr\/\",\"name\":\"Altris\",\"description\":\"\u00e9clairage LED public, ext\u00e9rieur, tertiaire et industriel\",\"publisher\":{\"@id\":\"https:\/\/altrisacces.fr\/#organization\"},\"potentialAction\":[{\"@type\":\"SearchAction\",\"target\":{\"@type\":\"EntryPoint\",\"urlTemplate\":\"https:\/\/altrisacces.fr\/?s={search_term_string}\"},\"query-input\":\"required name=search_term_string\"}],\"inLanguage\":\"fr-FR\"},{\"@type\":\"Organization\",\"@id\":\"https:\/\/altrisacces.fr\/#organization\",\"name\":\"Altris\",\"url\":\"https:\/\/altrisacces.fr\/\",\"logo\":{\"@type\":\"ImageObject\",\"inLanguage\":\"fr-FR\",\"@id\":\"https:\/\/altrisacces.fr\/#\/schema\/logo\/image\/\",\"url\":\"https:\/\/altrisacces.fr\/wp-content\/uploads\/2023\/10\/logo_Altris.png\",\"contentUrl\":\"https:\/\/altrisacces.fr\/wp-content\/uploads\/2023\/10\/logo_Altris.png\",\"width\":1579,\"height\":1006,\"caption\":\"Altris\"},\"image\":{\"@id\":\"https:\/\/altrisacces.fr\/#\/schema\/logo\/image\/\"}}]}<\/script>\n<!-- \/ Yoast SEO plugin. -->","yoast_head_json":{"title":"Eclairage led urbain EPJD-1071 - Altris | Eclairages LED","description":"L'\u00e9clairage led urbain EPJD-1071 est un luminaire LED d'\u00e9clairage public et rural. Offre un allumage instantan\u00e9 et puissant","robots":{"index":"index","follow":"follow","max-snippet":"max-snippet:-1","max-image-preview":"max-image-preview:large","max-video-preview":"max-video-preview:-1"},"canonical":"https:\/\/altrisacces.fr\/index.php\/produit\/eclairage-led-urbain-epjd-1071\/","og_locale":"fr_FR","og_type":"article","og_title":"Eclairage led urbain EPJD-1071 - Altris | Eclairages LED","og_description":"L'\u00e9clairage led urbain EPJD-1071 est un luminaire LED d'\u00e9clairage public et rural. Offre un allumage instantan\u00e9 et puissant","og_url":"https:\/\/altrisacces.fr\/index.php\/produit\/eclairage-led-urbain-epjd-1071\/","og_site_name":"Altris","article_modified_time":"2024-06-18T16:09:27+00:00","og_image":[{"width":800,"height":800,"url":"https:\/\/altrisacces.fr\/wp-content\/uploads\/2023\/11\/EP-1071-1.png","type":"image\/png"}],"twitter_card":"summary_large_image","twitter_misc":{"Dur\u00e9e de lecture estim\u00e9e":"2 minutes"},"schema":{"@context":"https:\/\/schema.org","@graph":[{"@type":"WebPage","@id":"https:\/\/altrisacces.fr\/index.php\/produit\/eclairage-led-urbain-epjd-1071\/","url":"https:\/\/altrisacces.fr\/index.php\/produit\/eclairage-led-urbain-epjd-1071\/","name":"Eclairage led urbain EPJD-1071 - Altris | Eclairages LED","isPartOf":{"@id":"https:\/\/altrisacces.fr\/#website"},"primaryImageOfPage":{"@id":"https:\/\/altrisacces.fr\/index.php\/produit\/eclairage-led-urbain-epjd-1071\/#primaryimage"},"image":{"@id":"https:\/\/altrisacces.fr\/index.php\/produit\/eclairage-led-urbain-epjd-1071\/#primaryimage"},"thumbnailUrl":"https:\/\/altrisacces.fr\/wp-content\/uploads\/2023\/11\/EP-1071-1.png","datePublished":"2023-11-09T13:09:45+00:00","dateModified":"2024-06-18T16:09:27+00:00","description":"L'\u00e9clairage led urbain EPJD-1071 est un luminaire LED d'\u00e9clairage public et rural. Offre un allumage instantan\u00e9 et puissant","breadcrumb":{"@id":"https:\/\/altrisacces.fr\/index.php\/produit\/eclairage-led-urbain-epjd-1071\/#breadcrumb"},"inLanguage":"fr-FR","potentialAction":[{"@type":"ReadAction","target":["https:\/\/altrisacces.fr\/index.php\/produit\/eclairage-led-urbain-epjd-1071\/"]}]},{"@type":"ImageObject","inLanguage":"fr-FR","@id":"https:\/\/altrisacces.fr\/index.php\/produit\/eclairage-led-urbain-epjd-1071\/#primaryimage","url":"https:\/\/altrisacces.fr\/wp-content\/uploads\/2023\/11\/EP-1071-1.png","contentUrl":"https:\/\/altrisacces.fr\/wp-content\/uploads\/2023\/11\/EP-1071-1.png","width":800,"height":800},{"@type":"BreadcrumbList","@id":"https:\/\/altrisacces.fr\/index.php\/produit\/eclairage-led-urbain-epjd-1071\/#breadcrumb","itemListElement":[{"@type":"ListItem","position":1,"name":"Accueil","item":"https:\/\/altrisacces.fr\/"},{"@type":"ListItem","position":2,"name":"Produits","item":"https:\/\/altrisacces.fr\/index.php\/produits\/"},{"@type":"ListItem","position":3,"name":"Eclairage led urbain EPJD-1071"}]},{"@type":"WebSite","@id":"https:\/\/altrisacces.fr\/#website","url":"https:\/\/altrisacces.fr\/","name":"Altris","description":"\u00e9clairage LED public, ext\u00e9rieur, tertiaire et industriel","publisher":{"@id":"https:\/\/altrisacces.fr\/#organization"},"potentialAction":[{"@type":"SearchAction","target":{"@type":"EntryPoint","urlTemplate":"https:\/\/altrisacces.fr\/?s={search_term_string}"},"query-input":"required name=search_term_string"}],"inLanguage":"fr-FR"},{"@type":"Organization","@id":"https:\/\/altrisacces.fr\/#organization","name":"Altris","url":"https:\/\/altrisacces.fr\/","logo":{"@type":"ImageObject","inLanguage":"fr-FR","@id":"https:\/\/altrisacces.fr\/#\/schema\/logo\/image\/","url":"https:\/\/altrisacces.fr\/wp-content\/uploads\/2023\/10\/logo_Altris.png","contentUrl":"https:\/\/altrisacces.fr\/wp-content\/uploads\/2023\/10\/logo_Altris.png","width":1579,"height":1006,"caption":"Altris"},"image":{"@id":"https:\/\/altrisacces.fr\/#\/schema\/logo\/image\/"}}]}},"_links":{"self":[{"href":"https:\/\/altrisacces.fr\/index.php\/wp-json\/wp\/v2\/product\/623","targetHints":{"allow":["GET"]}}],"collection":[{"href":"https:\/\/altrisacces.fr\/index.php\/wp-json\/wp\/v2\/product"}],"about":[{"href":"https:\/\/altrisacces.fr\/index.php\/wp-json\/wp\/v2\/types\/product"}],"replies":[{"embeddable":true,"href":"https:\/\/altrisacces.fr\/index.php\/wp-json\/wp\/v2\/comments?post=623"}],"wp:featuredmedia":[{"embeddable":true,"href":"https:\/\/altrisacces.fr\/index.php\/wp-json\/wp\/v2\/media\/634"}],"wp:attachment":[{"href":"https:\/\/altrisacces.fr\/index.php\/wp-json\/wp\/v2\/media?parent=623"}],"wp:term":[{"taxonomy":"product_cat","embeddable":true,"href":"https:\/\/altrisacces.fr\/index.php\/wp-json\/wp\/v2\/product_cat?post=623"},{"taxonomy":"product_tag","embeddable":true,"href":"https:\/\/altrisacces.fr\/index.php\/wp-json\/wp\/v2\/product_tag?post=623"}],"curies":[{"name":"wp","href":"https:\/\/api.w.org\/{rel}","templated":true}]}}