{"id":642,"date":"2023-11-09T14:20:12","date_gmt":"2023-11-09T13:20:12","guid":{"rendered":"https:\/\/altrisacces.fr\/?post_type=product&#038;p=642"},"modified":"2024-06-18T18:08:47","modified_gmt":"2024-06-18T16:08:47","slug":"eclairage-led-urbain-epjd-1072","status":"publish","type":"product","link":"https:\/\/altrisacces.fr\/index.php\/produit\/eclairage-led-urbain-epjd-1072\/","title":{"rendered":"Eclairage led urbain EPJD-1072"},"content":{"rendered":"<p><span style=\"font-weight: normal;\">L&rsquo;\u00e9clairage led urbain EPJD-1072 est un luminaire LED d&rsquo;\u00e9clairage public et rural. Offre un allumage instantan\u00e9 et puissant est la solution id\u00e9ale pour le remplacement des vieux lampadaires \u00e0 d\u00e9charge. Am\u00e9liorant la qualit\u00e9 de la lumi\u00e8re, tout en r\u00e9duisant consid\u00e9rablement la consommation d&rsquo;\u00e9nergie.<\/span><\/p>\n<h2>Fonctionnalit\u00e9s de l&rsquo;\u00e9clairage led urbain EPJD-1072<\/h2>\n<div class=\"text column\">\n<ul>\n<li>LED\/Philips Lumiled 5050 ou 3030 Pilote:philips,Meanwell Inventronics<\/li>\n<li>Mat\u00e9riau en aluminium moul\u00e9 sous pression, surface vieillie par pulv\u00e9risation \u00e9lectrostatique.<\/li>\n<li>traitement de pulv\u00e9risation \u00e9lectrostatique, super r\u00e9sistance \u00e0 la corrosion.<\/li>\n<li>Couvercle en PMMA, verre<\/li>\n<li>Tension d&rsquo;entr\u00e9e : AC100-240V, 50\/60Hz, IP65, Ik07<\/li>\n<li>Zone venteuse : 115 \u339d2<\/li>\n<li>Vis en acier inoxydable<\/li>\n<li>7 ans de garantie<\/li>\n<\/ul>\n<\/div>\n<h2>Caract\u00e9ristiques<\/h2>\n<table border=\"1\" width=\"100%\" cellspacing=\"0\">\n<tbody>\n<tr>\n<td width=\"296\">Product Code<\/td>\n<td width=\"186\">EP-1072A<\/td>\n<td width=\"186\">EP-1072B<\/td>\n<td width=\"186\">EP-1072C<\/td>\n<td width=\"137\">EP-1072D<\/td>\n<td width=\"137\">EP-1072E<\/td>\n<\/tr>\n<tr>\n<td>LED Current (mA)<\/td>\n<td>100mA 3030\/75mA 5050<\/td>\n<td>88mA 3030\/67mA 5050<\/td>\n<td>72mA 3030\/58mA 5050<\/td>\n<td>80mA 3030\/60mA 5050<\/td>\n<td>78mA 3030\/63mA 5050<\/td>\n<\/tr>\n<tr>\n<td>LED Quantity<\/td>\n<td>48pcs 3030\/16pcs 5050<\/td>\n<td>72pcs 3030\/24pcs 5050<\/td>\n<td>108pcs 3030\/36pcs 5050<\/td>\n<td>120pcs 3030\/40pcs 5050<\/td>\n<td>144pcs 3030\/48pcs 5050<\/td>\n<\/tr>\n<tr>\n<td>Rate Power<\/td>\n<td>30W<\/td>\n<td>40W<\/td>\n<td>50W<\/td>\n<td>60W<\/td>\n<td>70W<\/td>\n<\/tr>\n<tr>\n<td>Color Temperature<\/td>\n<td>6500\/4000\/3000K<\/td>\n<td>6500\/4000\/3000K<\/td>\n<td>6500\/4000\/3000K<\/td>\n<td>6500\/4000\/3000K<\/td>\n<td>6500\/4000\/3000K<\/td>\n<\/tr>\n<tr>\n<td>Luminous Flux<\/td>\n<td>130LM\/W 3030\u00a0 140LM\/W 5050<\/td>\n<td>130LM\/W 3030\u00a0 140LM\/W 5050<\/td>\n<td>130LM\/W 3030\u00a0 140LM\/W 5050<\/td>\n<td>130LM\/W 3030\u00a0 140LM\/W 5050<\/td>\n<td>150LUM\/W<\/td>\n<\/tr>\n<tr>\n<td>Input Voltage<\/td>\n<td>AC100-240V<\/td>\n<td>AC100-240V<\/td>\n<td>AC100-240V<\/td>\n<td>AC100-240V<\/td>\n<td>AC100-240V<\/td>\n<\/tr>\n<tr>\n<td>Frequency Range<\/td>\n<td>50\/60Hz<\/td>\n<td>50\/60Hz<\/td>\n<td>50\/60Hz<\/td>\n<td>50\/60Hz<\/td>\n<td>50\/60Hz<\/td>\n<\/tr>\n<tr>\n<td>Color Temperature<\/td>\n<td>RA75<\/td>\n<td>RA75<\/td>\n<td>RA75<\/td>\n<td>RA75<\/td>\n<td>RA75<\/td>\n<\/tr>\n<tr>\n<td>Temperature of working condition<\/td>\n<td>-40\u2103\u00a0 &#8211;\u00a0 50\u2103<\/td>\n<td>-40\u2103\u00a0 &#8211;\u00a0 50\u2103<\/td>\n<td>-40\u2103\u00a0 &#8211;\u00a0 50\u2103<\/td>\n<td>-40\u2103\u00a0 &#8211;\u00a0 50\u2103<\/td>\n<td>-40\u2103\u00a0 &#8211;\u00a0 50\u2103<\/td>\n<\/tr>\n<tr>\n<td>humidity of working condition<\/td>\n<td>20%-90%<\/td>\n<td>20%-90%<\/td>\n<td>20%-90%<\/td>\n<td>20%-90%<\/td>\n<td>20%-90%<\/td>\n<\/tr>\n<tr>\n<td>LED life time<\/td>\n<td>70000h<\/td>\n<td>70000h<\/td>\n<td>70000h<\/td>\n<td>70000h<\/td>\n<td>70000h<\/td>\n<\/tr>\n<tr>\n<td>Protestion Grade<\/td>\n<td>IP65<\/td>\n<td>IP65<\/td>\n<td>IP65<\/td>\n<td>IP65<\/td>\n<td>IP65<\/td>\n<\/tr>\n<tr>\n<td>Installation Pipe Dia<\/td>\n<td>\u03a660mm<\/td>\n<td>\u03a660mm<\/td>\n<td>\u03a660mm<\/td>\n<td>\u03a660mm<\/td>\n<td>\u03a660mm<\/td>\n<\/tr>\n<tr>\n<td>Installation Height<\/td>\n<td>3-4m<\/td>\n<td>4-5m<\/td>\n<td>5-6m<\/td>\n<td>6-7m<\/td>\n<td>7-8m<\/td>\n<\/tr>\n<tr>\n<td>Net Weight<\/td>\n<td>1.52kg<\/td>\n<td>1.62kg<\/td>\n<td>1.92kg<\/td>\n<td>2.12kg<\/td>\n<td>2.62Kg<\/td>\n<\/tr>\n<tr>\n<td>Gross Weight<\/td>\n<td>2.52kg<\/td>\n<td>2.62kg<\/td>\n<td>2.92kg<\/td>\n<td>3.12kg<\/td>\n<td>3.62kg<\/td>\n<\/tr>\n<tr>\n<td>Product Size<\/td>\n<td>492x210x68mm<\/td>\n<td>492x210x68mm<\/td>\n<td>492x210x68mm<\/td>\n<td>492x210x68mm<\/td>\n<td>492x210x68mm<\/td>\n<\/tr>\n<tr>\n<td>Packing Size<\/td>\n<td>530x265x135mm<\/td>\n<td>530x265x135mm<\/td>\n<td>530x265x135mm<\/td>\n<td>530x265x135mm<\/td>\n<td>530x265x135mm<\/td>\n<\/tr>\n<\/tbody>\n<\/table>\n<p>Retrouvez l&rsquo;ensemble de notre gamme <em>\u00e9clairage LED urbain<\/em> <a href=\"https:\/\/altrisacces.fr\/index.php\/categorie-produit\/eclairages-urbains\/\">ici<\/a><\/p>\n","protected":false},"excerpt":{"rendered":"<p><span style=\"font-weight: normal;\">L&rsquo;\u00e9clairage led urbain EPJD-1072 est un luminaire LED d&rsquo;\u00e9clairage public et rural. Offre un allumage instantan\u00e9 et puissant est la solution id\u00e9ale pour le remplacement des vieux lampadaires \u00e0 d\u00e9charge. Am\u00e9liorant la qualit\u00e9 de la lumi\u00e8re, tout en r\u00e9duisant consid\u00e9rablement la consommation d&rsquo;\u00e9nergie.<\/span><\/p>\n","protected":false},"featured_media":643,"comment_status":"open","ping_status":"closed","template":"","meta":{"_acf_changed":false},"product_cat":[28,36,29],"product_tag":[],"class_list":{"0":"post-642","1":"product","2":"type-product","3":"status-publish","4":"has-post-thumbnail","6":"product_cat-eclairages-urbains","7":"product_cat-gamme-filaire","8":"product_cat-nouveautes","10":"first","11":"instock","12":"shipping-taxable","13":"product-type-simple"},"acf":[],"yoast_head":"<!-- This site is optimized with the Yoast SEO plugin v22.9 - https:\/\/yoast.com\/wordpress\/plugins\/seo\/ -->\n<title>Eclairage led urbain EPJD-1072 - Altris | Eclairages LED<\/title>\n<meta name=\"description\" content=\"L&#039;\u00e9clairage led urbain EPJD-1072 est un luminaire LED d&#039;\u00e9clairage public et rural. Offre un allumage instantan\u00e9 et puissant.\" \/>\n<meta name=\"robots\" content=\"index, follow, max-snippet:-1, max-image-preview:large, max-video-preview:-1\" \/>\n<link rel=\"canonical\" href=\"https:\/\/altrisacces.fr\/index.php\/produit\/eclairage-led-urbain-epjd-1072\/\" \/>\n<meta property=\"og:locale\" content=\"fr_FR\" \/>\n<meta property=\"og:type\" content=\"article\" \/>\n<meta property=\"og:title\" content=\"Eclairage led urbain EPJD-1072 - Altris | Eclairages LED\" \/>\n<meta property=\"og:description\" content=\"L&#039;\u00e9clairage led urbain EPJD-1072 est un luminaire LED d&#039;\u00e9clairage public et rural. Offre un allumage instantan\u00e9 et puissant.\" \/>\n<meta property=\"og:url\" content=\"https:\/\/altrisacces.fr\/index.php\/produit\/eclairage-led-urbain-epjd-1072\/\" \/>\n<meta property=\"og:site_name\" content=\"Altris\" \/>\n<meta property=\"article:modified_time\" content=\"2024-06-18T16:08:47+00:00\" \/>\n<meta property=\"og:image\" content=\"https:\/\/altrisacces.fr\/wp-content\/uploads\/2023\/11\/EP-1072-1.png\" \/>\n\t<meta property=\"og:image:width\" content=\"800\" \/>\n\t<meta property=\"og:image:height\" content=\"800\" \/>\n\t<meta property=\"og:image:type\" content=\"image\/png\" \/>\n<meta name=\"twitter:card\" content=\"summary_large_image\" \/>\n<meta name=\"twitter:label1\" content=\"Dur\u00e9e de lecture estim\u00e9e\" \/>\n\t<meta name=\"twitter:data1\" content=\"2 minutes\" \/>\n<script type=\"application\/ld+json\" class=\"yoast-schema-graph\">{\"@context\":\"https:\/\/schema.org\",\"@graph\":[{\"@type\":\"WebPage\",\"@id\":\"https:\/\/altrisacces.fr\/index.php\/produit\/eclairage-led-urbain-epjd-1072\/\",\"url\":\"https:\/\/altrisacces.fr\/index.php\/produit\/eclairage-led-urbain-epjd-1072\/\",\"name\":\"Eclairage led urbain EPJD-1072 - Altris | Eclairages LED\",\"isPartOf\":{\"@id\":\"https:\/\/altrisacces.fr\/#website\"},\"primaryImageOfPage\":{\"@id\":\"https:\/\/altrisacces.fr\/index.php\/produit\/eclairage-led-urbain-epjd-1072\/#primaryimage\"},\"image\":{\"@id\":\"https:\/\/altrisacces.fr\/index.php\/produit\/eclairage-led-urbain-epjd-1072\/#primaryimage\"},\"thumbnailUrl\":\"https:\/\/altrisacces.fr\/wp-content\/uploads\/2023\/11\/EP-1072-1.png\",\"datePublished\":\"2023-11-09T13:20:12+00:00\",\"dateModified\":\"2024-06-18T16:08:47+00:00\",\"description\":\"L'\u00e9clairage led urbain EPJD-1072 est un luminaire LED d'\u00e9clairage public et rural. Offre un allumage instantan\u00e9 et puissant.\",\"breadcrumb\":{\"@id\":\"https:\/\/altrisacces.fr\/index.php\/produit\/eclairage-led-urbain-epjd-1072\/#breadcrumb\"},\"inLanguage\":\"fr-FR\",\"potentialAction\":[{\"@type\":\"ReadAction\",\"target\":[\"https:\/\/altrisacces.fr\/index.php\/produit\/eclairage-led-urbain-epjd-1072\/\"]}]},{\"@type\":\"ImageObject\",\"inLanguage\":\"fr-FR\",\"@id\":\"https:\/\/altrisacces.fr\/index.php\/produit\/eclairage-led-urbain-epjd-1072\/#primaryimage\",\"url\":\"https:\/\/altrisacces.fr\/wp-content\/uploads\/2023\/11\/EP-1072-1.png\",\"contentUrl\":\"https:\/\/altrisacces.fr\/wp-content\/uploads\/2023\/11\/EP-1072-1.png\",\"width\":800,\"height\":800,\"caption\":\"Eclairage led urbain\"},{\"@type\":\"BreadcrumbList\",\"@id\":\"https:\/\/altrisacces.fr\/index.php\/produit\/eclairage-led-urbain-epjd-1072\/#breadcrumb\",\"itemListElement\":[{\"@type\":\"ListItem\",\"position\":1,\"name\":\"Accueil\",\"item\":\"https:\/\/altrisacces.fr\/\"},{\"@type\":\"ListItem\",\"position\":2,\"name\":\"Produits\",\"item\":\"https:\/\/altrisacces.fr\/index.php\/produits\/\"},{\"@type\":\"ListItem\",\"position\":3,\"name\":\"Eclairage led urbain EPJD-1072\"}]},{\"@type\":\"WebSite\",\"@id\":\"https:\/\/altrisacces.fr\/#website\",\"url\":\"https:\/\/altrisacces.fr\/\",\"name\":\"Altris\",\"description\":\"\u00e9clairage LED public, ext\u00e9rieur, tertiaire et industriel\",\"publisher\":{\"@id\":\"https:\/\/altrisacces.fr\/#organization\"},\"potentialAction\":[{\"@type\":\"SearchAction\",\"target\":{\"@type\":\"EntryPoint\",\"urlTemplate\":\"https:\/\/altrisacces.fr\/?s={search_term_string}\"},\"query-input\":\"required name=search_term_string\"}],\"inLanguage\":\"fr-FR\"},{\"@type\":\"Organization\",\"@id\":\"https:\/\/altrisacces.fr\/#organization\",\"name\":\"Altris\",\"url\":\"https:\/\/altrisacces.fr\/\",\"logo\":{\"@type\":\"ImageObject\",\"inLanguage\":\"fr-FR\",\"@id\":\"https:\/\/altrisacces.fr\/#\/schema\/logo\/image\/\",\"url\":\"https:\/\/altrisacces.fr\/wp-content\/uploads\/2023\/10\/logo_Altris.png\",\"contentUrl\":\"https:\/\/altrisacces.fr\/wp-content\/uploads\/2023\/10\/logo_Altris.png\",\"width\":1579,\"height\":1006,\"caption\":\"Altris\"},\"image\":{\"@id\":\"https:\/\/altrisacces.fr\/#\/schema\/logo\/image\/\"}}]}<\/script>\n<!-- \/ Yoast SEO plugin. -->","yoast_head_json":{"title":"Eclairage led urbain EPJD-1072 - Altris | Eclairages LED","description":"L'\u00e9clairage led urbain EPJD-1072 est un luminaire LED d'\u00e9clairage public et rural. Offre un allumage instantan\u00e9 et puissant.","robots":{"index":"index","follow":"follow","max-snippet":"max-snippet:-1","max-image-preview":"max-image-preview:large","max-video-preview":"max-video-preview:-1"},"canonical":"https:\/\/altrisacces.fr\/index.php\/produit\/eclairage-led-urbain-epjd-1072\/","og_locale":"fr_FR","og_type":"article","og_title":"Eclairage led urbain EPJD-1072 - Altris | Eclairages LED","og_description":"L'\u00e9clairage led urbain EPJD-1072 est un luminaire LED d'\u00e9clairage public et rural. Offre un allumage instantan\u00e9 et puissant.","og_url":"https:\/\/altrisacces.fr\/index.php\/produit\/eclairage-led-urbain-epjd-1072\/","og_site_name":"Altris","article_modified_time":"2024-06-18T16:08:47+00:00","og_image":[{"width":800,"height":800,"url":"https:\/\/altrisacces.fr\/wp-content\/uploads\/2023\/11\/EP-1072-1.png","type":"image\/png"}],"twitter_card":"summary_large_image","twitter_misc":{"Dur\u00e9e de lecture estim\u00e9e":"2 minutes"},"schema":{"@context":"https:\/\/schema.org","@graph":[{"@type":"WebPage","@id":"https:\/\/altrisacces.fr\/index.php\/produit\/eclairage-led-urbain-epjd-1072\/","url":"https:\/\/altrisacces.fr\/index.php\/produit\/eclairage-led-urbain-epjd-1072\/","name":"Eclairage led urbain EPJD-1072 - Altris | Eclairages LED","isPartOf":{"@id":"https:\/\/altrisacces.fr\/#website"},"primaryImageOfPage":{"@id":"https:\/\/altrisacces.fr\/index.php\/produit\/eclairage-led-urbain-epjd-1072\/#primaryimage"},"image":{"@id":"https:\/\/altrisacces.fr\/index.php\/produit\/eclairage-led-urbain-epjd-1072\/#primaryimage"},"thumbnailUrl":"https:\/\/altrisacces.fr\/wp-content\/uploads\/2023\/11\/EP-1072-1.png","datePublished":"2023-11-09T13:20:12+00:00","dateModified":"2024-06-18T16:08:47+00:00","description":"L'\u00e9clairage led urbain EPJD-1072 est un luminaire LED d'\u00e9clairage public et rural. Offre un allumage instantan\u00e9 et puissant.","breadcrumb":{"@id":"https:\/\/altrisacces.fr\/index.php\/produit\/eclairage-led-urbain-epjd-1072\/#breadcrumb"},"inLanguage":"fr-FR","potentialAction":[{"@type":"ReadAction","target":["https:\/\/altrisacces.fr\/index.php\/produit\/eclairage-led-urbain-epjd-1072\/"]}]},{"@type":"ImageObject","inLanguage":"fr-FR","@id":"https:\/\/altrisacces.fr\/index.php\/produit\/eclairage-led-urbain-epjd-1072\/#primaryimage","url":"https:\/\/altrisacces.fr\/wp-content\/uploads\/2023\/11\/EP-1072-1.png","contentUrl":"https:\/\/altrisacces.fr\/wp-content\/uploads\/2023\/11\/EP-1072-1.png","width":800,"height":800,"caption":"Eclairage led urbain"},{"@type":"BreadcrumbList","@id":"https:\/\/altrisacces.fr\/index.php\/produit\/eclairage-led-urbain-epjd-1072\/#breadcrumb","itemListElement":[{"@type":"ListItem","position":1,"name":"Accueil","item":"https:\/\/altrisacces.fr\/"},{"@type":"ListItem","position":2,"name":"Produits","item":"https:\/\/altrisacces.fr\/index.php\/produits\/"},{"@type":"ListItem","position":3,"name":"Eclairage led urbain EPJD-1072"}]},{"@type":"WebSite","@id":"https:\/\/altrisacces.fr\/#website","url":"https:\/\/altrisacces.fr\/","name":"Altris","description":"\u00e9clairage LED public, ext\u00e9rieur, tertiaire et industriel","publisher":{"@id":"https:\/\/altrisacces.fr\/#organization"},"potentialAction":[{"@type":"SearchAction","target":{"@type":"EntryPoint","urlTemplate":"https:\/\/altrisacces.fr\/?s={search_term_string}"},"query-input":"required name=search_term_string"}],"inLanguage":"fr-FR"},{"@type":"Organization","@id":"https:\/\/altrisacces.fr\/#organization","name":"Altris","url":"https:\/\/altrisacces.fr\/","logo":{"@type":"ImageObject","inLanguage":"fr-FR","@id":"https:\/\/altrisacces.fr\/#\/schema\/logo\/image\/","url":"https:\/\/altrisacces.fr\/wp-content\/uploads\/2023\/10\/logo_Altris.png","contentUrl":"https:\/\/altrisacces.fr\/wp-content\/uploads\/2023\/10\/logo_Altris.png","width":1579,"height":1006,"caption":"Altris"},"image":{"@id":"https:\/\/altrisacces.fr\/#\/schema\/logo\/image\/"}}]}},"_links":{"self":[{"href":"https:\/\/altrisacces.fr\/index.php\/wp-json\/wp\/v2\/product\/642","targetHints":{"allow":["GET"]}}],"collection":[{"href":"https:\/\/altrisacces.fr\/index.php\/wp-json\/wp\/v2\/product"}],"about":[{"href":"https:\/\/altrisacces.fr\/index.php\/wp-json\/wp\/v2\/types\/product"}],"replies":[{"embeddable":true,"href":"https:\/\/altrisacces.fr\/index.php\/wp-json\/wp\/v2\/comments?post=642"}],"wp:featuredmedia":[{"embeddable":true,"href":"https:\/\/altrisacces.fr\/index.php\/wp-json\/wp\/v2\/media\/643"}],"wp:attachment":[{"href":"https:\/\/altrisacces.fr\/index.php\/wp-json\/wp\/v2\/media?parent=642"}],"wp:term":[{"taxonomy":"product_cat","embeddable":true,"href":"https:\/\/altrisacces.fr\/index.php\/wp-json\/wp\/v2\/product_cat?post=642"},{"taxonomy":"product_tag","embeddable":true,"href":"https:\/\/altrisacces.fr\/index.php\/wp-json\/wp\/v2\/product_tag?post=642"}],"curies":[{"name":"wp","href":"https:\/\/api.w.org\/{rel}","templated":true}]}}