{"id":649,"date":"2023-11-09T14:24:58","date_gmt":"2023-11-09T13:24:58","guid":{"rendered":"https:\/\/altrisacces.fr\/?post_type=product&#038;p=649"},"modified":"2024-06-18T18:05:27","modified_gmt":"2024-06-18T16:05:27","slug":"eclairage-led-urbain-epjd-g030","status":"publish","type":"product","link":"https:\/\/altrisacces.fr\/index.php\/produit\/eclairage-led-urbain-epjd-g030\/","title":{"rendered":"Eclairage led urbain EPJD-G030"},"content":{"rendered":"<p>L&rsquo;\u00e9clairage led urbain EPJD-G030 offre un design moderne s&rsquo;int\u00e8gre parfaitement \u00e0 l&rsquo;environnement, ce qui en fait un projet de premier plan.<br \/>\nUtilisation de mat\u00e9riaux de moulage sous pression en aluminium \u00e0 haute r\u00e9sistance, traitement de pulv\u00e9risation \u00e9lectrostatique afin d&rsquo;\u00e9viter le vieillissement pr\u00e9matur\u00e9 des surfaces, tr\u00e8s r\u00e9sistance \u00e0 la corrosion.<\/p>\n<h2>Fonctionnalit\u00e9s de l&rsquo;\u00e9clairage led urbain EPJD-G030<\/h2>\n<div class=\"text column\">\n<ul>\n<li>Philips Lumiled 5050 Led Philips Meanwell, pilote Inventronics<\/li>\n<li>Mat\u00e9riau principal utilis\u00e9 : aluminium moul\u00e9 sous pression \u00e0 haute r\u00e9sistance, traitement de pulv\u00e9risation \u00e9lectrostatique pour le vieillissement de la surface, excellente r\u00e9sistance \u00e0 la corrosion.<\/li>\n<li>Couvercle en verre tremp\u00e9 tr\u00e8s transparent, haute r\u00e9sistance aux chocs<\/li>\n<li>Angle de la version horizontale r\u00e9glable : +15\u00b0\uff5e-15\u00b0.<\/li>\n<li>Version verticale : angle r\u00e9glable : +15\u00b0\uff5e-15\u00b0<\/li>\n<li>Tension d&rsquo;entr\u00e9e : AC100-240V, 50\/60Hz ;<\/li>\n<li>Garantie de 7 ans<\/li>\n<li>Classe IP66, IK09 ;<\/li>\n<\/ul>\n<\/div>\n<h2>Caract\u00e9ristiques<\/h2>\n<table border=\"1\" width=\"100%\">\n<tbody>\n<tr>\n<td width=\"197\">Product Code<\/td>\n<td width=\"216\">EPJD-G030A<\/td>\n<td width=\"217\">EPJD-G030B<\/td>\n<td width=\"217\">EPJD-G030C<\/td>\n<\/tr>\n<tr>\n<td>Electric Current<\/td>\n<td>75mA<\/td>\n<td>100mA<\/td>\n<td>110mA<\/td>\n<\/tr>\n<tr>\n<td>LED Quantity<\/td>\n<td>16pcs 5050<\/td>\n<td>24pcs 5050<\/td>\n<td>36pcs 5050<\/td>\n<\/tr>\n<tr>\n<td>Rate Power<\/td>\n<td>30W<\/td>\n<td>60W<\/td>\n<td>100W<\/td>\n<\/tr>\n<tr>\n<td>Color Temperature<\/td>\n<td>6500\/4000\/3000K<\/td>\n<td>6500\/4000\/3000K<\/td>\n<td>6500\/4000\/3000K<\/td>\n<\/tr>\n<tr>\n<td>Luminous Flux<\/td>\n<td>2700Im\/4000K<\/td>\n<td>5400Im\/4000K<\/td>\n<td>6000Im\/4000K<\/td>\n<\/tr>\n<tr>\n<td>Input Voltage<\/td>\n<td>AC100-240V<\/td>\n<td>AC100-240V<\/td>\n<td>AC100-240V<\/td>\n<\/tr>\n<tr>\n<td>Frequency Range<\/td>\n<td>50\/60Hz<\/td>\n<td>50\/60Hz<\/td>\n<td>50\/60Hz<\/td>\n<\/tr>\n<tr>\n<td>Color Temperature<\/td>\n<td>RA75<\/td>\n<td>RA75<\/td>\n<td>RA75<\/td>\n<\/tr>\n<tr>\n<td width=\"197\">Temperature of working condition<\/td>\n<td>-40\u2103\u00a0 &#8211;\u00a0 50\u2103<\/td>\n<td>-40\u2103\u00a0 &#8211;\u00a0 50\u2103<\/td>\n<td>-40\u2103\u00a0 &#8211;\u00a0 50\u2103<\/td>\n<\/tr>\n<tr>\n<td>Humidity of working condition<\/td>\n<td>20%-90%<\/td>\n<td>20%-90%<\/td>\n<td>20%-90%<\/td>\n<\/tr>\n<tr>\n<td>LED life time<\/td>\n<td>70000h<\/td>\n<td>70000h<\/td>\n<td>70000h<\/td>\n<\/tr>\n<tr>\n<td>Protestion Grade<\/td>\n<td>IP66<\/td>\n<td>IP66<\/td>\n<td>IP66<\/td>\n<\/tr>\n<tr>\n<td>Installation Pipe Dia<\/td>\n<td>\u03a676mm<\/td>\n<td>\u03a676mm<\/td>\n<td>\u03a676mm<\/td>\n<\/tr>\n<tr>\n<td>Installation Height<\/td>\n<td>3-5m<\/td>\n<td>4-6m<\/td>\n<td>7-9m<\/td>\n<\/tr>\n<tr>\n<td>Net Weight<\/td>\n<td>7.9kg<\/td>\n<td>8.46kg<\/td>\n<td>8.5kg<\/td>\n<\/tr>\n<tr>\n<td>Gross Weight<\/td>\n<td>9.1kg<\/td>\n<td>9.66kg<\/td>\n<td>10.5kg<\/td>\n<\/tr>\n<tr>\n<td>Product Size<\/td>\n<td>517*704*78mm<\/td>\n<td>517*704*78mm<\/td>\n<td>517*704*78mm<\/td>\n<\/tr>\n<\/tbody>\n<\/table>\n<p>&nbsp;<\/p>\n<p>Retrouvez l&rsquo;ensemble de notre gamme <em>\u00e9clairage LED urbain<\/em> <a href=\"https:\/\/altrisacces.fr\/index.php\/categorie-produit\/eclairages-urbains\/\">ici<\/a><\/p>\n","protected":false},"excerpt":{"rendered":"<p>L&rsquo;\u00e9clairage led urbain EPJD-G030 offre un design moderne s&rsquo;int\u00e8gre parfaitement \u00e0 l&rsquo;environnement, ce qui en fait un projet de premier plan.<br \/>\nUtilisation de mat\u00e9riaux de moulage sous pression en aluminium \u00e0 haute r\u00e9sistance, traitement de pulv\u00e9risation \u00e9lectrostatique afin d&rsquo;\u00e9viter le vieillissement pr\u00e9matur\u00e9 des surfaces, tr\u00e8s r\u00e9sistance \u00e0 la corrosion.<\/p>\n","protected":false},"featured_media":656,"comment_status":"open","ping_status":"closed","template":"","meta":{"_acf_changed":false},"product_cat":[28,36,29],"product_tag":[],"class_list":{"0":"post-649","1":"product","2":"type-product","3":"status-publish","4":"has-post-thumbnail","6":"product_cat-eclairages-urbains","7":"product_cat-gamme-filaire","8":"product_cat-nouveautes","10":"first","11":"instock","12":"shipping-taxable","13":"product-type-simple"},"acf":[],"yoast_head":"<!-- This site is optimized with the Yoast SEO plugin v22.9 - https:\/\/yoast.com\/wordpress\/plugins\/seo\/ -->\n<title>Eclairage led urbain EPJD-G030 - Altris | Eclairages LED<\/title>\n<meta name=\"description\" content=\"L&#039;\u00e9clairage led urbain EPJD-G030 offre un design moderne s&#039;int\u00e8gre parfaitement \u00e0 l&#039;environnement, ce qui en fait un projet de premier plan.\" \/>\n<meta name=\"robots\" content=\"index, follow, max-snippet:-1, max-image-preview:large, max-video-preview:-1\" \/>\n<link rel=\"canonical\" href=\"https:\/\/altrisacces.fr\/index.php\/produit\/eclairage-led-urbain-epjd-g030\/\" \/>\n<meta property=\"og:locale\" content=\"fr_FR\" \/>\n<meta property=\"og:type\" content=\"article\" \/>\n<meta property=\"og:title\" content=\"Eclairage led urbain EPJD-G030 - Altris | Eclairages LED\" \/>\n<meta property=\"og:description\" content=\"L&#039;\u00e9clairage led urbain EPJD-G030 offre un design moderne s&#039;int\u00e8gre parfaitement \u00e0 l&#039;environnement, ce qui en fait un projet de premier plan.\" \/>\n<meta property=\"og:url\" content=\"https:\/\/altrisacces.fr\/index.php\/produit\/eclairage-led-urbain-epjd-g030\/\" \/>\n<meta property=\"og:site_name\" content=\"Altris\" \/>\n<meta property=\"article:modified_time\" content=\"2024-06-18T16:05:27+00:00\" \/>\n<meta property=\"og:image\" content=\"https:\/\/altrisacces.fr\/wp-content\/uploads\/2023\/11\/EPJD-G030-51.png\" \/>\n\t<meta property=\"og:image:width\" content=\"800\" \/>\n\t<meta property=\"og:image:height\" content=\"800\" \/>\n\t<meta property=\"og:image:type\" content=\"image\/png\" \/>\n<meta name=\"twitter:card\" content=\"summary_large_image\" \/>\n<meta name=\"twitter:label1\" content=\"Dur\u00e9e de lecture estim\u00e9e\" \/>\n\t<meta name=\"twitter:data1\" content=\"2 minutes\" \/>\n<script type=\"application\/ld+json\" class=\"yoast-schema-graph\">{\"@context\":\"https:\/\/schema.org\",\"@graph\":[{\"@type\":\"WebPage\",\"@id\":\"https:\/\/altrisacces.fr\/index.php\/produit\/eclairage-led-urbain-epjd-g030\/\",\"url\":\"https:\/\/altrisacces.fr\/index.php\/produit\/eclairage-led-urbain-epjd-g030\/\",\"name\":\"Eclairage led urbain EPJD-G030 - Altris | Eclairages LED\",\"isPartOf\":{\"@id\":\"https:\/\/altrisacces.fr\/#website\"},\"primaryImageOfPage\":{\"@id\":\"https:\/\/altrisacces.fr\/index.php\/produit\/eclairage-led-urbain-epjd-g030\/#primaryimage\"},\"image\":{\"@id\":\"https:\/\/altrisacces.fr\/index.php\/produit\/eclairage-led-urbain-epjd-g030\/#primaryimage\"},\"thumbnailUrl\":\"https:\/\/altrisacces.fr\/wp-content\/uploads\/2023\/11\/EPJD-G030-51.png\",\"datePublished\":\"2023-11-09T13:24:58+00:00\",\"dateModified\":\"2024-06-18T16:05:27+00:00\",\"description\":\"L'\u00e9clairage led urbain EPJD-G030 offre un design moderne s'int\u00e8gre parfaitement \u00e0 l'environnement, ce qui en fait un projet de premier plan.\",\"breadcrumb\":{\"@id\":\"https:\/\/altrisacces.fr\/index.php\/produit\/eclairage-led-urbain-epjd-g030\/#breadcrumb\"},\"inLanguage\":\"fr-FR\",\"potentialAction\":[{\"@type\":\"ReadAction\",\"target\":[\"https:\/\/altrisacces.fr\/index.php\/produit\/eclairage-led-urbain-epjd-g030\/\"]}]},{\"@type\":\"ImageObject\",\"inLanguage\":\"fr-FR\",\"@id\":\"https:\/\/altrisacces.fr\/index.php\/produit\/eclairage-led-urbain-epjd-g030\/#primaryimage\",\"url\":\"https:\/\/altrisacces.fr\/wp-content\/uploads\/2023\/11\/EPJD-G030-51.png\",\"contentUrl\":\"https:\/\/altrisacces.fr\/wp-content\/uploads\/2023\/11\/EPJD-G030-51.png\",\"width\":800,\"height\":800},{\"@type\":\"BreadcrumbList\",\"@id\":\"https:\/\/altrisacces.fr\/index.php\/produit\/eclairage-led-urbain-epjd-g030\/#breadcrumb\",\"itemListElement\":[{\"@type\":\"ListItem\",\"position\":1,\"name\":\"Accueil\",\"item\":\"https:\/\/altrisacces.fr\/\"},{\"@type\":\"ListItem\",\"position\":2,\"name\":\"Produits\",\"item\":\"https:\/\/altrisacces.fr\/index.php\/produits\/\"},{\"@type\":\"ListItem\",\"position\":3,\"name\":\"Eclairage led urbain EPJD-G030\"}]},{\"@type\":\"WebSite\",\"@id\":\"https:\/\/altrisacces.fr\/#website\",\"url\":\"https:\/\/altrisacces.fr\/\",\"name\":\"Altris\",\"description\":\"\u00e9clairage LED public, ext\u00e9rieur, tertiaire et industriel\",\"publisher\":{\"@id\":\"https:\/\/altrisacces.fr\/#organization\"},\"potentialAction\":[{\"@type\":\"SearchAction\",\"target\":{\"@type\":\"EntryPoint\",\"urlTemplate\":\"https:\/\/altrisacces.fr\/?s={search_term_string}\"},\"query-input\":\"required name=search_term_string\"}],\"inLanguage\":\"fr-FR\"},{\"@type\":\"Organization\",\"@id\":\"https:\/\/altrisacces.fr\/#organization\",\"name\":\"Altris\",\"url\":\"https:\/\/altrisacces.fr\/\",\"logo\":{\"@type\":\"ImageObject\",\"inLanguage\":\"fr-FR\",\"@id\":\"https:\/\/altrisacces.fr\/#\/schema\/logo\/image\/\",\"url\":\"https:\/\/altrisacces.fr\/wp-content\/uploads\/2023\/10\/logo_Altris.png\",\"contentUrl\":\"https:\/\/altrisacces.fr\/wp-content\/uploads\/2023\/10\/logo_Altris.png\",\"width\":1579,\"height\":1006,\"caption\":\"Altris\"},\"image\":{\"@id\":\"https:\/\/altrisacces.fr\/#\/schema\/logo\/image\/\"}}]}<\/script>\n<!-- \/ Yoast SEO plugin. -->","yoast_head_json":{"title":"Eclairage led urbain EPJD-G030 - Altris | Eclairages LED","description":"L'\u00e9clairage led urbain EPJD-G030 offre un design moderne s'int\u00e8gre parfaitement \u00e0 l'environnement, ce qui en fait un projet de premier plan.","robots":{"index":"index","follow":"follow","max-snippet":"max-snippet:-1","max-image-preview":"max-image-preview:large","max-video-preview":"max-video-preview:-1"},"canonical":"https:\/\/altrisacces.fr\/index.php\/produit\/eclairage-led-urbain-epjd-g030\/","og_locale":"fr_FR","og_type":"article","og_title":"Eclairage led urbain EPJD-G030 - Altris | Eclairages LED","og_description":"L'\u00e9clairage led urbain EPJD-G030 offre un design moderne s'int\u00e8gre parfaitement \u00e0 l'environnement, ce qui en fait un projet de premier plan.","og_url":"https:\/\/altrisacces.fr\/index.php\/produit\/eclairage-led-urbain-epjd-g030\/","og_site_name":"Altris","article_modified_time":"2024-06-18T16:05:27+00:00","og_image":[{"width":800,"height":800,"url":"https:\/\/altrisacces.fr\/wp-content\/uploads\/2023\/11\/EPJD-G030-51.png","type":"image\/png"}],"twitter_card":"summary_large_image","twitter_misc":{"Dur\u00e9e de lecture estim\u00e9e":"2 minutes"},"schema":{"@context":"https:\/\/schema.org","@graph":[{"@type":"WebPage","@id":"https:\/\/altrisacces.fr\/index.php\/produit\/eclairage-led-urbain-epjd-g030\/","url":"https:\/\/altrisacces.fr\/index.php\/produit\/eclairage-led-urbain-epjd-g030\/","name":"Eclairage led urbain EPJD-G030 - Altris | Eclairages LED","isPartOf":{"@id":"https:\/\/altrisacces.fr\/#website"},"primaryImageOfPage":{"@id":"https:\/\/altrisacces.fr\/index.php\/produit\/eclairage-led-urbain-epjd-g030\/#primaryimage"},"image":{"@id":"https:\/\/altrisacces.fr\/index.php\/produit\/eclairage-led-urbain-epjd-g030\/#primaryimage"},"thumbnailUrl":"https:\/\/altrisacces.fr\/wp-content\/uploads\/2023\/11\/EPJD-G030-51.png","datePublished":"2023-11-09T13:24:58+00:00","dateModified":"2024-06-18T16:05:27+00:00","description":"L'\u00e9clairage led urbain EPJD-G030 offre un design moderne s'int\u00e8gre parfaitement \u00e0 l'environnement, ce qui en fait un projet de premier plan.","breadcrumb":{"@id":"https:\/\/altrisacces.fr\/index.php\/produit\/eclairage-led-urbain-epjd-g030\/#breadcrumb"},"inLanguage":"fr-FR","potentialAction":[{"@type":"ReadAction","target":["https:\/\/altrisacces.fr\/index.php\/produit\/eclairage-led-urbain-epjd-g030\/"]}]},{"@type":"ImageObject","inLanguage":"fr-FR","@id":"https:\/\/altrisacces.fr\/index.php\/produit\/eclairage-led-urbain-epjd-g030\/#primaryimage","url":"https:\/\/altrisacces.fr\/wp-content\/uploads\/2023\/11\/EPJD-G030-51.png","contentUrl":"https:\/\/altrisacces.fr\/wp-content\/uploads\/2023\/11\/EPJD-G030-51.png","width":800,"height":800},{"@type":"BreadcrumbList","@id":"https:\/\/altrisacces.fr\/index.php\/produit\/eclairage-led-urbain-epjd-g030\/#breadcrumb","itemListElement":[{"@type":"ListItem","position":1,"name":"Accueil","item":"https:\/\/altrisacces.fr\/"},{"@type":"ListItem","position":2,"name":"Produits","item":"https:\/\/altrisacces.fr\/index.php\/produits\/"},{"@type":"ListItem","position":3,"name":"Eclairage led urbain EPJD-G030"}]},{"@type":"WebSite","@id":"https:\/\/altrisacces.fr\/#website","url":"https:\/\/altrisacces.fr\/","name":"Altris","description":"\u00e9clairage LED public, ext\u00e9rieur, tertiaire et industriel","publisher":{"@id":"https:\/\/altrisacces.fr\/#organization"},"potentialAction":[{"@type":"SearchAction","target":{"@type":"EntryPoint","urlTemplate":"https:\/\/altrisacces.fr\/?s={search_term_string}"},"query-input":"required name=search_term_string"}],"inLanguage":"fr-FR"},{"@type":"Organization","@id":"https:\/\/altrisacces.fr\/#organization","name":"Altris","url":"https:\/\/altrisacces.fr\/","logo":{"@type":"ImageObject","inLanguage":"fr-FR","@id":"https:\/\/altrisacces.fr\/#\/schema\/logo\/image\/","url":"https:\/\/altrisacces.fr\/wp-content\/uploads\/2023\/10\/logo_Altris.png","contentUrl":"https:\/\/altrisacces.fr\/wp-content\/uploads\/2023\/10\/logo_Altris.png","width":1579,"height":1006,"caption":"Altris"},"image":{"@id":"https:\/\/altrisacces.fr\/#\/schema\/logo\/image\/"}}]}},"_links":{"self":[{"href":"https:\/\/altrisacces.fr\/index.php\/wp-json\/wp\/v2\/product\/649","targetHints":{"allow":["GET"]}}],"collection":[{"href":"https:\/\/altrisacces.fr\/index.php\/wp-json\/wp\/v2\/product"}],"about":[{"href":"https:\/\/altrisacces.fr\/index.php\/wp-json\/wp\/v2\/types\/product"}],"replies":[{"embeddable":true,"href":"https:\/\/altrisacces.fr\/index.php\/wp-json\/wp\/v2\/comments?post=649"}],"wp:featuredmedia":[{"embeddable":true,"href":"https:\/\/altrisacces.fr\/index.php\/wp-json\/wp\/v2\/media\/656"}],"wp:attachment":[{"href":"https:\/\/altrisacces.fr\/index.php\/wp-json\/wp\/v2\/media?parent=649"}],"wp:term":[{"taxonomy":"product_cat","embeddable":true,"href":"https:\/\/altrisacces.fr\/index.php\/wp-json\/wp\/v2\/product_cat?post=649"},{"taxonomy":"product_tag","embeddable":true,"href":"https:\/\/altrisacces.fr\/index.php\/wp-json\/wp\/v2\/product_tag?post=649"}],"curies":[{"name":"wp","href":"https:\/\/api.w.org\/{rel}","templated":true}]}}