{"id":692,"date":"2023-11-09T15:35:42","date_gmt":"2023-11-09T14:35:42","guid":{"rendered":"https:\/\/altrisacces.fr\/?post_type=product&#038;p=692"},"modified":"2024-06-18T18:08:02","modified_gmt":"2024-06-18T16:08:02","slug":"eclairage-led-urbain-epjd-g016","status":"publish","type":"product","link":"https:\/\/altrisacces.fr\/index.php\/produit\/eclairage-led-urbain-epjd-g016\/","title":{"rendered":"Eclairage led urbain EPJD-G016"},"content":{"rendered":"<p><span style=\"font-weight: normal;\">L&rsquo;\u00e9clairage led urbain EPJD-G016 est la solution d&rsquo;\u00e9clairage urbain intemporelle \u00e9quip\u00e9e de la derni\u00e8re technologie LED. Cr\u00e9ez des espaces urbains accueillants et s\u00fbrs dans lesquels les personnes se sentent comme \u00e0 la maison !<\/span><\/p>\n<p><span style=\"font-weight: normal;\">Avec son esth\u00e9tique intemporelle, il se fond dans tous les types d&rsquo;environnements urbains, comme les places et les zones pi\u00e9tonnes, les pistes cyclables, les ponts, les rues urbaines et r\u00e9sidentielles. Gr\u00e2ce \u00e0 sa technologie de pointe LED, cette solution d&rsquo;\u00e9clairage est id\u00e9ale pour cr\u00e9er une ambiance tout en r\u00e9duisant la consommation d&rsquo;\u00e9nergie de votre ville.<\/span><\/p>\n<h2>Fonctionnalit\u00e9s de l&rsquo;\u00e9clairage led urbain EPJD-G016<\/h2>\n<div class=\"text column\">\n<ul>\n<li>Le mat\u00e9riau principal utilis\u00e9 est l&rsquo;aluminium moul\u00e9 sous pression \u00e0 haute r\u00e9sistance, dont la surface est vieillie par traitement \u00e9lectrostatique ou par pulv\u00e9risation, ce qui lui conf\u00e8re une excellente r\u00e9sistance \u00e0 la corrosion.<\/li>\n<li>Diffuseur en PC, haute r\u00e9sistance aux chocs.<\/li>\n<li>Tension d&rsquo;entr\u00e9e : AC110-277V, 50\/60Hz, IP66, IK08<\/li>\n<li>Garantie: 7 ans<\/li>\n<\/ul>\n<\/div>\n<h2>Caract\u00e9ristiques<\/h2>\n<table border=\"1\" width=\"100%\" cellspacing=\"0\" cellpadding=\"0\">\n<tbody>\n<tr>\n<td class=\"et3\" width=\"115\" height=\"30\">Product Code<\/td>\n<td class=\"et4\" width=\"115\">EPJD-G016-30W<\/td>\n<td class=\"et4\" width=\"140\">EPJD-G016-60W<\/td>\n<\/tr>\n<tr>\n<td class=\"et5\" width=\"115\" height=\"30\">Rate Power<\/td>\n<td class=\"et6\" width=\"115\">30w<\/td>\n<td class=\"et6\" width=\"140\">60w<\/td>\n<\/tr>\n<tr>\n<td class=\"et5\" width=\"115\" height=\"30\">Luminary FLUX<\/td>\n<td class=\"et6\" width=\"115\">90LM\/W<\/td>\n<td class=\"et6\" width=\"140\">90LM\/W<\/td>\n<\/tr>\n<tr>\n<td class=\"et7\" width=\"115\" height=\"30\">LED<\/td>\n<td class=\"et8\" width=\"115\">3030<\/td>\n<td class=\"et8\" width=\"140\">3030<\/td>\n<\/tr>\n<tr>\n<td class=\"et5\" width=\"115\" height=\"30\">Installation PipeDia<\/td>\n<td class=\"et6\" width=\"115\">\u00a0\u03a676mm<\/td>\n<td class=\"et6\" width=\"140\">\u00a0\u03a676mm<\/td>\n<\/tr>\n<tr>\n<td class=\"et5\" width=\"115\" height=\"30\">protection graden<\/td>\n<td class=\"et6\" width=\"115\">IP65<\/td>\n<td class=\"et6\" width=\"140\">IP65<\/td>\n<\/tr>\n<tr>\n<td class=\"et5\" width=\"115\" height=\"30\">Color Temperature<\/td>\n<td class=\"et6\" width=\"115\">3000K\/4000K<\/td>\n<td class=\"et6\" width=\"140\">3000K\/4000K<\/td>\n<\/tr>\n<tr>\n<td class=\"et5\" width=\"115\" height=\"30\">Product Size<\/td>\n<td class=\"et9\" colspan=\"2\" width=\"255\">body: 270*270*700MM \/1pc\u00a0\u00a0 cap wooden box:\u00a0\u00a0 720*720*900\/30pcs<\/td>\n<\/tr>\n<\/tbody>\n<\/table>\n<p>Retrouvez l&rsquo;ensemble de notre gamme <em>\u00e9clairage LED urbain<\/em> <a href=\"https:\/\/altrisacces.fr\/index.php\/categorie-produit\/eclairages-urbains\/\">ici<\/a><\/p>\n","protected":false},"excerpt":{"rendered":"<p><span style=\"font-weight: normal;\">L&rsquo;\u00e9clairage led urbain EPJD-G016 est la solution d&rsquo;\u00e9clairage urbain intemporelle \u00e9quip\u00e9e de la derni\u00e8re technologie LED. Cr\u00e9ez des espaces urbains accueillants et s\u00fbrs dans lesquels les personnes se sentent comme \u00e0 la maison ! <\/span><\/p>\n<p><span style=\"font-weight: normal;\">Avec son esth\u00e9tique intemporelle, il se fond dans tous les types d&rsquo;environnements urbains, comme les places et les zones pi\u00e9tonnes, les pistes cyclables, les ponts, les rues urbaines et r\u00e9sidentielles. Gr\u00e2ce \u00e0 sa technologie de pointe LED, cette solution d&rsquo;\u00e9clairage est id\u00e9ale pour cr\u00e9er une ambiance tout en r\u00e9duisant la consommation d&rsquo;\u00e9nergie de votre ville.<\/span><\/p>\n","protected":false},"featured_media":695,"comment_status":"open","ping_status":"closed","template":"","meta":{"_acf_changed":false},"product_cat":[28,36],"product_tag":[],"class_list":{"0":"post-692","1":"product","2":"type-product","3":"status-publish","4":"has-post-thumbnail","6":"product_cat-eclairages-urbains","7":"product_cat-gamme-filaire","9":"first","10":"instock","11":"shipping-taxable","12":"product-type-simple"},"acf":[],"yoast_head":"<!-- This site is optimized with the Yoast SEO plugin v22.9 - https:\/\/yoast.com\/wordpress\/plugins\/seo\/ -->\n<title>Eclairage led urbain EPJD-G016 - Altris | Eclairages LED<\/title>\n<meta name=\"description\" content=\"L&#039;\u00e9clairage led urbain EPJD-G016 est la solution d&#039;\u00e9clairage urbain intemporelle \u00e9quip\u00e9e de la derni\u00e8re technologie LED.\" \/>\n<meta name=\"robots\" content=\"index, follow, max-snippet:-1, max-image-preview:large, max-video-preview:-1\" \/>\n<link rel=\"canonical\" href=\"https:\/\/altrisacces.fr\/index.php\/produit\/eclairage-led-urbain-epjd-g016\/\" \/>\n<meta property=\"og:locale\" content=\"fr_FR\" \/>\n<meta property=\"og:type\" content=\"article\" \/>\n<meta property=\"og:title\" content=\"Eclairage led urbain EPJD-G016 - Altris | Eclairages LED\" \/>\n<meta property=\"og:description\" content=\"L&#039;\u00e9clairage led urbain EPJD-G016 est la solution d&#039;\u00e9clairage urbain intemporelle \u00e9quip\u00e9e de la derni\u00e8re technologie LED.\" \/>\n<meta property=\"og:url\" content=\"https:\/\/altrisacces.fr\/index.php\/produit\/eclairage-led-urbain-epjd-g016\/\" \/>\n<meta property=\"og:site_name\" content=\"Altris\" \/>\n<meta property=\"article:modified_time\" content=\"2024-06-18T16:08:02+00:00\" \/>\n<meta property=\"og:image\" content=\"https:\/\/altrisacces.fr\/wp-content\/uploads\/2023\/11\/EPJD-G016-3.png\" \/>\n\t<meta property=\"og:image:width\" content=\"800\" \/>\n\t<meta property=\"og:image:height\" content=\"800\" \/>\n\t<meta property=\"og:image:type\" content=\"image\/png\" \/>\n<meta name=\"twitter:card\" content=\"summary_large_image\" \/>\n<meta name=\"twitter:label1\" content=\"Dur\u00e9e de lecture estim\u00e9e\" \/>\n\t<meta name=\"twitter:data1\" content=\"2 minutes\" \/>\n<script type=\"application\/ld+json\" class=\"yoast-schema-graph\">{\"@context\":\"https:\/\/schema.org\",\"@graph\":[{\"@type\":\"WebPage\",\"@id\":\"https:\/\/altrisacces.fr\/index.php\/produit\/eclairage-led-urbain-epjd-g016\/\",\"url\":\"https:\/\/altrisacces.fr\/index.php\/produit\/eclairage-led-urbain-epjd-g016\/\",\"name\":\"Eclairage led urbain EPJD-G016 - Altris | Eclairages LED\",\"isPartOf\":{\"@id\":\"https:\/\/altrisacces.fr\/#website\"},\"primaryImageOfPage\":{\"@id\":\"https:\/\/altrisacces.fr\/index.php\/produit\/eclairage-led-urbain-epjd-g016\/#primaryimage\"},\"image\":{\"@id\":\"https:\/\/altrisacces.fr\/index.php\/produit\/eclairage-led-urbain-epjd-g016\/#primaryimage\"},\"thumbnailUrl\":\"https:\/\/altrisacces.fr\/wp-content\/uploads\/2023\/11\/EPJD-G016-3.png\",\"datePublished\":\"2023-11-09T14:35:42+00:00\",\"dateModified\":\"2024-06-18T16:08:02+00:00\",\"description\":\"L'\u00e9clairage led urbain EPJD-G016 est la solution d'\u00e9clairage urbain intemporelle \u00e9quip\u00e9e de la derni\u00e8re technologie LED.\",\"breadcrumb\":{\"@id\":\"https:\/\/altrisacces.fr\/index.php\/produit\/eclairage-led-urbain-epjd-g016\/#breadcrumb\"},\"inLanguage\":\"fr-FR\",\"potentialAction\":[{\"@type\":\"ReadAction\",\"target\":[\"https:\/\/altrisacces.fr\/index.php\/produit\/eclairage-led-urbain-epjd-g016\/\"]}]},{\"@type\":\"ImageObject\",\"inLanguage\":\"fr-FR\",\"@id\":\"https:\/\/altrisacces.fr\/index.php\/produit\/eclairage-led-urbain-epjd-g016\/#primaryimage\",\"url\":\"https:\/\/altrisacces.fr\/wp-content\/uploads\/2023\/11\/EPJD-G016-3.png\",\"contentUrl\":\"https:\/\/altrisacces.fr\/wp-content\/uploads\/2023\/11\/EPJD-G016-3.png\",\"width\":800,\"height\":800,\"caption\":\"Eclairage led urbain\"},{\"@type\":\"BreadcrumbList\",\"@id\":\"https:\/\/altrisacces.fr\/index.php\/produit\/eclairage-led-urbain-epjd-g016\/#breadcrumb\",\"itemListElement\":[{\"@type\":\"ListItem\",\"position\":1,\"name\":\"Accueil\",\"item\":\"https:\/\/altrisacces.fr\/\"},{\"@type\":\"ListItem\",\"position\":2,\"name\":\"Produits\",\"item\":\"https:\/\/altrisacces.fr\/index.php\/produits\/\"},{\"@type\":\"ListItem\",\"position\":3,\"name\":\"Eclairage led urbain EPJD-G016\"}]},{\"@type\":\"WebSite\",\"@id\":\"https:\/\/altrisacces.fr\/#website\",\"url\":\"https:\/\/altrisacces.fr\/\",\"name\":\"Altris\",\"description\":\"\u00e9clairage LED public, ext\u00e9rieur, tertiaire et industriel\",\"publisher\":{\"@id\":\"https:\/\/altrisacces.fr\/#organization\"},\"potentialAction\":[{\"@type\":\"SearchAction\",\"target\":{\"@type\":\"EntryPoint\",\"urlTemplate\":\"https:\/\/altrisacces.fr\/?s={search_term_string}\"},\"query-input\":\"required name=search_term_string\"}],\"inLanguage\":\"fr-FR\"},{\"@type\":\"Organization\",\"@id\":\"https:\/\/altrisacces.fr\/#organization\",\"name\":\"Altris\",\"url\":\"https:\/\/altrisacces.fr\/\",\"logo\":{\"@type\":\"ImageObject\",\"inLanguage\":\"fr-FR\",\"@id\":\"https:\/\/altrisacces.fr\/#\/schema\/logo\/image\/\",\"url\":\"https:\/\/altrisacces.fr\/wp-content\/uploads\/2023\/10\/logo_Altris.png\",\"contentUrl\":\"https:\/\/altrisacces.fr\/wp-content\/uploads\/2023\/10\/logo_Altris.png\",\"width\":1579,\"height\":1006,\"caption\":\"Altris\"},\"image\":{\"@id\":\"https:\/\/altrisacces.fr\/#\/schema\/logo\/image\/\"}}]}<\/script>\n<!-- \/ Yoast SEO plugin. -->","yoast_head_json":{"title":"Eclairage led urbain EPJD-G016 - Altris | Eclairages LED","description":"L'\u00e9clairage led urbain EPJD-G016 est la solution d'\u00e9clairage urbain intemporelle \u00e9quip\u00e9e de la derni\u00e8re technologie LED.","robots":{"index":"index","follow":"follow","max-snippet":"max-snippet:-1","max-image-preview":"max-image-preview:large","max-video-preview":"max-video-preview:-1"},"canonical":"https:\/\/altrisacces.fr\/index.php\/produit\/eclairage-led-urbain-epjd-g016\/","og_locale":"fr_FR","og_type":"article","og_title":"Eclairage led urbain EPJD-G016 - Altris | Eclairages LED","og_description":"L'\u00e9clairage led urbain EPJD-G016 est la solution d'\u00e9clairage urbain intemporelle \u00e9quip\u00e9e de la derni\u00e8re technologie LED.","og_url":"https:\/\/altrisacces.fr\/index.php\/produit\/eclairage-led-urbain-epjd-g016\/","og_site_name":"Altris","article_modified_time":"2024-06-18T16:08:02+00:00","og_image":[{"width":800,"height":800,"url":"https:\/\/altrisacces.fr\/wp-content\/uploads\/2023\/11\/EPJD-G016-3.png","type":"image\/png"}],"twitter_card":"summary_large_image","twitter_misc":{"Dur\u00e9e de lecture estim\u00e9e":"2 minutes"},"schema":{"@context":"https:\/\/schema.org","@graph":[{"@type":"WebPage","@id":"https:\/\/altrisacces.fr\/index.php\/produit\/eclairage-led-urbain-epjd-g016\/","url":"https:\/\/altrisacces.fr\/index.php\/produit\/eclairage-led-urbain-epjd-g016\/","name":"Eclairage led urbain EPJD-G016 - Altris | Eclairages LED","isPartOf":{"@id":"https:\/\/altrisacces.fr\/#website"},"primaryImageOfPage":{"@id":"https:\/\/altrisacces.fr\/index.php\/produit\/eclairage-led-urbain-epjd-g016\/#primaryimage"},"image":{"@id":"https:\/\/altrisacces.fr\/index.php\/produit\/eclairage-led-urbain-epjd-g016\/#primaryimage"},"thumbnailUrl":"https:\/\/altrisacces.fr\/wp-content\/uploads\/2023\/11\/EPJD-G016-3.png","datePublished":"2023-11-09T14:35:42+00:00","dateModified":"2024-06-18T16:08:02+00:00","description":"L'\u00e9clairage led urbain EPJD-G016 est la solution d'\u00e9clairage urbain intemporelle \u00e9quip\u00e9e de la derni\u00e8re technologie LED.","breadcrumb":{"@id":"https:\/\/altrisacces.fr\/index.php\/produit\/eclairage-led-urbain-epjd-g016\/#breadcrumb"},"inLanguage":"fr-FR","potentialAction":[{"@type":"ReadAction","target":["https:\/\/altrisacces.fr\/index.php\/produit\/eclairage-led-urbain-epjd-g016\/"]}]},{"@type":"ImageObject","inLanguage":"fr-FR","@id":"https:\/\/altrisacces.fr\/index.php\/produit\/eclairage-led-urbain-epjd-g016\/#primaryimage","url":"https:\/\/altrisacces.fr\/wp-content\/uploads\/2023\/11\/EPJD-G016-3.png","contentUrl":"https:\/\/altrisacces.fr\/wp-content\/uploads\/2023\/11\/EPJD-G016-3.png","width":800,"height":800,"caption":"Eclairage led urbain"},{"@type":"BreadcrumbList","@id":"https:\/\/altrisacces.fr\/index.php\/produit\/eclairage-led-urbain-epjd-g016\/#breadcrumb","itemListElement":[{"@type":"ListItem","position":1,"name":"Accueil","item":"https:\/\/altrisacces.fr\/"},{"@type":"ListItem","position":2,"name":"Produits","item":"https:\/\/altrisacces.fr\/index.php\/produits\/"},{"@type":"ListItem","position":3,"name":"Eclairage led urbain EPJD-G016"}]},{"@type":"WebSite","@id":"https:\/\/altrisacces.fr\/#website","url":"https:\/\/altrisacces.fr\/","name":"Altris","description":"\u00e9clairage LED public, ext\u00e9rieur, tertiaire et industriel","publisher":{"@id":"https:\/\/altrisacces.fr\/#organization"},"potentialAction":[{"@type":"SearchAction","target":{"@type":"EntryPoint","urlTemplate":"https:\/\/altrisacces.fr\/?s={search_term_string}"},"query-input":"required name=search_term_string"}],"inLanguage":"fr-FR"},{"@type":"Organization","@id":"https:\/\/altrisacces.fr\/#organization","name":"Altris","url":"https:\/\/altrisacces.fr\/","logo":{"@type":"ImageObject","inLanguage":"fr-FR","@id":"https:\/\/altrisacces.fr\/#\/schema\/logo\/image\/","url":"https:\/\/altrisacces.fr\/wp-content\/uploads\/2023\/10\/logo_Altris.png","contentUrl":"https:\/\/altrisacces.fr\/wp-content\/uploads\/2023\/10\/logo_Altris.png","width":1579,"height":1006,"caption":"Altris"},"image":{"@id":"https:\/\/altrisacces.fr\/#\/schema\/logo\/image\/"}}]}},"_links":{"self":[{"href":"https:\/\/altrisacces.fr\/index.php\/wp-json\/wp\/v2\/product\/692","targetHints":{"allow":["GET"]}}],"collection":[{"href":"https:\/\/altrisacces.fr\/index.php\/wp-json\/wp\/v2\/product"}],"about":[{"href":"https:\/\/altrisacces.fr\/index.php\/wp-json\/wp\/v2\/types\/product"}],"replies":[{"embeddable":true,"href":"https:\/\/altrisacces.fr\/index.php\/wp-json\/wp\/v2\/comments?post=692"}],"wp:featuredmedia":[{"embeddable":true,"href":"https:\/\/altrisacces.fr\/index.php\/wp-json\/wp\/v2\/media\/695"}],"wp:attachment":[{"href":"https:\/\/altrisacces.fr\/index.php\/wp-json\/wp\/v2\/media?parent=692"}],"wp:term":[{"taxonomy":"product_cat","embeddable":true,"href":"https:\/\/altrisacces.fr\/index.php\/wp-json\/wp\/v2\/product_cat?post=692"},{"taxonomy":"product_tag","embeddable":true,"href":"https:\/\/altrisacces.fr\/index.php\/wp-json\/wp\/v2\/product_tag?post=692"}],"curies":[{"name":"wp","href":"https:\/\/api.w.org\/{rel}","templated":true}]}}