{"id":697,"date":"2023-11-09T15:40:57","date_gmt":"2023-11-09T14:40:57","guid":{"rendered":"https:\/\/altrisacces.fr\/?post_type=product&#038;p=697"},"modified":"2024-06-18T18:07:06","modified_gmt":"2024-06-18T16:07:06","slug":"eclairage-led-urbain-epjd-g021","status":"publish","type":"product","link":"https:\/\/altrisacces.fr\/index.php\/produit\/eclairage-led-urbain-epjd-g021\/","title":{"rendered":"Eclairage led urbain EPJD-G021"},"content":{"rendered":"<p>L&rsquo;\u00e9clairage led urbain EPJD-G021 offre une conception moderne et design, substitut id\u00e9al aux vieilles lampes au mercure (interdites dans l&rsquo;UE depuis 2015), am\u00e9liorant la qualit\u00e9 de la lumi\u00e8re et r\u00e9duisant consid\u00e9rablement sa consommation d&rsquo;\u00e9nergie. Toute derni\u00e8re technologie de module optique LED. Option en version solaire disponible.<\/p>\n<h2>Fonctionnalit\u00e9s de l&rsquo;\u00e9clairage led urbain EPJD-G021<\/h2>\n<div class=\"text column\">\n<ul>\n<li>Lampadaire LED 30W, 60W, 100W. Trois puissances au choix.<\/li>\n<li>LED CREE XTE OU philip 3030 luminled et pilote Inventronic.<\/li>\n<li>Corps en aluminium moul\u00e9 sous pression de haute intensit\u00e9.<\/li>\n<li>Verre tremp\u00e9 hautement transparent jusqu&rsquo;\u00e0 93%.<\/li>\n<li>Lentille optique modulaire. 3 types de photo m\u00e9trique au choix.<\/li>\n<li>Ouverture et entretien sans outil.<\/li>\n<li>Degr\u00e9 de protection : IP66 \/ IK09.<\/li>\n<li>Interrupteur automatique, protecteur de surtension, reniflard et cellule photo\u00e9lectrique au choix.<\/li>\n<\/ul>\n<\/div>\n<h2>Caract\u00e9ristiques<\/h2>\n<table border=\"1\" width=\"100%\">\n<tbody>\n<tr>\n<td width=\"197\">Product Code<\/td>\n<td width=\"216\">EPJD-G021A 30W<\/td>\n<td width=\"217\">EPJD-G021B 60W<\/td>\n<td width=\"217\">EPJD-G021C 100W<\/td>\n<\/tr>\n<tr>\n<td>Electric Current<\/td>\n<td>100mA<\/td>\n<td>89mA(6C9B)\/83mA(9C6B)<\/td>\n<td>83mA<\/td>\n<\/tr>\n<tr>\n<td>LED Quantity<\/td>\n<td>24pcs 5050\/72 pcs 3030<\/td>\n<td>48pcs 5050\/144 pcs 3030<\/td>\n<td>64pcs 5050\/192 pcs 3030<\/td>\n<\/tr>\n<tr>\n<td>Rate Power<\/td>\n<td>30W<\/td>\n<td>60W<\/td>\n<td>100W<\/td>\n<\/tr>\n<tr>\n<td>Color Temperature<\/td>\n<td>6500\/4000\/3000K<\/td>\n<td>6500\/4000\/3000K<\/td>\n<td>6500\/4000\/3000K<\/td>\n<\/tr>\n<tr>\n<td>Luminous Flux<\/td>\n<td>110-120LUM\/W<\/td>\n<td>110-120LUM\/W<\/td>\n<td>110-120LUM\/W<\/td>\n<\/tr>\n<tr>\n<td>Input Voltage<\/td>\n<td>AC100-277V<\/td>\n<td>AC100-277V<\/td>\n<td>AC100-277V<\/td>\n<\/tr>\n<tr>\n<td>Frequency Range<\/td>\n<td>50\/60Hz<\/td>\n<td>50\/60Hz<\/td>\n<td>50\/60Hz<\/td>\n<\/tr>\n<tr>\n<td>Color Temperature<\/td>\n<td>RA75<\/td>\n<td>RA75<\/td>\n<td>RA75<\/td>\n<\/tr>\n<tr>\n<td width=\"197\">Temperature of working condition<\/td>\n<td>-40\u2103\u00a0 &#8211;\u00a0 50\u2103<\/td>\n<td>-40\u2103\u00a0 &#8211;\u00a0 50\u2103<\/td>\n<td>-40\u2103\u00a0 &#8211;\u00a0 50\u2103<\/td>\n<\/tr>\n<tr>\n<td>Humidity of working condition<\/td>\n<td>20%-90%<\/td>\n<td>20%-90%<\/td>\n<td>20%-90%<\/td>\n<\/tr>\n<tr>\n<td>LED life time<\/td>\n<td>70000h<\/td>\n<td>70000h<\/td>\n<td>70000h<\/td>\n<\/tr>\n<tr>\n<td>Protestion Grade<\/td>\n<td>IP66<\/td>\n<td>IP66<\/td>\n<td>IP66<\/td>\n<\/tr>\n<tr>\n<td>Installation Pipe Dia<\/td>\n<td>\u03a660mm\/\u03a676mm<\/td>\n<td>\u03a660mm\/\u03a676mm<\/td>\n<td>\u03a660mm\/\u03a676mm<\/td>\n<\/tr>\n<tr>\n<td>Installation Height<\/td>\n<td>3-5m<\/td>\n<td>5-7m<\/td>\n<td>7-9m<\/td>\n<\/tr>\n<tr>\n<td>Net Weight<\/td>\n<td>6.3kg<\/td>\n<td>6.5kg<\/td>\n<td>6.7kg<\/td>\n<\/tr>\n<tr>\n<td>Gross Weight<\/td>\n<td>7.5kg<\/td>\n<td>7.7kg<\/td>\n<td>7.9kg<\/td>\n<\/tr>\n<tr>\n<td>Product Size<\/td>\n<td>600*600*589mm<\/td>\n<td>600*600*589mm<\/td>\n<td>600*600*589mm<\/td>\n<\/tr>\n<tr>\n<td>Packing Size<\/td>\n<td>587*460*460mm<\/td>\n<td>587*460*460mm<\/td>\n<td>587*460*460mm<\/td>\n<\/tr>\n<\/tbody>\n<\/table>\n<p>Retrouvez l&rsquo;ensemble de notre gamme <em>\u00e9clairage LED urbain<\/em> <a href=\"https:\/\/altrisacces.fr\/index.php\/categorie-produit\/eclairages-urbains\/\">ici<\/a><\/p>\n","protected":false},"excerpt":{"rendered":"<p>L&rsquo;\u00e9clairage led urbain EPJD-G021 offre une conception moderne et design, substitut id\u00e9al aux vieilles lampes au mercure (interdites dans l&rsquo;UE depuis 2015), am\u00e9liorant la qualit\u00e9 de la lumi\u00e8re et r\u00e9duisant consid\u00e9rablement sa consommation d&rsquo;\u00e9nergie. Toute derni\u00e8re technologie de module optique LED. Option en version solaire disponible.<\/p>\n","protected":false},"featured_media":699,"comment_status":"open","ping_status":"closed","template":"","meta":{"_acf_changed":false},"product_cat":[28,36],"product_tag":[],"class_list":{"0":"post-697","1":"product","2":"type-product","3":"status-publish","4":"has-post-thumbnail","6":"product_cat-eclairages-urbains","7":"product_cat-gamme-filaire","9":"first","10":"instock","11":"shipping-taxable","12":"product-type-simple"},"acf":[],"yoast_head":"<!-- This site is optimized with the Yoast SEO plugin v22.9 - https:\/\/yoast.com\/wordpress\/plugins\/seo\/ -->\n<title>Eclairage led urbain EPJD-G021 - Altris | Eclairages LED<\/title>\n<meta name=\"description\" content=\"L&#039;\u00e9clairage led urbain EPJD-G021 offre une conception moderne et design, substitut id\u00e9al aux vieilles lampes au mercure\" \/>\n<meta name=\"robots\" content=\"index, follow, max-snippet:-1, max-image-preview:large, max-video-preview:-1\" \/>\n<link rel=\"canonical\" href=\"https:\/\/altrisacces.fr\/index.php\/produit\/eclairage-led-urbain-epjd-g021\/\" \/>\n<meta property=\"og:locale\" content=\"fr_FR\" \/>\n<meta property=\"og:type\" content=\"article\" \/>\n<meta property=\"og:title\" content=\"Eclairage led urbain EPJD-G021 - Altris | Eclairages LED\" \/>\n<meta property=\"og:description\" content=\"L&#039;\u00e9clairage led urbain EPJD-G021 offre une conception moderne et design, substitut id\u00e9al aux vieilles lampes au mercure\" \/>\n<meta property=\"og:url\" content=\"https:\/\/altrisacces.fr\/index.php\/produit\/eclairage-led-urbain-epjd-g021\/\" \/>\n<meta property=\"og:site_name\" content=\"Altris\" \/>\n<meta property=\"article:modified_time\" content=\"2024-06-18T16:07:06+00:00\" \/>\n<meta property=\"og:image\" content=\"https:\/\/altrisacces.fr\/wp-content\/uploads\/2023\/11\/EPJD-G021-1.png\" \/>\n\t<meta property=\"og:image:width\" content=\"800\" \/>\n\t<meta property=\"og:image:height\" content=\"800\" \/>\n\t<meta property=\"og:image:type\" content=\"image\/png\" \/>\n<meta name=\"twitter:card\" content=\"summary_large_image\" \/>\n<meta name=\"twitter:label1\" content=\"Dur\u00e9e de lecture estim\u00e9e\" \/>\n\t<meta name=\"twitter:data1\" content=\"2 minutes\" \/>\n<script type=\"application\/ld+json\" class=\"yoast-schema-graph\">{\"@context\":\"https:\/\/schema.org\",\"@graph\":[{\"@type\":\"WebPage\",\"@id\":\"https:\/\/altrisacces.fr\/index.php\/produit\/eclairage-led-urbain-epjd-g021\/\",\"url\":\"https:\/\/altrisacces.fr\/index.php\/produit\/eclairage-led-urbain-epjd-g021\/\",\"name\":\"Eclairage led urbain EPJD-G021 - Altris | Eclairages LED\",\"isPartOf\":{\"@id\":\"https:\/\/altrisacces.fr\/#website\"},\"primaryImageOfPage\":{\"@id\":\"https:\/\/altrisacces.fr\/index.php\/produit\/eclairage-led-urbain-epjd-g021\/#primaryimage\"},\"image\":{\"@id\":\"https:\/\/altrisacces.fr\/index.php\/produit\/eclairage-led-urbain-epjd-g021\/#primaryimage\"},\"thumbnailUrl\":\"https:\/\/altrisacces.fr\/wp-content\/uploads\/2023\/11\/EPJD-G021-1.png\",\"datePublished\":\"2023-11-09T14:40:57+00:00\",\"dateModified\":\"2024-06-18T16:07:06+00:00\",\"description\":\"L'\u00e9clairage led urbain EPJD-G021 offre une conception moderne et design, substitut id\u00e9al aux vieilles lampes au mercure\",\"breadcrumb\":{\"@id\":\"https:\/\/altrisacces.fr\/index.php\/produit\/eclairage-led-urbain-epjd-g021\/#breadcrumb\"},\"inLanguage\":\"fr-FR\",\"potentialAction\":[{\"@type\":\"ReadAction\",\"target\":[\"https:\/\/altrisacces.fr\/index.php\/produit\/eclairage-led-urbain-epjd-g021\/\"]}]},{\"@type\":\"ImageObject\",\"inLanguage\":\"fr-FR\",\"@id\":\"https:\/\/altrisacces.fr\/index.php\/produit\/eclairage-led-urbain-epjd-g021\/#primaryimage\",\"url\":\"https:\/\/altrisacces.fr\/wp-content\/uploads\/2023\/11\/EPJD-G021-1.png\",\"contentUrl\":\"https:\/\/altrisacces.fr\/wp-content\/uploads\/2023\/11\/EPJD-G021-1.png\",\"width\":800,\"height\":800,\"caption\":\"Eclairage led urbain\"},{\"@type\":\"BreadcrumbList\",\"@id\":\"https:\/\/altrisacces.fr\/index.php\/produit\/eclairage-led-urbain-epjd-g021\/#breadcrumb\",\"itemListElement\":[{\"@type\":\"ListItem\",\"position\":1,\"name\":\"Accueil\",\"item\":\"https:\/\/altrisacces.fr\/\"},{\"@type\":\"ListItem\",\"position\":2,\"name\":\"Produits\",\"item\":\"https:\/\/altrisacces.fr\/index.php\/produits\/\"},{\"@type\":\"ListItem\",\"position\":3,\"name\":\"Eclairage led urbain EPJD-G021\"}]},{\"@type\":\"WebSite\",\"@id\":\"https:\/\/altrisacces.fr\/#website\",\"url\":\"https:\/\/altrisacces.fr\/\",\"name\":\"Altris\",\"description\":\"\u00e9clairage LED public, ext\u00e9rieur, tertiaire et industriel\",\"publisher\":{\"@id\":\"https:\/\/altrisacces.fr\/#organization\"},\"potentialAction\":[{\"@type\":\"SearchAction\",\"target\":{\"@type\":\"EntryPoint\",\"urlTemplate\":\"https:\/\/altrisacces.fr\/?s={search_term_string}\"},\"query-input\":\"required name=search_term_string\"}],\"inLanguage\":\"fr-FR\"},{\"@type\":\"Organization\",\"@id\":\"https:\/\/altrisacces.fr\/#organization\",\"name\":\"Altris\",\"url\":\"https:\/\/altrisacces.fr\/\",\"logo\":{\"@type\":\"ImageObject\",\"inLanguage\":\"fr-FR\",\"@id\":\"https:\/\/altrisacces.fr\/#\/schema\/logo\/image\/\",\"url\":\"https:\/\/altrisacces.fr\/wp-content\/uploads\/2023\/10\/logo_Altris.png\",\"contentUrl\":\"https:\/\/altrisacces.fr\/wp-content\/uploads\/2023\/10\/logo_Altris.png\",\"width\":1579,\"height\":1006,\"caption\":\"Altris\"},\"image\":{\"@id\":\"https:\/\/altrisacces.fr\/#\/schema\/logo\/image\/\"}}]}<\/script>\n<!-- \/ Yoast SEO plugin. -->","yoast_head_json":{"title":"Eclairage led urbain EPJD-G021 - Altris | Eclairages LED","description":"L'\u00e9clairage led urbain EPJD-G021 offre une conception moderne et design, substitut id\u00e9al aux vieilles lampes au mercure","robots":{"index":"index","follow":"follow","max-snippet":"max-snippet:-1","max-image-preview":"max-image-preview:large","max-video-preview":"max-video-preview:-1"},"canonical":"https:\/\/altrisacces.fr\/index.php\/produit\/eclairage-led-urbain-epjd-g021\/","og_locale":"fr_FR","og_type":"article","og_title":"Eclairage led urbain EPJD-G021 - Altris | Eclairages LED","og_description":"L'\u00e9clairage led urbain EPJD-G021 offre une conception moderne et design, substitut id\u00e9al aux vieilles lampes au mercure","og_url":"https:\/\/altrisacces.fr\/index.php\/produit\/eclairage-led-urbain-epjd-g021\/","og_site_name":"Altris","article_modified_time":"2024-06-18T16:07:06+00:00","og_image":[{"width":800,"height":800,"url":"https:\/\/altrisacces.fr\/wp-content\/uploads\/2023\/11\/EPJD-G021-1.png","type":"image\/png"}],"twitter_card":"summary_large_image","twitter_misc":{"Dur\u00e9e de lecture estim\u00e9e":"2 minutes"},"schema":{"@context":"https:\/\/schema.org","@graph":[{"@type":"WebPage","@id":"https:\/\/altrisacces.fr\/index.php\/produit\/eclairage-led-urbain-epjd-g021\/","url":"https:\/\/altrisacces.fr\/index.php\/produit\/eclairage-led-urbain-epjd-g021\/","name":"Eclairage led urbain EPJD-G021 - Altris | Eclairages LED","isPartOf":{"@id":"https:\/\/altrisacces.fr\/#website"},"primaryImageOfPage":{"@id":"https:\/\/altrisacces.fr\/index.php\/produit\/eclairage-led-urbain-epjd-g021\/#primaryimage"},"image":{"@id":"https:\/\/altrisacces.fr\/index.php\/produit\/eclairage-led-urbain-epjd-g021\/#primaryimage"},"thumbnailUrl":"https:\/\/altrisacces.fr\/wp-content\/uploads\/2023\/11\/EPJD-G021-1.png","datePublished":"2023-11-09T14:40:57+00:00","dateModified":"2024-06-18T16:07:06+00:00","description":"L'\u00e9clairage led urbain EPJD-G021 offre une conception moderne et design, substitut id\u00e9al aux vieilles lampes au mercure","breadcrumb":{"@id":"https:\/\/altrisacces.fr\/index.php\/produit\/eclairage-led-urbain-epjd-g021\/#breadcrumb"},"inLanguage":"fr-FR","potentialAction":[{"@type":"ReadAction","target":["https:\/\/altrisacces.fr\/index.php\/produit\/eclairage-led-urbain-epjd-g021\/"]}]},{"@type":"ImageObject","inLanguage":"fr-FR","@id":"https:\/\/altrisacces.fr\/index.php\/produit\/eclairage-led-urbain-epjd-g021\/#primaryimage","url":"https:\/\/altrisacces.fr\/wp-content\/uploads\/2023\/11\/EPJD-G021-1.png","contentUrl":"https:\/\/altrisacces.fr\/wp-content\/uploads\/2023\/11\/EPJD-G021-1.png","width":800,"height":800,"caption":"Eclairage led urbain"},{"@type":"BreadcrumbList","@id":"https:\/\/altrisacces.fr\/index.php\/produit\/eclairage-led-urbain-epjd-g021\/#breadcrumb","itemListElement":[{"@type":"ListItem","position":1,"name":"Accueil","item":"https:\/\/altrisacces.fr\/"},{"@type":"ListItem","position":2,"name":"Produits","item":"https:\/\/altrisacces.fr\/index.php\/produits\/"},{"@type":"ListItem","position":3,"name":"Eclairage led urbain EPJD-G021"}]},{"@type":"WebSite","@id":"https:\/\/altrisacces.fr\/#website","url":"https:\/\/altrisacces.fr\/","name":"Altris","description":"\u00e9clairage LED public, ext\u00e9rieur, tertiaire et industriel","publisher":{"@id":"https:\/\/altrisacces.fr\/#organization"},"potentialAction":[{"@type":"SearchAction","target":{"@type":"EntryPoint","urlTemplate":"https:\/\/altrisacces.fr\/?s={search_term_string}"},"query-input":"required name=search_term_string"}],"inLanguage":"fr-FR"},{"@type":"Organization","@id":"https:\/\/altrisacces.fr\/#organization","name":"Altris","url":"https:\/\/altrisacces.fr\/","logo":{"@type":"ImageObject","inLanguage":"fr-FR","@id":"https:\/\/altrisacces.fr\/#\/schema\/logo\/image\/","url":"https:\/\/altrisacces.fr\/wp-content\/uploads\/2023\/10\/logo_Altris.png","contentUrl":"https:\/\/altrisacces.fr\/wp-content\/uploads\/2023\/10\/logo_Altris.png","width":1579,"height":1006,"caption":"Altris"},"image":{"@id":"https:\/\/altrisacces.fr\/#\/schema\/logo\/image\/"}}]}},"_links":{"self":[{"href":"https:\/\/altrisacces.fr\/index.php\/wp-json\/wp\/v2\/product\/697","targetHints":{"allow":["GET"]}}],"collection":[{"href":"https:\/\/altrisacces.fr\/index.php\/wp-json\/wp\/v2\/product"}],"about":[{"href":"https:\/\/altrisacces.fr\/index.php\/wp-json\/wp\/v2\/types\/product"}],"replies":[{"embeddable":true,"href":"https:\/\/altrisacces.fr\/index.php\/wp-json\/wp\/v2\/comments?post=697"}],"wp:featuredmedia":[{"embeddable":true,"href":"https:\/\/altrisacces.fr\/index.php\/wp-json\/wp\/v2\/media\/699"}],"wp:attachment":[{"href":"https:\/\/altrisacces.fr\/index.php\/wp-json\/wp\/v2\/media?parent=697"}],"wp:term":[{"taxonomy":"product_cat","embeddable":true,"href":"https:\/\/altrisacces.fr\/index.php\/wp-json\/wp\/v2\/product_cat?post=697"},{"taxonomy":"product_tag","embeddable":true,"href":"https:\/\/altrisacces.fr\/index.php\/wp-json\/wp\/v2\/product_tag?post=697"}],"curies":[{"name":"wp","href":"https:\/\/api.w.org\/{rel}","templated":true}]}}