{"id":705,"date":"2023-11-09T15:47:21","date_gmt":"2023-11-09T14:47:21","guid":{"rendered":"https:\/\/altrisacces.fr\/?post_type=product&#038;p=705"},"modified":"2024-06-18T18:06:24","modified_gmt":"2024-06-18T16:06:24","slug":"eclairage-led-urbain-epjd-g023","status":"publish","type":"product","link":"https:\/\/altrisacces.fr\/index.php\/produit\/eclairage-led-urbain-epjd-g023\/","title":{"rendered":"Eclairage led urbain EPJD-G023"},"content":{"rendered":"<p>L&rsquo;\u00e9clairage led urbain EPJD-G023 offre une conception moderne et design, substitut id\u00e9al aux vieilles lampes au mercure (interdites dans l&rsquo;UE depuis 2015), am\u00e9liorant la qualit\u00e9 de la lumi\u00e8re et r\u00e9duisant consid\u00e9rablement sa consommation d&rsquo;\u00e9nergie. Toute derni\u00e8re technologie de module optique LED. Option en version solaire disponible.<\/p>\n<h2>Fonctionnalit\u00e9s de l&rsquo;\u00e9clairage led urbain EPJD-G023<\/h2>\n<div class=\"text column\">\n<ul>\n<li>Lampadaire LED 30W, 60W, 100W. Trois puissances au choix.<\/li>\n<li>LED CREE XTE OU philip 3030 luminled et pilote Inventronic.<\/li>\n<li>Corps en aluminium moul\u00e9 sous pression de haute intensit\u00e9.<\/li>\n<li>Verre tremp\u00e9 hautement transparent jusqu&rsquo;\u00e0 93%.<\/li>\n<li>Lentille optique modulaire. 3 types de photo m\u00e9trique au choix.<\/li>\n<li>Ouverture et entretien sans outil.<\/li>\n<li>Degr\u00e9 de protection : IP66 \/ IK09.<\/li>\n<li>Interrupteur automatique, protecteur de surtension, reniflard et cellule photo\u00e9lectrique au choix.<\/li>\n<\/ul>\n<\/div>\n<h2>Caract\u00e9ristiques<\/h2>\n<table border=\"1\" width=\"100%\" cellspacing=\"0\" cellpadding=\"0\">\n<tbody>\n<tr>\n<td class=\"et3\" width=\"115\" height=\"30\">Product Code<\/td>\n<td class=\"et4\" width=\"115\">JD-G023-30W<\/td>\n<td class=\"et4\" width=\"140\">JD-G023-60W<\/td>\n<td class=\"et4\" width=\"115\">JD-G023-100W<\/td>\n<td class=\"et4\" width=\"99\">JD-G023-150W<\/td>\n<\/tr>\n<tr>\n<td class=\"et5\" width=\"115\" height=\"30\">LED Current (mA)<\/td>\n<td class=\"et6\" width=\"115\">50mA 5050\/67mA 3030<\/td>\n<td class=\"et6\" width=\"140\">54mA 5050\/67mA 3030<\/td>\n<td class=\"et6\" width=\"115\">63mA 5050\/84mA 3030<\/td>\n<td class=\"et6\" width=\"99\">94mA 5050\/119mA 3030<\/td>\n<\/tr>\n<tr>\n<td class=\"et5\" width=\"115\" height=\"30\">LED Quantity<\/td>\n<td class=\"et6\" width=\"115\">24pcs 5050\/72pcs 3030<\/td>\n<td class=\"et6\" width=\"140\">48pcs 5050\/144pcs 3030<\/td>\n<td class=\"et6\" width=\"115\">64pcs 5050\/192pcs 3030<\/td>\n<td class=\"et6\" width=\"99\">64pcs 5050\/192pcs 3030<\/td>\n<\/tr>\n<tr>\n<td class=\"et5\" width=\"115\" height=\"30\">Rate Power<\/td>\n<td class=\"et6\" width=\"115\">30W<\/td>\n<td class=\"et6\" width=\"140\">60W<\/td>\n<td class=\"et6\" width=\"115\">100W<\/td>\n<td class=\"et6\" width=\"99\">150W<\/td>\n<\/tr>\n<tr>\n<td class=\"et5\" width=\"115\" height=\"30\">Color Temperature<\/td>\n<td class=\"et6\" width=\"115\">6500\/4000\/3000K<\/td>\n<td class=\"et6\" width=\"140\">6500\/4000\/3000K<\/td>\n<td class=\"et6\" width=\"115\">6500\/4000\/3000K<\/td>\n<td class=\"et6\" width=\"99\">6500\/4000\/3000K<\/td>\n<\/tr>\n<tr>\n<td class=\"et5\" width=\"115\" height=\"30\">Luminary EER<\/td>\n<td class=\"et6\" width=\"115\">160lm\/w(5050)<br \/>\n150lm\/w(3030)<\/td>\n<td class=\"et6\" width=\"140\">160lm\/w(5050)<br \/>\n150lm\/w(3030)<\/td>\n<td class=\"et6\" width=\"115\">160lm\/w(5050)<br \/>\n150lm\/w(3030)<\/td>\n<td class=\"et6\" width=\"99\">150lm\/w(5050)<br \/>\n140lm\/w(3030)<\/td>\n<\/tr>\n<tr>\n<td class=\"et5\" width=\"115\" height=\"30\">Input Voltage<\/td>\n<td class=\"et6\" width=\"115\">AC100-240V<\/td>\n<td class=\"et6\" width=\"140\">AC100-240V<\/td>\n<td class=\"et6\" width=\"115\">AC100-240V<\/td>\n<td class=\"et6\" width=\"99\">AC100-240V<\/td>\n<\/tr>\n<tr>\n<td class=\"et5\" width=\"115\" height=\"30\">Frequency Range<\/td>\n<td class=\"et6\" width=\"115\">50\/60Hz<\/td>\n<td class=\"et6\" width=\"140\">50\/60Hz<\/td>\n<td class=\"et6\" width=\"115\">50\/60Hz<\/td>\n<td class=\"et6\" width=\"99\">50\/60Hz<\/td>\n<\/tr>\n<tr>\n<td class=\"et5\" width=\"115\" height=\"30\">Color Temperature<\/td>\n<td class=\"et6\" width=\"115\">RA75<\/td>\n<td class=\"et6\" width=\"140\">RA75<\/td>\n<td class=\"et6\" width=\"115\">RA75<\/td>\n<td class=\"et6\" width=\"99\">RA75<\/td>\n<\/tr>\n<tr>\n<td class=\"et5\" width=\"115\" height=\"30\">Temperature of working condition<\/td>\n<td class=\"et7\" width=\"115\">-40<span class=\"font0\">\u2103<\/span><span class=\"font2\">\u00a0 &#8211;\u00a0 50<\/span><span class=\"font0\">\u2103<\/span><\/td>\n<td class=\"et7\" width=\"140\">-40<span class=\"font0\">\u2103<\/span><span class=\"font2\">\u00a0 &#8211;\u00a0 50<\/span><span class=\"font0\">\u2103<\/span><\/td>\n<td class=\"et7\" width=\"115\">-40<span class=\"font0\">\u2103<\/span><span class=\"font2\">\u00a0 &#8211;\u00a0 50<\/span><span class=\"font0\">\u2103<\/span><\/td>\n<td class=\"et7\" width=\"99\">-40<span class=\"font0\">\u2103<\/span><span class=\"font2\">\u00a0 &#8211;\u00a0 50<\/span><span class=\"font0\">\u2103<\/span><\/td>\n<\/tr>\n<tr>\n<td class=\"et5\" width=\"115\" height=\"30\">humidity of working condition<\/td>\n<td class=\"et7\" width=\"115\">20%-90%<\/td>\n<td class=\"et7\" width=\"140\">20%-90%<\/td>\n<td class=\"et7\" width=\"115\">20%-90%<\/td>\n<td class=\"et7\" width=\"99\">20%-90%<\/td>\n<\/tr>\n<tr>\n<td class=\"et5\" width=\"115\" height=\"30\">LED life time<\/td>\n<td class=\"et6\" width=\"115\">70000h<\/td>\n<td class=\"et6\" width=\"140\">70000h<\/td>\n<td class=\"et6\" width=\"115\">70000h<\/td>\n<td class=\"et6\" width=\"99\">70000h<\/td>\n<\/tr>\n<tr>\n<td class=\"et5\" width=\"115\" height=\"30\">Protestion Grade<\/td>\n<td class=\"et6\" width=\"115\">IP66<\/td>\n<td class=\"et6\" width=\"140\">IP66<\/td>\n<td class=\"et6\" width=\"115\">IP66<\/td>\n<td class=\"et6\" width=\"99\">IP66<\/td>\n<\/tr>\n<tr>\n<td class=\"et5\" width=\"115\" height=\"30\">Installation Pipe Dia<\/td>\n<td class=\"et6\" width=\"115\">\u03a660\/\u03a676mm<\/td>\n<td class=\"et6\" width=\"140\">\u03a660\/\u03a676mm<\/td>\n<td class=\"et6\" width=\"115\">\u03a660\/\u03a676mm<\/td>\n<td class=\"et6\" width=\"99\">\u03a660\/\u03a676mm<\/td>\n<\/tr>\n<tr>\n<td class=\"et5\" width=\"115\" height=\"30\">Installation Height<\/td>\n<td class=\"et6\" width=\"115\">3-5m<\/td>\n<td class=\"et6\" width=\"140\">5-8m<\/td>\n<td class=\"et6\" width=\"115\">8-10m<\/td>\n<td class=\"et6\" width=\"99\">10-12m<\/td>\n<\/tr>\n<tr>\n<td class=\"et5\" width=\"115\" height=\"30\">Net Weight<\/td>\n<td class=\"et6\" width=\"115\">10.0kg<\/td>\n<td class=\"et6\" width=\"140\">10.3 kg<\/td>\n<td class=\"et6\" width=\"115\">10.6 kg<\/td>\n<td class=\"et6\" width=\"99\">10.9 kg<\/td>\n<\/tr>\n<tr>\n<td class=\"et5\" width=\"115\" height=\"30\">Gross Weight<\/td>\n<td class=\"et6\" width=\"115\">12.0kg<\/td>\n<td class=\"et6\" width=\"140\">12.3 kg<\/td>\n<td class=\"et6\" width=\"115\">12.6 kg<\/td>\n<td class=\"et6\" width=\"99\">12.9 kg<\/td>\n<\/tr>\n<tr>\n<td class=\"et5\" width=\"115\" height=\"30\">Product Size<\/td>\n<td class=\"et6\" width=\"115\">600*600*589mm<\/td>\n<td class=\"et6\" width=\"140\">600*600*589mm<\/td>\n<td class=\"et6\" width=\"115\">600*600*589mm<\/td>\n<td class=\"et6\" width=\"99\">600*600*589mm<\/td>\n<\/tr>\n<tr>\n<td class=\"et5\" width=\"115\" height=\"30\">Packing Size<\/td>\n<td class=\"et6\" width=\"115\">755*635*120mm<\/td>\n<td class=\"et6\" width=\"140\">755*635*120mm<\/td>\n<td class=\"et6\" width=\"115\">755*635*120mm<\/td>\n<td class=\"et6\" width=\"99\">755*635*120mm<\/td>\n<\/tr>\n<\/tbody>\n<\/table>\n<p>&nbsp;<\/p>\n<p>Retrouvez l&rsquo;ensemble de notre gamme <em>\u00e9clairage LED urbain<\/em> <a href=\"https:\/\/altrisacces.fr\/index.php\/categorie-produit\/eclairages-urbains\/\">ici<\/a><\/p>\n","protected":false},"excerpt":{"rendered":"<p>L&rsquo;\u00e9clairage led urbain EPJD-G023 offre une conception moderne et design, substitut id\u00e9al aux vieilles lampes au mercure (interdites dans l&rsquo;UE depuis 2015), am\u00e9liorant la qualit\u00e9 de la lumi\u00e8re et r\u00e9duisant consid\u00e9rablement sa consommation d&rsquo;\u00e9nergie. Toute derni\u00e8re technologie de module optique LED. Option en version solaire disponible.<\/p>\n","protected":false},"featured_media":707,"comment_status":"open","ping_status":"closed","template":"","meta":{"_acf_changed":false},"product_cat":[28,36],"product_tag":[],"class_list":{"0":"post-705","1":"product","2":"type-product","3":"status-publish","4":"has-post-thumbnail","6":"product_cat-eclairages-urbains","7":"product_cat-gamme-filaire","9":"first","10":"instock","11":"shipping-taxable","12":"product-type-simple"},"acf":[],"yoast_head":"<!-- This site is optimized with the Yoast SEO plugin v22.9 - https:\/\/yoast.com\/wordpress\/plugins\/seo\/ -->\n<title>Eclairage led urbain EPJD-G023 - Altris | Eclairages LED<\/title>\n<meta name=\"description\" content=\"L&#039;\u00e9clairage led urbain EPJD-G023 offre une conception moderne et design, substitut id\u00e9al aux vieilles lampes au mercure, am\u00e9liorant la qualit\u00e9 de la lumi\u00e8re\" \/>\n<meta name=\"robots\" content=\"index, follow, max-snippet:-1, max-image-preview:large, max-video-preview:-1\" \/>\n<link rel=\"canonical\" href=\"https:\/\/altrisacces.fr\/index.php\/produit\/eclairage-led-urbain-epjd-g023\/\" \/>\n<meta property=\"og:locale\" content=\"fr_FR\" \/>\n<meta property=\"og:type\" content=\"article\" \/>\n<meta property=\"og:title\" content=\"Eclairage led urbain EPJD-G023 - Altris | Eclairages LED\" \/>\n<meta property=\"og:description\" content=\"L&#039;\u00e9clairage led urbain EPJD-G023 offre une conception moderne et design, substitut id\u00e9al aux vieilles lampes au mercure, am\u00e9liorant la qualit\u00e9 de la lumi\u00e8re\" \/>\n<meta property=\"og:url\" content=\"https:\/\/altrisacces.fr\/index.php\/produit\/eclairage-led-urbain-epjd-g023\/\" \/>\n<meta property=\"og:site_name\" content=\"Altris\" \/>\n<meta property=\"article:modified_time\" content=\"2024-06-18T16:06:24+00:00\" \/>\n<meta property=\"og:image\" content=\"https:\/\/altrisacces.fr\/wp-content\/uploads\/2023\/11\/EPJD-G023-2.png\" \/>\n\t<meta property=\"og:image:width\" content=\"800\" \/>\n\t<meta property=\"og:image:height\" content=\"800\" \/>\n\t<meta property=\"og:image:type\" content=\"image\/png\" \/>\n<meta name=\"twitter:card\" content=\"summary_large_image\" \/>\n<meta name=\"twitter:label1\" content=\"Dur\u00e9e de lecture estim\u00e9e\" \/>\n\t<meta name=\"twitter:data1\" content=\"2 minutes\" \/>\n<script type=\"application\/ld+json\" class=\"yoast-schema-graph\">{\"@context\":\"https:\/\/schema.org\",\"@graph\":[{\"@type\":\"WebPage\",\"@id\":\"https:\/\/altrisacces.fr\/index.php\/produit\/eclairage-led-urbain-epjd-g023\/\",\"url\":\"https:\/\/altrisacces.fr\/index.php\/produit\/eclairage-led-urbain-epjd-g023\/\",\"name\":\"Eclairage led urbain EPJD-G023 - Altris | Eclairages LED\",\"isPartOf\":{\"@id\":\"https:\/\/altrisacces.fr\/#website\"},\"primaryImageOfPage\":{\"@id\":\"https:\/\/altrisacces.fr\/index.php\/produit\/eclairage-led-urbain-epjd-g023\/#primaryimage\"},\"image\":{\"@id\":\"https:\/\/altrisacces.fr\/index.php\/produit\/eclairage-led-urbain-epjd-g023\/#primaryimage\"},\"thumbnailUrl\":\"https:\/\/altrisacces.fr\/wp-content\/uploads\/2023\/11\/EPJD-G023-2.png\",\"datePublished\":\"2023-11-09T14:47:21+00:00\",\"dateModified\":\"2024-06-18T16:06:24+00:00\",\"description\":\"L'\u00e9clairage led urbain EPJD-G023 offre une conception moderne et design, substitut id\u00e9al aux vieilles lampes au mercure, am\u00e9liorant la qualit\u00e9 de la lumi\u00e8re\",\"breadcrumb\":{\"@id\":\"https:\/\/altrisacces.fr\/index.php\/produit\/eclairage-led-urbain-epjd-g023\/#breadcrumb\"},\"inLanguage\":\"fr-FR\",\"potentialAction\":[{\"@type\":\"ReadAction\",\"target\":[\"https:\/\/altrisacces.fr\/index.php\/produit\/eclairage-led-urbain-epjd-g023\/\"]}]},{\"@type\":\"ImageObject\",\"inLanguage\":\"fr-FR\",\"@id\":\"https:\/\/altrisacces.fr\/index.php\/produit\/eclairage-led-urbain-epjd-g023\/#primaryimage\",\"url\":\"https:\/\/altrisacces.fr\/wp-content\/uploads\/2023\/11\/EPJD-G023-2.png\",\"contentUrl\":\"https:\/\/altrisacces.fr\/wp-content\/uploads\/2023\/11\/EPJD-G023-2.png\",\"width\":800,\"height\":800},{\"@type\":\"BreadcrumbList\",\"@id\":\"https:\/\/altrisacces.fr\/index.php\/produit\/eclairage-led-urbain-epjd-g023\/#breadcrumb\",\"itemListElement\":[{\"@type\":\"ListItem\",\"position\":1,\"name\":\"Accueil\",\"item\":\"https:\/\/altrisacces.fr\/\"},{\"@type\":\"ListItem\",\"position\":2,\"name\":\"Produits\",\"item\":\"https:\/\/altrisacces.fr\/index.php\/produits\/\"},{\"@type\":\"ListItem\",\"position\":3,\"name\":\"Eclairage led urbain EPJD-G023\"}]},{\"@type\":\"WebSite\",\"@id\":\"https:\/\/altrisacces.fr\/#website\",\"url\":\"https:\/\/altrisacces.fr\/\",\"name\":\"Altris\",\"description\":\"\u00e9clairage LED public, ext\u00e9rieur, tertiaire et industriel\",\"publisher\":{\"@id\":\"https:\/\/altrisacces.fr\/#organization\"},\"potentialAction\":[{\"@type\":\"SearchAction\",\"target\":{\"@type\":\"EntryPoint\",\"urlTemplate\":\"https:\/\/altrisacces.fr\/?s={search_term_string}\"},\"query-input\":\"required name=search_term_string\"}],\"inLanguage\":\"fr-FR\"},{\"@type\":\"Organization\",\"@id\":\"https:\/\/altrisacces.fr\/#organization\",\"name\":\"Altris\",\"url\":\"https:\/\/altrisacces.fr\/\",\"logo\":{\"@type\":\"ImageObject\",\"inLanguage\":\"fr-FR\",\"@id\":\"https:\/\/altrisacces.fr\/#\/schema\/logo\/image\/\",\"url\":\"https:\/\/altrisacces.fr\/wp-content\/uploads\/2023\/10\/logo_Altris.png\",\"contentUrl\":\"https:\/\/altrisacces.fr\/wp-content\/uploads\/2023\/10\/logo_Altris.png\",\"width\":1579,\"height\":1006,\"caption\":\"Altris\"},\"image\":{\"@id\":\"https:\/\/altrisacces.fr\/#\/schema\/logo\/image\/\"}}]}<\/script>\n<!-- \/ Yoast SEO plugin. -->","yoast_head_json":{"title":"Eclairage led urbain EPJD-G023 - Altris | Eclairages LED","description":"L'\u00e9clairage led urbain EPJD-G023 offre une conception moderne et design, substitut id\u00e9al aux vieilles lampes au mercure, am\u00e9liorant la qualit\u00e9 de la lumi\u00e8re","robots":{"index":"index","follow":"follow","max-snippet":"max-snippet:-1","max-image-preview":"max-image-preview:large","max-video-preview":"max-video-preview:-1"},"canonical":"https:\/\/altrisacces.fr\/index.php\/produit\/eclairage-led-urbain-epjd-g023\/","og_locale":"fr_FR","og_type":"article","og_title":"Eclairage led urbain EPJD-G023 - Altris | Eclairages LED","og_description":"L'\u00e9clairage led urbain EPJD-G023 offre une conception moderne et design, substitut id\u00e9al aux vieilles lampes au mercure, am\u00e9liorant la qualit\u00e9 de la lumi\u00e8re","og_url":"https:\/\/altrisacces.fr\/index.php\/produit\/eclairage-led-urbain-epjd-g023\/","og_site_name":"Altris","article_modified_time":"2024-06-18T16:06:24+00:00","og_image":[{"width":800,"height":800,"url":"https:\/\/altrisacces.fr\/wp-content\/uploads\/2023\/11\/EPJD-G023-2.png","type":"image\/png"}],"twitter_card":"summary_large_image","twitter_misc":{"Dur\u00e9e de lecture estim\u00e9e":"2 minutes"},"schema":{"@context":"https:\/\/schema.org","@graph":[{"@type":"WebPage","@id":"https:\/\/altrisacces.fr\/index.php\/produit\/eclairage-led-urbain-epjd-g023\/","url":"https:\/\/altrisacces.fr\/index.php\/produit\/eclairage-led-urbain-epjd-g023\/","name":"Eclairage led urbain EPJD-G023 - Altris | Eclairages LED","isPartOf":{"@id":"https:\/\/altrisacces.fr\/#website"},"primaryImageOfPage":{"@id":"https:\/\/altrisacces.fr\/index.php\/produit\/eclairage-led-urbain-epjd-g023\/#primaryimage"},"image":{"@id":"https:\/\/altrisacces.fr\/index.php\/produit\/eclairage-led-urbain-epjd-g023\/#primaryimage"},"thumbnailUrl":"https:\/\/altrisacces.fr\/wp-content\/uploads\/2023\/11\/EPJD-G023-2.png","datePublished":"2023-11-09T14:47:21+00:00","dateModified":"2024-06-18T16:06:24+00:00","description":"L'\u00e9clairage led urbain EPJD-G023 offre une conception moderne et design, substitut id\u00e9al aux vieilles lampes au mercure, am\u00e9liorant la qualit\u00e9 de la lumi\u00e8re","breadcrumb":{"@id":"https:\/\/altrisacces.fr\/index.php\/produit\/eclairage-led-urbain-epjd-g023\/#breadcrumb"},"inLanguage":"fr-FR","potentialAction":[{"@type":"ReadAction","target":["https:\/\/altrisacces.fr\/index.php\/produit\/eclairage-led-urbain-epjd-g023\/"]}]},{"@type":"ImageObject","inLanguage":"fr-FR","@id":"https:\/\/altrisacces.fr\/index.php\/produit\/eclairage-led-urbain-epjd-g023\/#primaryimage","url":"https:\/\/altrisacces.fr\/wp-content\/uploads\/2023\/11\/EPJD-G023-2.png","contentUrl":"https:\/\/altrisacces.fr\/wp-content\/uploads\/2023\/11\/EPJD-G023-2.png","width":800,"height":800},{"@type":"BreadcrumbList","@id":"https:\/\/altrisacces.fr\/index.php\/produit\/eclairage-led-urbain-epjd-g023\/#breadcrumb","itemListElement":[{"@type":"ListItem","position":1,"name":"Accueil","item":"https:\/\/altrisacces.fr\/"},{"@type":"ListItem","position":2,"name":"Produits","item":"https:\/\/altrisacces.fr\/index.php\/produits\/"},{"@type":"ListItem","position":3,"name":"Eclairage led urbain EPJD-G023"}]},{"@type":"WebSite","@id":"https:\/\/altrisacces.fr\/#website","url":"https:\/\/altrisacces.fr\/","name":"Altris","description":"\u00e9clairage LED public, ext\u00e9rieur, tertiaire et industriel","publisher":{"@id":"https:\/\/altrisacces.fr\/#organization"},"potentialAction":[{"@type":"SearchAction","target":{"@type":"EntryPoint","urlTemplate":"https:\/\/altrisacces.fr\/?s={search_term_string}"},"query-input":"required name=search_term_string"}],"inLanguage":"fr-FR"},{"@type":"Organization","@id":"https:\/\/altrisacces.fr\/#organization","name":"Altris","url":"https:\/\/altrisacces.fr\/","logo":{"@type":"ImageObject","inLanguage":"fr-FR","@id":"https:\/\/altrisacces.fr\/#\/schema\/logo\/image\/","url":"https:\/\/altrisacces.fr\/wp-content\/uploads\/2023\/10\/logo_Altris.png","contentUrl":"https:\/\/altrisacces.fr\/wp-content\/uploads\/2023\/10\/logo_Altris.png","width":1579,"height":1006,"caption":"Altris"},"image":{"@id":"https:\/\/altrisacces.fr\/#\/schema\/logo\/image\/"}}]}},"_links":{"self":[{"href":"https:\/\/altrisacces.fr\/index.php\/wp-json\/wp\/v2\/product\/705","targetHints":{"allow":["GET"]}}],"collection":[{"href":"https:\/\/altrisacces.fr\/index.php\/wp-json\/wp\/v2\/product"}],"about":[{"href":"https:\/\/altrisacces.fr\/index.php\/wp-json\/wp\/v2\/types\/product"}],"replies":[{"embeddable":true,"href":"https:\/\/altrisacces.fr\/index.php\/wp-json\/wp\/v2\/comments?post=705"}],"wp:featuredmedia":[{"embeddable":true,"href":"https:\/\/altrisacces.fr\/index.php\/wp-json\/wp\/v2\/media\/707"}],"wp:attachment":[{"href":"https:\/\/altrisacces.fr\/index.php\/wp-json\/wp\/v2\/media?parent=705"}],"wp:term":[{"taxonomy":"product_cat","embeddable":true,"href":"https:\/\/altrisacces.fr\/index.php\/wp-json\/wp\/v2\/product_cat?post=705"},{"taxonomy":"product_tag","embeddable":true,"href":"https:\/\/altrisacces.fr\/index.php\/wp-json\/wp\/v2\/product_tag?post=705"}],"curies":[{"name":"wp","href":"https:\/\/api.w.org\/{rel}","templated":true}]}}