{"id":725,"date":"2024-02-02T14:14:48","date_gmt":"2024-02-02T13:14:48","guid":{"rendered":"https:\/\/altrisacces.fr\/?post_type=product&#038;p=725"},"modified":"2024-06-26T16:16:21","modified_gmt":"2024-06-26T14:16:21","slug":"projecteur-epjd-f017","status":"publish","type":"product","link":"https:\/\/altrisacces.fr\/index.php\/produit\/projecteur-epjd-f017\/","title":{"rendered":"Projecteur EPJD-F017"},"content":{"rendered":"<table border=\"1\" width=\"100%\" cellspacing=\"0\" cellpadding=\"0\">\n<tbody>\n<tr>\n<td class=\"et6\" width=\"131\" height=\"19\">Product Code<\/td>\n<td class=\"et7\" width=\"99\">EPJD-F017A<\/td>\n<td class=\"et7\" width=\"121\">EPJD-F017B<\/td>\n<td class=\"et7\" width=\"139\">EPJD-F017C\/EPJD-F017C-L<\/td>\n<td class=\"et7\" width=\"191\">EPJD-F017D\/EPJD-F017D-L<\/td>\n<td class=\"et7\" width=\"145\">EPJD-F017E\/EPJD-F017E-L<\/td>\n<td class=\"et7\" width=\"171\">EPJD-F017F\/EPJD-F017F-L<\/td>\n<\/tr>\n<tr>\n<td class=\"et8\" width=\"131\" height=\"19\">LED Quantity<\/td>\n<td class=\"et9\" width=\"99\">20pcs 2835<\/td>\n<td class=\"et9\" width=\"121\">40pcs 2835<\/td>\n<td class=\"et9\" width=\"139\">60pcs 2835\/48pcs 3030<\/td>\n<td class=\"et9\" width=\"191\">60pcs 2835\/96pcs 3030<\/td>\n<td class=\"et9\" width=\"145\">200pcs 2835\/180pcs 3030<\/td>\n<td class=\"et9\" width=\"171\">300pcs 2835\/180pcs 3030<\/td>\n<\/tr>\n<tr>\n<td class=\"et8\" width=\"131\" height=\"19\">Rate Power<\/td>\n<td class=\"et9\" width=\"99\">10W<\/td>\n<td class=\"et9\" width=\"121\">20W<\/td>\n<td class=\"et9\" width=\"139\">30W<\/td>\n<td class=\"et9\" width=\"191\">50W<\/td>\n<td class=\"et9\" width=\"145\">100W<\/td>\n<td class=\"et9\" width=\"171\">150W<\/td>\n<\/tr>\n<tr>\n<td class=\"et8\" width=\"131\" height=\"19\">Color<\/td>\n<td class=\"et9\" width=\"99\">Single<\/td>\n<td class=\"et9\" width=\"121\">Single<\/td>\n<td class=\"et9\" width=\"139\">Single<\/td>\n<td class=\"et9\" width=\"191\">Single<\/td>\n<td class=\"et9\" width=\"145\">Single<\/td>\n<td class=\"et9\" width=\"171\">Single<\/td>\n<\/tr>\n<tr>\n<td class=\"et8\" width=\"131\" height=\"30\">Luminary EER<\/td>\n<td class=\"et9\" width=\"99\">100LM\/W<\/td>\n<td class=\"et9\" width=\"121\">100LM\/W<\/td>\n<td class=\"et9\" width=\"139\">100lm\/w(2835)<br \/>\n140lm\/w(3030)<\/td>\n<td class=\"et9\" width=\"191\">100lm\/w(2835)<br \/>\n140lm\/w(3030)<\/td>\n<td class=\"et9\" width=\"145\">100lm\/w(2835)<br \/>\n140lm\/w(3030)<\/td>\n<td class=\"et9\" width=\"171\">100lm\/w(2835)<br \/>\n130lm\/w(3030)<\/td>\n<\/tr>\n<tr>\n<td class=\"et8\" width=\"131\" height=\"19\">PF<\/td>\n<td class=\"et9\" width=\"99\">0.92<\/td>\n<td class=\"et9\" width=\"121\">0.92<\/td>\n<td class=\"et9\" width=\"139\">0.92<\/td>\n<td class=\"et9\" width=\"191\">0.92<\/td>\n<td class=\"et9\" width=\"145\">0.92<\/td>\n<td class=\"et9\" width=\"171\">0.92<\/td>\n<\/tr>\n<tr>\n<td class=\"et8\" width=\"131\" height=\"19\">Net Weight<\/td>\n<td class=\"et9\" width=\"99\">0.88 Kg<\/td>\n<td class=\"et9\" width=\"121\">0.9 Kg<\/td>\n<td class=\"et9\" width=\"139\">3.1 Kg<\/td>\n<td class=\"et9\" width=\"191\">3.2 Kg<\/td>\n<td class=\"et9\" width=\"145\">7.1 Kg<\/td>\n<td class=\"et9\" width=\"171\">7.6 Kg<\/td>\n<\/tr>\n<tr>\n<td class=\"et8\" width=\"131\" height=\"19\">Gross Weight<\/td>\n<td class=\"et9\" width=\"99\">1.0 Kg<\/td>\n<td class=\"et9\" width=\"121\">1.0 Kg<\/td>\n<td class=\"et9\" width=\"139\">3.3 Kg<\/td>\n<td class=\"et9\" width=\"191\">3.4 Kg<\/td>\n<td class=\"et9\" width=\"145\">7.5 Kg<\/td>\n<td class=\"et9\" width=\"171\">8.0 Kg<\/td>\n<\/tr>\n<tr>\n<td class=\"et8\" width=\"131\" height=\"19\">Product Size<\/td>\n<td class=\"et9\" width=\"99\">199*164*38mm<\/td>\n<td class=\"et9\" width=\"121\">199*164*38mm<\/td>\n<td class=\"et9\" width=\"139\">335*320*52mm<\/td>\n<td class=\"et9\" width=\"191\">335*320*52mm<\/td>\n<td class=\"et9\" width=\"145\">460*417*61mm<\/td>\n<td class=\"et9\" width=\"171\">460*417*61mm<\/td>\n<\/tr>\n<tr>\n<td class=\"et8\" width=\"131\" height=\"30\">Packing Size<\/td>\n<td class=\"et10\" width=\"99\">650*370*240MM\/20pcs<\/td>\n<td class=\"et10\" width=\"121\">650*370*240MM\/20pcs<\/td>\n<td class=\"et9\" width=\"139\">690*420*370MM\/10pcs<\/td>\n<td class=\"et9\" width=\"191\">690*420*370MM\/10pcs<\/td>\n<td class=\"et9\" width=\"145\">450*450*500MM\/5PCS<\/td>\n<td class=\"et9\" width=\"171\">450*450*500MM\/5PCS<\/td>\n<\/tr>\n<\/tbody>\n<\/table>\n","protected":false},"excerpt":{"rendered":"<p>R\u00e9flecteur en aluminium pur anodis\u00e9<br \/>\n.10W \/20W LED<br \/>\n. Led Epistar 2835<br \/>\nDriver disponible en version DALI<br \/>\nR\u00e9flecteur en aluminium anodis\u00e9.<br \/>\nVerre tremp\u00e9 tr\u00e8s transparent.<br \/>\nCorps en aluminium moul\u00e9 sous pression de haute intensit\u00e9.<br \/>\nDegr\u00e9 de protection : IP66 \/ IK08<br \/>\nOption \u00e0 d\u00e9tection disponible<\/p>\n","protected":false},"featured_media":731,"comment_status":"open","ping_status":"closed","template":"","meta":{"_acf_changed":false},"product_cat":[38],"product_tag":[],"class_list":{"0":"post-725","1":"product","2":"type-product","3":"status-publish","4":"has-post-thumbnail","6":"product_cat-projecteurs","8":"first","9":"instock","10":"shipping-taxable","11":"product-type-simple"},"acf":[],"yoast_head":"<!-- This site is optimized with the Yoast SEO plugin v22.9 - https:\/\/yoast.com\/wordpress\/plugins\/seo\/ -->\n<title>Projecteur EPJD-F017 - Altris | Eclairages LED<\/title>\n<meta name=\"robots\" content=\"index, follow, max-snippet:-1, max-image-preview:large, max-video-preview:-1\" \/>\n<link rel=\"canonical\" href=\"https:\/\/altrisacces.fr\/index.php\/produit\/projecteur-epjd-f017\/\" \/>\n<meta property=\"og:locale\" content=\"fr_FR\" \/>\n<meta property=\"og:type\" content=\"article\" \/>\n<meta property=\"og:title\" content=\"Projecteur EPJD-F017 - Altris | Eclairages LED\" \/>\n<meta property=\"og:description\" content=\"R\u00e9flecteur en aluminium pur anodis\u00e9 .10W \/20W LED . Led Epistar 2835 Driver disponible en version DALI R\u00e9flecteur en aluminium anodis\u00e9. Verre tremp\u00e9 tr\u00e8s transparent. Corps en aluminium moul\u00e9 sous pression de haute intensit\u00e9. Degr\u00e9 de protection : IP66 \/ IK08 Option \u00e0 d\u00e9tection disponible\" \/>\n<meta property=\"og:url\" content=\"https:\/\/altrisacces.fr\/index.php\/produit\/projecteur-epjd-f017\/\" \/>\n<meta property=\"og:site_name\" content=\"Altris\" \/>\n<meta property=\"article:modified_time\" content=\"2024-06-26T14:16:21+00:00\" \/>\n<meta property=\"og:image\" content=\"https:\/\/altrisacces.fr\/wp-content\/uploads\/2024\/02\/EPJD-F017-7.png\" \/>\n\t<meta property=\"og:image:width\" content=\"800\" \/>\n\t<meta property=\"og:image:height\" content=\"800\" \/>\n\t<meta property=\"og:image:type\" content=\"image\/png\" \/>\n<meta name=\"twitter:card\" content=\"summary_large_image\" \/>\n<meta name=\"twitter:label1\" content=\"Dur\u00e9e de lecture estim\u00e9e\" \/>\n\t<meta name=\"twitter:data1\" content=\"1 minute\" \/>\n<script type=\"application\/ld+json\" class=\"yoast-schema-graph\">{\"@context\":\"https:\/\/schema.org\",\"@graph\":[{\"@type\":\"WebPage\",\"@id\":\"https:\/\/altrisacces.fr\/index.php\/produit\/projecteur-epjd-f017\/\",\"url\":\"https:\/\/altrisacces.fr\/index.php\/produit\/projecteur-epjd-f017\/\",\"name\":\"Projecteur EPJD-F017 - Altris | Eclairages LED\",\"isPartOf\":{\"@id\":\"https:\/\/altrisacces.fr\/#website\"},\"primaryImageOfPage\":{\"@id\":\"https:\/\/altrisacces.fr\/index.php\/produit\/projecteur-epjd-f017\/#primaryimage\"},\"image\":{\"@id\":\"https:\/\/altrisacces.fr\/index.php\/produit\/projecteur-epjd-f017\/#primaryimage\"},\"thumbnailUrl\":\"https:\/\/altrisacces.fr\/wp-content\/uploads\/2024\/02\/EPJD-F017-7.png\",\"datePublished\":\"2024-02-02T13:14:48+00:00\",\"dateModified\":\"2024-06-26T14:16:21+00:00\",\"breadcrumb\":{\"@id\":\"https:\/\/altrisacces.fr\/index.php\/produit\/projecteur-epjd-f017\/#breadcrumb\"},\"inLanguage\":\"fr-FR\",\"potentialAction\":[{\"@type\":\"ReadAction\",\"target\":[\"https:\/\/altrisacces.fr\/index.php\/produit\/projecteur-epjd-f017\/\"]}]},{\"@type\":\"ImageObject\",\"inLanguage\":\"fr-FR\",\"@id\":\"https:\/\/altrisacces.fr\/index.php\/produit\/projecteur-epjd-f017\/#primaryimage\",\"url\":\"https:\/\/altrisacces.fr\/wp-content\/uploads\/2024\/02\/EPJD-F017-7.png\",\"contentUrl\":\"https:\/\/altrisacces.fr\/wp-content\/uploads\/2024\/02\/EPJD-F017-7.png\",\"width\":800,\"height\":800,\"caption\":\"Projecteur LED\"},{\"@type\":\"BreadcrumbList\",\"@id\":\"https:\/\/altrisacces.fr\/index.php\/produit\/projecteur-epjd-f017\/#breadcrumb\",\"itemListElement\":[{\"@type\":\"ListItem\",\"position\":1,\"name\":\"Accueil\",\"item\":\"https:\/\/altrisacces.fr\/\"},{\"@type\":\"ListItem\",\"position\":2,\"name\":\"Produits\",\"item\":\"https:\/\/altrisacces.fr\/index.php\/produits\/\"},{\"@type\":\"ListItem\",\"position\":3,\"name\":\"Projecteur EPJD-F017\"}]},{\"@type\":\"WebSite\",\"@id\":\"https:\/\/altrisacces.fr\/#website\",\"url\":\"https:\/\/altrisacces.fr\/\",\"name\":\"Altris\",\"description\":\"\u00e9clairage LED public, ext\u00e9rieur, tertiaire et industriel\",\"publisher\":{\"@id\":\"https:\/\/altrisacces.fr\/#organization\"},\"potentialAction\":[{\"@type\":\"SearchAction\",\"target\":{\"@type\":\"EntryPoint\",\"urlTemplate\":\"https:\/\/altrisacces.fr\/?s={search_term_string}\"},\"query-input\":\"required name=search_term_string\"}],\"inLanguage\":\"fr-FR\"},{\"@type\":\"Organization\",\"@id\":\"https:\/\/altrisacces.fr\/#organization\",\"name\":\"Altris\",\"url\":\"https:\/\/altrisacces.fr\/\",\"logo\":{\"@type\":\"ImageObject\",\"inLanguage\":\"fr-FR\",\"@id\":\"https:\/\/altrisacces.fr\/#\/schema\/logo\/image\/\",\"url\":\"https:\/\/altrisacces.fr\/wp-content\/uploads\/2023\/10\/logo_Altris.png\",\"contentUrl\":\"https:\/\/altrisacces.fr\/wp-content\/uploads\/2023\/10\/logo_Altris.png\",\"width\":1579,\"height\":1006,\"caption\":\"Altris\"},\"image\":{\"@id\":\"https:\/\/altrisacces.fr\/#\/schema\/logo\/image\/\"}}]}<\/script>\n<!-- \/ Yoast SEO plugin. -->","yoast_head_json":{"title":"Projecteur EPJD-F017 - Altris | Eclairages LED","robots":{"index":"index","follow":"follow","max-snippet":"max-snippet:-1","max-image-preview":"max-image-preview:large","max-video-preview":"max-video-preview:-1"},"canonical":"https:\/\/altrisacces.fr\/index.php\/produit\/projecteur-epjd-f017\/","og_locale":"fr_FR","og_type":"article","og_title":"Projecteur EPJD-F017 - Altris | Eclairages LED","og_description":"R\u00e9flecteur en aluminium pur anodis\u00e9 .10W \/20W LED . Led Epistar 2835 Driver disponible en version DALI R\u00e9flecteur en aluminium anodis\u00e9. Verre tremp\u00e9 tr\u00e8s transparent. Corps en aluminium moul\u00e9 sous pression de haute intensit\u00e9. Degr\u00e9 de protection : IP66 \/ IK08 Option \u00e0 d\u00e9tection disponible","og_url":"https:\/\/altrisacces.fr\/index.php\/produit\/projecteur-epjd-f017\/","og_site_name":"Altris","article_modified_time":"2024-06-26T14:16:21+00:00","og_image":[{"width":800,"height":800,"url":"https:\/\/altrisacces.fr\/wp-content\/uploads\/2024\/02\/EPJD-F017-7.png","type":"image\/png"}],"twitter_card":"summary_large_image","twitter_misc":{"Dur\u00e9e de lecture estim\u00e9e":"1 minute"},"schema":{"@context":"https:\/\/schema.org","@graph":[{"@type":"WebPage","@id":"https:\/\/altrisacces.fr\/index.php\/produit\/projecteur-epjd-f017\/","url":"https:\/\/altrisacces.fr\/index.php\/produit\/projecteur-epjd-f017\/","name":"Projecteur EPJD-F017 - Altris | Eclairages LED","isPartOf":{"@id":"https:\/\/altrisacces.fr\/#website"},"primaryImageOfPage":{"@id":"https:\/\/altrisacces.fr\/index.php\/produit\/projecteur-epjd-f017\/#primaryimage"},"image":{"@id":"https:\/\/altrisacces.fr\/index.php\/produit\/projecteur-epjd-f017\/#primaryimage"},"thumbnailUrl":"https:\/\/altrisacces.fr\/wp-content\/uploads\/2024\/02\/EPJD-F017-7.png","datePublished":"2024-02-02T13:14:48+00:00","dateModified":"2024-06-26T14:16:21+00:00","breadcrumb":{"@id":"https:\/\/altrisacces.fr\/index.php\/produit\/projecteur-epjd-f017\/#breadcrumb"},"inLanguage":"fr-FR","potentialAction":[{"@type":"ReadAction","target":["https:\/\/altrisacces.fr\/index.php\/produit\/projecteur-epjd-f017\/"]}]},{"@type":"ImageObject","inLanguage":"fr-FR","@id":"https:\/\/altrisacces.fr\/index.php\/produit\/projecteur-epjd-f017\/#primaryimage","url":"https:\/\/altrisacces.fr\/wp-content\/uploads\/2024\/02\/EPJD-F017-7.png","contentUrl":"https:\/\/altrisacces.fr\/wp-content\/uploads\/2024\/02\/EPJD-F017-7.png","width":800,"height":800,"caption":"Projecteur LED"},{"@type":"BreadcrumbList","@id":"https:\/\/altrisacces.fr\/index.php\/produit\/projecteur-epjd-f017\/#breadcrumb","itemListElement":[{"@type":"ListItem","position":1,"name":"Accueil","item":"https:\/\/altrisacces.fr\/"},{"@type":"ListItem","position":2,"name":"Produits","item":"https:\/\/altrisacces.fr\/index.php\/produits\/"},{"@type":"ListItem","position":3,"name":"Projecteur EPJD-F017"}]},{"@type":"WebSite","@id":"https:\/\/altrisacces.fr\/#website","url":"https:\/\/altrisacces.fr\/","name":"Altris","description":"\u00e9clairage LED public, ext\u00e9rieur, tertiaire et industriel","publisher":{"@id":"https:\/\/altrisacces.fr\/#organization"},"potentialAction":[{"@type":"SearchAction","target":{"@type":"EntryPoint","urlTemplate":"https:\/\/altrisacces.fr\/?s={search_term_string}"},"query-input":"required name=search_term_string"}],"inLanguage":"fr-FR"},{"@type":"Organization","@id":"https:\/\/altrisacces.fr\/#organization","name":"Altris","url":"https:\/\/altrisacces.fr\/","logo":{"@type":"ImageObject","inLanguage":"fr-FR","@id":"https:\/\/altrisacces.fr\/#\/schema\/logo\/image\/","url":"https:\/\/altrisacces.fr\/wp-content\/uploads\/2023\/10\/logo_Altris.png","contentUrl":"https:\/\/altrisacces.fr\/wp-content\/uploads\/2023\/10\/logo_Altris.png","width":1579,"height":1006,"caption":"Altris"},"image":{"@id":"https:\/\/altrisacces.fr\/#\/schema\/logo\/image\/"}}]}},"_links":{"self":[{"href":"https:\/\/altrisacces.fr\/index.php\/wp-json\/wp\/v2\/product\/725","targetHints":{"allow":["GET"]}}],"collection":[{"href":"https:\/\/altrisacces.fr\/index.php\/wp-json\/wp\/v2\/product"}],"about":[{"href":"https:\/\/altrisacces.fr\/index.php\/wp-json\/wp\/v2\/types\/product"}],"replies":[{"embeddable":true,"href":"https:\/\/altrisacces.fr\/index.php\/wp-json\/wp\/v2\/comments?post=725"}],"wp:featuredmedia":[{"embeddable":true,"href":"https:\/\/altrisacces.fr\/index.php\/wp-json\/wp\/v2\/media\/731"}],"wp:attachment":[{"href":"https:\/\/altrisacces.fr\/index.php\/wp-json\/wp\/v2\/media?parent=725"}],"wp:term":[{"taxonomy":"product_cat","embeddable":true,"href":"https:\/\/altrisacces.fr\/index.php\/wp-json\/wp\/v2\/product_cat?post=725"},{"taxonomy":"product_tag","embeddable":true,"href":"https:\/\/altrisacces.fr\/index.php\/wp-json\/wp\/v2\/product_tag?post=725"}],"curies":[{"name":"wp","href":"https:\/\/api.w.org\/{rel}","templated":true}]}}