{"id":735,"date":"2024-02-02T14:18:43","date_gmt":"2024-02-02T13:18:43","guid":{"rendered":"https:\/\/altrisacces.fr\/?post_type=product&#038;p=735"},"modified":"2024-06-26T16:16:46","modified_gmt":"2024-06-26T14:16:46","slug":"projecteur-epjd-f021","status":"publish","type":"product","link":"https:\/\/altrisacces.fr\/index.php\/produit\/projecteur-epjd-f021\/","title":{"rendered":"Projecteur EPJD-F021"},"content":{"rendered":"<table border=\"1\" width=\"100%\" cellspacing=\"0\" cellpadding=\"0\">\n<tbody>\n<tr>\n<td width=\"131\" height=\"19\">Product Code<\/td>\n<td width=\"99\">EPJD-F021A<\/td>\n<td width=\"121\">EPJD-F021B<\/td>\n<td width=\"139\">EPJD-F021C<\/td>\n<td width=\"191\">EPJD-F021D<\/td>\n<td width=\"145\">EPJD-F021E<\/td>\n<td width=\"171\">EPJD-F021F<\/td>\n<\/tr>\n<tr>\n<td width=\"131\" height=\"19\">LED Quantity<\/td>\n<td width=\"99\">20pcs 3030<\/td>\n<td width=\"121\">24pcs 3030<\/td>\n<td width=\"139\">48pcs 3030<\/td>\n<td width=\"191\">72pcs 3030<\/td>\n<td width=\"145\">120pcs 3030<\/td>\n<td width=\"171\">168pcs 3030<\/td>\n<\/tr>\n<tr>\n<td width=\"131\" height=\"19\">Rate Power<\/td>\n<td width=\"99\">10W<\/td>\n<td width=\"121\">20W<\/td>\n<td width=\"139\">30W<\/td>\n<td width=\"191\">50W<\/td>\n<td width=\"145\">100W<\/td>\n<td width=\"171\">150W<\/td>\n<\/tr>\n<tr>\n<td width=\"131\" height=\"19\">Color<\/td>\n<td width=\"99\">Single<\/td>\n<td width=\"121\">Single<\/td>\n<td width=\"139\">Single<\/td>\n<td width=\"191\">Single<\/td>\n<td width=\"145\">Single<\/td>\n<td width=\"171\">Single<\/td>\n<\/tr>\n<tr>\n<td width=\"131\" height=\"19\">Luminary EER<\/td>\n<td width=\"99\">100LM\/W<\/td>\n<td width=\"121\">100LM\/W<\/td>\n<td width=\"139\">100LM\/W<\/td>\n<td width=\"191\">100LM\/W<\/td>\n<td width=\"145\">100LM\/W<\/td>\n<td width=\"171\">100LM\/W<\/td>\n<\/tr>\n<tr>\n<td width=\"131\" height=\"19\">PF<\/td>\n<td width=\"99\">0.92<\/td>\n<td width=\"121\">0.92<\/td>\n<td width=\"139\">0.92<\/td>\n<td width=\"191\">0.92<\/td>\n<td width=\"145\">0.92<\/td>\n<td width=\"171\">0.92<\/td>\n<\/tr>\n<tr>\n<td width=\"131\" height=\"19\">Net Weight<\/td>\n<td width=\"99\">0.6 Kg<\/td>\n<td width=\"121\">0.6Kg<\/td>\n<td width=\"139\">2.1 Kg<\/td>\n<td width=\"191\">2.1 Kg<\/td>\n<td width=\"145\">4.8 kg<\/td>\n<td width=\"171\">4.8 kg<\/td>\n<\/tr>\n<tr>\n<td width=\"131\" height=\"19\">Gross Weight<\/td>\n<td width=\"99\">\u00a00.7Kg<\/td>\n<td width=\"121\">0.7Kg<\/td>\n<td width=\"139\">2.3 Kg<\/td>\n<td width=\"191\">2.3 Kg<\/td>\n<td width=\"145\">5.2 kg<\/td>\n<td width=\"171\">5.2 kg<\/td>\n<\/tr>\n<tr>\n<td width=\"131\" height=\"19\">Product Size<\/td>\n<td width=\"99\">151*148*34mm<\/td>\n<td width=\"121\">151*148*34mm<\/td>\n<td width=\"139\">268*264*52mm<\/td>\n<td width=\"191\">268*264*52mm<\/td>\n<td width=\"145\">371*370*71mm<\/td>\n<td width=\"171\">371*370*71mm<\/td>\n<\/tr>\n<tr>\n<td width=\"131\" height=\"30\">Packing Size<\/td>\n<td width=\"99\">450*340*340MM\/20pcs<\/td>\n<td width=\"121\">450*340*340MM\/20pcs<\/td>\n<td width=\"139\">580*490*300MM\/10pcs<\/td>\n<td width=\"191\">580*490*300MM\/10pcs<\/td>\n<td width=\"145\">540*400*400MM\/5pcs<\/td>\n<td width=\"171\">540*400*400MM\/5pcs<\/td>\n<\/tr>\n<\/tbody>\n<\/table>\n","protected":false},"excerpt":{"rendered":"<p>Verre tremp\u00e9 hautement transparent IK08<\/p>\n<p>.LED Epistar 3030<br \/>\n.R\u00e9flecteur PC<br \/>\n.Corps en aluminium moul\u00e9 sous pression \u00e0 haute intensit\u00e9.<br \/>\n.Degr\u00e9 de protection : IP66 \/ IK08<br \/>\n.Option \u00e0 d\u00e9tection disponible<\/p>\n","protected":false},"featured_media":732,"comment_status":"open","ping_status":"closed","template":"","meta":{"_acf_changed":false},"product_cat":[38],"product_tag":[],"class_list":{"0":"post-735","1":"product","2":"type-product","3":"status-publish","4":"has-post-thumbnail","6":"product_cat-projecteurs","8":"first","9":"instock","10":"shipping-taxable","11":"product-type-simple"},"acf":[],"yoast_head":"<!-- This site is optimized with the Yoast SEO plugin v22.9 - https:\/\/yoast.com\/wordpress\/plugins\/seo\/ -->\n<title>Projecteur EPJD-F021 - Altris | Eclairages LED<\/title>\n<meta name=\"robots\" content=\"index, follow, max-snippet:-1, max-image-preview:large, max-video-preview:-1\" \/>\n<link rel=\"canonical\" href=\"https:\/\/altrisacces.fr\/index.php\/produit\/projecteur-epjd-f021\/\" \/>\n<meta property=\"og:locale\" content=\"fr_FR\" \/>\n<meta property=\"og:type\" content=\"article\" \/>\n<meta property=\"og:title\" content=\"Projecteur EPJD-F021 - Altris | Eclairages LED\" \/>\n<meta property=\"og:description\" content=\"Verre tremp\u00e9 hautement transparent IK08  .LED Epistar 3030 .R\u00e9flecteur PC .Corps en aluminium moul\u00e9 sous pression \u00e0 haute intensit\u00e9. .Degr\u00e9 de protection : IP66 \/ IK08 .Option \u00e0 d\u00e9tection disponible\" \/>\n<meta property=\"og:url\" content=\"https:\/\/altrisacces.fr\/index.php\/produit\/projecteur-epjd-f021\/\" \/>\n<meta property=\"og:site_name\" content=\"Altris\" \/>\n<meta property=\"article:modified_time\" content=\"2024-06-26T14:16:46+00:00\" \/>\n<meta property=\"og:image\" content=\"https:\/\/altrisacces.fr\/wp-content\/uploads\/2024\/02\/EPJD-F021-1.png\" \/>\n\t<meta property=\"og:image:width\" content=\"800\" \/>\n\t<meta property=\"og:image:height\" content=\"800\" \/>\n\t<meta property=\"og:image:type\" content=\"image\/png\" \/>\n<meta name=\"twitter:card\" content=\"summary_large_image\" \/>\n<meta name=\"twitter:label1\" content=\"Dur\u00e9e de lecture estim\u00e9e\" \/>\n\t<meta name=\"twitter:data1\" content=\"1 minute\" \/>\n<script type=\"application\/ld+json\" class=\"yoast-schema-graph\">{\"@context\":\"https:\/\/schema.org\",\"@graph\":[{\"@type\":\"WebPage\",\"@id\":\"https:\/\/altrisacces.fr\/index.php\/produit\/projecteur-epjd-f021\/\",\"url\":\"https:\/\/altrisacces.fr\/index.php\/produit\/projecteur-epjd-f021\/\",\"name\":\"Projecteur EPJD-F021 - Altris | Eclairages LED\",\"isPartOf\":{\"@id\":\"https:\/\/altrisacces.fr\/#website\"},\"primaryImageOfPage\":{\"@id\":\"https:\/\/altrisacces.fr\/index.php\/produit\/projecteur-epjd-f021\/#primaryimage\"},\"image\":{\"@id\":\"https:\/\/altrisacces.fr\/index.php\/produit\/projecteur-epjd-f021\/#primaryimage\"},\"thumbnailUrl\":\"https:\/\/altrisacces.fr\/wp-content\/uploads\/2024\/02\/EPJD-F021-1.png\",\"datePublished\":\"2024-02-02T13:18:43+00:00\",\"dateModified\":\"2024-06-26T14:16:46+00:00\",\"breadcrumb\":{\"@id\":\"https:\/\/altrisacces.fr\/index.php\/produit\/projecteur-epjd-f021\/#breadcrumb\"},\"inLanguage\":\"fr-FR\",\"potentialAction\":[{\"@type\":\"ReadAction\",\"target\":[\"https:\/\/altrisacces.fr\/index.php\/produit\/projecteur-epjd-f021\/\"]}]},{\"@type\":\"ImageObject\",\"inLanguage\":\"fr-FR\",\"@id\":\"https:\/\/altrisacces.fr\/index.php\/produit\/projecteur-epjd-f021\/#primaryimage\",\"url\":\"https:\/\/altrisacces.fr\/wp-content\/uploads\/2024\/02\/EPJD-F021-1.png\",\"contentUrl\":\"https:\/\/altrisacces.fr\/wp-content\/uploads\/2024\/02\/EPJD-F021-1.png\",\"width\":800,\"height\":800,\"caption\":\"Projecteur LED\"},{\"@type\":\"BreadcrumbList\",\"@id\":\"https:\/\/altrisacces.fr\/index.php\/produit\/projecteur-epjd-f021\/#breadcrumb\",\"itemListElement\":[{\"@type\":\"ListItem\",\"position\":1,\"name\":\"Accueil\",\"item\":\"https:\/\/altrisacces.fr\/\"},{\"@type\":\"ListItem\",\"position\":2,\"name\":\"Produits\",\"item\":\"https:\/\/altrisacces.fr\/index.php\/produits\/\"},{\"@type\":\"ListItem\",\"position\":3,\"name\":\"Projecteur EPJD-F021\"}]},{\"@type\":\"WebSite\",\"@id\":\"https:\/\/altrisacces.fr\/#website\",\"url\":\"https:\/\/altrisacces.fr\/\",\"name\":\"Altris\",\"description\":\"\u00e9clairage LED public, ext\u00e9rieur, tertiaire et industriel\",\"publisher\":{\"@id\":\"https:\/\/altrisacces.fr\/#organization\"},\"potentialAction\":[{\"@type\":\"SearchAction\",\"target\":{\"@type\":\"EntryPoint\",\"urlTemplate\":\"https:\/\/altrisacces.fr\/?s={search_term_string}\"},\"query-input\":\"required name=search_term_string\"}],\"inLanguage\":\"fr-FR\"},{\"@type\":\"Organization\",\"@id\":\"https:\/\/altrisacces.fr\/#organization\",\"name\":\"Altris\",\"url\":\"https:\/\/altrisacces.fr\/\",\"logo\":{\"@type\":\"ImageObject\",\"inLanguage\":\"fr-FR\",\"@id\":\"https:\/\/altrisacces.fr\/#\/schema\/logo\/image\/\",\"url\":\"https:\/\/altrisacces.fr\/wp-content\/uploads\/2023\/10\/logo_Altris.png\",\"contentUrl\":\"https:\/\/altrisacces.fr\/wp-content\/uploads\/2023\/10\/logo_Altris.png\",\"width\":1579,\"height\":1006,\"caption\":\"Altris\"},\"image\":{\"@id\":\"https:\/\/altrisacces.fr\/#\/schema\/logo\/image\/\"}}]}<\/script>\n<!-- \/ Yoast SEO plugin. -->","yoast_head_json":{"title":"Projecteur EPJD-F021 - Altris | Eclairages LED","robots":{"index":"index","follow":"follow","max-snippet":"max-snippet:-1","max-image-preview":"max-image-preview:large","max-video-preview":"max-video-preview:-1"},"canonical":"https:\/\/altrisacces.fr\/index.php\/produit\/projecteur-epjd-f021\/","og_locale":"fr_FR","og_type":"article","og_title":"Projecteur EPJD-F021 - Altris | Eclairages LED","og_description":"Verre tremp\u00e9 hautement transparent IK08  .LED Epistar 3030 .R\u00e9flecteur PC .Corps en aluminium moul\u00e9 sous pression \u00e0 haute intensit\u00e9. .Degr\u00e9 de protection : IP66 \/ IK08 .Option \u00e0 d\u00e9tection disponible","og_url":"https:\/\/altrisacces.fr\/index.php\/produit\/projecteur-epjd-f021\/","og_site_name":"Altris","article_modified_time":"2024-06-26T14:16:46+00:00","og_image":[{"width":800,"height":800,"url":"https:\/\/altrisacces.fr\/wp-content\/uploads\/2024\/02\/EPJD-F021-1.png","type":"image\/png"}],"twitter_card":"summary_large_image","twitter_misc":{"Dur\u00e9e de lecture estim\u00e9e":"1 minute"},"schema":{"@context":"https:\/\/schema.org","@graph":[{"@type":"WebPage","@id":"https:\/\/altrisacces.fr\/index.php\/produit\/projecteur-epjd-f021\/","url":"https:\/\/altrisacces.fr\/index.php\/produit\/projecteur-epjd-f021\/","name":"Projecteur EPJD-F021 - Altris | Eclairages LED","isPartOf":{"@id":"https:\/\/altrisacces.fr\/#website"},"primaryImageOfPage":{"@id":"https:\/\/altrisacces.fr\/index.php\/produit\/projecteur-epjd-f021\/#primaryimage"},"image":{"@id":"https:\/\/altrisacces.fr\/index.php\/produit\/projecteur-epjd-f021\/#primaryimage"},"thumbnailUrl":"https:\/\/altrisacces.fr\/wp-content\/uploads\/2024\/02\/EPJD-F021-1.png","datePublished":"2024-02-02T13:18:43+00:00","dateModified":"2024-06-26T14:16:46+00:00","breadcrumb":{"@id":"https:\/\/altrisacces.fr\/index.php\/produit\/projecteur-epjd-f021\/#breadcrumb"},"inLanguage":"fr-FR","potentialAction":[{"@type":"ReadAction","target":["https:\/\/altrisacces.fr\/index.php\/produit\/projecteur-epjd-f021\/"]}]},{"@type":"ImageObject","inLanguage":"fr-FR","@id":"https:\/\/altrisacces.fr\/index.php\/produit\/projecteur-epjd-f021\/#primaryimage","url":"https:\/\/altrisacces.fr\/wp-content\/uploads\/2024\/02\/EPJD-F021-1.png","contentUrl":"https:\/\/altrisacces.fr\/wp-content\/uploads\/2024\/02\/EPJD-F021-1.png","width":800,"height":800,"caption":"Projecteur LED"},{"@type":"BreadcrumbList","@id":"https:\/\/altrisacces.fr\/index.php\/produit\/projecteur-epjd-f021\/#breadcrumb","itemListElement":[{"@type":"ListItem","position":1,"name":"Accueil","item":"https:\/\/altrisacces.fr\/"},{"@type":"ListItem","position":2,"name":"Produits","item":"https:\/\/altrisacces.fr\/index.php\/produits\/"},{"@type":"ListItem","position":3,"name":"Projecteur EPJD-F021"}]},{"@type":"WebSite","@id":"https:\/\/altrisacces.fr\/#website","url":"https:\/\/altrisacces.fr\/","name":"Altris","description":"\u00e9clairage LED public, ext\u00e9rieur, tertiaire et industriel","publisher":{"@id":"https:\/\/altrisacces.fr\/#organization"},"potentialAction":[{"@type":"SearchAction","target":{"@type":"EntryPoint","urlTemplate":"https:\/\/altrisacces.fr\/?s={search_term_string}"},"query-input":"required name=search_term_string"}],"inLanguage":"fr-FR"},{"@type":"Organization","@id":"https:\/\/altrisacces.fr\/#organization","name":"Altris","url":"https:\/\/altrisacces.fr\/","logo":{"@type":"ImageObject","inLanguage":"fr-FR","@id":"https:\/\/altrisacces.fr\/#\/schema\/logo\/image\/","url":"https:\/\/altrisacces.fr\/wp-content\/uploads\/2023\/10\/logo_Altris.png","contentUrl":"https:\/\/altrisacces.fr\/wp-content\/uploads\/2023\/10\/logo_Altris.png","width":1579,"height":1006,"caption":"Altris"},"image":{"@id":"https:\/\/altrisacces.fr\/#\/schema\/logo\/image\/"}}]}},"_links":{"self":[{"href":"https:\/\/altrisacces.fr\/index.php\/wp-json\/wp\/v2\/product\/735","targetHints":{"allow":["GET"]}}],"collection":[{"href":"https:\/\/altrisacces.fr\/index.php\/wp-json\/wp\/v2\/product"}],"about":[{"href":"https:\/\/altrisacces.fr\/index.php\/wp-json\/wp\/v2\/types\/product"}],"replies":[{"embeddable":true,"href":"https:\/\/altrisacces.fr\/index.php\/wp-json\/wp\/v2\/comments?post=735"}],"wp:featuredmedia":[{"embeddable":true,"href":"https:\/\/altrisacces.fr\/index.php\/wp-json\/wp\/v2\/media\/732"}],"wp:attachment":[{"href":"https:\/\/altrisacces.fr\/index.php\/wp-json\/wp\/v2\/media?parent=735"}],"wp:term":[{"taxonomy":"product_cat","embeddable":true,"href":"https:\/\/altrisacces.fr\/index.php\/wp-json\/wp\/v2\/product_cat?post=735"},{"taxonomy":"product_tag","embeddable":true,"href":"https:\/\/altrisacces.fr\/index.php\/wp-json\/wp\/v2\/product_tag?post=735"}],"curies":[{"name":"wp","href":"https:\/\/api.w.org\/{rel}","templated":true}]}}