{"id":747,"date":"2024-02-08T09:26:50","date_gmt":"2024-02-08T08:26:50","guid":{"rendered":"https:\/\/altrisacces.fr\/?post_type=product&#038;p=747"},"modified":"2024-02-13T09:08:03","modified_gmt":"2024-02-13T08:08:03","slug":"projecteur-led-high-mast-light-400w","status":"publish","type":"product","link":"https:\/\/altrisacces.fr\/index.php\/produit\/projecteur-led-high-mast-light-400w\/","title":{"rendered":"Projecteur LED High Mast Light EPFR-HML400W"},"content":{"rendered":"<div class=\"flex-shrink-0 flex flex-col relative items-end\">\n<div class=\"pt-0.5\">\n<div class=\"gizmo-shadow-stroke flex h-6 w-6 items-center justify-center overflow-hidden rounded-full\">\n<div class=\"relative p-1 rounded-sm h-9 w-9 text-white flex items-center justify-center\">Le projecteur LED High Mast Light <strong>EPFR-HML400W<\/strong> est une solution d&rsquo;\u00e9clairage puissante et efficace, fabriqu\u00e9e avec soin dans notre usine. Il offre une luminosit\u00e9 exceptionnelle gr\u00e2ce \u00e0 ses LED Lumileds SMD3030, avec une efficacit\u00e9 de 130 \u00e0 140 lumens par watt. Dot\u00e9 d&rsquo;un driver de marque renomm\u00e9e comme Meanwell ou Sosen, il fonctionne sur une large plage de tension de 90 \u00e0 305 volts, voire jusqu&rsquo;\u00e0 480 volts. Facile \u00e0 installer gr\u00e2ce \u00e0 son support ajustable, il est fourni avec des lentilles de diff\u00e9rentes inclinaisons pour s&rsquo;adapter \u00e0 diverses applications.<\/div>\n<\/div>\n<\/div>\n<\/div>\n<div class=\"relative flex w-full flex-col lg:w-[calc(100%-115px)] agent-turn\">\n<div class=\"flex-col gap-1 md:gap-3\">\n<div class=\"flex flex-grow flex-col max-w-full\">\n<div class=\"min-h-[20px] text-message flex flex-col items-start gap-3 whitespace-pre-wrap break-words [.text-message+&amp;]:mt-5 overflow-x-auto\" data-message-author-role=\"assistant\" data-message-id=\"6a09c1b1-cdd6-4b4c-8ce3-b06886bedfd6\">\n<div class=\"markdown prose w-full break-words dark:prose-invert light\">\n<p>La s\u00e9rie Polaris LED High Mast Light <strong>EPFR-HML400W<\/strong>\u00a0offre une gamme de puissances allant de 50W \u00e0 600W. Pour assurer une dur\u00e9e de vie optimale, ces luminaires sont \u00e9quip\u00e9s d&rsquo;un syst\u00e8me de dissipation de chaleur brevet\u00e9. Ils constituent un choix id\u00e9al pour les grands espaces tels que les a\u00e9roports, les ports, les terrains de sport et les zones industrielles, offrant un \u00e9clairage de qualit\u00e9 tout en r\u00e9duisant la consommation d&rsquo;\u00e9nergie. En int\u00e9grant des technologies innovantes, ces luminaires contribuent \u00e0 l&rsquo;\u00e9volution des syst\u00e8mes d&rsquo;\u00e9clairage, offrant des solutions durables et peu contraignantes en termes de maintenance.<\/p>\n<p><strong>Garantie 5 ans avec le conducteur Sosen et 7 ans avec le conducteur Meanwell<\/strong><\/p>\n<\/div>\n<\/div>\n<\/div>\n<\/div>\n<\/div>\n<h3>Specification-LED High Mast light 400W<\/h3>\n<table width=\"550\">\n<tbody>\n<tr>\n<td width=\"167\">Model<\/td>\n<td width=\"383\"><strong>EPFR-HML400W<\/strong><\/td>\n<\/tr>\n<tr>\n<td width=\"167\">Power<\/td>\n<td width=\"383\">400W<\/td>\n<\/tr>\n<tr>\n<td width=\"167\">Lumen<\/td>\n<td width=\"383\">56000 LM \u00b15%<\/td>\n<\/tr>\n<tr>\n<td width=\"167\">Luminous<br \/>\nEfficiency<\/td>\n<td width=\"383\">130-140LM\/W<\/td>\n<\/tr>\n<tr>\n<td width=\"167\">Beam Angle<\/td>\n<td width=\"383\">15\u00b0\/ 30\u00b0\/45\u00b0\/60\u00b0\/90\u00b0<\/td>\n<\/tr>\n<tr>\n<td width=\"167\">LED<\/td>\n<td width=\"383\">Lumileds 3030<\/td>\n<\/tr>\n<tr>\n<td width=\"167\">Led\u00a0 Qty<\/td>\n<td width=\"383\">672PCS\/8Module<\/td>\n<\/tr>\n<tr>\n<td width=\"167\">Input Voltage<\/td>\n<td width=\"383\">90-305VAC\/ (AC180-528V optional)<\/td>\n<\/tr>\n<tr>\n<td width=\"167\">Power Factor<\/td>\n<td width=\"383\">&gt;0.95<\/td>\n<\/tr>\n<tr>\n<td width=\"167\">Material<\/td>\n<td width=\"383\">AL+PC lens<\/td>\n<\/tr>\n<tr>\n<td width=\"167\">CCT<\/td>\n<td width=\"383\">2700-6500K<\/td>\n<\/tr>\n<tr>\n<td width=\"167\">Environment\u00a0 Temperature<\/td>\n<td width=\"383\">-20\u00b0~50\u00b0<\/td>\n<\/tr>\n<tr>\n<td width=\"167\">IP Rating<\/td>\n<td width=\"383\">IP66<\/td>\n<\/tr>\n<tr>\n<td width=\"167\">Working Life<\/td>\n<td width=\"383\">50000hrs<\/td>\n<\/tr>\n<tr>\n<td width=\"167\">Certificates<\/td>\n<td width=\"383\">CE ROHS<\/td>\n<\/tr>\n<tr>\n<td width=\"167\">Warranty<\/td>\n<td width=\"383\">5 years with Sosen driver and 7 years with Meanwell Driver<\/td>\n<\/tr>\n<\/tbody>\n<\/table>\n<p><em>D\u00e9couvrez tous nos projecteurs <a href=\"https:\/\/altrisacces.fr\/index.php\/categorie-produit\/projecteurs\/\">ici<\/a><\/em><\/p>\n","protected":false},"excerpt":{"rendered":"<p>Le Polaris LED High Mast Light EPFR-HML400W est un appareil d&rsquo;\u00e9clairage unique issu de notre usine de fabrication avanc\u00e9e avec un syst\u00e8me d&rsquo;efficacit\u00e9 de 130-140 Lumens par Watt. Le luminaire est aliment\u00e9 par des SMD3030 Lumileds pour fournir un rendement lumineux in\u00e9gal\u00e9 pour l&rsquo;\u00e9clairage de tr\u00e8s grandes surfaces.<\/p>\n<p>Le luminaire Polaris LED High Mast Light EPFR-HML400W est un luminaire unique issu de notre usine de fabrication avanc\u00e9e, offrant une efficacit\u00e9 syst\u00e8me de 130 \u00e0 140 lumens par watt. Il est aliment\u00e9 par des LED Lumileds SMD3030 pour fournir une luminosit\u00e9 in\u00e9gal\u00e9e pour un \u00e9clairage de tr\u00e8s grande surface.<\/p>\n","protected":false},"featured_media":751,"comment_status":"open","ping_status":"closed","template":"","meta":{"_acf_changed":false},"product_cat":[38],"product_tag":[],"class_list":{"0":"post-747","1":"product","2":"type-product","3":"status-publish","4":"has-post-thumbnail","6":"product_cat-projecteurs","8":"first","9":"instock","10":"shipping-taxable","11":"product-type-simple"},"acf":[],"yoast_head":"<!-- This site is optimized with the Yoast SEO plugin v22.9 - https:\/\/yoast.com\/wordpress\/plugins\/seo\/ -->\n<title>Projecteur LED High Mast Light EPFR-HML400W - Altris | Eclairages LED<\/title>\n<meta name=\"description\" content=\"Le projecteur LED High Mast Light 400W est un projecteur offrant une efficacit\u00e9 syst\u00e8me de 130 \u00e0 140 lumens par watt pour \u00e9clairer de tr\u00e8s grandes surfaces.\" \/>\n<meta name=\"robots\" content=\"index, follow, max-snippet:-1, max-image-preview:large, max-video-preview:-1\" \/>\n<link rel=\"canonical\" href=\"https:\/\/altrisacces.fr\/index.php\/produit\/projecteur-led-high-mast-light-400w\/\" \/>\n<meta property=\"og:locale\" content=\"fr_FR\" \/>\n<meta property=\"og:type\" content=\"article\" \/>\n<meta property=\"og:title\" content=\"Projecteur LED High Mast Light EPFR-HML400W - Altris | Eclairages LED\" \/>\n<meta property=\"og:description\" content=\"Le projecteur LED High Mast Light 400W est un projecteur offrant une efficacit\u00e9 syst\u00e8me de 130 \u00e0 140 lumens par watt pour \u00e9clairer de tr\u00e8s grandes surfaces.\" \/>\n<meta property=\"og:url\" content=\"https:\/\/altrisacces.fr\/index.php\/produit\/projecteur-led-high-mast-light-400w\/\" \/>\n<meta property=\"og:site_name\" content=\"Altris\" \/>\n<meta property=\"article:modified_time\" content=\"2024-02-13T08:08:03+00:00\" \/>\n<meta property=\"og:image\" content=\"https:\/\/altrisacces.fr\/wp-content\/uploads\/2024\/02\/untitled.780.png\" \/>\n\t<meta property=\"og:image:width\" content=\"1920\" \/>\n\t<meta property=\"og:image:height\" content=\"1237\" \/>\n\t<meta property=\"og:image:type\" content=\"image\/png\" \/>\n<meta name=\"twitter:card\" content=\"summary_large_image\" \/>\n<meta name=\"twitter:label1\" content=\"Dur\u00e9e de lecture estim\u00e9e\" \/>\n\t<meta name=\"twitter:data1\" content=\"2 minutes\" \/>\n<script type=\"application\/ld+json\" class=\"yoast-schema-graph\">{\"@context\":\"https:\/\/schema.org\",\"@graph\":[{\"@type\":\"WebPage\",\"@id\":\"https:\/\/altrisacces.fr\/index.php\/produit\/projecteur-led-high-mast-light-400w\/\",\"url\":\"https:\/\/altrisacces.fr\/index.php\/produit\/projecteur-led-high-mast-light-400w\/\",\"name\":\"Projecteur LED High Mast Light EPFR-HML400W - Altris | Eclairages LED\",\"isPartOf\":{\"@id\":\"https:\/\/altrisacces.fr\/#website\"},\"primaryImageOfPage\":{\"@id\":\"https:\/\/altrisacces.fr\/index.php\/produit\/projecteur-led-high-mast-light-400w\/#primaryimage\"},\"image\":{\"@id\":\"https:\/\/altrisacces.fr\/index.php\/produit\/projecteur-led-high-mast-light-400w\/#primaryimage\"},\"thumbnailUrl\":\"https:\/\/altrisacces.fr\/wp-content\/uploads\/2024\/02\/untitled.780.png\",\"datePublished\":\"2024-02-08T08:26:50+00:00\",\"dateModified\":\"2024-02-13T08:08:03+00:00\",\"description\":\"Le projecteur LED High Mast Light 400W est un projecteur offrant une efficacit\u00e9 syst\u00e8me de 130 \u00e0 140 lumens par watt pour \u00e9clairer de tr\u00e8s grandes surfaces.\",\"breadcrumb\":{\"@id\":\"https:\/\/altrisacces.fr\/index.php\/produit\/projecteur-led-high-mast-light-400w\/#breadcrumb\"},\"inLanguage\":\"fr-FR\",\"potentialAction\":[{\"@type\":\"ReadAction\",\"target\":[\"https:\/\/altrisacces.fr\/index.php\/produit\/projecteur-led-high-mast-light-400w\/\"]}]},{\"@type\":\"ImageObject\",\"inLanguage\":\"fr-FR\",\"@id\":\"https:\/\/altrisacces.fr\/index.php\/produit\/projecteur-led-high-mast-light-400w\/#primaryimage\",\"url\":\"https:\/\/altrisacces.fr\/wp-content\/uploads\/2024\/02\/untitled.780.png\",\"contentUrl\":\"https:\/\/altrisacces.fr\/wp-content\/uploads\/2024\/02\/untitled.780.png\",\"width\":1920,\"height\":1237,\"caption\":\"Projecteur LED 400W\"},{\"@type\":\"BreadcrumbList\",\"@id\":\"https:\/\/altrisacces.fr\/index.php\/produit\/projecteur-led-high-mast-light-400w\/#breadcrumb\",\"itemListElement\":[{\"@type\":\"ListItem\",\"position\":1,\"name\":\"Accueil\",\"item\":\"https:\/\/altrisacces.fr\/\"},{\"@type\":\"ListItem\",\"position\":2,\"name\":\"Produits\",\"item\":\"https:\/\/altrisacces.fr\/index.php\/produits\/\"},{\"@type\":\"ListItem\",\"position\":3,\"name\":\"Projecteur LED High Mast Light EPFR-HML400W\"}]},{\"@type\":\"WebSite\",\"@id\":\"https:\/\/altrisacces.fr\/#website\",\"url\":\"https:\/\/altrisacces.fr\/\",\"name\":\"Altris\",\"description\":\"\u00e9clairage LED public, ext\u00e9rieur, tertiaire et industriel\",\"publisher\":{\"@id\":\"https:\/\/altrisacces.fr\/#organization\"},\"potentialAction\":[{\"@type\":\"SearchAction\",\"target\":{\"@type\":\"EntryPoint\",\"urlTemplate\":\"https:\/\/altrisacces.fr\/?s={search_term_string}\"},\"query-input\":\"required name=search_term_string\"}],\"inLanguage\":\"fr-FR\"},{\"@type\":\"Organization\",\"@id\":\"https:\/\/altrisacces.fr\/#organization\",\"name\":\"Altris\",\"url\":\"https:\/\/altrisacces.fr\/\",\"logo\":{\"@type\":\"ImageObject\",\"inLanguage\":\"fr-FR\",\"@id\":\"https:\/\/altrisacces.fr\/#\/schema\/logo\/image\/\",\"url\":\"https:\/\/altrisacces.fr\/wp-content\/uploads\/2023\/10\/logo_Altris.png\",\"contentUrl\":\"https:\/\/altrisacces.fr\/wp-content\/uploads\/2023\/10\/logo_Altris.png\",\"width\":1579,\"height\":1006,\"caption\":\"Altris\"},\"image\":{\"@id\":\"https:\/\/altrisacces.fr\/#\/schema\/logo\/image\/\"}}]}<\/script>\n<!-- \/ Yoast SEO plugin. -->","yoast_head_json":{"title":"Projecteur LED High Mast Light EPFR-HML400W - Altris | Eclairages LED","description":"Le projecteur LED High Mast Light 400W est un projecteur offrant une efficacit\u00e9 syst\u00e8me de 130 \u00e0 140 lumens par watt pour \u00e9clairer de tr\u00e8s grandes surfaces.","robots":{"index":"index","follow":"follow","max-snippet":"max-snippet:-1","max-image-preview":"max-image-preview:large","max-video-preview":"max-video-preview:-1"},"canonical":"https:\/\/altrisacces.fr\/index.php\/produit\/projecteur-led-high-mast-light-400w\/","og_locale":"fr_FR","og_type":"article","og_title":"Projecteur LED High Mast Light EPFR-HML400W - Altris | Eclairages LED","og_description":"Le projecteur LED High Mast Light 400W est un projecteur offrant une efficacit\u00e9 syst\u00e8me de 130 \u00e0 140 lumens par watt pour \u00e9clairer de tr\u00e8s grandes surfaces.","og_url":"https:\/\/altrisacces.fr\/index.php\/produit\/projecteur-led-high-mast-light-400w\/","og_site_name":"Altris","article_modified_time":"2024-02-13T08:08:03+00:00","og_image":[{"width":1920,"height":1237,"url":"https:\/\/altrisacces.fr\/wp-content\/uploads\/2024\/02\/untitled.780.png","type":"image\/png"}],"twitter_card":"summary_large_image","twitter_misc":{"Dur\u00e9e de lecture estim\u00e9e":"2 minutes"},"schema":{"@context":"https:\/\/schema.org","@graph":[{"@type":"WebPage","@id":"https:\/\/altrisacces.fr\/index.php\/produit\/projecteur-led-high-mast-light-400w\/","url":"https:\/\/altrisacces.fr\/index.php\/produit\/projecteur-led-high-mast-light-400w\/","name":"Projecteur LED High Mast Light EPFR-HML400W - Altris | Eclairages LED","isPartOf":{"@id":"https:\/\/altrisacces.fr\/#website"},"primaryImageOfPage":{"@id":"https:\/\/altrisacces.fr\/index.php\/produit\/projecteur-led-high-mast-light-400w\/#primaryimage"},"image":{"@id":"https:\/\/altrisacces.fr\/index.php\/produit\/projecteur-led-high-mast-light-400w\/#primaryimage"},"thumbnailUrl":"https:\/\/altrisacces.fr\/wp-content\/uploads\/2024\/02\/untitled.780.png","datePublished":"2024-02-08T08:26:50+00:00","dateModified":"2024-02-13T08:08:03+00:00","description":"Le projecteur LED High Mast Light 400W est un projecteur offrant une efficacit\u00e9 syst\u00e8me de 130 \u00e0 140 lumens par watt pour \u00e9clairer de tr\u00e8s grandes surfaces.","breadcrumb":{"@id":"https:\/\/altrisacces.fr\/index.php\/produit\/projecteur-led-high-mast-light-400w\/#breadcrumb"},"inLanguage":"fr-FR","potentialAction":[{"@type":"ReadAction","target":["https:\/\/altrisacces.fr\/index.php\/produit\/projecteur-led-high-mast-light-400w\/"]}]},{"@type":"ImageObject","inLanguage":"fr-FR","@id":"https:\/\/altrisacces.fr\/index.php\/produit\/projecteur-led-high-mast-light-400w\/#primaryimage","url":"https:\/\/altrisacces.fr\/wp-content\/uploads\/2024\/02\/untitled.780.png","contentUrl":"https:\/\/altrisacces.fr\/wp-content\/uploads\/2024\/02\/untitled.780.png","width":1920,"height":1237,"caption":"Projecteur LED 400W"},{"@type":"BreadcrumbList","@id":"https:\/\/altrisacces.fr\/index.php\/produit\/projecteur-led-high-mast-light-400w\/#breadcrumb","itemListElement":[{"@type":"ListItem","position":1,"name":"Accueil","item":"https:\/\/altrisacces.fr\/"},{"@type":"ListItem","position":2,"name":"Produits","item":"https:\/\/altrisacces.fr\/index.php\/produits\/"},{"@type":"ListItem","position":3,"name":"Projecteur LED High Mast Light EPFR-HML400W"}]},{"@type":"WebSite","@id":"https:\/\/altrisacces.fr\/#website","url":"https:\/\/altrisacces.fr\/","name":"Altris","description":"\u00e9clairage LED public, ext\u00e9rieur, tertiaire et industriel","publisher":{"@id":"https:\/\/altrisacces.fr\/#organization"},"potentialAction":[{"@type":"SearchAction","target":{"@type":"EntryPoint","urlTemplate":"https:\/\/altrisacces.fr\/?s={search_term_string}"},"query-input":"required name=search_term_string"}],"inLanguage":"fr-FR"},{"@type":"Organization","@id":"https:\/\/altrisacces.fr\/#organization","name":"Altris","url":"https:\/\/altrisacces.fr\/","logo":{"@type":"ImageObject","inLanguage":"fr-FR","@id":"https:\/\/altrisacces.fr\/#\/schema\/logo\/image\/","url":"https:\/\/altrisacces.fr\/wp-content\/uploads\/2023\/10\/logo_Altris.png","contentUrl":"https:\/\/altrisacces.fr\/wp-content\/uploads\/2023\/10\/logo_Altris.png","width":1579,"height":1006,"caption":"Altris"},"image":{"@id":"https:\/\/altrisacces.fr\/#\/schema\/logo\/image\/"}}]}},"_links":{"self":[{"href":"https:\/\/altrisacces.fr\/index.php\/wp-json\/wp\/v2\/product\/747","targetHints":{"allow":["GET"]}}],"collection":[{"href":"https:\/\/altrisacces.fr\/index.php\/wp-json\/wp\/v2\/product"}],"about":[{"href":"https:\/\/altrisacces.fr\/index.php\/wp-json\/wp\/v2\/types\/product"}],"replies":[{"embeddable":true,"href":"https:\/\/altrisacces.fr\/index.php\/wp-json\/wp\/v2\/comments?post=747"}],"wp:featuredmedia":[{"embeddable":true,"href":"https:\/\/altrisacces.fr\/index.php\/wp-json\/wp\/v2\/media\/751"}],"wp:attachment":[{"href":"https:\/\/altrisacces.fr\/index.php\/wp-json\/wp\/v2\/media?parent=747"}],"wp:term":[{"taxonomy":"product_cat","embeddable":true,"href":"https:\/\/altrisacces.fr\/index.php\/wp-json\/wp\/v2\/product_cat?post=747"},{"taxonomy":"product_tag","embeddable":true,"href":"https:\/\/altrisacces.fr\/index.php\/wp-json\/wp\/v2\/product_tag?post=747"}],"curies":[{"name":"wp","href":"https:\/\/api.w.org\/{rel}","templated":true}]}}