{"id":764,"date":"2024-02-08T09:37:51","date_gmt":"2024-02-08T08:37:51","guid":{"rendered":"https:\/\/altrisacces.fr\/?post_type=product&#038;p=764"},"modified":"2024-02-13T09:11:39","modified_gmt":"2024-02-13T08:11:39","slug":"projecteur-led-high-mast-light-300w","status":"publish","type":"product","link":"https:\/\/altrisacces.fr\/index.php\/produit\/projecteur-led-high-mast-light-300w\/","title":{"rendered":"Projecteur LED High Mast Light EPFR-HML300W"},"content":{"rendered":"<p>Le projecteur LED High Mast Light <strong>EPFR-HML300W<\/strong> est un appareil d&rsquo;\u00e9clairage unique issu de notre usine de fabrication avanc\u00e9e avec une efficacit\u00e9 de syst\u00e8me de 130-140 Lumens par Watt. La lumi\u00e8re est aliment\u00e9e par des SMD3030 Lumileds pour fournir un rendement lumineux in\u00e9gal\u00e9 pour l&rsquo;\u00e9clairage de tr\u00e8s grandes surfaces. Soutenu par les marques r\u00e9put\u00e9es Meanwell ou Sosen, le luminaire LED Polaris High Mast Light <strong>E<\/strong>P<strong>FR-HML300W<\/strong> fonctionne sur une tension universelle de 90-305, 347-480v est \u00e9galement disponible. Les luminaires peuvent \u00eatre install\u00e9s rapidement et comprennent un support de montage r\u00e9glable pour une installation pr\u00e9cise et s\u00fbre.Des lentilles de 15\u00b0\/ 30\u00b0\/45\u00b0\/60\u00b0\/90\u00b0 sont fournies pour une large application.<\/p>\n<p>Fireflier fournit une large gamme de puissance de 50W \u00e0 600w pour la s\u00e9rie Polaris LED High Mast Light. En raison des applications de grande puissance, le produit adopte un design de dissipateur thermique brevet\u00e9 pour maintenir la temp\u00e9rature de jonction optimale \u00e0 tout moment afin d&rsquo;augmenter la dur\u00e9e de vie de la LED.<\/p>\n<p>L&rsquo;\u00e9clairage LED Polaris High Mast light <strong>EPFR-HML300W<\/strong>\u00a0est un remplacement parfait pour les applications d&rsquo;\u00e9clairage de tr\u00e8s grandes surfaces, en particulier les a\u00e9roports, les ports, les applications d&rsquo;\u00e9clairage intensif et l&rsquo;\u00e9clairage sportif. L&rsquo;introduction de technologies innovantes et de syst\u00e8mes d&rsquo;\u00e9clairage avanc\u00e9s a entra\u00een\u00e9 un d\u00e9veloppement rapide des hauts m\u00e2ts, qui sont pass\u00e9s de simples poteaux d&rsquo;\u00e9clairage \u00e0 des syst\u00e8mes int\u00e9gr\u00e9s pour l&rsquo;\u00e9clairage de grandes surfaces, d&rsquo;entrep\u00f4ts et d&rsquo;autoroutes. L&rsquo;\u00e9clairage des m\u00e2ts \u00e0 LED Polaris est un produit respectueux de l&rsquo;environnement qui contribue \u00e9galement \u00e0 r\u00e9duire la consommation d&rsquo;\u00e9nergie. La puce LED de haute qualit\u00e9 et le m\u00e9canisme de commande garantissent un fonctionnement durable et une maintenance r\u00e9duite.<\/p>\n<p><strong>Garantie 5 ans avec le conducteur Sosen et 7 ans avec le conducteur Meanwell<\/strong><\/p>\n<h3>Specification-LED High Mast light 300W<\/h3>\n<table width=\"550\">\n<tbody>\n<tr>\n<td width=\"167\">Model<\/td>\n<td width=\"383\"><strong>EPFR-HML300W<\/strong><\/td>\n<\/tr>\n<tr>\n<td width=\"167\">Power<\/td>\n<td width=\"383\">300W<\/td>\n<\/tr>\n<tr>\n<td width=\"167\">Lumen<\/td>\n<td width=\"383\">42000 LM \u00b15%<\/td>\n<\/tr>\n<tr>\n<td width=\"167\">Luminous<br \/>\nEfficiency<\/td>\n<td width=\"383\">130-140LM\/W<\/td>\n<\/tr>\n<tr>\n<td width=\"167\">Beam Angle<\/td>\n<td width=\"383\">15\u00b0\/ 30\u00b0\/45\u00b0\/60\u00b0\/90\u00b0<\/td>\n<\/tr>\n<tr>\n<td width=\"167\">LED<\/td>\n<td width=\"383\">Lumileds 3030<\/td>\n<\/tr>\n<tr>\n<td width=\"167\">Led\u00a0 Qty<\/td>\n<td width=\"383\">504PCS\/6Module<\/td>\n<\/tr>\n<tr>\n<td width=\"167\">Input Voltage<\/td>\n<td width=\"383\">90-305VAC\/ (AC180-528V optional)<\/td>\n<\/tr>\n<tr>\n<td width=\"167\">Power Factor<\/td>\n<td width=\"383\">&gt;0.95<\/td>\n<\/tr>\n<tr>\n<td width=\"167\">Material<\/td>\n<td width=\"383\">AL+PC lens<\/td>\n<\/tr>\n<tr>\n<td width=\"167\">CCT<\/td>\n<td width=\"383\">2700-6500K<\/td>\n<\/tr>\n<tr>\n<td width=\"167\">Environment\u00a0 Temperature<\/td>\n<td width=\"383\">-20\u00b0~50\u00b0<\/td>\n<\/tr>\n<tr>\n<td width=\"167\">IP Rating<\/td>\n<td width=\"383\">IP66<\/td>\n<\/tr>\n<tr>\n<td width=\"167\">Working Life<\/td>\n<td width=\"383\">50000hrs<\/td>\n<\/tr>\n<tr>\n<td width=\"167\">Certificates<\/td>\n<td width=\"383\">CE ROHS<\/td>\n<\/tr>\n<tr>\n<td width=\"167\">Warranty<\/td>\n<td width=\"383\">5 years with Sosen driver and 7 years with Meanwell Driver<\/td>\n<\/tr>\n<\/tbody>\n<\/table>\n<p><em>Retrouvez notre gamme compl\u00e8te de projecteurs <a href=\"https:\/\/altrisacces.fr\/index.php\/categorie-produit\/projecteurs\/\">ici<\/a><\/em><\/p>\n","protected":false},"excerpt":{"rendered":"<p>Le projecteur LED High Mast Light EPFR-HML300W est un appareil d&rsquo;\u00e9clairage unique issu de notre usine de fabrication avanc\u00e9e avec une efficacit\u00e9 de 130-140 Lumens par Watt. La lumi\u00e8re est aliment\u00e9e par des Lumileds SMD3030 pour fournir un rendement lumineux in\u00e9gal\u00e9 pour l&rsquo;\u00e9clairage de tr\u00e8s grandes surfaces.<\/p>\n","protected":false},"featured_media":766,"comment_status":"open","ping_status":"closed","template":"","meta":{"_acf_changed":false},"product_cat":[38],"product_tag":[],"class_list":{"0":"post-764","1":"product","2":"type-product","3":"status-publish","4":"has-post-thumbnail","6":"product_cat-projecteurs","8":"first","9":"instock","10":"shipping-taxable","11":"product-type-simple"},"acf":[],"yoast_head":"<!-- This site is optimized with the Yoast SEO plugin v22.9 - https:\/\/yoast.com\/wordpress\/plugins\/seo\/ -->\n<title>Projecteur LED High Mast Light EPFR-HML300W - Altris | Eclairages LED<\/title>\n<meta name=\"description\" content=\"Le projecteur LED High Mast Light EPFR-HML300W est un appareil d&#039;\u00e9clairage avec un rendement lumineux in\u00e9gal\u00e9 pour l&#039;\u00e9clairage de tr\u00e8s grandes surfaces.\" \/>\n<meta name=\"robots\" content=\"index, follow, max-snippet:-1, max-image-preview:large, max-video-preview:-1\" \/>\n<link rel=\"canonical\" href=\"https:\/\/altrisacces.fr\/index.php\/produit\/projecteur-led-high-mast-light-300w\/\" \/>\n<meta property=\"og:locale\" content=\"fr_FR\" \/>\n<meta property=\"og:type\" content=\"article\" \/>\n<meta property=\"og:title\" content=\"Projecteur LED High Mast Light EPFR-HML300W - Altris | Eclairages LED\" \/>\n<meta property=\"og:description\" content=\"Le projecteur LED High Mast Light EPFR-HML300W est un appareil d&#039;\u00e9clairage avec un rendement lumineux in\u00e9gal\u00e9 pour l&#039;\u00e9clairage de tr\u00e8s grandes surfaces.\" \/>\n<meta property=\"og:url\" content=\"https:\/\/altrisacces.fr\/index.php\/produit\/projecteur-led-high-mast-light-300w\/\" \/>\n<meta property=\"og:site_name\" content=\"Altris\" \/>\n<meta property=\"article:modified_time\" content=\"2024-02-13T08:11:39+00:00\" \/>\n<meta property=\"og:image\" content=\"https:\/\/altrisacces.fr\/wp-content\/uploads\/2024\/02\/300W.807.png\" \/>\n\t<meta property=\"og:image:width\" content=\"1920\" \/>\n\t<meta property=\"og:image:height\" content=\"1238\" \/>\n\t<meta property=\"og:image:type\" content=\"image\/png\" \/>\n<meta name=\"twitter:card\" content=\"summary_large_image\" \/>\n<meta name=\"twitter:label1\" content=\"Dur\u00e9e de lecture estim\u00e9e\" \/>\n\t<meta name=\"twitter:data1\" content=\"3 minutes\" \/>\n<script type=\"application\/ld+json\" class=\"yoast-schema-graph\">{\"@context\":\"https:\/\/schema.org\",\"@graph\":[{\"@type\":\"WebPage\",\"@id\":\"https:\/\/altrisacces.fr\/index.php\/produit\/projecteur-led-high-mast-light-300w\/\",\"url\":\"https:\/\/altrisacces.fr\/index.php\/produit\/projecteur-led-high-mast-light-300w\/\",\"name\":\"Projecteur LED High Mast Light EPFR-HML300W - Altris | Eclairages LED\",\"isPartOf\":{\"@id\":\"https:\/\/altrisacces.fr\/#website\"},\"primaryImageOfPage\":{\"@id\":\"https:\/\/altrisacces.fr\/index.php\/produit\/projecteur-led-high-mast-light-300w\/#primaryimage\"},\"image\":{\"@id\":\"https:\/\/altrisacces.fr\/index.php\/produit\/projecteur-led-high-mast-light-300w\/#primaryimage\"},\"thumbnailUrl\":\"https:\/\/altrisacces.fr\/wp-content\/uploads\/2024\/02\/300W.807.png\",\"datePublished\":\"2024-02-08T08:37:51+00:00\",\"dateModified\":\"2024-02-13T08:11:39+00:00\",\"description\":\"Le projecteur LED High Mast Light EPFR-HML300W est un appareil d'\u00e9clairage avec un rendement lumineux in\u00e9gal\u00e9 pour l'\u00e9clairage de tr\u00e8s grandes surfaces.\",\"breadcrumb\":{\"@id\":\"https:\/\/altrisacces.fr\/index.php\/produit\/projecteur-led-high-mast-light-300w\/#breadcrumb\"},\"inLanguage\":\"fr-FR\",\"potentialAction\":[{\"@type\":\"ReadAction\",\"target\":[\"https:\/\/altrisacces.fr\/index.php\/produit\/projecteur-led-high-mast-light-300w\/\"]}]},{\"@type\":\"ImageObject\",\"inLanguage\":\"fr-FR\",\"@id\":\"https:\/\/altrisacces.fr\/index.php\/produit\/projecteur-led-high-mast-light-300w\/#primaryimage\",\"url\":\"https:\/\/altrisacces.fr\/wp-content\/uploads\/2024\/02\/300W.807.png\",\"contentUrl\":\"https:\/\/altrisacces.fr\/wp-content\/uploads\/2024\/02\/300W.807.png\",\"width\":1920,\"height\":1238,\"caption\":\"Projecteur LED\"},{\"@type\":\"BreadcrumbList\",\"@id\":\"https:\/\/altrisacces.fr\/index.php\/produit\/projecteur-led-high-mast-light-300w\/#breadcrumb\",\"itemListElement\":[{\"@type\":\"ListItem\",\"position\":1,\"name\":\"Accueil\",\"item\":\"https:\/\/altrisacces.fr\/\"},{\"@type\":\"ListItem\",\"position\":2,\"name\":\"Produits\",\"item\":\"https:\/\/altrisacces.fr\/index.php\/produits\/\"},{\"@type\":\"ListItem\",\"position\":3,\"name\":\"Projecteur LED High Mast Light EPFR-HML300W\"}]},{\"@type\":\"WebSite\",\"@id\":\"https:\/\/altrisacces.fr\/#website\",\"url\":\"https:\/\/altrisacces.fr\/\",\"name\":\"Altris\",\"description\":\"\u00e9clairage LED public, ext\u00e9rieur, tertiaire et industriel\",\"publisher\":{\"@id\":\"https:\/\/altrisacces.fr\/#organization\"},\"potentialAction\":[{\"@type\":\"SearchAction\",\"target\":{\"@type\":\"EntryPoint\",\"urlTemplate\":\"https:\/\/altrisacces.fr\/?s={search_term_string}\"},\"query-input\":\"required name=search_term_string\"}],\"inLanguage\":\"fr-FR\"},{\"@type\":\"Organization\",\"@id\":\"https:\/\/altrisacces.fr\/#organization\",\"name\":\"Altris\",\"url\":\"https:\/\/altrisacces.fr\/\",\"logo\":{\"@type\":\"ImageObject\",\"inLanguage\":\"fr-FR\",\"@id\":\"https:\/\/altrisacces.fr\/#\/schema\/logo\/image\/\",\"url\":\"https:\/\/altrisacces.fr\/wp-content\/uploads\/2023\/10\/logo_Altris.png\",\"contentUrl\":\"https:\/\/altrisacces.fr\/wp-content\/uploads\/2023\/10\/logo_Altris.png\",\"width\":1579,\"height\":1006,\"caption\":\"Altris\"},\"image\":{\"@id\":\"https:\/\/altrisacces.fr\/#\/schema\/logo\/image\/\"}}]}<\/script>\n<!-- \/ Yoast SEO plugin. -->","yoast_head_json":{"title":"Projecteur LED High Mast Light EPFR-HML300W - Altris | Eclairages LED","description":"Le projecteur LED High Mast Light EPFR-HML300W est un appareil d'\u00e9clairage avec un rendement lumineux in\u00e9gal\u00e9 pour l'\u00e9clairage de tr\u00e8s grandes surfaces.","robots":{"index":"index","follow":"follow","max-snippet":"max-snippet:-1","max-image-preview":"max-image-preview:large","max-video-preview":"max-video-preview:-1"},"canonical":"https:\/\/altrisacces.fr\/index.php\/produit\/projecteur-led-high-mast-light-300w\/","og_locale":"fr_FR","og_type":"article","og_title":"Projecteur LED High Mast Light EPFR-HML300W - Altris | Eclairages LED","og_description":"Le projecteur LED High Mast Light EPFR-HML300W est un appareil d'\u00e9clairage avec un rendement lumineux in\u00e9gal\u00e9 pour l'\u00e9clairage de tr\u00e8s grandes surfaces.","og_url":"https:\/\/altrisacces.fr\/index.php\/produit\/projecteur-led-high-mast-light-300w\/","og_site_name":"Altris","article_modified_time":"2024-02-13T08:11:39+00:00","og_image":[{"width":1920,"height":1238,"url":"https:\/\/altrisacces.fr\/wp-content\/uploads\/2024\/02\/300W.807.png","type":"image\/png"}],"twitter_card":"summary_large_image","twitter_misc":{"Dur\u00e9e de lecture estim\u00e9e":"3 minutes"},"schema":{"@context":"https:\/\/schema.org","@graph":[{"@type":"WebPage","@id":"https:\/\/altrisacces.fr\/index.php\/produit\/projecteur-led-high-mast-light-300w\/","url":"https:\/\/altrisacces.fr\/index.php\/produit\/projecteur-led-high-mast-light-300w\/","name":"Projecteur LED High Mast Light EPFR-HML300W - Altris | Eclairages LED","isPartOf":{"@id":"https:\/\/altrisacces.fr\/#website"},"primaryImageOfPage":{"@id":"https:\/\/altrisacces.fr\/index.php\/produit\/projecteur-led-high-mast-light-300w\/#primaryimage"},"image":{"@id":"https:\/\/altrisacces.fr\/index.php\/produit\/projecteur-led-high-mast-light-300w\/#primaryimage"},"thumbnailUrl":"https:\/\/altrisacces.fr\/wp-content\/uploads\/2024\/02\/300W.807.png","datePublished":"2024-02-08T08:37:51+00:00","dateModified":"2024-02-13T08:11:39+00:00","description":"Le projecteur LED High Mast Light EPFR-HML300W est un appareil d'\u00e9clairage avec un rendement lumineux in\u00e9gal\u00e9 pour l'\u00e9clairage de tr\u00e8s grandes surfaces.","breadcrumb":{"@id":"https:\/\/altrisacces.fr\/index.php\/produit\/projecteur-led-high-mast-light-300w\/#breadcrumb"},"inLanguage":"fr-FR","potentialAction":[{"@type":"ReadAction","target":["https:\/\/altrisacces.fr\/index.php\/produit\/projecteur-led-high-mast-light-300w\/"]}]},{"@type":"ImageObject","inLanguage":"fr-FR","@id":"https:\/\/altrisacces.fr\/index.php\/produit\/projecteur-led-high-mast-light-300w\/#primaryimage","url":"https:\/\/altrisacces.fr\/wp-content\/uploads\/2024\/02\/300W.807.png","contentUrl":"https:\/\/altrisacces.fr\/wp-content\/uploads\/2024\/02\/300W.807.png","width":1920,"height":1238,"caption":"Projecteur LED"},{"@type":"BreadcrumbList","@id":"https:\/\/altrisacces.fr\/index.php\/produit\/projecteur-led-high-mast-light-300w\/#breadcrumb","itemListElement":[{"@type":"ListItem","position":1,"name":"Accueil","item":"https:\/\/altrisacces.fr\/"},{"@type":"ListItem","position":2,"name":"Produits","item":"https:\/\/altrisacces.fr\/index.php\/produits\/"},{"@type":"ListItem","position":3,"name":"Projecteur LED High Mast Light EPFR-HML300W"}]},{"@type":"WebSite","@id":"https:\/\/altrisacces.fr\/#website","url":"https:\/\/altrisacces.fr\/","name":"Altris","description":"\u00e9clairage LED public, ext\u00e9rieur, tertiaire et industriel","publisher":{"@id":"https:\/\/altrisacces.fr\/#organization"},"potentialAction":[{"@type":"SearchAction","target":{"@type":"EntryPoint","urlTemplate":"https:\/\/altrisacces.fr\/?s={search_term_string}"},"query-input":"required name=search_term_string"}],"inLanguage":"fr-FR"},{"@type":"Organization","@id":"https:\/\/altrisacces.fr\/#organization","name":"Altris","url":"https:\/\/altrisacces.fr\/","logo":{"@type":"ImageObject","inLanguage":"fr-FR","@id":"https:\/\/altrisacces.fr\/#\/schema\/logo\/image\/","url":"https:\/\/altrisacces.fr\/wp-content\/uploads\/2023\/10\/logo_Altris.png","contentUrl":"https:\/\/altrisacces.fr\/wp-content\/uploads\/2023\/10\/logo_Altris.png","width":1579,"height":1006,"caption":"Altris"},"image":{"@id":"https:\/\/altrisacces.fr\/#\/schema\/logo\/image\/"}}]}},"_links":{"self":[{"href":"https:\/\/altrisacces.fr\/index.php\/wp-json\/wp\/v2\/product\/764","targetHints":{"allow":["GET"]}}],"collection":[{"href":"https:\/\/altrisacces.fr\/index.php\/wp-json\/wp\/v2\/product"}],"about":[{"href":"https:\/\/altrisacces.fr\/index.php\/wp-json\/wp\/v2\/types\/product"}],"replies":[{"embeddable":true,"href":"https:\/\/altrisacces.fr\/index.php\/wp-json\/wp\/v2\/comments?post=764"}],"wp:featuredmedia":[{"embeddable":true,"href":"https:\/\/altrisacces.fr\/index.php\/wp-json\/wp\/v2\/media\/766"}],"wp:attachment":[{"href":"https:\/\/altrisacces.fr\/index.php\/wp-json\/wp\/v2\/media?parent=764"}],"wp:term":[{"taxonomy":"product_cat","embeddable":true,"href":"https:\/\/altrisacces.fr\/index.php\/wp-json\/wp\/v2\/product_cat?post=764"},{"taxonomy":"product_tag","embeddable":true,"href":"https:\/\/altrisacces.fr\/index.php\/wp-json\/wp\/v2\/product_tag?post=764"}],"curies":[{"name":"wp","href":"https:\/\/api.w.org\/{rel}","templated":true}]}}