{"id":811,"date":"2024-02-08T09:55:06","date_gmt":"2024-02-08T08:55:06","guid":{"rendered":"https:\/\/altrisacces.fr\/?post_type=product&#038;p=811"},"modified":"2024-07-01T17:02:42","modified_gmt":"2024-07-01T15:02:42","slug":"projecteur-led-stadium-light-200w","status":"publish","type":"product","link":"https:\/\/altrisacces.fr\/index.php\/produit\/projecteur-led-stadium-light-200w\/","title":{"rendered":"Projecteur LED Stadium Light EPFR-STM200W"},"content":{"rendered":"<p>Le projecteur LED Stadium Light EPFR-STM200W est parfait pour l&rsquo;\u00e9clairage des parkings, l&rsquo;\u00e9clairage en hauteur, l&rsquo;\u00e9clairage des rues, les concessions automobiles, les stades, l&rsquo;\u00e9clairage des gymnases, l&rsquo;\u00e9clairage des tunnels, les terrains de sport ext\u00e9rieurs, les campus et les parcs, cet \u00e9clairage de stade \u00e0 LED Apollo <strong>EPFR-STM200<\/strong>W brille de mille feux lorsque la fiabilit\u00e9 et la performance sont essentielles.<\/p>\n<p>Dissipateur thermique forg\u00e9 \u00e0 froid, fabriqu\u00e9 en aluminium pur AL1070, qui pr\u00e9sente les meilleures performances de conduction thermique et une conductivit\u00e9 thermique 2,4 fois sup\u00e9rieure \u00e0 celle de l&rsquo;aluminium g\u00e9n\u00e9ral coul\u00e9 sous pression. Le respirateur \u00e0 air est dot\u00e9 d&rsquo;une r\u00e9sistance \u00e0 l&rsquo;eau sup\u00e9rieure. En m\u00eame temps, il permet aux mol\u00e9cules de gaz de passer facilement \u00e0 travers les micropores du film, puis d&rsquo;atteindre une performance respiratoire afin de maintenir l&rsquo;\u00e9quilibre entre la pression et l&rsquo;humidit\u00e9.<\/p>\n<p>En utilisant un groupe de Lumileds 3030, l&rsquo;efficacit\u00e9 lumineuse de l&rsquo;\u00e9clairage de stade LED <strong>EPFR-STM200W<\/strong> atteint 140lm\/w, ce qui fait que l&rsquo;ensemble de l&rsquo;\u00e9clairage a une puissance de 27000lm. C&rsquo;est beaucoup plus que la plupart des projecteurs \u00e0 LED du march\u00e9, sans parler des projecteurs traditionnels. Les lentilles 10\u00b0\/ 25\u00b0\/45\u00b0\/60\u00b0\/90\u00b0 sont fournies pour une large application. Le pilote Meanwell HLG de haute qualit\u00e9 est adopt\u00e9 pour assurer une longue dur\u00e9e de vie avec une garantie de 7 ans.<\/p>\n<p>Avec un excellent indice IP de 66, cet \u00e9clairage de stade LED <strong>EPFR-STM200W<\/strong> est durable et prot\u00e8ge contre les conditions m\u00e9t\u00e9orologiques difficiles sans causer d&rsquo;effets nocifs sur l&rsquo;ampoule. Il est id\u00e9al pour l&rsquo;\u00e9clairage des terrains de sport, tels que les courts de tennis, les terrains de basket-ball ou les terrains de football.<\/p>\n<p><strong>Garantie 5 ans avec le driver Sosen et 7 ans avec le driver Meanwell<\/strong><\/p>\n<p>&nbsp;<\/p>\n<h3>Specification-LED Stadium light 200W<\/h3>\n<table width=\"550\">\n<tbody>\n<tr>\n<td width=\"167\">Model<\/td>\n<td width=\"383\"><strong>EPFR-STM200W<\/strong><\/td>\n<\/tr>\n<tr>\n<td width=\"167\">Power<\/td>\n<td width=\"383\">200W<\/td>\n<\/tr>\n<tr>\n<td width=\"167\">Lumen<\/td>\n<td width=\"383\">27000 LM \u00b15%<\/td>\n<\/tr>\n<tr>\n<td width=\"167\">Luminous<br \/>\nEfficiency<\/td>\n<td width=\"383\">130-140LM\/W<\/td>\n<\/tr>\n<tr>\n<td width=\"167\">Beam Angle<\/td>\n<td width=\"383\">10\u00b0\/ 25\u00b0\/45\u00b0\/60\u00b0\/90\u00b0<\/td>\n<\/tr>\n<tr>\n<td width=\"167\">LED<\/td>\n<td width=\"383\">Philips 3030<\/td>\n<\/tr>\n<tr>\n<td width=\"167\">Led\u00a0 Qty<\/td>\n<td width=\"383\">238PCS\/1Module<\/td>\n<\/tr>\n<tr>\n<td width=\"167\">Input Voltage<\/td>\n<td width=\"383\">90-305VAC\/ (AC180-528V optional)<\/td>\n<\/tr>\n<tr>\n<td width=\"167\">Power Factor<\/td>\n<td width=\"383\">&gt;0.95<\/td>\n<\/tr>\n<tr>\n<td width=\"167\">Material<\/td>\n<td width=\"383\">AL+PC lens<\/td>\n<\/tr>\n<tr>\n<td width=\"167\">CCT<\/td>\n<td width=\"383\">2700-6500K<\/td>\n<\/tr>\n<tr>\n<td width=\"167\">Environment\u00a0 Temperature<\/td>\n<td width=\"383\">-20\u00b0~50\u00b0<\/td>\n<\/tr>\n<tr>\n<td width=\"167\">IP Rating<\/td>\n<td width=\"383\">IP66<\/td>\n<\/tr>\n<tr>\n<td width=\"167\">Working Life<\/td>\n<td width=\"383\">50000hrs<\/td>\n<\/tr>\n<tr>\n<td width=\"167\">Certificates<\/td>\n<td width=\"383\">CE ROHS<\/td>\n<\/tr>\n<tr>\n<td width=\"167\">Warranty<\/td>\n<td width=\"383\">5 years with Sosen driver and 7 years with Meanwell Driver<\/td>\n<\/tr>\n<\/tbody>\n<\/table>\n<p><em>Retrouvez notre gamme compl\u00e8te de projecteurs <a href=\"https:\/\/altrisacces.fr\/index.php\/categorie-produit\/projecteurs\/\">ici<\/a><\/em><\/p>\n","protected":false},"excerpt":{"rendered":"<p>En utilisant un groupe de Lumileds 3030, l&rsquo;efficacit\u00e9 lumineuse de l&rsquo;\u00e9clairage de stade LED EPFR-STM200W atteint 140lm\/w, ce qui fait que l&rsquo;ensemble de l&rsquo;\u00e9clairage est de 27000lm.<\/p>\n","protected":false},"featured_media":812,"comment_status":"open","ping_status":"closed","template":"","meta":{"_acf_changed":false},"product_cat":[27,38],"product_tag":[],"class_list":{"0":"post-811","1":"product","2":"type-product","3":"status-publish","4":"has-post-thumbnail","6":"product_cat-eclairagesportif","7":"product_cat-projecteurs","9":"first","10":"instock","11":"shipping-taxable","12":"product-type-simple"},"acf":[],"yoast_head":"<!-- This site is optimized with the Yoast SEO plugin v22.9 - https:\/\/yoast.com\/wordpress\/plugins\/seo\/ -->\n<title>Projecteur LED Stadium Light EPFR-STM200W - Altris | Eclairages LED<\/title>\n<meta name=\"description\" content=\"Le projecteur LED Stadium Light EPFR-STM200W est parfait pour l&#039;\u00e9clairage des parkings, des rues, des stades, des gymnases, des tunnels, etc.\" \/>\n<meta name=\"robots\" content=\"index, follow, max-snippet:-1, max-image-preview:large, max-video-preview:-1\" \/>\n<link rel=\"canonical\" href=\"https:\/\/altrisacces.fr\/index.php\/produit\/projecteur-led-stadium-light-200w\/\" \/>\n<meta property=\"og:locale\" content=\"fr_FR\" \/>\n<meta property=\"og:type\" content=\"article\" \/>\n<meta property=\"og:title\" content=\"Projecteur LED Stadium Light EPFR-STM200W - Altris | Eclairages LED\" \/>\n<meta property=\"og:description\" content=\"Le projecteur LED Stadium Light EPFR-STM200W est parfait pour l&#039;\u00e9clairage des parkings, des rues, des stades, des gymnases, des tunnels, etc.\" \/>\n<meta property=\"og:url\" content=\"https:\/\/altrisacces.fr\/index.php\/produit\/projecteur-led-stadium-light-200w\/\" \/>\n<meta property=\"og:site_name\" content=\"Altris\" \/>\n<meta property=\"article:modified_time\" content=\"2024-07-01T15:02:42+00:00\" \/>\n<meta property=\"og:image\" content=\"https:\/\/altrisacces.fr\/wp-content\/uploads\/2024\/02\/stadium-light-180W-00.png\" \/>\n\t<meta property=\"og:image:width\" content=\"1942\" \/>\n\t<meta property=\"og:image:height\" content=\"1374\" \/>\n\t<meta property=\"og:image:type\" content=\"image\/png\" \/>\n<meta name=\"twitter:card\" content=\"summary_large_image\" \/>\n<meta name=\"twitter:label1\" content=\"Dur\u00e9e de lecture estim\u00e9e\" \/>\n\t<meta name=\"twitter:data1\" content=\"2 minutes\" \/>\n<script type=\"application\/ld+json\" class=\"yoast-schema-graph\">{\"@context\":\"https:\/\/schema.org\",\"@graph\":[{\"@type\":\"WebPage\",\"@id\":\"https:\/\/altrisacces.fr\/index.php\/produit\/projecteur-led-stadium-light-200w\/\",\"url\":\"https:\/\/altrisacces.fr\/index.php\/produit\/projecteur-led-stadium-light-200w\/\",\"name\":\"Projecteur LED Stadium Light EPFR-STM200W - Altris | Eclairages LED\",\"isPartOf\":{\"@id\":\"https:\/\/altrisacces.fr\/#website\"},\"primaryImageOfPage\":{\"@id\":\"https:\/\/altrisacces.fr\/index.php\/produit\/projecteur-led-stadium-light-200w\/#primaryimage\"},\"image\":{\"@id\":\"https:\/\/altrisacces.fr\/index.php\/produit\/projecteur-led-stadium-light-200w\/#primaryimage\"},\"thumbnailUrl\":\"https:\/\/altrisacces.fr\/wp-content\/uploads\/2024\/02\/stadium-light-180W-00.png\",\"datePublished\":\"2024-02-08T08:55:06+00:00\",\"dateModified\":\"2024-07-01T15:02:42+00:00\",\"description\":\"Le projecteur LED Stadium Light EPFR-STM200W est parfait pour l'\u00e9clairage des parkings, des rues, des stades, des gymnases, des tunnels, etc.\",\"breadcrumb\":{\"@id\":\"https:\/\/altrisacces.fr\/index.php\/produit\/projecteur-led-stadium-light-200w\/#breadcrumb\"},\"inLanguage\":\"fr-FR\",\"potentialAction\":[{\"@type\":\"ReadAction\",\"target\":[\"https:\/\/altrisacces.fr\/index.php\/produit\/projecteur-led-stadium-light-200w\/\"]}]},{\"@type\":\"ImageObject\",\"inLanguage\":\"fr-FR\",\"@id\":\"https:\/\/altrisacces.fr\/index.php\/produit\/projecteur-led-stadium-light-200w\/#primaryimage\",\"url\":\"https:\/\/altrisacces.fr\/wp-content\/uploads\/2024\/02\/stadium-light-180W-00.png\",\"contentUrl\":\"https:\/\/altrisacces.fr\/wp-content\/uploads\/2024\/02\/stadium-light-180W-00.png\",\"width\":1942,\"height\":1374,\"caption\":\"Projecteur LED 200W\"},{\"@type\":\"BreadcrumbList\",\"@id\":\"https:\/\/altrisacces.fr\/index.php\/produit\/projecteur-led-stadium-light-200w\/#breadcrumb\",\"itemListElement\":[{\"@type\":\"ListItem\",\"position\":1,\"name\":\"Accueil\",\"item\":\"https:\/\/altrisacces.fr\/\"},{\"@type\":\"ListItem\",\"position\":2,\"name\":\"Produits\",\"item\":\"https:\/\/altrisacces.fr\/index.php\/produits\/\"},{\"@type\":\"ListItem\",\"position\":3,\"name\":\"Projecteur LED Stadium Light EPFR-STM200W\"}]},{\"@type\":\"WebSite\",\"@id\":\"https:\/\/altrisacces.fr\/#website\",\"url\":\"https:\/\/altrisacces.fr\/\",\"name\":\"Altris\",\"description\":\"\u00e9clairage LED public, ext\u00e9rieur, tertiaire et industriel\",\"publisher\":{\"@id\":\"https:\/\/altrisacces.fr\/#organization\"},\"potentialAction\":[{\"@type\":\"SearchAction\",\"target\":{\"@type\":\"EntryPoint\",\"urlTemplate\":\"https:\/\/altrisacces.fr\/?s={search_term_string}\"},\"query-input\":\"required name=search_term_string\"}],\"inLanguage\":\"fr-FR\"},{\"@type\":\"Organization\",\"@id\":\"https:\/\/altrisacces.fr\/#organization\",\"name\":\"Altris\",\"url\":\"https:\/\/altrisacces.fr\/\",\"logo\":{\"@type\":\"ImageObject\",\"inLanguage\":\"fr-FR\",\"@id\":\"https:\/\/altrisacces.fr\/#\/schema\/logo\/image\/\",\"url\":\"https:\/\/altrisacces.fr\/wp-content\/uploads\/2023\/10\/logo_Altris.png\",\"contentUrl\":\"https:\/\/altrisacces.fr\/wp-content\/uploads\/2023\/10\/logo_Altris.png\",\"width\":1579,\"height\":1006,\"caption\":\"Altris\"},\"image\":{\"@id\":\"https:\/\/altrisacces.fr\/#\/schema\/logo\/image\/\"}}]}<\/script>\n<!-- \/ Yoast SEO plugin. -->","yoast_head_json":{"title":"Projecteur LED Stadium Light EPFR-STM200W - Altris | Eclairages LED","description":"Le projecteur LED Stadium Light EPFR-STM200W est parfait pour l'\u00e9clairage des parkings, des rues, des stades, des gymnases, des tunnels, etc.","robots":{"index":"index","follow":"follow","max-snippet":"max-snippet:-1","max-image-preview":"max-image-preview:large","max-video-preview":"max-video-preview:-1"},"canonical":"https:\/\/altrisacces.fr\/index.php\/produit\/projecteur-led-stadium-light-200w\/","og_locale":"fr_FR","og_type":"article","og_title":"Projecteur LED Stadium Light EPFR-STM200W - Altris | Eclairages LED","og_description":"Le projecteur LED Stadium Light EPFR-STM200W est parfait pour l'\u00e9clairage des parkings, des rues, des stades, des gymnases, des tunnels, etc.","og_url":"https:\/\/altrisacces.fr\/index.php\/produit\/projecteur-led-stadium-light-200w\/","og_site_name":"Altris","article_modified_time":"2024-07-01T15:02:42+00:00","og_image":[{"width":1942,"height":1374,"url":"https:\/\/altrisacces.fr\/wp-content\/uploads\/2024\/02\/stadium-light-180W-00.png","type":"image\/png"}],"twitter_card":"summary_large_image","twitter_misc":{"Dur\u00e9e de lecture estim\u00e9e":"2 minutes"},"schema":{"@context":"https:\/\/schema.org","@graph":[{"@type":"WebPage","@id":"https:\/\/altrisacces.fr\/index.php\/produit\/projecteur-led-stadium-light-200w\/","url":"https:\/\/altrisacces.fr\/index.php\/produit\/projecteur-led-stadium-light-200w\/","name":"Projecteur LED Stadium Light EPFR-STM200W - Altris | Eclairages LED","isPartOf":{"@id":"https:\/\/altrisacces.fr\/#website"},"primaryImageOfPage":{"@id":"https:\/\/altrisacces.fr\/index.php\/produit\/projecteur-led-stadium-light-200w\/#primaryimage"},"image":{"@id":"https:\/\/altrisacces.fr\/index.php\/produit\/projecteur-led-stadium-light-200w\/#primaryimage"},"thumbnailUrl":"https:\/\/altrisacces.fr\/wp-content\/uploads\/2024\/02\/stadium-light-180W-00.png","datePublished":"2024-02-08T08:55:06+00:00","dateModified":"2024-07-01T15:02:42+00:00","description":"Le projecteur LED Stadium Light EPFR-STM200W est parfait pour l'\u00e9clairage des parkings, des rues, des stades, des gymnases, des tunnels, etc.","breadcrumb":{"@id":"https:\/\/altrisacces.fr\/index.php\/produit\/projecteur-led-stadium-light-200w\/#breadcrumb"},"inLanguage":"fr-FR","potentialAction":[{"@type":"ReadAction","target":["https:\/\/altrisacces.fr\/index.php\/produit\/projecteur-led-stadium-light-200w\/"]}]},{"@type":"ImageObject","inLanguage":"fr-FR","@id":"https:\/\/altrisacces.fr\/index.php\/produit\/projecteur-led-stadium-light-200w\/#primaryimage","url":"https:\/\/altrisacces.fr\/wp-content\/uploads\/2024\/02\/stadium-light-180W-00.png","contentUrl":"https:\/\/altrisacces.fr\/wp-content\/uploads\/2024\/02\/stadium-light-180W-00.png","width":1942,"height":1374,"caption":"Projecteur LED 200W"},{"@type":"BreadcrumbList","@id":"https:\/\/altrisacces.fr\/index.php\/produit\/projecteur-led-stadium-light-200w\/#breadcrumb","itemListElement":[{"@type":"ListItem","position":1,"name":"Accueil","item":"https:\/\/altrisacces.fr\/"},{"@type":"ListItem","position":2,"name":"Produits","item":"https:\/\/altrisacces.fr\/index.php\/produits\/"},{"@type":"ListItem","position":3,"name":"Projecteur LED Stadium Light EPFR-STM200W"}]},{"@type":"WebSite","@id":"https:\/\/altrisacces.fr\/#website","url":"https:\/\/altrisacces.fr\/","name":"Altris","description":"\u00e9clairage LED public, ext\u00e9rieur, tertiaire et industriel","publisher":{"@id":"https:\/\/altrisacces.fr\/#organization"},"potentialAction":[{"@type":"SearchAction","target":{"@type":"EntryPoint","urlTemplate":"https:\/\/altrisacces.fr\/?s={search_term_string}"},"query-input":"required name=search_term_string"}],"inLanguage":"fr-FR"},{"@type":"Organization","@id":"https:\/\/altrisacces.fr\/#organization","name":"Altris","url":"https:\/\/altrisacces.fr\/","logo":{"@type":"ImageObject","inLanguage":"fr-FR","@id":"https:\/\/altrisacces.fr\/#\/schema\/logo\/image\/","url":"https:\/\/altrisacces.fr\/wp-content\/uploads\/2023\/10\/logo_Altris.png","contentUrl":"https:\/\/altrisacces.fr\/wp-content\/uploads\/2023\/10\/logo_Altris.png","width":1579,"height":1006,"caption":"Altris"},"image":{"@id":"https:\/\/altrisacces.fr\/#\/schema\/logo\/image\/"}}]}},"_links":{"self":[{"href":"https:\/\/altrisacces.fr\/index.php\/wp-json\/wp\/v2\/product\/811","targetHints":{"allow":["GET"]}}],"collection":[{"href":"https:\/\/altrisacces.fr\/index.php\/wp-json\/wp\/v2\/product"}],"about":[{"href":"https:\/\/altrisacces.fr\/index.php\/wp-json\/wp\/v2\/types\/product"}],"replies":[{"embeddable":true,"href":"https:\/\/altrisacces.fr\/index.php\/wp-json\/wp\/v2\/comments?post=811"}],"wp:featuredmedia":[{"embeddable":true,"href":"https:\/\/altrisacces.fr\/index.php\/wp-json\/wp\/v2\/media\/812"}],"wp:attachment":[{"href":"https:\/\/altrisacces.fr\/index.php\/wp-json\/wp\/v2\/media?parent=811"}],"wp:term":[{"taxonomy":"product_cat","embeddable":true,"href":"https:\/\/altrisacces.fr\/index.php\/wp-json\/wp\/v2\/product_cat?post=811"},{"taxonomy":"product_tag","embeddable":true,"href":"https:\/\/altrisacces.fr\/index.php\/wp-json\/wp\/v2\/product_tag?post=811"}],"curies":[{"name":"wp","href":"https:\/\/api.w.org\/{rel}","templated":true}]}}