{"id":854,"date":"2024-02-13T08:33:52","date_gmt":"2024-02-13T07:33:52","guid":{"rendered":"https:\/\/altrisacces.fr\/?post_type=product&#038;p=854"},"modified":"2024-06-26T12:10:05","modified_gmt":"2024-06-26T10:10:05","slug":"ep-2000c","status":"publish","type":"product","link":"https:\/\/altrisacces.fr\/index.php\/produit\/ep-2000c\/","title":{"rendered":"borne de balisage ext\u00e9rieur EP-2000C"},"content":{"rendered":"<p>Cette\u00a0<strong>borne ext\u00e9rieure<\/strong> fonctionne \u00e0 l&rsquo;aide d&rsquo;une LED int\u00e9gr\u00e9e. Cette LED a une puissance maximum de 6&#215;1 Watts avec un culot COB LED. Cette LED poss\u00e8de aussi un flux lumineux de 1120 Lumens et une couleur de temp\u00e9rature de 3000 Kelvins. Cette balise Faro poss\u00e8de un indice de protection IP54, ce qui signifie que le produit peut \u00eatre installer en ext\u00e9rieur. Cette borne Lotus est id\u00e9al pour \u00e9clairer les chemins, les all\u00e9es, les terrasses ou encore les piscines. Gr\u00e2ce \u00e0 son design, elle est \u00e9galement parfaite en tant qu&rsquo;\u00e9l\u00e9ment de d\u00e9coration dans un jardin. Le collection Lotus est compos\u00e9 de plusieurs borne ext\u00e9rieur et plusieurs appliques murales ext\u00e9rieurs.<\/p>\n<h3>Caract\u00e9ristiques techniques de la borne de balisage ext\u00e9rieur EP-2000C<\/h3>\n<p>1. Corps en aluminium moul\u00e9 sous pression et en aluminium extrud\u00e9 ; verre tremp\u00e9 par le gel.<br \/>\n2. 6x1W Lumileds 3030 LED, pilote int\u00e9gr\u00e9 garanti 3 ans<br \/>\n3. IP54, Classe I, 110-240V\/50Hz<br \/>\n4. Largeur:80\/Longueur:120\/Hauteur:650mm<\/p>\n<p><em>D\u00e9couvrez toutes nos bornes de balisage ext\u00e9rieur <a href=\"https:\/\/altrisacces.fr\/index.php\/categorie-produit\/bornes-balisage-exterieur\/\">ici<\/a><\/em><\/p>\n","protected":false},"excerpt":{"rendered":"<p>La borne de balisage ext\u00e9rieur EP-2000C est constitu\u00e9e d&rsquo;un corps en aluminium de coloris Gris avec un diffuseur en Verre transparent. Cette borne mesure 65 cm de hauteur et 80 cm de largeur.<\/p>\n<p>Cette\u00a0<strong>borne ext\u00e9rieure<\/strong> fonctionne \u00e0 l&rsquo;aide d&rsquo;une LED int\u00e9gr\u00e9e. Cette LED a une puissance maximum de 6&#215;1 Watts avec un culot COB LED. Cette LED poss\u00e8de aussi un flux lumineux de 1120 Lumens et une couleur de temp\u00e9rature de 3000 Kelvins. Cette balise Faro poss\u00e8de un indice de protection IP54, ce qui signifie que le produit peut \u00eatre installer en ext\u00e9rieur. Cette borne Lotus est id\u00e9al pour \u00e9clairer les chemins, les all\u00e9es, les terrasses ou encore les piscines. Gr\u00e2ce \u00e0 son design, elle est \u00e9galement parfaite en tant qu&rsquo;\u00e9l\u00e9ment de d\u00e9coration dans un jardin. Le collection Lotus est compos\u00e9 de plusieurs borne ext\u00e9rieur et plusieurs appliques murales ext\u00e9rieurs.<\/p>\n","protected":false},"featured_media":858,"comment_status":"open","ping_status":"closed","template":"","meta":{"_acf_changed":false},"product_cat":[39],"product_tag":[],"class_list":{"0":"post-854","1":"product","2":"type-product","3":"status-publish","4":"has-post-thumbnail","6":"product_cat-bornes-balisage-exterieur","8":"first","9":"instock","10":"shipping-taxable","11":"product-type-simple"},"acf":[],"yoast_head":"<!-- This site is optimized with the Yoast SEO plugin v22.9 - https:\/\/yoast.com\/wordpress\/plugins\/seo\/ -->\n<title>Borne de balisage ext\u00e9rieur borne de balisage ext\u00e9rieur EP-2000C - Altris<\/title>\n<meta name=\"description\" content=\"La borne de balisage ext\u00e9rieur EP-2000C est constitu\u00e9e d&#039;un corps en aluminium de coloris Gris avec un diffuseur en Verre transparent.\" \/>\n<meta name=\"robots\" content=\"index, follow, max-snippet:-1, max-image-preview:large, max-video-preview:-1\" \/>\n<link rel=\"canonical\" href=\"https:\/\/altrisacces.fr\/index.php\/produit\/ep-2000c\/\" \/>\n<meta property=\"og:locale\" content=\"fr_FR\" \/>\n<meta property=\"og:type\" content=\"article\" \/>\n<meta property=\"og:title\" content=\"Borne de balisage ext\u00e9rieur borne de balisage ext\u00e9rieur EP-2000C - Altris\" \/>\n<meta property=\"og:description\" content=\"La borne de balisage ext\u00e9rieur EP-2000C est constitu\u00e9e d&#039;un corps en aluminium de coloris Gris avec un diffuseur en Verre transparent.\" \/>\n<meta property=\"og:url\" content=\"https:\/\/altrisacces.fr\/index.php\/produit\/ep-2000c\/\" \/>\n<meta property=\"og:site_name\" content=\"Altris\" \/>\n<meta property=\"article:modified_time\" content=\"2024-06-26T10:10:05+00:00\" \/>\n<meta property=\"og:image\" content=\"https:\/\/altrisacces.fr\/wp-content\/uploads\/2024\/02\/EP-2000C.jpg\" \/>\n\t<meta property=\"og:image:width\" content=\"500\" \/>\n\t<meta property=\"og:image:height\" content=\"500\" \/>\n\t<meta property=\"og:image:type\" content=\"image\/jpeg\" \/>\n<meta name=\"twitter:card\" content=\"summary_large_image\" \/>\n<meta name=\"twitter:label1\" content=\"Dur\u00e9e de lecture estim\u00e9e\" \/>\n\t<meta name=\"twitter:data1\" content=\"2 minutes\" \/>\n<script type=\"application\/ld+json\" class=\"yoast-schema-graph\">{\"@context\":\"https:\/\/schema.org\",\"@graph\":[{\"@type\":\"WebPage\",\"@id\":\"https:\/\/altrisacces.fr\/index.php\/produit\/ep-2000c\/\",\"url\":\"https:\/\/altrisacces.fr\/index.php\/produit\/ep-2000c\/\",\"name\":\"Borne de balisage ext\u00e9rieur borne de balisage ext\u00e9rieur EP-2000C - Altris\",\"isPartOf\":{\"@id\":\"https:\/\/altrisacces.fr\/#website\"},\"primaryImageOfPage\":{\"@id\":\"https:\/\/altrisacces.fr\/index.php\/produit\/ep-2000c\/#primaryimage\"},\"image\":{\"@id\":\"https:\/\/altrisacces.fr\/index.php\/produit\/ep-2000c\/#primaryimage\"},\"thumbnailUrl\":\"https:\/\/altrisacces.fr\/wp-content\/uploads\/2024\/02\/EP-2000C.jpg\",\"datePublished\":\"2024-02-13T07:33:52+00:00\",\"dateModified\":\"2024-06-26T10:10:05+00:00\",\"description\":\"La borne de balisage ext\u00e9rieur EP-2000C est constitu\u00e9e d'un corps en aluminium de coloris Gris avec un diffuseur en Verre transparent.\",\"breadcrumb\":{\"@id\":\"https:\/\/altrisacces.fr\/index.php\/produit\/ep-2000c\/#breadcrumb\"},\"inLanguage\":\"fr-FR\",\"potentialAction\":[{\"@type\":\"ReadAction\",\"target\":[\"https:\/\/altrisacces.fr\/index.php\/produit\/ep-2000c\/\"]}]},{\"@type\":\"ImageObject\",\"inLanguage\":\"fr-FR\",\"@id\":\"https:\/\/altrisacces.fr\/index.php\/produit\/ep-2000c\/#primaryimage\",\"url\":\"https:\/\/altrisacces.fr\/wp-content\/uploads\/2024\/02\/EP-2000C.jpg\",\"contentUrl\":\"https:\/\/altrisacces.fr\/wp-content\/uploads\/2024\/02\/EP-2000C.jpg\",\"width\":500,\"height\":500},{\"@type\":\"BreadcrumbList\",\"@id\":\"https:\/\/altrisacces.fr\/index.php\/produit\/ep-2000c\/#breadcrumb\",\"itemListElement\":[{\"@type\":\"ListItem\",\"position\":1,\"name\":\"Accueil\",\"item\":\"https:\/\/altrisacces.fr\/\"},{\"@type\":\"ListItem\",\"position\":2,\"name\":\"Produits\",\"item\":\"https:\/\/altrisacces.fr\/index.php\/produits\/\"},{\"@type\":\"ListItem\",\"position\":3,\"name\":\"borne de balisage ext\u00e9rieur EP-2000C\"}]},{\"@type\":\"WebSite\",\"@id\":\"https:\/\/altrisacces.fr\/#website\",\"url\":\"https:\/\/altrisacces.fr\/\",\"name\":\"Altris\",\"description\":\"\u00e9clairage LED public, ext\u00e9rieur, tertiaire et industriel\",\"publisher\":{\"@id\":\"https:\/\/altrisacces.fr\/#organization\"},\"potentialAction\":[{\"@type\":\"SearchAction\",\"target\":{\"@type\":\"EntryPoint\",\"urlTemplate\":\"https:\/\/altrisacces.fr\/?s={search_term_string}\"},\"query-input\":\"required name=search_term_string\"}],\"inLanguage\":\"fr-FR\"},{\"@type\":\"Organization\",\"@id\":\"https:\/\/altrisacces.fr\/#organization\",\"name\":\"Altris\",\"url\":\"https:\/\/altrisacces.fr\/\",\"logo\":{\"@type\":\"ImageObject\",\"inLanguage\":\"fr-FR\",\"@id\":\"https:\/\/altrisacces.fr\/#\/schema\/logo\/image\/\",\"url\":\"https:\/\/altrisacces.fr\/wp-content\/uploads\/2023\/10\/logo_Altris.png\",\"contentUrl\":\"https:\/\/altrisacces.fr\/wp-content\/uploads\/2023\/10\/logo_Altris.png\",\"width\":1579,\"height\":1006,\"caption\":\"Altris\"},\"image\":{\"@id\":\"https:\/\/altrisacces.fr\/#\/schema\/logo\/image\/\"}}]}<\/script>\n<!-- \/ Yoast SEO plugin. -->","yoast_head_json":{"title":"Borne de balisage ext\u00e9rieur borne de balisage ext\u00e9rieur EP-2000C - Altris","description":"La borne de balisage ext\u00e9rieur EP-2000C est constitu\u00e9e d'un corps en aluminium de coloris Gris avec un diffuseur en Verre transparent.","robots":{"index":"index","follow":"follow","max-snippet":"max-snippet:-1","max-image-preview":"max-image-preview:large","max-video-preview":"max-video-preview:-1"},"canonical":"https:\/\/altrisacces.fr\/index.php\/produit\/ep-2000c\/","og_locale":"fr_FR","og_type":"article","og_title":"Borne de balisage ext\u00e9rieur borne de balisage ext\u00e9rieur EP-2000C - Altris","og_description":"La borne de balisage ext\u00e9rieur EP-2000C est constitu\u00e9e d'un corps en aluminium de coloris Gris avec un diffuseur en Verre transparent.","og_url":"https:\/\/altrisacces.fr\/index.php\/produit\/ep-2000c\/","og_site_name":"Altris","article_modified_time":"2024-06-26T10:10:05+00:00","og_image":[{"width":500,"height":500,"url":"https:\/\/altrisacces.fr\/wp-content\/uploads\/2024\/02\/EP-2000C.jpg","type":"image\/jpeg"}],"twitter_card":"summary_large_image","twitter_misc":{"Dur\u00e9e de lecture estim\u00e9e":"2 minutes"},"schema":{"@context":"https:\/\/schema.org","@graph":[{"@type":"WebPage","@id":"https:\/\/altrisacces.fr\/index.php\/produit\/ep-2000c\/","url":"https:\/\/altrisacces.fr\/index.php\/produit\/ep-2000c\/","name":"Borne de balisage ext\u00e9rieur borne de balisage ext\u00e9rieur EP-2000C - Altris","isPartOf":{"@id":"https:\/\/altrisacces.fr\/#website"},"primaryImageOfPage":{"@id":"https:\/\/altrisacces.fr\/index.php\/produit\/ep-2000c\/#primaryimage"},"image":{"@id":"https:\/\/altrisacces.fr\/index.php\/produit\/ep-2000c\/#primaryimage"},"thumbnailUrl":"https:\/\/altrisacces.fr\/wp-content\/uploads\/2024\/02\/EP-2000C.jpg","datePublished":"2024-02-13T07:33:52+00:00","dateModified":"2024-06-26T10:10:05+00:00","description":"La borne de balisage ext\u00e9rieur EP-2000C est constitu\u00e9e d'un corps en aluminium de coloris Gris avec un diffuseur en Verre transparent.","breadcrumb":{"@id":"https:\/\/altrisacces.fr\/index.php\/produit\/ep-2000c\/#breadcrumb"},"inLanguage":"fr-FR","potentialAction":[{"@type":"ReadAction","target":["https:\/\/altrisacces.fr\/index.php\/produit\/ep-2000c\/"]}]},{"@type":"ImageObject","inLanguage":"fr-FR","@id":"https:\/\/altrisacces.fr\/index.php\/produit\/ep-2000c\/#primaryimage","url":"https:\/\/altrisacces.fr\/wp-content\/uploads\/2024\/02\/EP-2000C.jpg","contentUrl":"https:\/\/altrisacces.fr\/wp-content\/uploads\/2024\/02\/EP-2000C.jpg","width":500,"height":500},{"@type":"BreadcrumbList","@id":"https:\/\/altrisacces.fr\/index.php\/produit\/ep-2000c\/#breadcrumb","itemListElement":[{"@type":"ListItem","position":1,"name":"Accueil","item":"https:\/\/altrisacces.fr\/"},{"@type":"ListItem","position":2,"name":"Produits","item":"https:\/\/altrisacces.fr\/index.php\/produits\/"},{"@type":"ListItem","position":3,"name":"borne de balisage ext\u00e9rieur EP-2000C"}]},{"@type":"WebSite","@id":"https:\/\/altrisacces.fr\/#website","url":"https:\/\/altrisacces.fr\/","name":"Altris","description":"\u00e9clairage LED public, ext\u00e9rieur, tertiaire et industriel","publisher":{"@id":"https:\/\/altrisacces.fr\/#organization"},"potentialAction":[{"@type":"SearchAction","target":{"@type":"EntryPoint","urlTemplate":"https:\/\/altrisacces.fr\/?s={search_term_string}"},"query-input":"required name=search_term_string"}],"inLanguage":"fr-FR"},{"@type":"Organization","@id":"https:\/\/altrisacces.fr\/#organization","name":"Altris","url":"https:\/\/altrisacces.fr\/","logo":{"@type":"ImageObject","inLanguage":"fr-FR","@id":"https:\/\/altrisacces.fr\/#\/schema\/logo\/image\/","url":"https:\/\/altrisacces.fr\/wp-content\/uploads\/2023\/10\/logo_Altris.png","contentUrl":"https:\/\/altrisacces.fr\/wp-content\/uploads\/2023\/10\/logo_Altris.png","width":1579,"height":1006,"caption":"Altris"},"image":{"@id":"https:\/\/altrisacces.fr\/#\/schema\/logo\/image\/"}}]}},"_links":{"self":[{"href":"https:\/\/altrisacces.fr\/index.php\/wp-json\/wp\/v2\/product\/854","targetHints":{"allow":["GET"]}}],"collection":[{"href":"https:\/\/altrisacces.fr\/index.php\/wp-json\/wp\/v2\/product"}],"about":[{"href":"https:\/\/altrisacces.fr\/index.php\/wp-json\/wp\/v2\/types\/product"}],"replies":[{"embeddable":true,"href":"https:\/\/altrisacces.fr\/index.php\/wp-json\/wp\/v2\/comments?post=854"}],"wp:featuredmedia":[{"embeddable":true,"href":"https:\/\/altrisacces.fr\/index.php\/wp-json\/wp\/v2\/media\/858"}],"wp:attachment":[{"href":"https:\/\/altrisacces.fr\/index.php\/wp-json\/wp\/v2\/media?parent=854"}],"wp:term":[{"taxonomy":"product_cat","embeddable":true,"href":"https:\/\/altrisacces.fr\/index.php\/wp-json\/wp\/v2\/product_cat?post=854"},{"taxonomy":"product_tag","embeddable":true,"href":"https:\/\/altrisacces.fr\/index.php\/wp-json\/wp\/v2\/product_tag?post=854"}],"curies":[{"name":"wp","href":"https:\/\/api.w.org\/{rel}","templated":true}]}}