{"id":857,"date":"2024-02-13T08:36:27","date_gmt":"2024-02-13T07:36:27","guid":{"rendered":"https:\/\/altrisacces.fr\/?post_type=product&#038;p=857"},"modified":"2024-06-26T12:08:10","modified_gmt":"2024-06-26T10:08:10","slug":"ep-2040","status":"publish","type":"product","link":"https:\/\/altrisacces.fr\/index.php\/produit\/ep-2040\/","title":{"rendered":"borne de balisage ext\u00e9rieur EP-2040"},"content":{"rendered":"<p>La borne de balisage ext\u00e9rieur EP-2040 LED sur socle est un compl\u00e9ment indispensable pour tous ceux qui souhaitent mettre en sc\u00e8ne leur jardin et leur terrain de mani\u00e8re moderne et \u00e9conome en \u00e9nergie. Le corps anguleux du luminaire est en aluminium laqu\u00e9 de couleur anthracite. \u00c0 l&rsquo;int\u00e9rieur est int\u00e9gr\u00e9e une puce avec des LED de marque Epistar qui offrent un \u00e9clairage agr\u00e9able avec une temp\u00e9rature de couleur de 3.000 kelvins.<br \/>\nLa lumi\u00e8re rayonne de tous c\u00f4t\u00e9s vers l&rsquo;ext\u00e9rieur \u00e0 travers les ouvertures allong\u00e9es, mais la source lumineuse se trouve dans la partie sup\u00e9rieure du luminaire, ce qui permet de cr\u00e9er de beaux effets d&rsquo;\u00e9clairage indirect autour de la maison ou sur les all\u00e9es du terrain.<br \/>\nDe plus, la borne de balisage ext\u00e9rieur EP-2040 LED est parfaitement prot\u00e9g\u00e9e contre les intemp\u00e9ries gr\u00e2ce \u00e0 son indice de protection IP65.<\/p>\n<h3>Caract\u00e9ristiques techniques de la borne de balisage ext\u00e9rieur EP-2040<\/h3>\n<p>1. Corps en aluminium moul\u00e9 sous pression ; verre tremp\u00e9 transparent<br \/>\n2. LED CREE COB, total 30W, 3000K, 3 ans de garantie, pilote int\u00e9gr\u00e9<br \/>\n3. IP65, Classe I, 110-240V\/50Hz<br \/>\n4. L:150*L:150*H:800mm<\/p>\n<p><em>D\u00e9couvrez toutes nos bornes de balisage ext\u00e9rieur <a href=\"https:\/\/altrisacces.fr\/index.php\/categorie-produit\/eclairages-urbains\/bornes-balisage-exterieur\/\">ici<\/a><\/em><\/p>\n","protected":false},"excerpt":{"rendered":"<p>La borne de balisage ext\u00e9rieur EP-2040 LED est indispensable \u00e0 votre jardin.<br \/>\nLa borne de balisage ext\u00e9rieur EP-2040 LED sur socle est un compl\u00e9ment indispensable pour tous ceux qui souhaitent mettre en sc\u00e8ne leur jardin et leur terrain de mani\u00e8re moderne et \u00e9conome en \u00e9nergie. Le corps anguleux du luminaire est en aluminium laqu\u00e9 de couleur anthracite. \u00c0 l&rsquo;int\u00e9rieur est int\u00e9gr\u00e9e une puce avec des LED de marque Epistar qui offrent un \u00e9clairage agr\u00e9able avec une temp\u00e9rature de couleur de 3.000 kelvins.<\/p>\n","protected":false},"featured_media":861,"comment_status":"open","ping_status":"closed","template":"","meta":{"_acf_changed":false},"product_cat":[39],"product_tag":[],"class_list":{"0":"post-857","1":"product","2":"type-product","3":"status-publish","4":"has-post-thumbnail","6":"product_cat-bornes-balisage-exterieur","8":"first","9":"instock","10":"shipping-taxable","11":"product-type-simple"},"acf":[],"yoast_head":"<!-- This site is optimized with the Yoast SEO plugin v22.9 - https:\/\/yoast.com\/wordpress\/plugins\/seo\/ -->\n<title>borne de balisage ext\u00e9rieur EP-2040 LED borne de balisage ext\u00e9rieur EP-2040 - Altris<\/title>\n<meta name=\"description\" content=\"La borne de balisage ext\u00e9rieur EP-2040 LED sur socle est un compl\u00e9ment indispensable pour tous ceux qui souhaitent mettre en sc\u00e8ne leur jardin\" \/>\n<meta name=\"robots\" content=\"index, follow, max-snippet:-1, max-image-preview:large, max-video-preview:-1\" \/>\n<link rel=\"canonical\" href=\"https:\/\/altrisacces.fr\/index.php\/produit\/ep-2040\/\" \/>\n<meta property=\"og:locale\" content=\"fr_FR\" \/>\n<meta property=\"og:type\" content=\"article\" \/>\n<meta property=\"og:title\" content=\"borne de balisage ext\u00e9rieur EP-2040 LED borne de balisage ext\u00e9rieur EP-2040 - Altris\" \/>\n<meta property=\"og:description\" content=\"La borne de balisage ext\u00e9rieur EP-2040 LED sur socle est un compl\u00e9ment indispensable pour tous ceux qui souhaitent mettre en sc\u00e8ne leur jardin\" \/>\n<meta property=\"og:url\" content=\"https:\/\/altrisacces.fr\/index.php\/produit\/ep-2040\/\" \/>\n<meta property=\"og:site_name\" content=\"Altris\" \/>\n<meta property=\"article:modified_time\" content=\"2024-06-26T10:08:10+00:00\" \/>\n<meta property=\"og:image\" content=\"https:\/\/altrisacces.fr\/wp-content\/uploads\/2024\/02\/EP-2040.jpg\" \/>\n\t<meta property=\"og:image:width\" content=\"500\" \/>\n\t<meta property=\"og:image:height\" content=\"500\" \/>\n\t<meta property=\"og:image:type\" content=\"image\/jpeg\" \/>\n<meta name=\"twitter:card\" content=\"summary_large_image\" \/>\n<meta name=\"twitter:label1\" content=\"Dur\u00e9e de lecture estim\u00e9e\" \/>\n\t<meta name=\"twitter:data1\" content=\"2 minutes\" \/>\n<script type=\"application\/ld+json\" class=\"yoast-schema-graph\">{\"@context\":\"https:\/\/schema.org\",\"@graph\":[{\"@type\":\"WebPage\",\"@id\":\"https:\/\/altrisacces.fr\/index.php\/produit\/ep-2040\/\",\"url\":\"https:\/\/altrisacces.fr\/index.php\/produit\/ep-2040\/\",\"name\":\"borne de balisage ext\u00e9rieur EP-2040 LED borne de balisage ext\u00e9rieur EP-2040 - Altris\",\"isPartOf\":{\"@id\":\"https:\/\/altrisacces.fr\/#website\"},\"primaryImageOfPage\":{\"@id\":\"https:\/\/altrisacces.fr\/index.php\/produit\/ep-2040\/#primaryimage\"},\"image\":{\"@id\":\"https:\/\/altrisacces.fr\/index.php\/produit\/ep-2040\/#primaryimage\"},\"thumbnailUrl\":\"https:\/\/altrisacces.fr\/wp-content\/uploads\/2024\/02\/EP-2040.jpg\",\"datePublished\":\"2024-02-13T07:36:27+00:00\",\"dateModified\":\"2024-06-26T10:08:10+00:00\",\"description\":\"La borne de balisage ext\u00e9rieur EP-2040 LED sur socle est un compl\u00e9ment indispensable pour tous ceux qui souhaitent mettre en sc\u00e8ne leur jardin\",\"breadcrumb\":{\"@id\":\"https:\/\/altrisacces.fr\/index.php\/produit\/ep-2040\/#breadcrumb\"},\"inLanguage\":\"fr-FR\",\"potentialAction\":[{\"@type\":\"ReadAction\",\"target\":[\"https:\/\/altrisacces.fr\/index.php\/produit\/ep-2040\/\"]}]},{\"@type\":\"ImageObject\",\"inLanguage\":\"fr-FR\",\"@id\":\"https:\/\/altrisacces.fr\/index.php\/produit\/ep-2040\/#primaryimage\",\"url\":\"https:\/\/altrisacces.fr\/wp-content\/uploads\/2024\/02\/EP-2040.jpg\",\"contentUrl\":\"https:\/\/altrisacces.fr\/wp-content\/uploads\/2024\/02\/EP-2040.jpg\",\"width\":500,\"height\":500},{\"@type\":\"BreadcrumbList\",\"@id\":\"https:\/\/altrisacces.fr\/index.php\/produit\/ep-2040\/#breadcrumb\",\"itemListElement\":[{\"@type\":\"ListItem\",\"position\":1,\"name\":\"Accueil\",\"item\":\"https:\/\/altrisacces.fr\/\"},{\"@type\":\"ListItem\",\"position\":2,\"name\":\"Produits\",\"item\":\"https:\/\/altrisacces.fr\/index.php\/produits\/\"},{\"@type\":\"ListItem\",\"position\":3,\"name\":\"borne de balisage ext\u00e9rieur EP-2040\"}]},{\"@type\":\"WebSite\",\"@id\":\"https:\/\/altrisacces.fr\/#website\",\"url\":\"https:\/\/altrisacces.fr\/\",\"name\":\"Altris\",\"description\":\"\u00e9clairage LED public, ext\u00e9rieur, tertiaire et industriel\",\"publisher\":{\"@id\":\"https:\/\/altrisacces.fr\/#organization\"},\"potentialAction\":[{\"@type\":\"SearchAction\",\"target\":{\"@type\":\"EntryPoint\",\"urlTemplate\":\"https:\/\/altrisacces.fr\/?s={search_term_string}\"},\"query-input\":\"required name=search_term_string\"}],\"inLanguage\":\"fr-FR\"},{\"@type\":\"Organization\",\"@id\":\"https:\/\/altrisacces.fr\/#organization\",\"name\":\"Altris\",\"url\":\"https:\/\/altrisacces.fr\/\",\"logo\":{\"@type\":\"ImageObject\",\"inLanguage\":\"fr-FR\",\"@id\":\"https:\/\/altrisacces.fr\/#\/schema\/logo\/image\/\",\"url\":\"https:\/\/altrisacces.fr\/wp-content\/uploads\/2023\/10\/logo_Altris.png\",\"contentUrl\":\"https:\/\/altrisacces.fr\/wp-content\/uploads\/2023\/10\/logo_Altris.png\",\"width\":1579,\"height\":1006,\"caption\":\"Altris\"},\"image\":{\"@id\":\"https:\/\/altrisacces.fr\/#\/schema\/logo\/image\/\"}}]}<\/script>\n<!-- \/ Yoast SEO plugin. -->","yoast_head_json":{"title":"borne de balisage ext\u00e9rieur EP-2040 LED borne de balisage ext\u00e9rieur EP-2040 - Altris","description":"La borne de balisage ext\u00e9rieur EP-2040 LED sur socle est un compl\u00e9ment indispensable pour tous ceux qui souhaitent mettre en sc\u00e8ne leur jardin","robots":{"index":"index","follow":"follow","max-snippet":"max-snippet:-1","max-image-preview":"max-image-preview:large","max-video-preview":"max-video-preview:-1"},"canonical":"https:\/\/altrisacces.fr\/index.php\/produit\/ep-2040\/","og_locale":"fr_FR","og_type":"article","og_title":"borne de balisage ext\u00e9rieur EP-2040 LED borne de balisage ext\u00e9rieur EP-2040 - Altris","og_description":"La borne de balisage ext\u00e9rieur EP-2040 LED sur socle est un compl\u00e9ment indispensable pour tous ceux qui souhaitent mettre en sc\u00e8ne leur jardin","og_url":"https:\/\/altrisacces.fr\/index.php\/produit\/ep-2040\/","og_site_name":"Altris","article_modified_time":"2024-06-26T10:08:10+00:00","og_image":[{"width":500,"height":500,"url":"https:\/\/altrisacces.fr\/wp-content\/uploads\/2024\/02\/EP-2040.jpg","type":"image\/jpeg"}],"twitter_card":"summary_large_image","twitter_misc":{"Dur\u00e9e de lecture estim\u00e9e":"2 minutes"},"schema":{"@context":"https:\/\/schema.org","@graph":[{"@type":"WebPage","@id":"https:\/\/altrisacces.fr\/index.php\/produit\/ep-2040\/","url":"https:\/\/altrisacces.fr\/index.php\/produit\/ep-2040\/","name":"borne de balisage ext\u00e9rieur EP-2040 LED borne de balisage ext\u00e9rieur EP-2040 - Altris","isPartOf":{"@id":"https:\/\/altrisacces.fr\/#website"},"primaryImageOfPage":{"@id":"https:\/\/altrisacces.fr\/index.php\/produit\/ep-2040\/#primaryimage"},"image":{"@id":"https:\/\/altrisacces.fr\/index.php\/produit\/ep-2040\/#primaryimage"},"thumbnailUrl":"https:\/\/altrisacces.fr\/wp-content\/uploads\/2024\/02\/EP-2040.jpg","datePublished":"2024-02-13T07:36:27+00:00","dateModified":"2024-06-26T10:08:10+00:00","description":"La borne de balisage ext\u00e9rieur EP-2040 LED sur socle est un compl\u00e9ment indispensable pour tous ceux qui souhaitent mettre en sc\u00e8ne leur jardin","breadcrumb":{"@id":"https:\/\/altrisacces.fr\/index.php\/produit\/ep-2040\/#breadcrumb"},"inLanguage":"fr-FR","potentialAction":[{"@type":"ReadAction","target":["https:\/\/altrisacces.fr\/index.php\/produit\/ep-2040\/"]}]},{"@type":"ImageObject","inLanguage":"fr-FR","@id":"https:\/\/altrisacces.fr\/index.php\/produit\/ep-2040\/#primaryimage","url":"https:\/\/altrisacces.fr\/wp-content\/uploads\/2024\/02\/EP-2040.jpg","contentUrl":"https:\/\/altrisacces.fr\/wp-content\/uploads\/2024\/02\/EP-2040.jpg","width":500,"height":500},{"@type":"BreadcrumbList","@id":"https:\/\/altrisacces.fr\/index.php\/produit\/ep-2040\/#breadcrumb","itemListElement":[{"@type":"ListItem","position":1,"name":"Accueil","item":"https:\/\/altrisacces.fr\/"},{"@type":"ListItem","position":2,"name":"Produits","item":"https:\/\/altrisacces.fr\/index.php\/produits\/"},{"@type":"ListItem","position":3,"name":"borne de balisage ext\u00e9rieur EP-2040"}]},{"@type":"WebSite","@id":"https:\/\/altrisacces.fr\/#website","url":"https:\/\/altrisacces.fr\/","name":"Altris","description":"\u00e9clairage LED public, ext\u00e9rieur, tertiaire et industriel","publisher":{"@id":"https:\/\/altrisacces.fr\/#organization"},"potentialAction":[{"@type":"SearchAction","target":{"@type":"EntryPoint","urlTemplate":"https:\/\/altrisacces.fr\/?s={search_term_string}"},"query-input":"required name=search_term_string"}],"inLanguage":"fr-FR"},{"@type":"Organization","@id":"https:\/\/altrisacces.fr\/#organization","name":"Altris","url":"https:\/\/altrisacces.fr\/","logo":{"@type":"ImageObject","inLanguage":"fr-FR","@id":"https:\/\/altrisacces.fr\/#\/schema\/logo\/image\/","url":"https:\/\/altrisacces.fr\/wp-content\/uploads\/2023\/10\/logo_Altris.png","contentUrl":"https:\/\/altrisacces.fr\/wp-content\/uploads\/2023\/10\/logo_Altris.png","width":1579,"height":1006,"caption":"Altris"},"image":{"@id":"https:\/\/altrisacces.fr\/#\/schema\/logo\/image\/"}}]}},"_links":{"self":[{"href":"https:\/\/altrisacces.fr\/index.php\/wp-json\/wp\/v2\/product\/857","targetHints":{"allow":["GET"]}}],"collection":[{"href":"https:\/\/altrisacces.fr\/index.php\/wp-json\/wp\/v2\/product"}],"about":[{"href":"https:\/\/altrisacces.fr\/index.php\/wp-json\/wp\/v2\/types\/product"}],"replies":[{"embeddable":true,"href":"https:\/\/altrisacces.fr\/index.php\/wp-json\/wp\/v2\/comments?post=857"}],"wp:featuredmedia":[{"embeddable":true,"href":"https:\/\/altrisacces.fr\/index.php\/wp-json\/wp\/v2\/media\/861"}],"wp:attachment":[{"href":"https:\/\/altrisacces.fr\/index.php\/wp-json\/wp\/v2\/media?parent=857"}],"wp:term":[{"taxonomy":"product_cat","embeddable":true,"href":"https:\/\/altrisacces.fr\/index.php\/wp-json\/wp\/v2\/product_cat?post=857"},{"taxonomy":"product_tag","embeddable":true,"href":"https:\/\/altrisacces.fr\/index.php\/wp-json\/wp\/v2\/product_tag?post=857"}],"curies":[{"name":"wp","href":"https:\/\/api.w.org\/{rel}","templated":true}]}}