{"id":862,"date":"2024-02-13T08:44:25","date_gmt":"2024-02-13T07:44:25","guid":{"rendered":"https:\/\/altrisacces.fr\/?post_type=product&#038;p=862"},"modified":"2024-06-26T12:09:42","modified_gmt":"2024-06-26T10:09:42","slug":"ep-2003b","status":"publish","type":"product","link":"https:\/\/altrisacces.fr\/index.php\/produit\/ep-2003b\/","title":{"rendered":"borne de balisage ext\u00e9rieur EP-2003B"},"content":{"rendered":"<p>La borne de balisage ext\u00e9rieur EP-2003B, est constitu\u00e9 d&rsquo;aluminium moul\u00e9 sous pression et affiche un design contemporain. Le corps de lampe est rev\u00eatu d&rsquo;une couche de peinture de couleur anthracite. Au niveau de la partie sup\u00e9rieure se trouve une vitre en polycarbonate prot\u00e9geant une lampe LED puissante.<\/p>\n<h3>Caract\u00e9ristiques techniques de la borne de balisage ext\u00e9rieur EP-2003B<\/h3>\n<p>1. Corps en aluminium moul\u00e9 sous pression ; lentille en PC transparent<br \/>\n2. 50pcs*0,5W 2835LED, total 20W, 3000K ; pilote Inventronic, 5 ans de garantie<br \/>\n3. IP65, Classe I, 110V-240V\/50Hz<br \/>\n4. Diam\u00e8tre : \u03a6160mm\/hauteur : 630mm<\/p>\n<p><em>D\u00e9couvrez toutes nos bornes de balisage ext\u00e9rieur <a href=\"https:\/\/altrisacces.fr\/index.php\/categorie-produit\/eclairages-urbains\/bornes-balisage-exterieur\/\">ici<\/a><\/em><\/p>\n","protected":false},"excerpt":{"rendered":"<p>La borne de balisage ext\u00e9rieur EP-2003B existe en trois hauteurs diff\u00e9rentes.<br \/>\nLa borne de balisage ext\u00e9rieur EP-2003B, est constitu\u00e9 d&rsquo;aluminium moul\u00e9 sous pression et affiche un design contemporain. Le corps de lampe est rev\u00eatu d&rsquo;une couche de peinture de couleur anthracite. Au niveau de la partie sup\u00e9rieure se trouve une vitre en polycarbonate prot\u00e9geant une lampe LED puissante.<\/p>\n","protected":false},"featured_media":855,"comment_status":"open","ping_status":"closed","template":"","meta":{"_acf_changed":false},"product_cat":[39],"product_tag":[],"class_list":{"0":"post-862","1":"product","2":"type-product","3":"status-publish","4":"has-post-thumbnail","6":"product_cat-bornes-balisage-exterieur","8":"first","9":"instock","10":"shipping-taxable","11":"product-type-simple"},"acf":[],"yoast_head":"<!-- This site is optimized with the Yoast SEO plugin v22.9 - https:\/\/yoast.com\/wordpress\/plugins\/seo\/ -->\n<title>borne de balisage EP-2003B borne de balisage ext\u00e9rieur EP-2003B - Altris<\/title>\n<meta name=\"description\" content=\"La borne de balisage ext\u00e9rieur EP-2003B, est constitu\u00e9 d&#039;aluminium moul\u00e9 sous pression et affiche un design contemporain. Le corps de lampe est rev\u00eatu d&#039;une couche de peinture de couleur anthracite.\" \/>\n<meta name=\"robots\" content=\"index, follow, max-snippet:-1, max-image-preview:large, max-video-preview:-1\" \/>\n<link rel=\"canonical\" href=\"https:\/\/altrisacces.fr\/index.php\/produit\/ep-2003b\/\" \/>\n<meta property=\"og:locale\" content=\"fr_FR\" \/>\n<meta property=\"og:type\" content=\"article\" \/>\n<meta property=\"og:title\" content=\"borne de balisage EP-2003B borne de balisage ext\u00e9rieur EP-2003B - Altris\" \/>\n<meta property=\"og:description\" content=\"La borne de balisage ext\u00e9rieur EP-2003B, est constitu\u00e9 d&#039;aluminium moul\u00e9 sous pression et affiche un design contemporain. Le corps de lampe est rev\u00eatu d&#039;une couche de peinture de couleur anthracite.\" \/>\n<meta property=\"og:url\" content=\"https:\/\/altrisacces.fr\/index.php\/produit\/ep-2003b\/\" \/>\n<meta property=\"og:site_name\" content=\"Altris\" \/>\n<meta property=\"article:modified_time\" content=\"2024-06-26T10:09:42+00:00\" \/>\n<meta property=\"og:image\" content=\"https:\/\/altrisacces.fr\/wp-content\/uploads\/2024\/02\/EP-2003B.jpg\" \/>\n\t<meta property=\"og:image:width\" content=\"500\" \/>\n\t<meta property=\"og:image:height\" content=\"500\" \/>\n\t<meta property=\"og:image:type\" content=\"image\/jpeg\" \/>\n<meta name=\"twitter:card\" content=\"summary_large_image\" \/>\n<meta name=\"twitter:label1\" content=\"Dur\u00e9e de lecture estim\u00e9e\" \/>\n\t<meta name=\"twitter:data1\" content=\"1 minute\" \/>\n<script type=\"application\/ld+json\" class=\"yoast-schema-graph\">{\"@context\":\"https:\/\/schema.org\",\"@graph\":[{\"@type\":\"WebPage\",\"@id\":\"https:\/\/altrisacces.fr\/index.php\/produit\/ep-2003b\/\",\"url\":\"https:\/\/altrisacces.fr\/index.php\/produit\/ep-2003b\/\",\"name\":\"borne de balisage EP-2003B borne de balisage ext\u00e9rieur EP-2003B - Altris\",\"isPartOf\":{\"@id\":\"https:\/\/altrisacces.fr\/#website\"},\"primaryImageOfPage\":{\"@id\":\"https:\/\/altrisacces.fr\/index.php\/produit\/ep-2003b\/#primaryimage\"},\"image\":{\"@id\":\"https:\/\/altrisacces.fr\/index.php\/produit\/ep-2003b\/#primaryimage\"},\"thumbnailUrl\":\"https:\/\/altrisacces.fr\/wp-content\/uploads\/2024\/02\/EP-2003B.jpg\",\"datePublished\":\"2024-02-13T07:44:25+00:00\",\"dateModified\":\"2024-06-26T10:09:42+00:00\",\"description\":\"La borne de balisage ext\u00e9rieur EP-2003B, est constitu\u00e9 d'aluminium moul\u00e9 sous pression et affiche un design contemporain. Le corps de lampe est rev\u00eatu d'une couche de peinture de couleur anthracite.\",\"breadcrumb\":{\"@id\":\"https:\/\/altrisacces.fr\/index.php\/produit\/ep-2003b\/#breadcrumb\"},\"inLanguage\":\"fr-FR\",\"potentialAction\":[{\"@type\":\"ReadAction\",\"target\":[\"https:\/\/altrisacces.fr\/index.php\/produit\/ep-2003b\/\"]}]},{\"@type\":\"ImageObject\",\"inLanguage\":\"fr-FR\",\"@id\":\"https:\/\/altrisacces.fr\/index.php\/produit\/ep-2003b\/#primaryimage\",\"url\":\"https:\/\/altrisacces.fr\/wp-content\/uploads\/2024\/02\/EP-2003B.jpg\",\"contentUrl\":\"https:\/\/altrisacces.fr\/wp-content\/uploads\/2024\/02\/EP-2003B.jpg\",\"width\":500,\"height\":500},{\"@type\":\"BreadcrumbList\",\"@id\":\"https:\/\/altrisacces.fr\/index.php\/produit\/ep-2003b\/#breadcrumb\",\"itemListElement\":[{\"@type\":\"ListItem\",\"position\":1,\"name\":\"Accueil\",\"item\":\"https:\/\/altrisacces.fr\/\"},{\"@type\":\"ListItem\",\"position\":2,\"name\":\"Produits\",\"item\":\"https:\/\/altrisacces.fr\/index.php\/produits\/\"},{\"@type\":\"ListItem\",\"position\":3,\"name\":\"borne de balisage ext\u00e9rieur EP-2003B\"}]},{\"@type\":\"WebSite\",\"@id\":\"https:\/\/altrisacces.fr\/#website\",\"url\":\"https:\/\/altrisacces.fr\/\",\"name\":\"Altris\",\"description\":\"\u00e9clairage LED public, ext\u00e9rieur, tertiaire et industriel\",\"publisher\":{\"@id\":\"https:\/\/altrisacces.fr\/#organization\"},\"potentialAction\":[{\"@type\":\"SearchAction\",\"target\":{\"@type\":\"EntryPoint\",\"urlTemplate\":\"https:\/\/altrisacces.fr\/?s={search_term_string}\"},\"query-input\":\"required name=search_term_string\"}],\"inLanguage\":\"fr-FR\"},{\"@type\":\"Organization\",\"@id\":\"https:\/\/altrisacces.fr\/#organization\",\"name\":\"Altris\",\"url\":\"https:\/\/altrisacces.fr\/\",\"logo\":{\"@type\":\"ImageObject\",\"inLanguage\":\"fr-FR\",\"@id\":\"https:\/\/altrisacces.fr\/#\/schema\/logo\/image\/\",\"url\":\"https:\/\/altrisacces.fr\/wp-content\/uploads\/2023\/10\/logo_Altris.png\",\"contentUrl\":\"https:\/\/altrisacces.fr\/wp-content\/uploads\/2023\/10\/logo_Altris.png\",\"width\":1579,\"height\":1006,\"caption\":\"Altris\"},\"image\":{\"@id\":\"https:\/\/altrisacces.fr\/#\/schema\/logo\/image\/\"}}]}<\/script>\n<!-- \/ Yoast SEO plugin. -->","yoast_head_json":{"title":"borne de balisage EP-2003B borne de balisage ext\u00e9rieur EP-2003B - Altris","description":"La borne de balisage ext\u00e9rieur EP-2003B, est constitu\u00e9 d'aluminium moul\u00e9 sous pression et affiche un design contemporain. Le corps de lampe est rev\u00eatu d'une couche de peinture de couleur anthracite.","robots":{"index":"index","follow":"follow","max-snippet":"max-snippet:-1","max-image-preview":"max-image-preview:large","max-video-preview":"max-video-preview:-1"},"canonical":"https:\/\/altrisacces.fr\/index.php\/produit\/ep-2003b\/","og_locale":"fr_FR","og_type":"article","og_title":"borne de balisage EP-2003B borne de balisage ext\u00e9rieur EP-2003B - Altris","og_description":"La borne de balisage ext\u00e9rieur EP-2003B, est constitu\u00e9 d'aluminium moul\u00e9 sous pression et affiche un design contemporain. Le corps de lampe est rev\u00eatu d'une couche de peinture de couleur anthracite.","og_url":"https:\/\/altrisacces.fr\/index.php\/produit\/ep-2003b\/","og_site_name":"Altris","article_modified_time":"2024-06-26T10:09:42+00:00","og_image":[{"width":500,"height":500,"url":"https:\/\/altrisacces.fr\/wp-content\/uploads\/2024\/02\/EP-2003B.jpg","type":"image\/jpeg"}],"twitter_card":"summary_large_image","twitter_misc":{"Dur\u00e9e de lecture estim\u00e9e":"1 minute"},"schema":{"@context":"https:\/\/schema.org","@graph":[{"@type":"WebPage","@id":"https:\/\/altrisacces.fr\/index.php\/produit\/ep-2003b\/","url":"https:\/\/altrisacces.fr\/index.php\/produit\/ep-2003b\/","name":"borne de balisage EP-2003B borne de balisage ext\u00e9rieur EP-2003B - Altris","isPartOf":{"@id":"https:\/\/altrisacces.fr\/#website"},"primaryImageOfPage":{"@id":"https:\/\/altrisacces.fr\/index.php\/produit\/ep-2003b\/#primaryimage"},"image":{"@id":"https:\/\/altrisacces.fr\/index.php\/produit\/ep-2003b\/#primaryimage"},"thumbnailUrl":"https:\/\/altrisacces.fr\/wp-content\/uploads\/2024\/02\/EP-2003B.jpg","datePublished":"2024-02-13T07:44:25+00:00","dateModified":"2024-06-26T10:09:42+00:00","description":"La borne de balisage ext\u00e9rieur EP-2003B, est constitu\u00e9 d'aluminium moul\u00e9 sous pression et affiche un design contemporain. Le corps de lampe est rev\u00eatu d'une couche de peinture de couleur anthracite.","breadcrumb":{"@id":"https:\/\/altrisacces.fr\/index.php\/produit\/ep-2003b\/#breadcrumb"},"inLanguage":"fr-FR","potentialAction":[{"@type":"ReadAction","target":["https:\/\/altrisacces.fr\/index.php\/produit\/ep-2003b\/"]}]},{"@type":"ImageObject","inLanguage":"fr-FR","@id":"https:\/\/altrisacces.fr\/index.php\/produit\/ep-2003b\/#primaryimage","url":"https:\/\/altrisacces.fr\/wp-content\/uploads\/2024\/02\/EP-2003B.jpg","contentUrl":"https:\/\/altrisacces.fr\/wp-content\/uploads\/2024\/02\/EP-2003B.jpg","width":500,"height":500},{"@type":"BreadcrumbList","@id":"https:\/\/altrisacces.fr\/index.php\/produit\/ep-2003b\/#breadcrumb","itemListElement":[{"@type":"ListItem","position":1,"name":"Accueil","item":"https:\/\/altrisacces.fr\/"},{"@type":"ListItem","position":2,"name":"Produits","item":"https:\/\/altrisacces.fr\/index.php\/produits\/"},{"@type":"ListItem","position":3,"name":"borne de balisage ext\u00e9rieur EP-2003B"}]},{"@type":"WebSite","@id":"https:\/\/altrisacces.fr\/#website","url":"https:\/\/altrisacces.fr\/","name":"Altris","description":"\u00e9clairage LED public, ext\u00e9rieur, tertiaire et industriel","publisher":{"@id":"https:\/\/altrisacces.fr\/#organization"},"potentialAction":[{"@type":"SearchAction","target":{"@type":"EntryPoint","urlTemplate":"https:\/\/altrisacces.fr\/?s={search_term_string}"},"query-input":"required name=search_term_string"}],"inLanguage":"fr-FR"},{"@type":"Organization","@id":"https:\/\/altrisacces.fr\/#organization","name":"Altris","url":"https:\/\/altrisacces.fr\/","logo":{"@type":"ImageObject","inLanguage":"fr-FR","@id":"https:\/\/altrisacces.fr\/#\/schema\/logo\/image\/","url":"https:\/\/altrisacces.fr\/wp-content\/uploads\/2023\/10\/logo_Altris.png","contentUrl":"https:\/\/altrisacces.fr\/wp-content\/uploads\/2023\/10\/logo_Altris.png","width":1579,"height":1006,"caption":"Altris"},"image":{"@id":"https:\/\/altrisacces.fr\/#\/schema\/logo\/image\/"}}]}},"_links":{"self":[{"href":"https:\/\/altrisacces.fr\/index.php\/wp-json\/wp\/v2\/product\/862","targetHints":{"allow":["GET"]}}],"collection":[{"href":"https:\/\/altrisacces.fr\/index.php\/wp-json\/wp\/v2\/product"}],"about":[{"href":"https:\/\/altrisacces.fr\/index.php\/wp-json\/wp\/v2\/types\/product"}],"replies":[{"embeddable":true,"href":"https:\/\/altrisacces.fr\/index.php\/wp-json\/wp\/v2\/comments?post=862"}],"wp:featuredmedia":[{"embeddable":true,"href":"https:\/\/altrisacces.fr\/index.php\/wp-json\/wp\/v2\/media\/855"}],"wp:attachment":[{"href":"https:\/\/altrisacces.fr\/index.php\/wp-json\/wp\/v2\/media?parent=862"}],"wp:term":[{"taxonomy":"product_cat","embeddable":true,"href":"https:\/\/altrisacces.fr\/index.php\/wp-json\/wp\/v2\/product_cat?post=862"},{"taxonomy":"product_tag","embeddable":true,"href":"https:\/\/altrisacces.fr\/index.php\/wp-json\/wp\/v2\/product_tag?post=862"}],"curies":[{"name":"wp","href":"https:\/\/api.w.org\/{rel}","templated":true}]}}