{"id":866,"date":"2024-02-13T08:49:37","date_gmt":"2024-02-13T07:49:37","guid":{"rendered":"https:\/\/altrisacces.fr\/?post_type=product&#038;p=866"},"modified":"2024-06-26T12:11:18","modified_gmt":"2024-06-26T10:11:18","slug":"ep-2012a","status":"publish","type":"product","link":"https:\/\/altrisacces.fr\/index.php\/produit\/ep-2012a\/","title":{"rendered":"borne de balisage ext\u00e9rieur EP-2012A"},"content":{"rendered":"<p>La borne de balisage ext\u00e9rieur EP-2012A \u00e0 une forme angulaire, la finition de couleur graphite et l&rsquo;\u00e9quipement avec une technologie LED \u00e9conome en \u00e9nergie font de cette borne un luminaire moderne pour de nombreux espaces ext\u00e9rieurs. Son design exclusif renforce l&rsquo;expression individuelle et d\u00e9gage une confiance stylistique.<\/p>\n<h3>Caract\u00e9ristiques techniques de la borne de balisage ext\u00e9rieur EP-2012A<\/h3>\n<p>1. Corps en aluminium moul\u00e9 sous pression ; lentille en PC transparent<br \/>\n2. 50pcs*0,5W 2835LED, total 20W, 3000K ; pilote Inventronic, 5 ans de garantie<br \/>\n3. IP65, Classe I, 110V-240V\/50Hz<br \/>\n4. Diam\u00e8tre : \u03a6160mm\/hauteur : 630mm<\/p>\n<p><em>D\u00e9couvrez toutes nos bornes de balisage ext\u00e9rieur <a href=\"https:\/\/altrisacces.fr\/index.php\/categorie-produit\/eclairages-urbains\/bornes-balisage-exterieur\/\">ici<\/a><\/em><\/p>\n","protected":false},"excerpt":{"rendered":"<p>La borne de balisage ext\u00e9rieur EP-2012A \u00e0 un \u00e9clairage blanc chaud\u00a0 \u00e9mis vers le bas par les LED install\u00e9es dans la t\u00eate du luminaire derri\u00e8re un couvercle en verre, selon un angle large, \u00e9clairant les all\u00e9es, les terrasses, etc. de mani\u00e8re \u00e9conomique, sans \u00e9blouissement et agr\u00e9able.<\/p>\n","protected":false},"featured_media":867,"comment_status":"open","ping_status":"closed","template":"","meta":{"_acf_changed":false},"product_cat":[39],"product_tag":[],"class_list":{"0":"post-866","1":"product","2":"type-product","3":"status-publish","4":"has-post-thumbnail","6":"product_cat-bornes-balisage-exterieur","8":"first","9":"instock","10":"shipping-taxable","11":"product-type-simple"},"acf":[],"yoast_head":"<!-- This site is optimized with the Yoast SEO plugin v22.9 - https:\/\/yoast.com\/wordpress\/plugins\/seo\/ -->\n<title>borne de balisage EP-2012A borne de balisage ext\u00e9rieur EP-2012A - Altris<\/title>\n<meta name=\"description\" content=\"La borne de balisage ext\u00e9rieur EP-2012A \u00e0 une forme angulaire, la finition de couleur graphite et l&#039;\u00e9quipement avec une technologie LED \u00e9conome en \u00e9nergie font de cette borne un luminaire moderne\" \/>\n<meta name=\"robots\" content=\"index, follow, max-snippet:-1, max-image-preview:large, max-video-preview:-1\" \/>\n<link rel=\"canonical\" href=\"https:\/\/altrisacces.fr\/index.php\/produit\/ep-2012a\/\" \/>\n<meta property=\"og:locale\" content=\"fr_FR\" \/>\n<meta property=\"og:type\" content=\"article\" \/>\n<meta property=\"og:title\" content=\"borne de balisage EP-2012A borne de balisage ext\u00e9rieur EP-2012A - Altris\" \/>\n<meta property=\"og:description\" content=\"La borne de balisage ext\u00e9rieur EP-2012A \u00e0 une forme angulaire, la finition de couleur graphite et l&#039;\u00e9quipement avec une technologie LED \u00e9conome en \u00e9nergie font de cette borne un luminaire moderne\" \/>\n<meta property=\"og:url\" content=\"https:\/\/altrisacces.fr\/index.php\/produit\/ep-2012a\/\" \/>\n<meta property=\"og:site_name\" content=\"Altris\" \/>\n<meta property=\"article:modified_time\" content=\"2024-06-26T10:11:18+00:00\" \/>\n<meta property=\"og:image\" content=\"https:\/\/altrisacces.fr\/wp-content\/uploads\/2024\/02\/EP-2012A.jpg\" \/>\n\t<meta property=\"og:image:width\" content=\"500\" \/>\n\t<meta property=\"og:image:height\" content=\"500\" \/>\n\t<meta property=\"og:image:type\" content=\"image\/jpeg\" \/>\n<meta name=\"twitter:card\" content=\"summary_large_image\" \/>\n<meta name=\"twitter:label1\" content=\"Dur\u00e9e de lecture estim\u00e9e\" \/>\n\t<meta name=\"twitter:data1\" content=\"1 minute\" \/>\n<script type=\"application\/ld+json\" class=\"yoast-schema-graph\">{\"@context\":\"https:\/\/schema.org\",\"@graph\":[{\"@type\":\"WebPage\",\"@id\":\"https:\/\/altrisacces.fr\/index.php\/produit\/ep-2012a\/\",\"url\":\"https:\/\/altrisacces.fr\/index.php\/produit\/ep-2012a\/\",\"name\":\"borne de balisage EP-2012A borne de balisage ext\u00e9rieur EP-2012A - Altris\",\"isPartOf\":{\"@id\":\"https:\/\/altrisacces.fr\/#website\"},\"primaryImageOfPage\":{\"@id\":\"https:\/\/altrisacces.fr\/index.php\/produit\/ep-2012a\/#primaryimage\"},\"image\":{\"@id\":\"https:\/\/altrisacces.fr\/index.php\/produit\/ep-2012a\/#primaryimage\"},\"thumbnailUrl\":\"https:\/\/altrisacces.fr\/wp-content\/uploads\/2024\/02\/EP-2012A.jpg\",\"datePublished\":\"2024-02-13T07:49:37+00:00\",\"dateModified\":\"2024-06-26T10:11:18+00:00\",\"description\":\"La borne de balisage ext\u00e9rieur EP-2012A \u00e0 une forme angulaire, la finition de couleur graphite et l'\u00e9quipement avec une technologie LED \u00e9conome en \u00e9nergie font de cette borne un luminaire moderne\",\"breadcrumb\":{\"@id\":\"https:\/\/altrisacces.fr\/index.php\/produit\/ep-2012a\/#breadcrumb\"},\"inLanguage\":\"fr-FR\",\"potentialAction\":[{\"@type\":\"ReadAction\",\"target\":[\"https:\/\/altrisacces.fr\/index.php\/produit\/ep-2012a\/\"]}]},{\"@type\":\"ImageObject\",\"inLanguage\":\"fr-FR\",\"@id\":\"https:\/\/altrisacces.fr\/index.php\/produit\/ep-2012a\/#primaryimage\",\"url\":\"https:\/\/altrisacces.fr\/wp-content\/uploads\/2024\/02\/EP-2012A.jpg\",\"contentUrl\":\"https:\/\/altrisacces.fr\/wp-content\/uploads\/2024\/02\/EP-2012A.jpg\",\"width\":500,\"height\":500},{\"@type\":\"BreadcrumbList\",\"@id\":\"https:\/\/altrisacces.fr\/index.php\/produit\/ep-2012a\/#breadcrumb\",\"itemListElement\":[{\"@type\":\"ListItem\",\"position\":1,\"name\":\"Accueil\",\"item\":\"https:\/\/altrisacces.fr\/\"},{\"@type\":\"ListItem\",\"position\":2,\"name\":\"Produits\",\"item\":\"https:\/\/altrisacces.fr\/index.php\/produits\/\"},{\"@type\":\"ListItem\",\"position\":3,\"name\":\"borne de balisage ext\u00e9rieur EP-2012A\"}]},{\"@type\":\"WebSite\",\"@id\":\"https:\/\/altrisacces.fr\/#website\",\"url\":\"https:\/\/altrisacces.fr\/\",\"name\":\"Altris\",\"description\":\"\u00e9clairage LED public, ext\u00e9rieur, tertiaire et industriel\",\"publisher\":{\"@id\":\"https:\/\/altrisacces.fr\/#organization\"},\"potentialAction\":[{\"@type\":\"SearchAction\",\"target\":{\"@type\":\"EntryPoint\",\"urlTemplate\":\"https:\/\/altrisacces.fr\/?s={search_term_string}\"},\"query-input\":\"required name=search_term_string\"}],\"inLanguage\":\"fr-FR\"},{\"@type\":\"Organization\",\"@id\":\"https:\/\/altrisacces.fr\/#organization\",\"name\":\"Altris\",\"url\":\"https:\/\/altrisacces.fr\/\",\"logo\":{\"@type\":\"ImageObject\",\"inLanguage\":\"fr-FR\",\"@id\":\"https:\/\/altrisacces.fr\/#\/schema\/logo\/image\/\",\"url\":\"https:\/\/altrisacces.fr\/wp-content\/uploads\/2023\/10\/logo_Altris.png\",\"contentUrl\":\"https:\/\/altrisacces.fr\/wp-content\/uploads\/2023\/10\/logo_Altris.png\",\"width\":1579,\"height\":1006,\"caption\":\"Altris\"},\"image\":{\"@id\":\"https:\/\/altrisacces.fr\/#\/schema\/logo\/image\/\"}}]}<\/script>\n<!-- \/ Yoast SEO plugin. -->","yoast_head_json":{"title":"borne de balisage EP-2012A borne de balisage ext\u00e9rieur EP-2012A - Altris","description":"La borne de balisage ext\u00e9rieur EP-2012A \u00e0 une forme angulaire, la finition de couleur graphite et l'\u00e9quipement avec une technologie LED \u00e9conome en \u00e9nergie font de cette borne un luminaire moderne","robots":{"index":"index","follow":"follow","max-snippet":"max-snippet:-1","max-image-preview":"max-image-preview:large","max-video-preview":"max-video-preview:-1"},"canonical":"https:\/\/altrisacces.fr\/index.php\/produit\/ep-2012a\/","og_locale":"fr_FR","og_type":"article","og_title":"borne de balisage EP-2012A borne de balisage ext\u00e9rieur EP-2012A - Altris","og_description":"La borne de balisage ext\u00e9rieur EP-2012A \u00e0 une forme angulaire, la finition de couleur graphite et l'\u00e9quipement avec une technologie LED \u00e9conome en \u00e9nergie font de cette borne un luminaire moderne","og_url":"https:\/\/altrisacces.fr\/index.php\/produit\/ep-2012a\/","og_site_name":"Altris","article_modified_time":"2024-06-26T10:11:18+00:00","og_image":[{"width":500,"height":500,"url":"https:\/\/altrisacces.fr\/wp-content\/uploads\/2024\/02\/EP-2012A.jpg","type":"image\/jpeg"}],"twitter_card":"summary_large_image","twitter_misc":{"Dur\u00e9e de lecture estim\u00e9e":"1 minute"},"schema":{"@context":"https:\/\/schema.org","@graph":[{"@type":"WebPage","@id":"https:\/\/altrisacces.fr\/index.php\/produit\/ep-2012a\/","url":"https:\/\/altrisacces.fr\/index.php\/produit\/ep-2012a\/","name":"borne de balisage EP-2012A borne de balisage ext\u00e9rieur EP-2012A - Altris","isPartOf":{"@id":"https:\/\/altrisacces.fr\/#website"},"primaryImageOfPage":{"@id":"https:\/\/altrisacces.fr\/index.php\/produit\/ep-2012a\/#primaryimage"},"image":{"@id":"https:\/\/altrisacces.fr\/index.php\/produit\/ep-2012a\/#primaryimage"},"thumbnailUrl":"https:\/\/altrisacces.fr\/wp-content\/uploads\/2024\/02\/EP-2012A.jpg","datePublished":"2024-02-13T07:49:37+00:00","dateModified":"2024-06-26T10:11:18+00:00","description":"La borne de balisage ext\u00e9rieur EP-2012A \u00e0 une forme angulaire, la finition de couleur graphite et l'\u00e9quipement avec une technologie LED \u00e9conome en \u00e9nergie font de cette borne un luminaire moderne","breadcrumb":{"@id":"https:\/\/altrisacces.fr\/index.php\/produit\/ep-2012a\/#breadcrumb"},"inLanguage":"fr-FR","potentialAction":[{"@type":"ReadAction","target":["https:\/\/altrisacces.fr\/index.php\/produit\/ep-2012a\/"]}]},{"@type":"ImageObject","inLanguage":"fr-FR","@id":"https:\/\/altrisacces.fr\/index.php\/produit\/ep-2012a\/#primaryimage","url":"https:\/\/altrisacces.fr\/wp-content\/uploads\/2024\/02\/EP-2012A.jpg","contentUrl":"https:\/\/altrisacces.fr\/wp-content\/uploads\/2024\/02\/EP-2012A.jpg","width":500,"height":500},{"@type":"BreadcrumbList","@id":"https:\/\/altrisacces.fr\/index.php\/produit\/ep-2012a\/#breadcrumb","itemListElement":[{"@type":"ListItem","position":1,"name":"Accueil","item":"https:\/\/altrisacces.fr\/"},{"@type":"ListItem","position":2,"name":"Produits","item":"https:\/\/altrisacces.fr\/index.php\/produits\/"},{"@type":"ListItem","position":3,"name":"borne de balisage ext\u00e9rieur EP-2012A"}]},{"@type":"WebSite","@id":"https:\/\/altrisacces.fr\/#website","url":"https:\/\/altrisacces.fr\/","name":"Altris","description":"\u00e9clairage LED public, ext\u00e9rieur, tertiaire et industriel","publisher":{"@id":"https:\/\/altrisacces.fr\/#organization"},"potentialAction":[{"@type":"SearchAction","target":{"@type":"EntryPoint","urlTemplate":"https:\/\/altrisacces.fr\/?s={search_term_string}"},"query-input":"required name=search_term_string"}],"inLanguage":"fr-FR"},{"@type":"Organization","@id":"https:\/\/altrisacces.fr\/#organization","name":"Altris","url":"https:\/\/altrisacces.fr\/","logo":{"@type":"ImageObject","inLanguage":"fr-FR","@id":"https:\/\/altrisacces.fr\/#\/schema\/logo\/image\/","url":"https:\/\/altrisacces.fr\/wp-content\/uploads\/2023\/10\/logo_Altris.png","contentUrl":"https:\/\/altrisacces.fr\/wp-content\/uploads\/2023\/10\/logo_Altris.png","width":1579,"height":1006,"caption":"Altris"},"image":{"@id":"https:\/\/altrisacces.fr\/#\/schema\/logo\/image\/"}}]}},"_links":{"self":[{"href":"https:\/\/altrisacces.fr\/index.php\/wp-json\/wp\/v2\/product\/866","targetHints":{"allow":["GET"]}}],"collection":[{"href":"https:\/\/altrisacces.fr\/index.php\/wp-json\/wp\/v2\/product"}],"about":[{"href":"https:\/\/altrisacces.fr\/index.php\/wp-json\/wp\/v2\/types\/product"}],"replies":[{"embeddable":true,"href":"https:\/\/altrisacces.fr\/index.php\/wp-json\/wp\/v2\/comments?post=866"}],"wp:featuredmedia":[{"embeddable":true,"href":"https:\/\/altrisacces.fr\/index.php\/wp-json\/wp\/v2\/media\/867"}],"wp:attachment":[{"href":"https:\/\/altrisacces.fr\/index.php\/wp-json\/wp\/v2\/media?parent=866"}],"wp:term":[{"taxonomy":"product_cat","embeddable":true,"href":"https:\/\/altrisacces.fr\/index.php\/wp-json\/wp\/v2\/product_cat?post=866"},{"taxonomy":"product_tag","embeddable":true,"href":"https:\/\/altrisacces.fr\/index.php\/wp-json\/wp\/v2\/product_tag?post=866"}],"curies":[{"name":"wp","href":"https:\/\/api.w.org\/{rel}","templated":true}]}}