{"id":897,"date":"2024-02-13T11:53:14","date_gmt":"2024-02-13T10:53:14","guid":{"rendered":"https:\/\/altrisacces.fr\/?post_type=product&#038;p=897"},"modified":"2024-06-26T15:57:21","modified_gmt":"2024-06-26T13:57:21","slug":"projecteur-marine-grade-led-flood-light-600w-2","status":"publish","type":"product","link":"https:\/\/altrisacces.fr\/index.php\/produit\/projecteur-marine-grade-led-flood-light-600w-2\/","title":{"rendered":"Projecteur Marine FR-AREA600W"},"content":{"rendered":"<p>Le projecteur Marine FR-AREA600W est le dernier n\u00e9 de la gamme de projecteurs \u00e0 LED de qualit\u00e9 marine. Ce produit a \u00e9t\u00e9 sp\u00e9cialement con\u00e7u pour les navires de mer et les environnements c\u00f4tiers. La gamme de projecteurs de qualit\u00e9 marine commence \u00e0 350 watts et s&rsquo;\u00e9tend jusqu&rsquo;\u00e0 600 watts. Ils sont tous \u00e9quip\u00e9s du pilote Meanwell et ont tous un rendement lumineux de plus de 120 lumens par watt. Les angles de rayonnement varient de 10 \u00e0 36 degr\u00e9s.<\/p>\n<p>Ce projecteur \u00e0 LED de qualit\u00e9 marine 600W est livr\u00e9 avec une protection contre le sel et les supports et fixations sont tous fabriqu\u00e9s en acier inoxydable 316.<\/p>\n<p>L&rsquo;ensemble du projecteur est dot\u00e9 d&rsquo;une r\u00e9sistance au brouillard <em>salin<\/em> AkzoNobel avec une garantie anticorrosion de 10 ans.<\/p>\n<p><strong>Sp\u00e9cifications du projecteur Marine Grade LED Flood Light 600W<\/strong><\/p>\n<table width=\"488\">\n<tbody>\n<tr>\n<td width=\"217\">Model<\/td>\n<td width=\"271\">FR-AREA600W<\/td>\n<\/tr>\n<tr>\n<td width=\"217\">Power<\/td>\n<td width=\"271\">600W<\/td>\n<\/tr>\n<tr>\n<td width=\"217\">Lumen<\/td>\n<td width=\"271\">72000 LM \u00b15%<\/td>\n<\/tr>\n<tr>\n<td width=\"217\">Luminous<br \/>\nEfficiency<\/td>\n<td width=\"271\">120LM\/W \u00b15%<\/td>\n<\/tr>\n<tr>\n<td width=\"217\">Beam Angle<\/td>\n<td width=\"271\">10\u00b0 15\u00b0 24\u00b0 36\u00b0<\/td>\n<\/tr>\n<tr>\n<td width=\"217\">LED<\/td>\n<td width=\"271\">Nicha<\/td>\n<\/tr>\n<tr>\n<td width=\"217\">Input Voltage<\/td>\n<td width=\"271\">90-305VAC<\/td>\n<\/tr>\n<tr>\n<td width=\"217\">Power Factor<\/td>\n<td width=\"271\">&gt;0.95<\/td>\n<\/tr>\n<tr>\n<td width=\"217\">Material<\/td>\n<td width=\"271\">AL+Tempered Glass<\/td>\n<\/tr>\n<tr>\n<td width=\"217\">CCT<\/td>\n<td width=\"271\">2700-6500K<\/td>\n<\/tr>\n<tr>\n<td width=\"217\">Environment\u00a0 Temperature<\/td>\n<td width=\"271\">-20\u00b0~50\u00b0<\/td>\n<\/tr>\n<tr>\n<td width=\"217\">IP Rating<\/td>\n<td width=\"271\">IP65<\/td>\n<\/tr>\n<tr>\n<td width=\"217\">Working Life<\/td>\n<td width=\"271\">50000hrs<\/td>\n<\/tr>\n<tr>\n<td width=\"217\">Certificates<\/td>\n<td width=\"271\">CE ROHS<\/td>\n<\/tr>\n<tr>\n<td width=\"217\">Warranty<\/td>\n<td width=\"271\">\u00a05 years<\/td>\n<\/tr>\n<tr>\n<td width=\"217\">Size<\/td>\n<td width=\"271\">\n<p class=\"p1\">690*708*94mm<\/p>\n<\/td>\n<\/tr>\n<tr>\n<td width=\"217\">Packing\u00a0(cm)<\/td>\n<td width=\"271\">80*80*15\/26KGS\/1PCS<\/td>\n<\/tr>\n<\/tbody>\n<\/table>\n<p><em>Retrouvez notre gamme compl\u00e8te de projecteurs <a href=\"https:\/\/altrisacces.fr\/index.php\/categorie-produit\/projecteurs\/\">ici<\/a><\/em><\/p>\n","protected":false},"excerpt":{"rendered":"<p>Le projecteur Marine FR-AREA600W est le dernier n\u00e9 de la gamme de projecteurs \u00e0 LED de qualit\u00e9 marine. Ce produit a \u00e9t\u00e9 sp\u00e9cialement con\u00e7u pour les navires de mer et les environnements c\u00f4tiers. La gamme de projecteurs de qualit\u00e9 marine commence \u00e0 350 watts et s&rsquo;\u00e9tend jusqu&rsquo;\u00e0 600 watts. Ils sont tous \u00e9quip\u00e9s du pilote Meanwell et ont tous un rendement lumineux de plus de 120 lumens par watt. Les angles de rayonnement varient de 10 \u00e0 36 degr\u00e9s.<\/p>\n<p>Ce projecteur \u00e0 LED de 600W est livr\u00e9 avec une protection suppl\u00e9mentaire contre le sel et les supports et fixations sont tous fabriqu\u00e9s en acier inoxydable 316.<\/p>\n","protected":false},"featured_media":894,"comment_status":"open","ping_status":"closed","template":"","meta":{"_acf_changed":false},"product_cat":[38],"product_tag":[],"class_list":{"0":"post-897","1":"product","2":"type-product","3":"status-publish","4":"has-post-thumbnail","6":"product_cat-projecteurs","8":"first","9":"instock","10":"shipping-taxable","11":"product-type-simple"},"acf":[],"yoast_head":"<!-- This site is optimized with the Yoast SEO plugin v22.9 - https:\/\/yoast.com\/wordpress\/plugins\/seo\/ -->\n<title>Projecteur Marine FR-AREA600W - Altris | Eclairages LED<\/title>\n<meta name=\"description\" content=\"Le projecteur Marine FR-AREA600W est le dernier n\u00e9 de la gamme de projecteurs \u00e0 LED de qualit\u00e9 marine. Ce produit a \u00e9t\u00e9 sp\u00e9cialement con\u00e7u pour les navires de mer et les environnements c\u00f4tiers.\" \/>\n<meta name=\"robots\" content=\"index, follow, max-snippet:-1, max-image-preview:large, max-video-preview:-1\" \/>\n<link rel=\"canonical\" href=\"https:\/\/altrisacces.fr\/index.php\/produit\/projecteur-marine-grade-led-flood-light-600w-2\/\" \/>\n<meta property=\"og:locale\" content=\"fr_FR\" \/>\n<meta property=\"og:type\" content=\"article\" \/>\n<meta property=\"og:title\" content=\"Projecteur Marine FR-AREA600W - Altris | Eclairages LED\" \/>\n<meta property=\"og:description\" content=\"Le projecteur Marine FR-AREA600W est le dernier n\u00e9 de la gamme de projecteurs \u00e0 LED de qualit\u00e9 marine. Ce produit a \u00e9t\u00e9 sp\u00e9cialement con\u00e7u pour les navires de mer et les environnements c\u00f4tiers.\" \/>\n<meta property=\"og:url\" content=\"https:\/\/altrisacces.fr\/index.php\/produit\/projecteur-marine-grade-led-flood-light-600w-2\/\" \/>\n<meta property=\"og:site_name\" content=\"Altris\" \/>\n<meta property=\"article:modified_time\" content=\"2024-06-26T13:57:21+00:00\" \/>\n<meta property=\"og:image\" content=\"https:\/\/altrisacces.fr\/wp-content\/uploads\/2024\/02\/Marine-Grade-LED-Flood-Light-500W.jpg\" \/>\n\t<meta property=\"og:image:width\" content=\"600\" \/>\n\t<meta property=\"og:image:height\" content=\"400\" \/>\n\t<meta property=\"og:image:type\" content=\"image\/jpeg\" \/>\n<meta name=\"twitter:card\" content=\"summary_large_image\" \/>\n<meta name=\"twitter:label1\" content=\"Dur\u00e9e de lecture estim\u00e9e\" \/>\n\t<meta name=\"twitter:data1\" content=\"2 minutes\" \/>\n<script type=\"application\/ld+json\" class=\"yoast-schema-graph\">{\"@context\":\"https:\/\/schema.org\",\"@graph\":[{\"@type\":\"WebPage\",\"@id\":\"https:\/\/altrisacces.fr\/index.php\/produit\/projecteur-marine-grade-led-flood-light-600w-2\/\",\"url\":\"https:\/\/altrisacces.fr\/index.php\/produit\/projecteur-marine-grade-led-flood-light-600w-2\/\",\"name\":\"Projecteur Marine FR-AREA600W - Altris | Eclairages LED\",\"isPartOf\":{\"@id\":\"https:\/\/altrisacces.fr\/#website\"},\"primaryImageOfPage\":{\"@id\":\"https:\/\/altrisacces.fr\/index.php\/produit\/projecteur-marine-grade-led-flood-light-600w-2\/#primaryimage\"},\"image\":{\"@id\":\"https:\/\/altrisacces.fr\/index.php\/produit\/projecteur-marine-grade-led-flood-light-600w-2\/#primaryimage\"},\"thumbnailUrl\":\"https:\/\/altrisacces.fr\/wp-content\/uploads\/2024\/02\/Marine-Grade-LED-Flood-Light-500W.jpg\",\"datePublished\":\"2024-02-13T10:53:14+00:00\",\"dateModified\":\"2024-06-26T13:57:21+00:00\",\"description\":\"Le projecteur Marine FR-AREA600W est le dernier n\u00e9 de la gamme de projecteurs \u00e0 LED de qualit\u00e9 marine. Ce produit a \u00e9t\u00e9 sp\u00e9cialement con\u00e7u pour les navires de mer et les environnements c\u00f4tiers.\",\"breadcrumb\":{\"@id\":\"https:\/\/altrisacces.fr\/index.php\/produit\/projecteur-marine-grade-led-flood-light-600w-2\/#breadcrumb\"},\"inLanguage\":\"fr-FR\",\"potentialAction\":[{\"@type\":\"ReadAction\",\"target\":[\"https:\/\/altrisacces.fr\/index.php\/produit\/projecteur-marine-grade-led-flood-light-600w-2\/\"]}]},{\"@type\":\"ImageObject\",\"inLanguage\":\"fr-FR\",\"@id\":\"https:\/\/altrisacces.fr\/index.php\/produit\/projecteur-marine-grade-led-flood-light-600w-2\/#primaryimage\",\"url\":\"https:\/\/altrisacces.fr\/wp-content\/uploads\/2024\/02\/Marine-Grade-LED-Flood-Light-500W.jpg\",\"contentUrl\":\"https:\/\/altrisacces.fr\/wp-content\/uploads\/2024\/02\/Marine-Grade-LED-Flood-Light-500W.jpg\",\"width\":600,\"height\":400},{\"@type\":\"BreadcrumbList\",\"@id\":\"https:\/\/altrisacces.fr\/index.php\/produit\/projecteur-marine-grade-led-flood-light-600w-2\/#breadcrumb\",\"itemListElement\":[{\"@type\":\"ListItem\",\"position\":1,\"name\":\"Accueil\",\"item\":\"https:\/\/altrisacces.fr\/\"},{\"@type\":\"ListItem\",\"position\":2,\"name\":\"Produits\",\"item\":\"https:\/\/altrisacces.fr\/index.php\/produits\/\"},{\"@type\":\"ListItem\",\"position\":3,\"name\":\"Projecteur Marine FR-AREA600W\"}]},{\"@type\":\"WebSite\",\"@id\":\"https:\/\/altrisacces.fr\/#website\",\"url\":\"https:\/\/altrisacces.fr\/\",\"name\":\"Altris\",\"description\":\"\u00e9clairage LED public, ext\u00e9rieur, tertiaire et industriel\",\"publisher\":{\"@id\":\"https:\/\/altrisacces.fr\/#organization\"},\"potentialAction\":[{\"@type\":\"SearchAction\",\"target\":{\"@type\":\"EntryPoint\",\"urlTemplate\":\"https:\/\/altrisacces.fr\/?s={search_term_string}\"},\"query-input\":\"required name=search_term_string\"}],\"inLanguage\":\"fr-FR\"},{\"@type\":\"Organization\",\"@id\":\"https:\/\/altrisacces.fr\/#organization\",\"name\":\"Altris\",\"url\":\"https:\/\/altrisacces.fr\/\",\"logo\":{\"@type\":\"ImageObject\",\"inLanguage\":\"fr-FR\",\"@id\":\"https:\/\/altrisacces.fr\/#\/schema\/logo\/image\/\",\"url\":\"https:\/\/altrisacces.fr\/wp-content\/uploads\/2023\/10\/logo_Altris.png\",\"contentUrl\":\"https:\/\/altrisacces.fr\/wp-content\/uploads\/2023\/10\/logo_Altris.png\",\"width\":1579,\"height\":1006,\"caption\":\"Altris\"},\"image\":{\"@id\":\"https:\/\/altrisacces.fr\/#\/schema\/logo\/image\/\"}}]}<\/script>\n<!-- \/ Yoast SEO plugin. -->","yoast_head_json":{"title":"Projecteur Marine FR-AREA600W - Altris | Eclairages LED","description":"Le projecteur Marine FR-AREA600W est le dernier n\u00e9 de la gamme de projecteurs \u00e0 LED de qualit\u00e9 marine. Ce produit a \u00e9t\u00e9 sp\u00e9cialement con\u00e7u pour les navires de mer et les environnements c\u00f4tiers.","robots":{"index":"index","follow":"follow","max-snippet":"max-snippet:-1","max-image-preview":"max-image-preview:large","max-video-preview":"max-video-preview:-1"},"canonical":"https:\/\/altrisacces.fr\/index.php\/produit\/projecteur-marine-grade-led-flood-light-600w-2\/","og_locale":"fr_FR","og_type":"article","og_title":"Projecteur Marine FR-AREA600W - Altris | Eclairages LED","og_description":"Le projecteur Marine FR-AREA600W est le dernier n\u00e9 de la gamme de projecteurs \u00e0 LED de qualit\u00e9 marine. Ce produit a \u00e9t\u00e9 sp\u00e9cialement con\u00e7u pour les navires de mer et les environnements c\u00f4tiers.","og_url":"https:\/\/altrisacces.fr\/index.php\/produit\/projecteur-marine-grade-led-flood-light-600w-2\/","og_site_name":"Altris","article_modified_time":"2024-06-26T13:57:21+00:00","og_image":[{"width":600,"height":400,"url":"https:\/\/altrisacces.fr\/wp-content\/uploads\/2024\/02\/Marine-Grade-LED-Flood-Light-500W.jpg","type":"image\/jpeg"}],"twitter_card":"summary_large_image","twitter_misc":{"Dur\u00e9e de lecture estim\u00e9e":"2 minutes"},"schema":{"@context":"https:\/\/schema.org","@graph":[{"@type":"WebPage","@id":"https:\/\/altrisacces.fr\/index.php\/produit\/projecteur-marine-grade-led-flood-light-600w-2\/","url":"https:\/\/altrisacces.fr\/index.php\/produit\/projecteur-marine-grade-led-flood-light-600w-2\/","name":"Projecteur Marine FR-AREA600W - Altris | Eclairages LED","isPartOf":{"@id":"https:\/\/altrisacces.fr\/#website"},"primaryImageOfPage":{"@id":"https:\/\/altrisacces.fr\/index.php\/produit\/projecteur-marine-grade-led-flood-light-600w-2\/#primaryimage"},"image":{"@id":"https:\/\/altrisacces.fr\/index.php\/produit\/projecteur-marine-grade-led-flood-light-600w-2\/#primaryimage"},"thumbnailUrl":"https:\/\/altrisacces.fr\/wp-content\/uploads\/2024\/02\/Marine-Grade-LED-Flood-Light-500W.jpg","datePublished":"2024-02-13T10:53:14+00:00","dateModified":"2024-06-26T13:57:21+00:00","description":"Le projecteur Marine FR-AREA600W est le dernier n\u00e9 de la gamme de projecteurs \u00e0 LED de qualit\u00e9 marine. Ce produit a \u00e9t\u00e9 sp\u00e9cialement con\u00e7u pour les navires de mer et les environnements c\u00f4tiers.","breadcrumb":{"@id":"https:\/\/altrisacces.fr\/index.php\/produit\/projecteur-marine-grade-led-flood-light-600w-2\/#breadcrumb"},"inLanguage":"fr-FR","potentialAction":[{"@type":"ReadAction","target":["https:\/\/altrisacces.fr\/index.php\/produit\/projecteur-marine-grade-led-flood-light-600w-2\/"]}]},{"@type":"ImageObject","inLanguage":"fr-FR","@id":"https:\/\/altrisacces.fr\/index.php\/produit\/projecteur-marine-grade-led-flood-light-600w-2\/#primaryimage","url":"https:\/\/altrisacces.fr\/wp-content\/uploads\/2024\/02\/Marine-Grade-LED-Flood-Light-500W.jpg","contentUrl":"https:\/\/altrisacces.fr\/wp-content\/uploads\/2024\/02\/Marine-Grade-LED-Flood-Light-500W.jpg","width":600,"height":400},{"@type":"BreadcrumbList","@id":"https:\/\/altrisacces.fr\/index.php\/produit\/projecteur-marine-grade-led-flood-light-600w-2\/#breadcrumb","itemListElement":[{"@type":"ListItem","position":1,"name":"Accueil","item":"https:\/\/altrisacces.fr\/"},{"@type":"ListItem","position":2,"name":"Produits","item":"https:\/\/altrisacces.fr\/index.php\/produits\/"},{"@type":"ListItem","position":3,"name":"Projecteur Marine FR-AREA600W"}]},{"@type":"WebSite","@id":"https:\/\/altrisacces.fr\/#website","url":"https:\/\/altrisacces.fr\/","name":"Altris","description":"\u00e9clairage LED public, ext\u00e9rieur, tertiaire et industriel","publisher":{"@id":"https:\/\/altrisacces.fr\/#organization"},"potentialAction":[{"@type":"SearchAction","target":{"@type":"EntryPoint","urlTemplate":"https:\/\/altrisacces.fr\/?s={search_term_string}"},"query-input":"required name=search_term_string"}],"inLanguage":"fr-FR"},{"@type":"Organization","@id":"https:\/\/altrisacces.fr\/#organization","name":"Altris","url":"https:\/\/altrisacces.fr\/","logo":{"@type":"ImageObject","inLanguage":"fr-FR","@id":"https:\/\/altrisacces.fr\/#\/schema\/logo\/image\/","url":"https:\/\/altrisacces.fr\/wp-content\/uploads\/2023\/10\/logo_Altris.png","contentUrl":"https:\/\/altrisacces.fr\/wp-content\/uploads\/2023\/10\/logo_Altris.png","width":1579,"height":1006,"caption":"Altris"},"image":{"@id":"https:\/\/altrisacces.fr\/#\/schema\/logo\/image\/"}}]}},"_links":{"self":[{"href":"https:\/\/altrisacces.fr\/index.php\/wp-json\/wp\/v2\/product\/897","targetHints":{"allow":["GET"]}}],"collection":[{"href":"https:\/\/altrisacces.fr\/index.php\/wp-json\/wp\/v2\/product"}],"about":[{"href":"https:\/\/altrisacces.fr\/index.php\/wp-json\/wp\/v2\/types\/product"}],"replies":[{"embeddable":true,"href":"https:\/\/altrisacces.fr\/index.php\/wp-json\/wp\/v2\/comments?post=897"}],"wp:featuredmedia":[{"embeddable":true,"href":"https:\/\/altrisacces.fr\/index.php\/wp-json\/wp\/v2\/media\/894"}],"wp:attachment":[{"href":"https:\/\/altrisacces.fr\/index.php\/wp-json\/wp\/v2\/media?parent=897"}],"wp:term":[{"taxonomy":"product_cat","embeddable":true,"href":"https:\/\/altrisacces.fr\/index.php\/wp-json\/wp\/v2\/product_cat?post=897"},{"taxonomy":"product_tag","embeddable":true,"href":"https:\/\/altrisacces.fr\/index.php\/wp-json\/wp\/v2\/product_tag?post=897"}],"curies":[{"name":"wp","href":"https:\/\/api.w.org\/{rel}","templated":true}]}}