{"id":898,"date":"2024-02-13T14:18:39","date_gmt":"2024-02-13T13:18:39","guid":{"rendered":"https:\/\/altrisacces.fr\/?post_type=product&#038;p=898"},"modified":"2024-06-26T16:05:53","modified_gmt":"2024-06-26T14:05:53","slug":"asymmetric-led-aera240b","status":"publish","type":"product","link":"https:\/\/altrisacces.fr\/index.php\/produit\/asymmetric-led-aera240b\/","title":{"rendered":"Projecteur Asymmetric LED Area240B"},"content":{"rendered":"<p>Le projecteur Asymmetric LED Area240B se caract\u00e9rise par un design \u00e9pur\u00e9 et une \u00e9paisseur minimale. Il g\u00e9n\u00e8re un flux lumineux d&rsquo;une intensit\u00e9 et d&rsquo;une qualit\u00e9 visuelle extraordinaires. Disponible en version sym\u00e9trique et asym\u00e9trique, il est pr\u00eat \u00e0 accueillir le syst\u00e8me DALI (disponible sur demande), n\u00e9cessaire pour g\u00e9rer la quantit\u00e9 de lumi\u00e8re. La version asym\u00e9trique est caract\u00e9ris\u00e9e par une optique scoop innovante qui garantit une luminance plus faible et donc un confort visuel \u00e9lev\u00e9.<\/p>\n<p>Le projecteur Asymmetric LED Area240B est un projecteur ultra-mince et ultra-performant pour l&rsquo;ext\u00e9rieur, con\u00e7u pour mettre en valeur des fa\u00e7ades importantes ou des \u00e9l\u00e9ments architecturaux sp\u00e9cifiques, publics ou priv\u00e9s. Son syst\u00e8me optique unique et brevet\u00e9 assure une intensit\u00e9 lumineuse de haut niveau. Le corps de l&rsquo;\u00e9clairage en aluminium moul\u00e9 sous pression re\u00e7oit un double rev\u00eatement pour garantir une r\u00e9sistance appropri\u00e9e \u00e0 l&rsquo;oxydation et aux intemp\u00e9ries. L&rsquo;\u00e9clairage de zone \u00e0 LED asym\u00e9trique est conforme aux normes IP66&amp;IK10. Des puissances de 75W, 100W, 150W, 200W, 240W sont disponibles pour cette s\u00e9rie.<\/p>\n<h3><strong>Optique confortable<\/strong><\/h3>\n<p>La configuration sp\u00e9cifique des lentilles fait que la source lumineuse est derri\u00e8re le diffuseur et donc hors de vue. Le syst\u00e8me optique concentre le faisceau lumineux et produit une lumi\u00e8re confortable ; l&rsquo;\u00e9blouissement direct est donc r\u00e9duit au minimum.<\/p>\n<h3><strong>R\u00e9glable \u00e0 180\u00b0<\/strong><\/h3>\n<p>Pour assurer une grande flexibilit\u00e9 dans l&rsquo;orientation du faisceau, le produit est fourni avec un support horizontal r\u00e9glable \u00e0 180\u00b0.<\/p>\n<h3><strong>Vari\u00e9t\u00e9 d&rsquo;optiques<\/strong><\/h3>\n<p>La lentille optique Streamline, de conception unique, est \u00e9quip\u00e9e en usine de lentilles sym\u00e9triques ou asym\u00e9triques.<\/p>\n<h3><strong>Sp\u00e9cifications du projecteur Asymmetric LED Area240B<\/strong><\/h3>\n<table width=\"644\">\n<tbody>\n<tr>\n<td width=\"175\">Model<\/td>\n<td width=\"469\"><strong>Area240B<\/strong><\/td>\n<\/tr>\n<tr>\n<td width=\"175\">Power<\/td>\n<td width=\"469\">240W<\/td>\n<\/tr>\n<tr>\n<td width=\"175\">Lumen<\/td>\n<td width=\"469\">33,600 LM \u00b15%<\/td>\n<\/tr>\n<tr>\n<td width=\"175\">Lumen efficacy<\/td>\n<td width=\"469\">140LM\/W<\/td>\n<\/tr>\n<tr>\n<td width=\"175\">Beam Angle<\/td>\n<td width=\"469\">ANB: 32\u00b0*84\u00b0\/AWB: 50\u00b0*88\u00b0\/SNB: 25\u00b0*75\u00b0\/SWB: 36\u00b0*88\u00b0<\/td>\n<\/tr>\n<tr>\n<td width=\"175\">LED<\/td>\n<td width=\"469\">Nicha 3030<\/td>\n<\/tr>\n<tr>\n<td width=\"175\">Driver<\/td>\n<td width=\"469\">Meanwell<\/td>\n<\/tr>\n<tr>\n<td width=\"175\">Input Voltage<\/td>\n<td width=\"469\">90-305VAC\/AC200-480V<\/td>\n<\/tr>\n<tr>\n<td width=\"175\">Power Factor<\/td>\n<td width=\"469\">&gt;0.95<\/td>\n<\/tr>\n<tr>\n<td width=\"175\">Material<\/td>\n<td width=\"469\">AL+PC lens<\/td>\n<\/tr>\n<tr>\n<td width=\"175\">CCT<\/td>\n<td width=\"469\">3000\/4000\/5000\/5700\/6000K<\/td>\n<\/tr>\n<tr>\n<td width=\"175\">Dimming (Optional)<\/td>\n<td width=\"469\">\u00a01-10V or Dali Dimming<\/td>\n<\/tr>\n<tr>\n<td width=\"175\">Environment\u00a0 Temperature<\/td>\n<td width=\"469\">-40\u00b0~50\u00b0<\/td>\n<\/tr>\n<tr>\n<td width=\"175\">IP Rating<\/td>\n<td width=\"469\">IP66&amp;IK10<\/td>\n<\/tr>\n<tr>\n<td width=\"175\">Working Life<\/td>\n<td width=\"469\">L80B10 rated 50000hrs<\/td>\n<\/tr>\n<tr>\n<td width=\"175\">Certificates<\/td>\n<td width=\"469\">CE ROHS ETL SAA CB<\/td>\n<\/tr>\n<tr>\n<td width=\"175\">Warranty<\/td>\n<td width=\"469\">5 years<\/td>\n<\/tr>\n<tr>\n<td width=\"175\">Size<\/td>\n<td width=\"469\">441(L)*374(W)*50(H)mm<\/td>\n<\/tr>\n<tr>\n<td width=\"175\">Packing (mm)<\/td>\n<td width=\"469\">520*170*440MM\/15KGS(2PCS\/CTN)<\/td>\n<\/tr>\n<\/tbody>\n<\/table>\n<p><em>Retrouvez notre gamme compl\u00e8te de projecteurs <a href=\"https:\/\/altrisacces.fr\/index.php\/categorie-produit\/projecteurs\/\">ici<\/a><\/em><\/p>\n","protected":false},"excerpt":{"rendered":"<p>Le projecteur Asymmetric LED Area240B est un projecteur ultra-mince et ultra-performant pour l&rsquo;ext\u00e9rieur, con\u00e7u pour mettre en valeur des \u00e9l\u00e9ments architecturaux publics ou priv\u00e9s.<\/p>\n<p>Le projecteur Asymmetric LED Area240B se caract\u00e9rise par un design \u00e9pur\u00e9 et une \u00e9paisseur minimale. Il g\u00e9n\u00e8re un flux lumineux d&rsquo;une intensit\u00e9 et d&rsquo;une qualit\u00e9 visuelle extraordinaires. Disponible en version sym\u00e9trique et asym\u00e9trique, il est pr\u00eat \u00e0 accueillir le syst\u00e8me DALI (disponible sur demande), n\u00e9cessaire pour g\u00e9rer la quantit\u00e9 de lumi\u00e8re. La version asym\u00e9trique est caract\u00e9ris\u00e9e par une optique scoop innovante qui garantit une luminance plus faible et donc un confort visuel \u00e9lev\u00e9.<\/p>\n","protected":false},"featured_media":899,"comment_status":"open","ping_status":"closed","template":"","meta":{"_acf_changed":false},"product_cat":[38],"product_tag":[],"class_list":{"0":"post-898","1":"product","2":"type-product","3":"status-publish","4":"has-post-thumbnail","6":"product_cat-projecteurs","8":"first","9":"instock","10":"shipping-taxable","11":"product-type-simple"},"acf":[],"yoast_head":"<!-- This site is optimized with the Yoast SEO plugin v22.9 - https:\/\/yoast.com\/wordpress\/plugins\/seo\/ -->\n<title>Projecteur Asymmetric LED Area240B - Altris | Eclairages LED<\/title>\n<meta name=\"description\" content=\"Le projecteur Asymmetric LED Area240B se caract\u00e9rise par un design \u00e9pur\u00e9 et une \u00e9paisseur minimale. Il g\u00e9n\u00e8re un flux lumineux d&#039;une intensit\u00e9 et d&#039;une qualit\u00e9 visuelle extraordinaires\" \/>\n<meta name=\"robots\" content=\"index, follow, max-snippet:-1, max-image-preview:large, max-video-preview:-1\" \/>\n<link rel=\"canonical\" href=\"https:\/\/altrisacces.fr\/index.php\/produit\/asymmetric-led-aera240b\/\" \/>\n<meta property=\"og:locale\" content=\"fr_FR\" \/>\n<meta property=\"og:type\" content=\"article\" \/>\n<meta property=\"og:title\" content=\"Projecteur Asymmetric LED Area240B - Altris | Eclairages LED\" \/>\n<meta property=\"og:description\" content=\"Le projecteur Asymmetric LED Area240B se caract\u00e9rise par un design \u00e9pur\u00e9 et une \u00e9paisseur minimale. Il g\u00e9n\u00e8re un flux lumineux d&#039;une intensit\u00e9 et d&#039;une qualit\u00e9 visuelle extraordinaires\" \/>\n<meta property=\"og:url\" content=\"https:\/\/altrisacces.fr\/index.php\/produit\/asymmetric-led-aera240b\/\" \/>\n<meta property=\"og:site_name\" content=\"Altris\" \/>\n<meta property=\"article:modified_time\" content=\"2024-06-26T14:05:53+00:00\" \/>\n<meta property=\"og:image\" content=\"https:\/\/altrisacces.fr\/wp-content\/uploads\/2024\/02\/Asymmetric-LED-area-Light-240W.jpg\" \/>\n\t<meta property=\"og:image:width\" content=\"600\" \/>\n\t<meta property=\"og:image:height\" content=\"400\" \/>\n\t<meta property=\"og:image:type\" content=\"image\/jpeg\" \/>\n<meta name=\"twitter:card\" content=\"summary_large_image\" \/>\n<meta name=\"twitter:label1\" content=\"Dur\u00e9e de lecture estim\u00e9e\" \/>\n\t<meta name=\"twitter:data1\" content=\"2 minutes\" \/>\n<script type=\"application\/ld+json\" class=\"yoast-schema-graph\">{\"@context\":\"https:\/\/schema.org\",\"@graph\":[{\"@type\":\"WebPage\",\"@id\":\"https:\/\/altrisacces.fr\/index.php\/produit\/asymmetric-led-aera240b\/\",\"url\":\"https:\/\/altrisacces.fr\/index.php\/produit\/asymmetric-led-aera240b\/\",\"name\":\"Projecteur Asymmetric LED Area240B - Altris | Eclairages LED\",\"isPartOf\":{\"@id\":\"https:\/\/altrisacces.fr\/#website\"},\"primaryImageOfPage\":{\"@id\":\"https:\/\/altrisacces.fr\/index.php\/produit\/asymmetric-led-aera240b\/#primaryimage\"},\"image\":{\"@id\":\"https:\/\/altrisacces.fr\/index.php\/produit\/asymmetric-led-aera240b\/#primaryimage\"},\"thumbnailUrl\":\"https:\/\/altrisacces.fr\/wp-content\/uploads\/2024\/02\/Asymmetric-LED-area-Light-240W.jpg\",\"datePublished\":\"2024-02-13T13:18:39+00:00\",\"dateModified\":\"2024-06-26T14:05:53+00:00\",\"description\":\"Le projecteur Asymmetric LED Area240B se caract\u00e9rise par un design \u00e9pur\u00e9 et une \u00e9paisseur minimale. Il g\u00e9n\u00e8re un flux lumineux d'une intensit\u00e9 et d'une qualit\u00e9 visuelle extraordinaires\",\"breadcrumb\":{\"@id\":\"https:\/\/altrisacces.fr\/index.php\/produit\/asymmetric-led-aera240b\/#breadcrumb\"},\"inLanguage\":\"fr-FR\",\"potentialAction\":[{\"@type\":\"ReadAction\",\"target\":[\"https:\/\/altrisacces.fr\/index.php\/produit\/asymmetric-led-aera240b\/\"]}]},{\"@type\":\"ImageObject\",\"inLanguage\":\"fr-FR\",\"@id\":\"https:\/\/altrisacces.fr\/index.php\/produit\/asymmetric-led-aera240b\/#primaryimage\",\"url\":\"https:\/\/altrisacces.fr\/wp-content\/uploads\/2024\/02\/Asymmetric-LED-area-Light-240W.jpg\",\"contentUrl\":\"https:\/\/altrisacces.fr\/wp-content\/uploads\/2024\/02\/Asymmetric-LED-area-Light-240W.jpg\",\"width\":600,\"height\":400},{\"@type\":\"BreadcrumbList\",\"@id\":\"https:\/\/altrisacces.fr\/index.php\/produit\/asymmetric-led-aera240b\/#breadcrumb\",\"itemListElement\":[{\"@type\":\"ListItem\",\"position\":1,\"name\":\"Accueil\",\"item\":\"https:\/\/altrisacces.fr\/\"},{\"@type\":\"ListItem\",\"position\":2,\"name\":\"Produits\",\"item\":\"https:\/\/altrisacces.fr\/index.php\/produits\/\"},{\"@type\":\"ListItem\",\"position\":3,\"name\":\"Projecteur Asymmetric LED Area240B\"}]},{\"@type\":\"WebSite\",\"@id\":\"https:\/\/altrisacces.fr\/#website\",\"url\":\"https:\/\/altrisacces.fr\/\",\"name\":\"Altris\",\"description\":\"\u00e9clairage LED public, ext\u00e9rieur, tertiaire et industriel\",\"publisher\":{\"@id\":\"https:\/\/altrisacces.fr\/#organization\"},\"potentialAction\":[{\"@type\":\"SearchAction\",\"target\":{\"@type\":\"EntryPoint\",\"urlTemplate\":\"https:\/\/altrisacces.fr\/?s={search_term_string}\"},\"query-input\":\"required name=search_term_string\"}],\"inLanguage\":\"fr-FR\"},{\"@type\":\"Organization\",\"@id\":\"https:\/\/altrisacces.fr\/#organization\",\"name\":\"Altris\",\"url\":\"https:\/\/altrisacces.fr\/\",\"logo\":{\"@type\":\"ImageObject\",\"inLanguage\":\"fr-FR\",\"@id\":\"https:\/\/altrisacces.fr\/#\/schema\/logo\/image\/\",\"url\":\"https:\/\/altrisacces.fr\/wp-content\/uploads\/2023\/10\/logo_Altris.png\",\"contentUrl\":\"https:\/\/altrisacces.fr\/wp-content\/uploads\/2023\/10\/logo_Altris.png\",\"width\":1579,\"height\":1006,\"caption\":\"Altris\"},\"image\":{\"@id\":\"https:\/\/altrisacces.fr\/#\/schema\/logo\/image\/\"}}]}<\/script>\n<!-- \/ Yoast SEO plugin. -->","yoast_head_json":{"title":"Projecteur Asymmetric LED Area240B - Altris | Eclairages LED","description":"Le projecteur Asymmetric LED Area240B se caract\u00e9rise par un design \u00e9pur\u00e9 et une \u00e9paisseur minimale. Il g\u00e9n\u00e8re un flux lumineux d'une intensit\u00e9 et d'une qualit\u00e9 visuelle extraordinaires","robots":{"index":"index","follow":"follow","max-snippet":"max-snippet:-1","max-image-preview":"max-image-preview:large","max-video-preview":"max-video-preview:-1"},"canonical":"https:\/\/altrisacces.fr\/index.php\/produit\/asymmetric-led-aera240b\/","og_locale":"fr_FR","og_type":"article","og_title":"Projecteur Asymmetric LED Area240B - Altris | Eclairages LED","og_description":"Le projecteur Asymmetric LED Area240B se caract\u00e9rise par un design \u00e9pur\u00e9 et une \u00e9paisseur minimale. Il g\u00e9n\u00e8re un flux lumineux d'une intensit\u00e9 et d'une qualit\u00e9 visuelle extraordinaires","og_url":"https:\/\/altrisacces.fr\/index.php\/produit\/asymmetric-led-aera240b\/","og_site_name":"Altris","article_modified_time":"2024-06-26T14:05:53+00:00","og_image":[{"width":600,"height":400,"url":"https:\/\/altrisacces.fr\/wp-content\/uploads\/2024\/02\/Asymmetric-LED-area-Light-240W.jpg","type":"image\/jpeg"}],"twitter_card":"summary_large_image","twitter_misc":{"Dur\u00e9e de lecture estim\u00e9e":"2 minutes"},"schema":{"@context":"https:\/\/schema.org","@graph":[{"@type":"WebPage","@id":"https:\/\/altrisacces.fr\/index.php\/produit\/asymmetric-led-aera240b\/","url":"https:\/\/altrisacces.fr\/index.php\/produit\/asymmetric-led-aera240b\/","name":"Projecteur Asymmetric LED Area240B - Altris | Eclairages LED","isPartOf":{"@id":"https:\/\/altrisacces.fr\/#website"},"primaryImageOfPage":{"@id":"https:\/\/altrisacces.fr\/index.php\/produit\/asymmetric-led-aera240b\/#primaryimage"},"image":{"@id":"https:\/\/altrisacces.fr\/index.php\/produit\/asymmetric-led-aera240b\/#primaryimage"},"thumbnailUrl":"https:\/\/altrisacces.fr\/wp-content\/uploads\/2024\/02\/Asymmetric-LED-area-Light-240W.jpg","datePublished":"2024-02-13T13:18:39+00:00","dateModified":"2024-06-26T14:05:53+00:00","description":"Le projecteur Asymmetric LED Area240B se caract\u00e9rise par un design \u00e9pur\u00e9 et une \u00e9paisseur minimale. Il g\u00e9n\u00e8re un flux lumineux d'une intensit\u00e9 et d'une qualit\u00e9 visuelle extraordinaires","breadcrumb":{"@id":"https:\/\/altrisacces.fr\/index.php\/produit\/asymmetric-led-aera240b\/#breadcrumb"},"inLanguage":"fr-FR","potentialAction":[{"@type":"ReadAction","target":["https:\/\/altrisacces.fr\/index.php\/produit\/asymmetric-led-aera240b\/"]}]},{"@type":"ImageObject","inLanguage":"fr-FR","@id":"https:\/\/altrisacces.fr\/index.php\/produit\/asymmetric-led-aera240b\/#primaryimage","url":"https:\/\/altrisacces.fr\/wp-content\/uploads\/2024\/02\/Asymmetric-LED-area-Light-240W.jpg","contentUrl":"https:\/\/altrisacces.fr\/wp-content\/uploads\/2024\/02\/Asymmetric-LED-area-Light-240W.jpg","width":600,"height":400},{"@type":"BreadcrumbList","@id":"https:\/\/altrisacces.fr\/index.php\/produit\/asymmetric-led-aera240b\/#breadcrumb","itemListElement":[{"@type":"ListItem","position":1,"name":"Accueil","item":"https:\/\/altrisacces.fr\/"},{"@type":"ListItem","position":2,"name":"Produits","item":"https:\/\/altrisacces.fr\/index.php\/produits\/"},{"@type":"ListItem","position":3,"name":"Projecteur Asymmetric LED Area240B"}]},{"@type":"WebSite","@id":"https:\/\/altrisacces.fr\/#website","url":"https:\/\/altrisacces.fr\/","name":"Altris","description":"\u00e9clairage LED public, ext\u00e9rieur, tertiaire et industriel","publisher":{"@id":"https:\/\/altrisacces.fr\/#organization"},"potentialAction":[{"@type":"SearchAction","target":{"@type":"EntryPoint","urlTemplate":"https:\/\/altrisacces.fr\/?s={search_term_string}"},"query-input":"required name=search_term_string"}],"inLanguage":"fr-FR"},{"@type":"Organization","@id":"https:\/\/altrisacces.fr\/#organization","name":"Altris","url":"https:\/\/altrisacces.fr\/","logo":{"@type":"ImageObject","inLanguage":"fr-FR","@id":"https:\/\/altrisacces.fr\/#\/schema\/logo\/image\/","url":"https:\/\/altrisacces.fr\/wp-content\/uploads\/2023\/10\/logo_Altris.png","contentUrl":"https:\/\/altrisacces.fr\/wp-content\/uploads\/2023\/10\/logo_Altris.png","width":1579,"height":1006,"caption":"Altris"},"image":{"@id":"https:\/\/altrisacces.fr\/#\/schema\/logo\/image\/"}}]}},"_links":{"self":[{"href":"https:\/\/altrisacces.fr\/index.php\/wp-json\/wp\/v2\/product\/898","targetHints":{"allow":["GET"]}}],"collection":[{"href":"https:\/\/altrisacces.fr\/index.php\/wp-json\/wp\/v2\/product"}],"about":[{"href":"https:\/\/altrisacces.fr\/index.php\/wp-json\/wp\/v2\/types\/product"}],"replies":[{"embeddable":true,"href":"https:\/\/altrisacces.fr\/index.php\/wp-json\/wp\/v2\/comments?post=898"}],"wp:featuredmedia":[{"embeddable":true,"href":"https:\/\/altrisacces.fr\/index.php\/wp-json\/wp\/v2\/media\/899"}],"wp:attachment":[{"href":"https:\/\/altrisacces.fr\/index.php\/wp-json\/wp\/v2\/media?parent=898"}],"wp:term":[{"taxonomy":"product_cat","embeddable":true,"href":"https:\/\/altrisacces.fr\/index.php\/wp-json\/wp\/v2\/product_cat?post=898"},{"taxonomy":"product_tag","embeddable":true,"href":"https:\/\/altrisacces.fr\/index.php\/wp-json\/wp\/v2\/product_tag?post=898"}],"curies":[{"name":"wp","href":"https:\/\/api.w.org\/{rel}","templated":true}]}}