{"id":929,"date":"2024-02-15T09:09:29","date_gmt":"2024-02-15T08:09:29","guid":{"rendered":"https:\/\/altrisacces.fr\/?post_type=product&#038;p=929"},"modified":"2024-06-26T16:26:27","modified_gmt":"2024-06-26T14:26:27","slug":"plafonnier-epal08d","status":"publish","type":"product","link":"https:\/\/altrisacces.fr\/index.php\/produit\/plafonnier-epal08d\/","title":{"rendered":"Plafonnier EPAL08D"},"content":{"rendered":"<p>Le plafonnier EPAL08D est un plafonnier bla, bla, bla<\/p>\n<p>Les plafonniers de salle de bain doivent avoir une fonction \u00e9tanche IP54, les plafonniers simples de 8\/10\/12\/14\/16 pouces sont certifi\u00e9s CE RoHs SAA TUV, les puissances sont de 12W-30W, un bon remplacement id\u00e9al pour les lampes \u00e0 incandescence et les lampes halog\u00e8nes dans les endroits humides.<\/p>\n<p>Plafonnier LED avec curseur pour un changement de temp\u00e9rature de couleur\u00a0 3000K, 4000K et 5700K par le biais d&rsquo;un interrupteur de gradation. La temp\u00e9rature de couleur du plafonnier led dimmable peut varier du blanc chaud au blanc froid.<\/p>\n<p>Les plafonniers \u00e0 LED d&rsquo;urgence de 10 pouces 12W et 12 pouces 25W, avec le contr\u00f4le Smart IC, la fonction d&rsquo;urgence s&rsquo;allume automatiquement une fois que l&rsquo;alimentation est coup\u00e9e, et ces conceptions humanis\u00e9es donnent aux clients une exp\u00e9rience nouvelle et confortable qu&rsquo;ils n&rsquo;ont jamais eu auparavant.<\/p>\n<h3>Caract\u00e9ristiques du plafonnier EPAL08D<\/h3>\n<table class=\"table table-bordered table-striped table-hover\">\n<colgroup>\n<col span=\"9\" \/><\/colgroup>\n<thead>\n<tr>\n<th colspan=\"3\" scope=\"col\">Code No.<\/th>\n<th scope=\"col\">EPAL08B-8-12W<\/th>\n<th scope=\"col\">EPAL08B-10-12W<\/th>\n<th scope=\"col\">EPAL08B-12-18W<\/th>\n<th scope=\"col\">EPAL08B-12-25W<\/th>\n<th scope=\"col\">EPAL08B-14-25W<\/th>\n<th scope=\"col\">EPAL08B-16-30W<\/th>\n<\/tr>\n<\/thead>\n<tbody>\n<tr>\n<td colspan=\"3\">Dimension(mm)<\/td>\n<td>\u00d8200*48<\/td>\n<td>\u00d8250*48<\/td>\n<td>\u00d8300*40<\/td>\n<td>\u00d8300*40<\/td>\n<td>\u00d8350*40<\/td>\n<td>\u00d8400*52<\/td>\n<\/tr>\n<tr>\n<td colspan=\"3\">Cutout (mm)<\/td>\n<td>\u2013<\/td>\n<td>\u2013<\/td>\n<td>\u2013<\/td>\n<td>\u2013<\/td>\n<td>\u2013<\/td>\n<td>\u2013<\/td>\n<\/tr>\n<tr>\n<td colspan=\"3\">Watt(W)<\/td>\n<td>12W<\/td>\n<td>12W<\/td>\n<td>18W<\/td>\n<td>25W<\/td>\n<td>25W<\/td>\n<td>30W<\/td>\n<\/tr>\n<tr>\n<td colspan=\"3\">Rated Input Voltage(V)<\/td>\n<td colspan=\"6\">AC100-240V || AC230V<\/td>\n<\/tr>\n<tr>\n<td colspan=\"3\">Input Voltage(V)<\/td>\n<td colspan=\"6\">AC85-265V || AC200-240V<\/td>\n<\/tr>\n<tr>\n<td colspan=\"3\">LED Module Input<\/td>\n<td colspan=\"6\">\u2013<\/td>\n<\/tr>\n<tr>\n<td colspan=\"3\">Light Source<\/td>\n<td colspan=\"6\">SMD<\/td>\n<\/tr>\n<tr>\n<td colspan=\"3\">SDCM<\/td>\n<td colspan=\"6\">&lt;6 (@3000K 4000K 5000K)<\/td>\n<\/tr>\n<tr>\n<td colspan=\"3\">CCT(K)<\/td>\n<td colspan=\"6\">1-CCT: 3000K\/4000K\/5000K\/5700K || 3-CCT: 3000K + 4000K + 5700K<\/td>\n<\/tr>\n<tr>\n<td colspan=\"3\">CCT Selection DIP Switch<\/td>\n<td colspan=\"6\">YES<\/td>\n<\/tr>\n<tr>\n<td><\/td>\n<td>Non-DIM<\/td>\n<td><\/td>\n<td>1080~1330<\/td>\n<td>1140~1270<\/td>\n<td>1720~2060<\/td>\n<td>2400~2650<\/td>\n<td>2480~2900<\/td>\n<td>3000~3360<\/td>\n<\/tr>\n<tr>\n<td>Luminous Flux (lm) \u00b15%<\/td>\n<td>DIM<\/td>\n<td>1-CCT<\/td>\n<td>1045 ~1300<\/td>\n<td>1115 ~1235<\/td>\n<td>1700~2050<\/td>\n<td>2250~2600<\/td>\n<td>2470~2890<\/td>\n<td>2980~3350<\/td>\n<\/tr>\n<tr>\n<td><\/td>\n<td>Non-DIM<\/td>\n<td><\/td>\n<td>1100 ~1330<\/td>\n<td>1150~1300<\/td>\n<td>1710~2000<\/td>\n<td>\u2013<\/td>\n<td>\u2013<\/td>\n<td>\u2013<\/td>\n<\/tr>\n<tr>\n<td><\/td>\n<td>DIM<\/td>\n<td>3-CCT<\/td>\n<td>1090~1230<\/td>\n<td>1100~1280<\/td>\n<td>1710~1890<\/td>\n<td>2450~2600<\/td>\n<td>2480~2900<\/td>\n<td>3000~3360<\/td>\n<\/tr>\n<tr>\n<td colspan=\"3\">CRI<\/td>\n<td colspan=\"6\">80<\/td>\n<\/tr>\n<tr>\n<td colspan=\"3\">Beam Angle (\u00b0)<\/td>\n<td colspan=\"6\">120\u00b0<\/td>\n<\/tr>\n<tr>\n<td colspan=\"3\">UGR<\/td>\n<td colspan=\"6\">\u2013<\/td>\n<\/tr>\n<tr>\n<td colspan=\"3\">LED Driver<\/td>\n<td colspan=\"6\">Built-in<\/td>\n<\/tr>\n<tr>\n<td colspan=\"3\">Dimming Option<\/td>\n<td colspan=\"6\">Triac<\/td>\n<\/tr>\n<tr>\n<td colspan=\"3\">Sensor<\/td>\n<td colspan=\"6\">\u2013<\/td>\n<\/tr>\n<tr>\n<td colspan=\"3\">Emergency Kits<\/td>\n<td colspan=\"6\">\u2013<\/td>\n<\/tr>\n<tr>\n<td colspan=\"3\">Electrical Class<\/td>\n<td colspan=\"6\">Class\u00a0\u2161<\/td>\n<\/tr>\n<tr>\n<td colspan=\"3\">Ingress Protection (IP Rating)<\/td>\n<td colspan=\"6\">IP54<\/td>\n<\/tr>\n<tr>\n<td colspan=\"3\">Impact Resistance (IK Rating)<\/td>\n<td colspan=\"6\">IK10<\/td>\n<\/tr>\n<tr>\n<td colspan=\"3\">Product Finishing(Base)<\/td>\n<td colspan=\"6\">White RAL9016<\/td>\n<\/tr>\n<tr>\n<td colspan=\"3\">Materials of Optics<\/td>\n<td colspan=\"6\">PC<\/td>\n<\/tr>\n<tr>\n<td colspan=\"3\">Materials of Housing<\/td>\n<td colspan=\"6\">PC<\/td>\n<\/tr>\n<tr>\n<td colspan=\"3\">Lifetime (hr)<\/td>\n<td colspan=\"6\">40,000h\u00a0 @ L70B50<\/td>\n<\/tr>\n<tr>\n<td colspan=\"3\">Glow wire test (\u2103\u00a0)<\/td>\n<td colspan=\"6\">750\u2103\u00a0(Cover) 850\u2103\u00a0(Lamp Base)<\/td>\n<\/tr>\n<tr>\n<td colspan=\"3\">Operating Temp. (\u2103\u00a0)<\/td>\n<td colspan=\"6\">-20\u2103\u00a0~45\u2103<\/td>\n<\/tr>\n<tr>\n<td colspan=\"3\">Storage Temp. (\u2103\u00a0)<\/td>\n<td colspan=\"6\">-20\u2103\u00a0~65\u2103<\/td>\n<\/tr>\n<tr>\n<td colspan=\"3\">Installation<\/td>\n<td colspan=\"6\">Surface mounted<\/td>\n<\/tr>\n<\/tbody>\n<\/table>\n<p><em>Retrouvez notre gamme compl\u00e8te de plafonniers <a href=\"https:\/\/altrisacces.fr\/index.php\/categorie-produit\/eclairage-interieur\/\">ici<\/a><\/em><\/p>\n","protected":false},"excerpt":{"rendered":"<p>Le plafonnier EPAL08D est un plafonnier bla, bla, bla<\/p>\n","protected":false},"featured_media":934,"comment_status":"open","ping_status":"closed","template":"","meta":{"_acf_changed":false},"product_cat":[32],"product_tag":[],"class_list":{"0":"post-929","1":"product","2":"type-product","3":"status-publish","4":"has-post-thumbnail","6":"product_cat-eclairage-interieur","8":"first","9":"instock","10":"shipping-taxable","11":"product-type-simple"},"acf":[],"yoast_head":"<!-- This site is optimized with the Yoast SEO plugin v22.9 - https:\/\/yoast.com\/wordpress\/plugins\/seo\/ -->\n<title>Plafonnier EPAL08D - Altris | Eclairages LED<\/title>\n<meta name=\"robots\" content=\"index, follow, max-snippet:-1, max-image-preview:large, max-video-preview:-1\" \/>\n<link rel=\"canonical\" href=\"https:\/\/altrisacces.fr\/index.php\/produit\/plafonnier-epal08d\/\" \/>\n<meta property=\"og:locale\" content=\"fr_FR\" \/>\n<meta property=\"og:type\" content=\"article\" \/>\n<meta property=\"og:title\" content=\"Plafonnier EPAL08D - Altris | Eclairages LED\" \/>\n<meta property=\"og:description\" content=\"Le plafonnier EPAL08D est un plafonnier bla, bla, bla\" \/>\n<meta property=\"og:url\" content=\"https:\/\/altrisacces.fr\/index.php\/produit\/plafonnier-epal08d\/\" \/>\n<meta property=\"og:site_name\" content=\"Altris\" \/>\n<meta property=\"article:modified_time\" content=\"2024-06-26T14:26:27+00:00\" \/>\n<meta property=\"og:image\" content=\"https:\/\/altrisacces.fr\/wp-content\/uploads\/2024\/02\/EP-08D.jpg\" \/>\n\t<meta property=\"og:image:width\" content=\"1144\" \/>\n\t<meta property=\"og:image:height\" content=\"1144\" \/>\n\t<meta property=\"og:image:type\" content=\"image\/jpeg\" \/>\n<meta name=\"twitter:card\" content=\"summary_large_image\" \/>\n<meta name=\"twitter:label1\" content=\"Dur\u00e9e de lecture estim\u00e9e\" \/>\n\t<meta name=\"twitter:data1\" content=\"2 minutes\" \/>\n<script type=\"application\/ld+json\" class=\"yoast-schema-graph\">{\"@context\":\"https:\/\/schema.org\",\"@graph\":[{\"@type\":\"WebPage\",\"@id\":\"https:\/\/altrisacces.fr\/index.php\/produit\/plafonnier-epal08d\/\",\"url\":\"https:\/\/altrisacces.fr\/index.php\/produit\/plafonnier-epal08d\/\",\"name\":\"Plafonnier EPAL08D - Altris | Eclairages LED\",\"isPartOf\":{\"@id\":\"https:\/\/altrisacces.fr\/#website\"},\"primaryImageOfPage\":{\"@id\":\"https:\/\/altrisacces.fr\/index.php\/produit\/plafonnier-epal08d\/#primaryimage\"},\"image\":{\"@id\":\"https:\/\/altrisacces.fr\/index.php\/produit\/plafonnier-epal08d\/#primaryimage\"},\"thumbnailUrl\":\"https:\/\/altrisacces.fr\/wp-content\/uploads\/2024\/02\/EP-08D.jpg\",\"datePublished\":\"2024-02-15T08:09:29+00:00\",\"dateModified\":\"2024-06-26T14:26:27+00:00\",\"breadcrumb\":{\"@id\":\"https:\/\/altrisacces.fr\/index.php\/produit\/plafonnier-epal08d\/#breadcrumb\"},\"inLanguage\":\"fr-FR\",\"potentialAction\":[{\"@type\":\"ReadAction\",\"target\":[\"https:\/\/altrisacces.fr\/index.php\/produit\/plafonnier-epal08d\/\"]}]},{\"@type\":\"ImageObject\",\"inLanguage\":\"fr-FR\",\"@id\":\"https:\/\/altrisacces.fr\/index.php\/produit\/plafonnier-epal08d\/#primaryimage\",\"url\":\"https:\/\/altrisacces.fr\/wp-content\/uploads\/2024\/02\/EP-08D.jpg\",\"contentUrl\":\"https:\/\/altrisacces.fr\/wp-content\/uploads\/2024\/02\/EP-08D.jpg\",\"width\":1144,\"height\":1144},{\"@type\":\"BreadcrumbList\",\"@id\":\"https:\/\/altrisacces.fr\/index.php\/produit\/plafonnier-epal08d\/#breadcrumb\",\"itemListElement\":[{\"@type\":\"ListItem\",\"position\":1,\"name\":\"Accueil\",\"item\":\"https:\/\/altrisacces.fr\/\"},{\"@type\":\"ListItem\",\"position\":2,\"name\":\"Produits\",\"item\":\"https:\/\/altrisacces.fr\/index.php\/produits\/\"},{\"@type\":\"ListItem\",\"position\":3,\"name\":\"Plafonnier EPAL08D\"}]},{\"@type\":\"WebSite\",\"@id\":\"https:\/\/altrisacces.fr\/#website\",\"url\":\"https:\/\/altrisacces.fr\/\",\"name\":\"Altris\",\"description\":\"\u00e9clairage LED public, ext\u00e9rieur, tertiaire et industriel\",\"publisher\":{\"@id\":\"https:\/\/altrisacces.fr\/#organization\"},\"potentialAction\":[{\"@type\":\"SearchAction\",\"target\":{\"@type\":\"EntryPoint\",\"urlTemplate\":\"https:\/\/altrisacces.fr\/?s={search_term_string}\"},\"query-input\":\"required name=search_term_string\"}],\"inLanguage\":\"fr-FR\"},{\"@type\":\"Organization\",\"@id\":\"https:\/\/altrisacces.fr\/#organization\",\"name\":\"Altris\",\"url\":\"https:\/\/altrisacces.fr\/\",\"logo\":{\"@type\":\"ImageObject\",\"inLanguage\":\"fr-FR\",\"@id\":\"https:\/\/altrisacces.fr\/#\/schema\/logo\/image\/\",\"url\":\"https:\/\/altrisacces.fr\/wp-content\/uploads\/2023\/10\/logo_Altris.png\",\"contentUrl\":\"https:\/\/altrisacces.fr\/wp-content\/uploads\/2023\/10\/logo_Altris.png\",\"width\":1579,\"height\":1006,\"caption\":\"Altris\"},\"image\":{\"@id\":\"https:\/\/altrisacces.fr\/#\/schema\/logo\/image\/\"}}]}<\/script>\n<!-- \/ Yoast SEO plugin. -->","yoast_head_json":{"title":"Plafonnier EPAL08D - Altris | Eclairages LED","robots":{"index":"index","follow":"follow","max-snippet":"max-snippet:-1","max-image-preview":"max-image-preview:large","max-video-preview":"max-video-preview:-1"},"canonical":"https:\/\/altrisacces.fr\/index.php\/produit\/plafonnier-epal08d\/","og_locale":"fr_FR","og_type":"article","og_title":"Plafonnier EPAL08D - Altris | Eclairages LED","og_description":"Le plafonnier EPAL08D est un plafonnier bla, bla, bla","og_url":"https:\/\/altrisacces.fr\/index.php\/produit\/plafonnier-epal08d\/","og_site_name":"Altris","article_modified_time":"2024-06-26T14:26:27+00:00","og_image":[{"width":1144,"height":1144,"url":"https:\/\/altrisacces.fr\/wp-content\/uploads\/2024\/02\/EP-08D.jpg","type":"image\/jpeg"}],"twitter_card":"summary_large_image","twitter_misc":{"Dur\u00e9e de lecture estim\u00e9e":"2 minutes"},"schema":{"@context":"https:\/\/schema.org","@graph":[{"@type":"WebPage","@id":"https:\/\/altrisacces.fr\/index.php\/produit\/plafonnier-epal08d\/","url":"https:\/\/altrisacces.fr\/index.php\/produit\/plafonnier-epal08d\/","name":"Plafonnier EPAL08D - Altris | Eclairages LED","isPartOf":{"@id":"https:\/\/altrisacces.fr\/#website"},"primaryImageOfPage":{"@id":"https:\/\/altrisacces.fr\/index.php\/produit\/plafonnier-epal08d\/#primaryimage"},"image":{"@id":"https:\/\/altrisacces.fr\/index.php\/produit\/plafonnier-epal08d\/#primaryimage"},"thumbnailUrl":"https:\/\/altrisacces.fr\/wp-content\/uploads\/2024\/02\/EP-08D.jpg","datePublished":"2024-02-15T08:09:29+00:00","dateModified":"2024-06-26T14:26:27+00:00","breadcrumb":{"@id":"https:\/\/altrisacces.fr\/index.php\/produit\/plafonnier-epal08d\/#breadcrumb"},"inLanguage":"fr-FR","potentialAction":[{"@type":"ReadAction","target":["https:\/\/altrisacces.fr\/index.php\/produit\/plafonnier-epal08d\/"]}]},{"@type":"ImageObject","inLanguage":"fr-FR","@id":"https:\/\/altrisacces.fr\/index.php\/produit\/plafonnier-epal08d\/#primaryimage","url":"https:\/\/altrisacces.fr\/wp-content\/uploads\/2024\/02\/EP-08D.jpg","contentUrl":"https:\/\/altrisacces.fr\/wp-content\/uploads\/2024\/02\/EP-08D.jpg","width":1144,"height":1144},{"@type":"BreadcrumbList","@id":"https:\/\/altrisacces.fr\/index.php\/produit\/plafonnier-epal08d\/#breadcrumb","itemListElement":[{"@type":"ListItem","position":1,"name":"Accueil","item":"https:\/\/altrisacces.fr\/"},{"@type":"ListItem","position":2,"name":"Produits","item":"https:\/\/altrisacces.fr\/index.php\/produits\/"},{"@type":"ListItem","position":3,"name":"Plafonnier EPAL08D"}]},{"@type":"WebSite","@id":"https:\/\/altrisacces.fr\/#website","url":"https:\/\/altrisacces.fr\/","name":"Altris","description":"\u00e9clairage LED public, ext\u00e9rieur, tertiaire et industriel","publisher":{"@id":"https:\/\/altrisacces.fr\/#organization"},"potentialAction":[{"@type":"SearchAction","target":{"@type":"EntryPoint","urlTemplate":"https:\/\/altrisacces.fr\/?s={search_term_string}"},"query-input":"required name=search_term_string"}],"inLanguage":"fr-FR"},{"@type":"Organization","@id":"https:\/\/altrisacces.fr\/#organization","name":"Altris","url":"https:\/\/altrisacces.fr\/","logo":{"@type":"ImageObject","inLanguage":"fr-FR","@id":"https:\/\/altrisacces.fr\/#\/schema\/logo\/image\/","url":"https:\/\/altrisacces.fr\/wp-content\/uploads\/2023\/10\/logo_Altris.png","contentUrl":"https:\/\/altrisacces.fr\/wp-content\/uploads\/2023\/10\/logo_Altris.png","width":1579,"height":1006,"caption":"Altris"},"image":{"@id":"https:\/\/altrisacces.fr\/#\/schema\/logo\/image\/"}}]}},"_links":{"self":[{"href":"https:\/\/altrisacces.fr\/index.php\/wp-json\/wp\/v2\/product\/929","targetHints":{"allow":["GET"]}}],"collection":[{"href":"https:\/\/altrisacces.fr\/index.php\/wp-json\/wp\/v2\/product"}],"about":[{"href":"https:\/\/altrisacces.fr\/index.php\/wp-json\/wp\/v2\/types\/product"}],"replies":[{"embeddable":true,"href":"https:\/\/altrisacces.fr\/index.php\/wp-json\/wp\/v2\/comments?post=929"}],"wp:featuredmedia":[{"embeddable":true,"href":"https:\/\/altrisacces.fr\/index.php\/wp-json\/wp\/v2\/media\/934"}],"wp:attachment":[{"href":"https:\/\/altrisacces.fr\/index.php\/wp-json\/wp\/v2\/media?parent=929"}],"wp:term":[{"taxonomy":"product_cat","embeddable":true,"href":"https:\/\/altrisacces.fr\/index.php\/wp-json\/wp\/v2\/product_cat?post=929"},{"taxonomy":"product_tag","embeddable":true,"href":"https:\/\/altrisacces.fr\/index.php\/wp-json\/wp\/v2\/product_tag?post=929"}],"curies":[{"name":"wp","href":"https:\/\/api.w.org\/{rel}","templated":true}]}}