{"id":951,"date":"2024-03-04T14:37:02","date_gmt":"2024-03-04T13:37:02","guid":{"rendered":"https:\/\/altrisacces.fr\/?post_type=product&#038;p=951"},"modified":"2024-06-26T16:21:27","modified_gmt":"2024-06-26T14:21:27","slug":"plafonnier-ep-al12d","status":"publish","type":"product","link":"https:\/\/altrisacces.fr\/index.php\/produit\/plafonnier-ep-al12d\/","title":{"rendered":"Plafonnier EP-AL12D"},"content":{"rendered":"<p>Ce plafonnier est de conception fine. Il s&rsquo;agit d&rsquo;une conception ECO avec lentille optique, lumen \u00e9lev\u00e9 et mat\u00e9riau ignifug\u00e9 plus l\u00e9ger pour garantir une meilleure r\u00e9sistance \u00e0 la chaleur et \u00e0 la corrosion.<br \/>\nr\u00e9sistance \u00e0 la chaleur et \u00e0 la corrosion. La couleur est interchangeable entre 3000k, 4000k et 5700k \u00e0 l&rsquo;aide d&rsquo;un interrupteur \u00e0 glissi\u00e8re.<\/p>\n<ul>\n<li>Efficacit\u00e9 lumineuse \u00e9lev\u00e9e.<\/li>\n<li>CCT interchangeable (3000K\/4000K\/5700K) avec interrupteur \u00e0 glissi\u00e8re.<\/li>\n<li>Conception de la lentille optique avec une sortie de lumi\u00e8re plus uniforme.<\/li>\n<li>IP54<\/li>\n<li>Gradation par triac.<\/li>\n<li>Capteur r\u00e9glable avec t\u00e9l\u00e9commande.<\/li>\n<li>Pilote interne<\/li>\n<\/ul>\n<h3>Caract\u00e9ristiques du plafonnier EP-AL12D<\/h3>\n<table class=\"table table-bordered table-striped table-hover\">\n<colgroup>\n<col \/>\n<col span=\"5\" \/><\/colgroup>\n<thead>\n<tr>\n<th scope=\"col\">Code<\/th>\n<th scope=\"col\">EPAL12D-10-12W<\/th>\n<th scope=\"col\">EPAL12D-12-18W<\/th>\n<th scope=\"col\">EPAL12D-12-25W<\/th>\n<th scope=\"col\">EPAL12D-14-25W<\/th>\n<th scope=\"col\">EPAL12D-16-30W<\/th>\n<\/tr>\n<\/thead>\n<tbody>\n<tr>\n<td>Dimension(mm)<\/td>\n<td>250*250*50<\/td>\n<td>300*300*40<\/td>\n<td>300*300*40<\/td>\n<td>350*350*41<\/td>\n<td>400*400*51<\/td>\n<\/tr>\n<tr>\n<td>Watt(W)<\/td>\n<td>12W<\/td>\n<td>18W<\/td>\n<td>25W<\/td>\n<td>25W<\/td>\n<td>30W<\/td>\n<\/tr>\n<tr>\n<td>Rated\u00a0Input Voltage<\/td>\n<td colspan=\"5\">AC220-240V<\/td>\n<\/tr>\n<tr>\n<td>Input Voltage<\/td>\n<td colspan=\"5\">AC198-264V<\/td>\n<\/tr>\n<tr>\n<td>Light\u00a0Source<\/td>\n<td colspan=\"5\">SMD<\/td>\n<\/tr>\n<tr>\n<td>SDCM<\/td>\n<td colspan=\"5\">&lt;6<\/td>\n<\/tr>\n<tr>\n<td>CCT(K)<\/td>\n<td colspan=\"5\">1-CCT: 3000K\/4000K\/5000K\/5700K\u00a0\u00a0|| 3-CCT: 3000K\u00a0+ 4000K\u00a0+\u00a05700K<\/td>\n<\/tr>\n<tr>\n<td>CCT\u00a0Selection\u00a0DIP\u00a0Switch<\/td>\n<td colspan=\"5\">YES<\/td>\n<\/tr>\n<tr>\n<td>Non-DIM\u00a0 1-CCT Luminous Flux (lm)\u00a0 \u00b15% CRI80<\/td>\n<td>110-1200<\/td>\n<td>1900~2120<\/td>\n<td>2600-2880<\/td>\n<td>2500-2770<\/td>\n<td>3100~3510<\/td>\n<\/tr>\n<tr>\n<td>DIM\u00a0 1-CCT Luminous Flux (lm)\u00a0 \u00b15% CRI80<\/td>\n<td>1050~1270<\/td>\n<td>1800~2100<\/td>\n<td>2100~2750<\/td>\n<td>2100~2750<\/td>\n<td>2700~3200<\/td>\n<\/tr>\n<tr>\n<td>Non-DIM\u00a0 3-CCT Luminous Flux (lm)\u00a0 \u00b15% CRI80<\/td>\n<td>1100-1200<\/td>\n<td>1900-2130<\/td>\n<td>2600-2900<\/td>\n<td>2500-2790<\/td>\n<td>3100-3530<\/td>\n<\/tr>\n<tr>\n<td>DIM\u00a0 3-CCT Luminous Flux (lm)\u00a0 \u00b15% CRI80<\/td>\n<td>1050~1270<\/td>\n<td>1800~2100<\/td>\n<td>2100~2750<\/td>\n<td>2100~2750<\/td>\n<td>2700~3200<\/td>\n<\/tr>\n<tr>\n<td>CRI<\/td>\n<td colspan=\"5\">\u226580<\/td>\n<\/tr>\n<tr>\n<td>Beam Angle\u00a0(\u00b0)<\/td>\n<td colspan=\"5\">120\u00b0<\/td>\n<\/tr>\n<tr>\n<td>LED\u00a0Driver<\/td>\n<td colspan=\"5\">Driver\u00a0built-in<\/td>\n<\/tr>\n<tr>\n<td>Dimming\u00a0\u00a0Option<\/td>\n<td colspan=\"5\">Triac<\/td>\n<\/tr>\n<tr>\n<td>Sensor<\/td>\n<td colspan=\"5\">Adjustable sensor with\u00a0remote controller<\/td>\n<\/tr>\n<tr>\n<td>Electrical\u00a0Class<\/td>\n<td colspan=\"5\">Class\u00a0\u2161<\/td>\n<\/tr>\n<tr>\n<td>Ingress\u00a0Protection(IP\u00a0Rating)<\/td>\n<td colspan=\"5\">IP54<\/td>\n<\/tr>\n<tr>\n<td>Impact\u00a0Resistance(IK\u00a0Rating)<\/td>\n<td colspan=\"5\">IK10<\/td>\n<\/tr>\n<tr>\n<td>Product\u00a0Finishing<\/td>\n<td colspan=\"5\">White\u00a0RAL9016<\/td>\n<\/tr>\n<tr>\n<td>Optics\u00a0Material<\/td>\n<td colspan=\"5\">PC<\/td>\n<\/tr>\n<tr>\n<td>Housing\u00a0Material<\/td>\n<td colspan=\"5\">PC<\/td>\n<\/tr>\n<tr>\n<td>Lifetime\u00a0(hr)<\/td>\n<td colspan=\"5\">40,000h @\u00a0L70B50<\/td>\n<\/tr>\n<tr>\n<td>Glow wire test\u00a0(\u00b0C)<\/td>\n<td colspan=\"5\">750\u00b0C (Cover); 850\u00b0C\u00a0(Lamp\u00a0Base)<\/td>\n<\/tr>\n<tr>\n<td>Operating Temp.(\u00b0C)<\/td>\n<td colspan=\"5\">-20\u00b0C~45\u00b0C<\/td>\n<\/tr>\n<tr>\n<td>Storage Temp.(\u00b0C)<\/td>\n<td colspan=\"5\">-20\u00b0C~65\u00b0C<\/td>\n<\/tr>\n<tr>\n<td>Installation<\/td>\n<td colspan=\"5\">Surface\u00a0mount\u00a0\/ Wall\u00a0mount<\/td>\n<\/tr>\n<\/tbody>\n<\/table>\n<p><em>Retrouvez notre gamme compl\u00e8te de plafonniers <a href=\"https:\/\/altrisacces.fr\/index.php\/categorie-produit\/eclairage-interieur\/\">ici<\/a><\/em><\/p>\n","protected":false},"excerpt":{"rendered":"<p>&nbsp;<\/p>\n<p>&nbsp;<\/p>\n<p>Domaines d&rsquo;application : Il est con\u00e7u pour des applications d&rsquo;\u00e9clairage g\u00e9n\u00e9ral dans les bureaux, les supermarch\u00e9s, les magasins, les \u00e9coles, les h\u00f4tels, etc. Il est \u00e9galement largement utilis\u00e9 dans les lieux publics, tels que les escaliers, les halls d&rsquo;entr\u00e9e, les r\u00e9ceptions, les couloirs, etc.<\/p>\n","protected":false},"featured_media":976,"comment_status":"open","ping_status":"closed","template":"","meta":{"_acf_changed":false},"product_cat":[32],"product_tag":[],"class_list":{"0":"post-951","1":"product","2":"type-product","3":"status-publish","4":"has-post-thumbnail","6":"product_cat-eclairage-interieur","8":"first","9":"instock","10":"shipping-taxable","11":"product-type-simple"},"acf":[],"yoast_head":"<!-- This site is optimized with the Yoast SEO plugin v22.9 - https:\/\/yoast.com\/wordpress\/plugins\/seo\/ -->\n<title>Plafonnier EP-AL12D - Altris | Eclairages LED<\/title>\n<meta name=\"robots\" content=\"index, follow, max-snippet:-1, max-image-preview:large, max-video-preview:-1\" \/>\n<link rel=\"canonical\" href=\"https:\/\/altrisacces.fr\/index.php\/produit\/plafonnier-ep-al12d\/\" \/>\n<meta property=\"og:locale\" content=\"fr_FR\" \/>\n<meta property=\"og:type\" content=\"article\" \/>\n<meta property=\"og:title\" content=\"Plafonnier EP-AL12D - Altris | Eclairages LED\" \/>\n<meta property=\"og:description\" content=\"&nbsp;  &nbsp;  Domaines d&#039;application : Il est con\u00e7u pour des applications d&#039;\u00e9clairage g\u00e9n\u00e9ral dans les bureaux, les supermarch\u00e9s, les magasins, les \u00e9coles, les h\u00f4tels, etc. Il est \u00e9galement largement utilis\u00e9 dans les lieux publics, tels que les escaliers, les halls d&#039;entr\u00e9e, les r\u00e9ceptions, les couloirs, etc.\" \/>\n<meta property=\"og:url\" content=\"https:\/\/altrisacces.fr\/index.php\/produit\/plafonnier-ep-al12d\/\" \/>\n<meta property=\"og:site_name\" content=\"Altris\" \/>\n<meta property=\"article:modified_time\" content=\"2024-06-26T14:21:27+00:00\" \/>\n<meta property=\"og:image\" content=\"https:\/\/altrisacces.fr\/wp-content\/uploads\/2024\/03\/AL12D-3-WHITE-LAMP-BODY-CEILIGNT-LIGHT.jpg\" \/>\n\t<meta property=\"og:image:width\" content=\"1600\" \/>\n\t<meta property=\"og:image:height\" content=\"1200\" \/>\n\t<meta property=\"og:image:type\" content=\"image\/jpeg\" \/>\n<meta name=\"twitter:card\" content=\"summary_large_image\" \/>\n<meta name=\"twitter:label1\" content=\"Dur\u00e9e de lecture estim\u00e9e\" \/>\n\t<meta name=\"twitter:data1\" content=\"2 minutes\" \/>\n<script type=\"application\/ld+json\" class=\"yoast-schema-graph\">{\"@context\":\"https:\/\/schema.org\",\"@graph\":[{\"@type\":\"WebPage\",\"@id\":\"https:\/\/altrisacces.fr\/index.php\/produit\/plafonnier-ep-al12d\/\",\"url\":\"https:\/\/altrisacces.fr\/index.php\/produit\/plafonnier-ep-al12d\/\",\"name\":\"Plafonnier EP-AL12D - Altris | Eclairages LED\",\"isPartOf\":{\"@id\":\"https:\/\/altrisacces.fr\/#website\"},\"primaryImageOfPage\":{\"@id\":\"https:\/\/altrisacces.fr\/index.php\/produit\/plafonnier-ep-al12d\/#primaryimage\"},\"image\":{\"@id\":\"https:\/\/altrisacces.fr\/index.php\/produit\/plafonnier-ep-al12d\/#primaryimage\"},\"thumbnailUrl\":\"https:\/\/altrisacces.fr\/wp-content\/uploads\/2024\/03\/AL12D-3-WHITE-LAMP-BODY-CEILIGNT-LIGHT.jpg\",\"datePublished\":\"2024-03-04T13:37:02+00:00\",\"dateModified\":\"2024-06-26T14:21:27+00:00\",\"breadcrumb\":{\"@id\":\"https:\/\/altrisacces.fr\/index.php\/produit\/plafonnier-ep-al12d\/#breadcrumb\"},\"inLanguage\":\"fr-FR\",\"potentialAction\":[{\"@type\":\"ReadAction\",\"target\":[\"https:\/\/altrisacces.fr\/index.php\/produit\/plafonnier-ep-al12d\/\"]}]},{\"@type\":\"ImageObject\",\"inLanguage\":\"fr-FR\",\"@id\":\"https:\/\/altrisacces.fr\/index.php\/produit\/plafonnier-ep-al12d\/#primaryimage\",\"url\":\"https:\/\/altrisacces.fr\/wp-content\/uploads\/2024\/03\/AL12D-3-WHITE-LAMP-BODY-CEILIGNT-LIGHT.jpg\",\"contentUrl\":\"https:\/\/altrisacces.fr\/wp-content\/uploads\/2024\/03\/AL12D-3-WHITE-LAMP-BODY-CEILIGNT-LIGHT.jpg\",\"width\":1600,\"height\":1200},{\"@type\":\"BreadcrumbList\",\"@id\":\"https:\/\/altrisacces.fr\/index.php\/produit\/plafonnier-ep-al12d\/#breadcrumb\",\"itemListElement\":[{\"@type\":\"ListItem\",\"position\":1,\"name\":\"Accueil\",\"item\":\"https:\/\/altrisacces.fr\/\"},{\"@type\":\"ListItem\",\"position\":2,\"name\":\"Produits\",\"item\":\"https:\/\/altrisacces.fr\/index.php\/produits\/\"},{\"@type\":\"ListItem\",\"position\":3,\"name\":\"Plafonnier EP-AL12D\"}]},{\"@type\":\"WebSite\",\"@id\":\"https:\/\/altrisacces.fr\/#website\",\"url\":\"https:\/\/altrisacces.fr\/\",\"name\":\"Altris\",\"description\":\"\u00e9clairage LED public, ext\u00e9rieur, tertiaire et industriel\",\"publisher\":{\"@id\":\"https:\/\/altrisacces.fr\/#organization\"},\"potentialAction\":[{\"@type\":\"SearchAction\",\"target\":{\"@type\":\"EntryPoint\",\"urlTemplate\":\"https:\/\/altrisacces.fr\/?s={search_term_string}\"},\"query-input\":\"required name=search_term_string\"}],\"inLanguage\":\"fr-FR\"},{\"@type\":\"Organization\",\"@id\":\"https:\/\/altrisacces.fr\/#organization\",\"name\":\"Altris\",\"url\":\"https:\/\/altrisacces.fr\/\",\"logo\":{\"@type\":\"ImageObject\",\"inLanguage\":\"fr-FR\",\"@id\":\"https:\/\/altrisacces.fr\/#\/schema\/logo\/image\/\",\"url\":\"https:\/\/altrisacces.fr\/wp-content\/uploads\/2023\/10\/logo_Altris.png\",\"contentUrl\":\"https:\/\/altrisacces.fr\/wp-content\/uploads\/2023\/10\/logo_Altris.png\",\"width\":1579,\"height\":1006,\"caption\":\"Altris\"},\"image\":{\"@id\":\"https:\/\/altrisacces.fr\/#\/schema\/logo\/image\/\"}}]}<\/script>\n<!-- \/ Yoast SEO plugin. -->","yoast_head_json":{"title":"Plafonnier EP-AL12D - Altris | Eclairages LED","robots":{"index":"index","follow":"follow","max-snippet":"max-snippet:-1","max-image-preview":"max-image-preview:large","max-video-preview":"max-video-preview:-1"},"canonical":"https:\/\/altrisacces.fr\/index.php\/produit\/plafonnier-ep-al12d\/","og_locale":"fr_FR","og_type":"article","og_title":"Plafonnier EP-AL12D - Altris | Eclairages LED","og_description":"&nbsp;  &nbsp;  Domaines d'application : Il est con\u00e7u pour des applications d'\u00e9clairage g\u00e9n\u00e9ral dans les bureaux, les supermarch\u00e9s, les magasins, les \u00e9coles, les h\u00f4tels, etc. Il est \u00e9galement largement utilis\u00e9 dans les lieux publics, tels que les escaliers, les halls d'entr\u00e9e, les r\u00e9ceptions, les couloirs, etc.","og_url":"https:\/\/altrisacces.fr\/index.php\/produit\/plafonnier-ep-al12d\/","og_site_name":"Altris","article_modified_time":"2024-06-26T14:21:27+00:00","og_image":[{"width":1600,"height":1200,"url":"https:\/\/altrisacces.fr\/wp-content\/uploads\/2024\/03\/AL12D-3-WHITE-LAMP-BODY-CEILIGNT-LIGHT.jpg","type":"image\/jpeg"}],"twitter_card":"summary_large_image","twitter_misc":{"Dur\u00e9e de lecture estim\u00e9e":"2 minutes"},"schema":{"@context":"https:\/\/schema.org","@graph":[{"@type":"WebPage","@id":"https:\/\/altrisacces.fr\/index.php\/produit\/plafonnier-ep-al12d\/","url":"https:\/\/altrisacces.fr\/index.php\/produit\/plafonnier-ep-al12d\/","name":"Plafonnier EP-AL12D - Altris | Eclairages LED","isPartOf":{"@id":"https:\/\/altrisacces.fr\/#website"},"primaryImageOfPage":{"@id":"https:\/\/altrisacces.fr\/index.php\/produit\/plafonnier-ep-al12d\/#primaryimage"},"image":{"@id":"https:\/\/altrisacces.fr\/index.php\/produit\/plafonnier-ep-al12d\/#primaryimage"},"thumbnailUrl":"https:\/\/altrisacces.fr\/wp-content\/uploads\/2024\/03\/AL12D-3-WHITE-LAMP-BODY-CEILIGNT-LIGHT.jpg","datePublished":"2024-03-04T13:37:02+00:00","dateModified":"2024-06-26T14:21:27+00:00","breadcrumb":{"@id":"https:\/\/altrisacces.fr\/index.php\/produit\/plafonnier-ep-al12d\/#breadcrumb"},"inLanguage":"fr-FR","potentialAction":[{"@type":"ReadAction","target":["https:\/\/altrisacces.fr\/index.php\/produit\/plafonnier-ep-al12d\/"]}]},{"@type":"ImageObject","inLanguage":"fr-FR","@id":"https:\/\/altrisacces.fr\/index.php\/produit\/plafonnier-ep-al12d\/#primaryimage","url":"https:\/\/altrisacces.fr\/wp-content\/uploads\/2024\/03\/AL12D-3-WHITE-LAMP-BODY-CEILIGNT-LIGHT.jpg","contentUrl":"https:\/\/altrisacces.fr\/wp-content\/uploads\/2024\/03\/AL12D-3-WHITE-LAMP-BODY-CEILIGNT-LIGHT.jpg","width":1600,"height":1200},{"@type":"BreadcrumbList","@id":"https:\/\/altrisacces.fr\/index.php\/produit\/plafonnier-ep-al12d\/#breadcrumb","itemListElement":[{"@type":"ListItem","position":1,"name":"Accueil","item":"https:\/\/altrisacces.fr\/"},{"@type":"ListItem","position":2,"name":"Produits","item":"https:\/\/altrisacces.fr\/index.php\/produits\/"},{"@type":"ListItem","position":3,"name":"Plafonnier EP-AL12D"}]},{"@type":"WebSite","@id":"https:\/\/altrisacces.fr\/#website","url":"https:\/\/altrisacces.fr\/","name":"Altris","description":"\u00e9clairage LED public, ext\u00e9rieur, tertiaire et industriel","publisher":{"@id":"https:\/\/altrisacces.fr\/#organization"},"potentialAction":[{"@type":"SearchAction","target":{"@type":"EntryPoint","urlTemplate":"https:\/\/altrisacces.fr\/?s={search_term_string}"},"query-input":"required name=search_term_string"}],"inLanguage":"fr-FR"},{"@type":"Organization","@id":"https:\/\/altrisacces.fr\/#organization","name":"Altris","url":"https:\/\/altrisacces.fr\/","logo":{"@type":"ImageObject","inLanguage":"fr-FR","@id":"https:\/\/altrisacces.fr\/#\/schema\/logo\/image\/","url":"https:\/\/altrisacces.fr\/wp-content\/uploads\/2023\/10\/logo_Altris.png","contentUrl":"https:\/\/altrisacces.fr\/wp-content\/uploads\/2023\/10\/logo_Altris.png","width":1579,"height":1006,"caption":"Altris"},"image":{"@id":"https:\/\/altrisacces.fr\/#\/schema\/logo\/image\/"}}]}},"_links":{"self":[{"href":"https:\/\/altrisacces.fr\/index.php\/wp-json\/wp\/v2\/product\/951","targetHints":{"allow":["GET"]}}],"collection":[{"href":"https:\/\/altrisacces.fr\/index.php\/wp-json\/wp\/v2\/product"}],"about":[{"href":"https:\/\/altrisacces.fr\/index.php\/wp-json\/wp\/v2\/types\/product"}],"replies":[{"embeddable":true,"href":"https:\/\/altrisacces.fr\/index.php\/wp-json\/wp\/v2\/comments?post=951"}],"wp:featuredmedia":[{"embeddable":true,"href":"https:\/\/altrisacces.fr\/index.php\/wp-json\/wp\/v2\/media\/976"}],"wp:attachment":[{"href":"https:\/\/altrisacces.fr\/index.php\/wp-json\/wp\/v2\/media?parent=951"}],"wp:term":[{"taxonomy":"product_cat","embeddable":true,"href":"https:\/\/altrisacces.fr\/index.php\/wp-json\/wp\/v2\/product_cat?post=951"},{"taxonomy":"product_tag","embeddable":true,"href":"https:\/\/altrisacces.fr\/index.php\/wp-json\/wp\/v2\/product_tag?post=951"}],"curies":[{"name":"wp","href":"https:\/\/api.w.org\/{rel}","templated":true}]}}