{"id":954,"date":"2024-03-05T08:44:27","date_gmt":"2024-03-05T07:44:27","guid":{"rendered":"https:\/\/altrisacces.fr\/?post_type=product&#038;p=954"},"modified":"2024-06-26T16:21:47","modified_gmt":"2024-06-26T14:21:47","slug":"plafonnier-ep-al101f","status":"publish","type":"product","link":"https:\/\/altrisacces.fr\/index.php\/produit\/plafonnier-ep-al101f\/","title":{"rendered":"Plafonnier EP-AL101F"},"content":{"rendered":"<h3>Dimensions du plafonnier EP-AL101F<\/h3>\n<p><img fetchpriority=\"high\" decoding=\"async\" class=\"alignnone wp-image-958 size-large\" src=\"https:\/\/altrisacces.fr\/wp-content\/uploads\/2024\/03\/EP-AL12D-dimensions2-1024x281.webp\" alt=\"\" width=\"800\" height=\"220\" srcset=\"https:\/\/altrisacces.fr\/wp-content\/uploads\/2024\/03\/EP-AL12D-dimensions2-1024x281.webp 1024w, https:\/\/altrisacces.fr\/wp-content\/uploads\/2024\/03\/EP-AL12D-dimensions2-300x82.webp 300w, https:\/\/altrisacces.fr\/wp-content\/uploads\/2024\/03\/EP-AL12D-dimensions2-768x210.webp 768w, https:\/\/altrisacces.fr\/wp-content\/uploads\/2024\/03\/EP-AL12D-dimensions2-1536x421.webp 1536w, https:\/\/altrisacces.fr\/wp-content\/uploads\/2024\/03\/EP-AL12D-dimensions2-2048x561.webp 2048w, https:\/\/altrisacces.fr\/wp-content\/uploads\/2024\/03\/EP-AL12D-dimensions2-600x164.webp 600w\" sizes=\"(max-width: 800px) 100vw, 800px\" \/><\/p>\n<h3>Caract\u00e9ristiques du plafonnier EP-AL101F<\/h3>\n<p><img decoding=\"async\" class=\"alignnone wp-image-956 size-large\" src=\"https:\/\/altrisacces.fr\/wp-content\/uploads\/2024\/03\/EP-AL101F-caracteristiques-1024x719.webp\" alt=\"\" width=\"800\" height=\"562\" srcset=\"https:\/\/altrisacces.fr\/wp-content\/uploads\/2024\/03\/EP-AL101F-caracteristiques-1024x719.webp 1024w, https:\/\/altrisacces.fr\/wp-content\/uploads\/2024\/03\/EP-AL101F-caracteristiques-300x211.webp 300w, https:\/\/altrisacces.fr\/wp-content\/uploads\/2024\/03\/EP-AL101F-caracteristiques-768x539.webp 768w, https:\/\/altrisacces.fr\/wp-content\/uploads\/2024\/03\/EP-AL101F-caracteristiques-600x421.webp 600w, https:\/\/altrisacces.fr\/wp-content\/uploads\/2024\/03\/EP-AL101F-caracteristiques.webp 1071w\" sizes=\"(max-width: 800px) 100vw, 800px\" \/><\/p>\n<p><img decoding=\"async\" class=\"alignnone wp-image-960 size-large\" src=\"https:\/\/altrisacces.fr\/wp-content\/uploads\/2024\/03\/EP-AL101F-caracteristiques2-1024x607.webp\" alt=\"\" width=\"800\" height=\"474\" srcset=\"https:\/\/altrisacces.fr\/wp-content\/uploads\/2024\/03\/EP-AL101F-caracteristiques2-1024x607.webp 1024w, https:\/\/altrisacces.fr\/wp-content\/uploads\/2024\/03\/EP-AL101F-caracteristiques2-300x178.webp 300w, https:\/\/altrisacces.fr\/wp-content\/uploads\/2024\/03\/EP-AL101F-caracteristiques2-768x455.webp 768w, https:\/\/altrisacces.fr\/wp-content\/uploads\/2024\/03\/EP-AL101F-caracteristiques2-600x356.webp 600w, https:\/\/altrisacces.fr\/wp-content\/uploads\/2024\/03\/EP-AL101F-caracteristiques2.webp 1044w\" sizes=\"(max-width: 800px) 100vw, 800px\" \/><\/p>\n<p><em>Retrouvez notre gamme compl\u00e8te de plafonniers <a href=\"https:\/\/altrisacces.fr\/index.php\/categorie-produit\/eclairage-interieur\/\">ici<\/a><\/em><\/p>\n","protected":false},"excerpt":{"rendered":"<p>Plafonnier fabriqu\u00e9 avec des mat\u00e9riaux recycl\u00e9s PCR<\/p>\n","protected":false},"featured_media":955,"comment_status":"open","ping_status":"closed","template":"","meta":{"_acf_changed":false},"product_cat":[32],"product_tag":[],"class_list":{"0":"post-954","1":"product","2":"type-product","3":"status-publish","4":"has-post-thumbnail","6":"product_cat-eclairage-interieur","8":"first","9":"instock","10":"shipping-taxable","11":"product-type-simple"},"acf":[],"yoast_head":"<!-- This site is optimized with the Yoast SEO plugin v22.9 - https:\/\/yoast.com\/wordpress\/plugins\/seo\/ -->\n<title>Plafonnier EP-AL101F - Altris | Eclairages LED<\/title>\n<meta name=\"robots\" content=\"index, follow, max-snippet:-1, max-image-preview:large, max-video-preview:-1\" \/>\n<link rel=\"canonical\" href=\"https:\/\/altrisacces.fr\/index.php\/produit\/plafonnier-ep-al101f\/\" \/>\n<meta property=\"og:locale\" content=\"fr_FR\" \/>\n<meta property=\"og:type\" content=\"article\" \/>\n<meta property=\"og:title\" content=\"Plafonnier EP-AL101F - Altris | Eclairages LED\" \/>\n<meta property=\"og:description\" content=\"Plafonnier fabriqu\u00e9 avec des mat\u00e9riaux recycl\u00e9s PCR\" \/>\n<meta property=\"og:url\" content=\"https:\/\/altrisacces.fr\/index.php\/produit\/plafonnier-ep-al101f\/\" \/>\n<meta property=\"og:site_name\" content=\"Altris\" \/>\n<meta property=\"article:modified_time\" content=\"2024-06-26T14:21:47+00:00\" \/>\n<meta property=\"og:image\" content=\"https:\/\/altrisacces.fr\/wp-content\/uploads\/2024\/03\/EP-AL101F-copie.webp\" \/>\n\t<meta property=\"og:image:width\" content=\"1000\" \/>\n\t<meta property=\"og:image:height\" content=\"1000\" \/>\n\t<meta property=\"og:image:type\" content=\"image\/webp\" \/>\n<meta name=\"twitter:card\" content=\"summary_large_image\" \/>\n<meta name=\"twitter:label1\" content=\"Dur\u00e9e de lecture estim\u00e9e\" \/>\n\t<meta name=\"twitter:data1\" content=\"1 minute\" \/>\n<script type=\"application\/ld+json\" class=\"yoast-schema-graph\">{\"@context\":\"https:\/\/schema.org\",\"@graph\":[{\"@type\":\"WebPage\",\"@id\":\"https:\/\/altrisacces.fr\/index.php\/produit\/plafonnier-ep-al101f\/\",\"url\":\"https:\/\/altrisacces.fr\/index.php\/produit\/plafonnier-ep-al101f\/\",\"name\":\"Plafonnier EP-AL101F - Altris | Eclairages LED\",\"isPartOf\":{\"@id\":\"https:\/\/altrisacces.fr\/#website\"},\"primaryImageOfPage\":{\"@id\":\"https:\/\/altrisacces.fr\/index.php\/produit\/plafonnier-ep-al101f\/#primaryimage\"},\"image\":{\"@id\":\"https:\/\/altrisacces.fr\/index.php\/produit\/plafonnier-ep-al101f\/#primaryimage\"},\"thumbnailUrl\":\"https:\/\/altrisacces.fr\/wp-content\/uploads\/2024\/03\/EP-AL101F-copie.webp\",\"datePublished\":\"2024-03-05T07:44:27+00:00\",\"dateModified\":\"2024-06-26T14:21:47+00:00\",\"breadcrumb\":{\"@id\":\"https:\/\/altrisacces.fr\/index.php\/produit\/plafonnier-ep-al101f\/#breadcrumb\"},\"inLanguage\":\"fr-FR\",\"potentialAction\":[{\"@type\":\"ReadAction\",\"target\":[\"https:\/\/altrisacces.fr\/index.php\/produit\/plafonnier-ep-al101f\/\"]}]},{\"@type\":\"ImageObject\",\"inLanguage\":\"fr-FR\",\"@id\":\"https:\/\/altrisacces.fr\/index.php\/produit\/plafonnier-ep-al101f\/#primaryimage\",\"url\":\"https:\/\/altrisacces.fr\/wp-content\/uploads\/2024\/03\/EP-AL101F-copie.webp\",\"contentUrl\":\"https:\/\/altrisacces.fr\/wp-content\/uploads\/2024\/03\/EP-AL101F-copie.webp\",\"width\":1000,\"height\":1000},{\"@type\":\"BreadcrumbList\",\"@id\":\"https:\/\/altrisacces.fr\/index.php\/produit\/plafonnier-ep-al101f\/#breadcrumb\",\"itemListElement\":[{\"@type\":\"ListItem\",\"position\":1,\"name\":\"Accueil\",\"item\":\"https:\/\/altrisacces.fr\/\"},{\"@type\":\"ListItem\",\"position\":2,\"name\":\"Produits\",\"item\":\"https:\/\/altrisacces.fr\/index.php\/produits\/\"},{\"@type\":\"ListItem\",\"position\":3,\"name\":\"Plafonnier EP-AL101F\"}]},{\"@type\":\"WebSite\",\"@id\":\"https:\/\/altrisacces.fr\/#website\",\"url\":\"https:\/\/altrisacces.fr\/\",\"name\":\"Altris\",\"description\":\"\u00e9clairage LED public, ext\u00e9rieur, tertiaire et industriel\",\"publisher\":{\"@id\":\"https:\/\/altrisacces.fr\/#organization\"},\"potentialAction\":[{\"@type\":\"SearchAction\",\"target\":{\"@type\":\"EntryPoint\",\"urlTemplate\":\"https:\/\/altrisacces.fr\/?s={search_term_string}\"},\"query-input\":\"required name=search_term_string\"}],\"inLanguage\":\"fr-FR\"},{\"@type\":\"Organization\",\"@id\":\"https:\/\/altrisacces.fr\/#organization\",\"name\":\"Altris\",\"url\":\"https:\/\/altrisacces.fr\/\",\"logo\":{\"@type\":\"ImageObject\",\"inLanguage\":\"fr-FR\",\"@id\":\"https:\/\/altrisacces.fr\/#\/schema\/logo\/image\/\",\"url\":\"https:\/\/altrisacces.fr\/wp-content\/uploads\/2023\/10\/logo_Altris.png\",\"contentUrl\":\"https:\/\/altrisacces.fr\/wp-content\/uploads\/2023\/10\/logo_Altris.png\",\"width\":1579,\"height\":1006,\"caption\":\"Altris\"},\"image\":{\"@id\":\"https:\/\/altrisacces.fr\/#\/schema\/logo\/image\/\"}}]}<\/script>\n<!-- \/ Yoast SEO plugin. -->","yoast_head_json":{"title":"Plafonnier EP-AL101F - Altris | Eclairages LED","robots":{"index":"index","follow":"follow","max-snippet":"max-snippet:-1","max-image-preview":"max-image-preview:large","max-video-preview":"max-video-preview:-1"},"canonical":"https:\/\/altrisacces.fr\/index.php\/produit\/plafonnier-ep-al101f\/","og_locale":"fr_FR","og_type":"article","og_title":"Plafonnier EP-AL101F - Altris | Eclairages LED","og_description":"Plafonnier fabriqu\u00e9 avec des mat\u00e9riaux recycl\u00e9s PCR","og_url":"https:\/\/altrisacces.fr\/index.php\/produit\/plafonnier-ep-al101f\/","og_site_name":"Altris","article_modified_time":"2024-06-26T14:21:47+00:00","og_image":[{"width":1000,"height":1000,"url":"https:\/\/altrisacces.fr\/wp-content\/uploads\/2024\/03\/EP-AL101F-copie.webp","type":"image\/webp"}],"twitter_card":"summary_large_image","twitter_misc":{"Dur\u00e9e de lecture estim\u00e9e":"1 minute"},"schema":{"@context":"https:\/\/schema.org","@graph":[{"@type":"WebPage","@id":"https:\/\/altrisacces.fr\/index.php\/produit\/plafonnier-ep-al101f\/","url":"https:\/\/altrisacces.fr\/index.php\/produit\/plafonnier-ep-al101f\/","name":"Plafonnier EP-AL101F - Altris | Eclairages LED","isPartOf":{"@id":"https:\/\/altrisacces.fr\/#website"},"primaryImageOfPage":{"@id":"https:\/\/altrisacces.fr\/index.php\/produit\/plafonnier-ep-al101f\/#primaryimage"},"image":{"@id":"https:\/\/altrisacces.fr\/index.php\/produit\/plafonnier-ep-al101f\/#primaryimage"},"thumbnailUrl":"https:\/\/altrisacces.fr\/wp-content\/uploads\/2024\/03\/EP-AL101F-copie.webp","datePublished":"2024-03-05T07:44:27+00:00","dateModified":"2024-06-26T14:21:47+00:00","breadcrumb":{"@id":"https:\/\/altrisacces.fr\/index.php\/produit\/plafonnier-ep-al101f\/#breadcrumb"},"inLanguage":"fr-FR","potentialAction":[{"@type":"ReadAction","target":["https:\/\/altrisacces.fr\/index.php\/produit\/plafonnier-ep-al101f\/"]}]},{"@type":"ImageObject","inLanguage":"fr-FR","@id":"https:\/\/altrisacces.fr\/index.php\/produit\/plafonnier-ep-al101f\/#primaryimage","url":"https:\/\/altrisacces.fr\/wp-content\/uploads\/2024\/03\/EP-AL101F-copie.webp","contentUrl":"https:\/\/altrisacces.fr\/wp-content\/uploads\/2024\/03\/EP-AL101F-copie.webp","width":1000,"height":1000},{"@type":"BreadcrumbList","@id":"https:\/\/altrisacces.fr\/index.php\/produit\/plafonnier-ep-al101f\/#breadcrumb","itemListElement":[{"@type":"ListItem","position":1,"name":"Accueil","item":"https:\/\/altrisacces.fr\/"},{"@type":"ListItem","position":2,"name":"Produits","item":"https:\/\/altrisacces.fr\/index.php\/produits\/"},{"@type":"ListItem","position":3,"name":"Plafonnier EP-AL101F"}]},{"@type":"WebSite","@id":"https:\/\/altrisacces.fr\/#website","url":"https:\/\/altrisacces.fr\/","name":"Altris","description":"\u00e9clairage LED public, ext\u00e9rieur, tertiaire et industriel","publisher":{"@id":"https:\/\/altrisacces.fr\/#organization"},"potentialAction":[{"@type":"SearchAction","target":{"@type":"EntryPoint","urlTemplate":"https:\/\/altrisacces.fr\/?s={search_term_string}"},"query-input":"required name=search_term_string"}],"inLanguage":"fr-FR"},{"@type":"Organization","@id":"https:\/\/altrisacces.fr\/#organization","name":"Altris","url":"https:\/\/altrisacces.fr\/","logo":{"@type":"ImageObject","inLanguage":"fr-FR","@id":"https:\/\/altrisacces.fr\/#\/schema\/logo\/image\/","url":"https:\/\/altrisacces.fr\/wp-content\/uploads\/2023\/10\/logo_Altris.png","contentUrl":"https:\/\/altrisacces.fr\/wp-content\/uploads\/2023\/10\/logo_Altris.png","width":1579,"height":1006,"caption":"Altris"},"image":{"@id":"https:\/\/altrisacces.fr\/#\/schema\/logo\/image\/"}}]}},"_links":{"self":[{"href":"https:\/\/altrisacces.fr\/index.php\/wp-json\/wp\/v2\/product\/954","targetHints":{"allow":["GET"]}}],"collection":[{"href":"https:\/\/altrisacces.fr\/index.php\/wp-json\/wp\/v2\/product"}],"about":[{"href":"https:\/\/altrisacces.fr\/index.php\/wp-json\/wp\/v2\/types\/product"}],"replies":[{"embeddable":true,"href":"https:\/\/altrisacces.fr\/index.php\/wp-json\/wp\/v2\/comments?post=954"}],"wp:featuredmedia":[{"embeddable":true,"href":"https:\/\/altrisacces.fr\/index.php\/wp-json\/wp\/v2\/media\/955"}],"wp:attachment":[{"href":"https:\/\/altrisacces.fr\/index.php\/wp-json\/wp\/v2\/media?parent=954"}],"wp:term":[{"taxonomy":"product_cat","embeddable":true,"href":"https:\/\/altrisacces.fr\/index.php\/wp-json\/wp\/v2\/product_cat?post=954"},{"taxonomy":"product_tag","embeddable":true,"href":"https:\/\/altrisacces.fr\/index.php\/wp-json\/wp\/v2\/product_tag?post=954"}],"curies":[{"name":"wp","href":"https:\/\/api.w.org\/{rel}","templated":true}]}}