{"id":962,"date":"2024-03-05T08:55:28","date_gmt":"2024-03-05T07:55:28","guid":{"rendered":"https:\/\/altrisacces.fr\/?post_type=product&#038;p=962"},"modified":"2024-06-26T16:25:37","modified_gmt":"2024-06-26T14:25:37","slug":"plafonnier-ep-al99cd","status":"publish","type":"product","link":"https:\/\/altrisacces.fr\/index.php\/produit\/plafonnier-ep-al99cd\/","title":{"rendered":"Plafonnier EP-AL99C\/D"},"content":{"rendered":"<p>Le EP-AL99C\/D est un plafonnier de grande taille avec un design d&rsquo;\u00e9clairage haut et bas. Il adopte une source lumineuse SMD LED, une zone d&rsquo;\u00e9clairage plus large et un design \u00e0 faible \u00e9blouissement pour une sortie lumineuse plus douce et uniforme. Le bo\u00eetier en aluminium AL6063 assure une excellente gestion thermique. Options de taille : 400 mm, 600 mm, 800 mm, 1000 mm. Il est possible d&rsquo;ajuster le CCT et la puissance, de multiples fa\u00e7ons d&rsquo;installation sont disponibles, ce qui permet de r\u00e9pondre \u00e0 de nombreuses demandes d&rsquo;application.<\/p>\n<p>Caract\u00e9ristiques du plafonnier \u00e0 LED :<\/p>\n<ul>\n<li>Efficacit\u00e9 lumineuse \u00e9lev\u00e9e de 110lm\/W.<\/li>\n<li>CCT interchangeable (3000+4000+5700K\/3000+4000K) avec interrupteur \u00e0 glissi\u00e8re.<\/li>\n<li>Puissance interchangeable pour toutes les tailles.<\/li>\n<li>Possibilit\u00e9 de gradation DALI.<\/li>\n<li>Pilote Osram sans scintillement.<\/li>\n<li>Plusieurs modes d&rsquo;installation : Encastr\u00e9\/Montage en surface\/Pendant (avec suspension par tige, avec suspension par fil d&rsquo;acier, avec suspension par faisceau de c\u00e2bles). )<\/li>\n<li>Deux types d&rsquo;\u00e9clairage : 100% \u00e9clairage direct, \u00e9clairage vers le haut et vers le bas (pas pour les installations encastr\u00e9es).<\/li>\n<li>Version d&rsquo;\u00e9clairage vers le haut et vers le bas : 20 % vers le haut et 80 % vers le bas pour 400 mm, 10 % vers le haut et 90 % vers le bas pour 600 mm\/800 mm\/1000 mm.<\/li>\n<\/ul>\n<h3>Caract\u00e9ristiques du plafonnier EP-AL99C\/D<\/h3>\n<table class=\"table table-bordered table-striped table-hover\">\n<colgroup>\n<col \/>\n<col span=\"4\" \/><\/colgroup>\n<thead>\n<tr>\n<th scope=\"col\">Code No.<\/th>\n<th scope=\"col\">EP-AL99-16-40W AL99B-16-40W<\/th>\n<th scope=\"col\">EP-AL99-24-60W AL99B-24-60W<\/th>\n<th scope=\"col\">EP-AL99-32-75W AL99B-32-75W<\/th>\n<th scope=\"col\">EP-AL99-40-100W EP-AL99B-40-100W<\/th>\n<\/tr>\n<\/thead>\n<tbody>\n<tr>\n<td>Dimension(mm)<\/td>\n<td>\u00d8400*86<\/td>\n<td>\u00d8600*86<\/td>\n<td>\u00d8800*86<\/td>\n<td>\u00d81000*86<\/td>\n<\/tr>\n<tr>\n<td>Cutout (mm)<\/td>\n<td>\u00d8220~250<\/td>\n<td colspan=\"3\">\u00d8385~415<\/td>\n<\/tr>\n<tr>\n<td><\/td>\n<td rowspan=\"2\">40W @max (optional:35W \/ 37W \/ 38W \/ 40W)<\/td>\n<td>60W @max (optional: 42W<\/td>\n<td rowspan=\"2\">75W @max (optional:47W \/ 55W \/ 68W \/ 75W)<\/td>\n<td rowspan=\"2\">adjustable power with resistance100W\u00a0@max\u00a0(optional:40W-100W)<\/td>\n<\/tr>\n<tr>\n<td>Watt(W)<\/td>\n<td>\/ 49W \/ 60W)<\/td>\n<\/tr>\n<tr>\n<td>Rated Input Voltage(V)<\/td>\n<td colspan=\"4\">230V<\/td>\n<\/tr>\n<tr>\n<td>Input Voltage(V)<\/td>\n<td colspan=\"4\">220-240V<\/td>\n<\/tr>\n<tr>\n<td>Light Source<\/td>\n<td colspan=\"4\">SMD<\/td>\n<\/tr>\n<tr>\n<td>SDCM<\/td>\n<td colspan=\"4\">&lt;6 (@3000K 4000K 5000K)<\/td>\n<\/tr>\n<tr>\n<td>CCT(K)<\/td>\n<td colspan=\"4\">1-CCT: 3000K\/4000K\/5000K\/5700K || 3-CCT: 3000K + 4000K + 5700K<\/td>\n<\/tr>\n<tr>\n<td>CCT Selection DIP Switch<\/td>\n<td colspan=\"4\">YES<\/td>\n<\/tr>\n<tr>\n<td>Non-DIM 1-CCT Luminous Flux (lm) \u00b15% (Standard diffuser)<\/td>\n<td>3500-4300<\/td>\n<td>5700-6660<\/td>\n<td>6700-8000<\/td>\n<td>8800-10700<\/td>\n<\/tr>\n<tr>\n<td>DIM 1-CCT Luminous Flux (lm) \u00b15% (Standard diffuser)<\/td>\n<td>3500-4300<\/td>\n<td>5700-6660<\/td>\n<td>6700-8000<\/td>\n<td>8800-10700<\/td>\n<\/tr>\n<tr>\n<td>Non-DIM 3-CCT Luminous Flux (lm) \u00b15% (Standard diffuser)<\/td>\n<td>3500-4300<\/td>\n<td>5700-6700<\/td>\n<td>6700-8000<\/td>\n<td>8800-10700<\/td>\n<\/tr>\n<tr>\n<td>DIM 3-CCT Luminous Flux (lm) \u00b15% (Standard diffuser)<\/td>\n<td>3500-4300<\/td>\n<td>5700-6660<\/td>\n<td>6700-8000<\/td>\n<td>8800-10700<\/td>\n<\/tr>\n<tr>\n<td>Non-DIM 1-CCT Luminous Flux (lm) \u00b15% (Prismatic diffuser)<\/td>\n<td>2800-3500<\/td>\n<td>4500-5350<\/td>\n<td>5300-6500<\/td>\n<td>7000-8600<\/td>\n<\/tr>\n<tr>\n<td>DIM 1-CCT Luminous Flux (lm) \u00b15% (Prismatic diffuser)<\/td>\n<td>2800-3500<\/td>\n<td>4500-5350<\/td>\n<td>5300-6500<\/td>\n<td>7000-8600<\/td>\n<\/tr>\n<tr>\n<td>Non-DIM 3-CCT Luminous Flux (lm) \u00b15% (Prismatic diffuser)<\/td>\n<td>2800-3500<\/td>\n<td>4500-5400<\/td>\n<td>5300-6500<\/td>\n<td>7000-8600<\/td>\n<\/tr>\n<tr>\n<td>DIM 3-CCT Luminous Flux (lm) \u00b15% (Prismatic diffuser)<\/td>\n<td>2800-3500<\/td>\n<td>4500-5350<\/td>\n<td>5300-6500<\/td>\n<td>7000-8600<\/td>\n<\/tr>\n<tr>\n<td>CRI<\/td>\n<td colspan=\"4\">\u226580<\/td>\n<\/tr>\n<tr>\n<td>Beam Angle (\u00b0)<\/td>\n<td colspan=\"4\">120\u00b0(Standard diffuser) \/ 85\u00b0(Prismatic diffuser)<\/td>\n<\/tr>\n<tr>\n<td>LED Driver<\/td>\n<td colspan=\"4\">Built-in<\/td>\n<\/tr>\n<tr>\n<td>Dimming Option<\/td>\n<td colspan=\"4\">DALI<\/td>\n<\/tr>\n<tr>\n<td>Electrical Class<\/td>\n<td colspan=\"4\">Class I<\/td>\n<\/tr>\n<tr>\n<td>Ingress Protection (IP Rating)<\/td>\n<td colspan=\"4\">IP40<\/td>\n<\/tr>\n<tr>\n<td>Product Finishing(Base)<\/td>\n<td colspan=\"4\">White RAL 9016\/Black RAL 9005\/ wood grain<\/td>\n<\/tr>\n<tr>\n<td>Materials of Optics<\/td>\n<td colspan=\"4\">PS<\/td>\n<\/tr>\n<tr>\n<td>Materials of Housing<\/td>\n<td colspan=\"4\">Aluminum<\/td>\n<\/tr>\n<tr>\n<td>Lifetime (hr)<\/td>\n<td colspan=\"4\">50,000h<\/td>\n<\/tr>\n<tr>\n<td>Glow wire test (\u2103\u00a0)<\/td>\n<td colspan=\"4\">650\u2103<\/td>\n<\/tr>\n<tr>\n<td>Operating Temp. (\u2103\u00a0)<\/td>\n<td colspan=\"4\">-20\u2103\u00a0~40\u2103<\/td>\n<\/tr>\n<tr>\n<td>Storage Temp. (\u2103\u00a0)<\/td>\n<td colspan=\"4\">-20\u2103\u00a0~65\u2103<\/td>\n<\/tr>\n<tr>\n<td>Installation<\/td>\n<td colspan=\"4\">Surface mount \/ Pendant \/\u00a0\u00a0Recessed<\/td>\n<\/tr>\n<\/tbody>\n<\/table>\n<p><em>Retrouvez notre gamme compl\u00e8te de plafonniers <a href=\"https:\/\/altrisacces.fr\/index.php\/categorie-produit\/eclairage-interieur\/\">ici<\/a><\/em><\/p>\n","protected":false},"excerpt":{"rendered":"<p>Le EP-AL99C\/D est un plafonnier de grande taille avec un design d&rsquo;\u00e9clairage haut et bas. Il adopte une source lumineuse SMD LED, une zone d&rsquo;\u00e9clairage plus large et un design \u00e0 faible \u00e9blouissement pour une sortie lumineuse plus douce et uniforme.<\/p>\n","protected":false},"featured_media":963,"comment_status":"open","ping_status":"closed","template":"","meta":{"_acf_changed":false},"product_cat":[32],"product_tag":[],"class_list":{"0":"post-962","1":"product","2":"type-product","3":"status-publish","4":"has-post-thumbnail","6":"product_cat-eclairage-interieur","8":"first","9":"instock","10":"shipping-taxable","11":"product-type-simple"},"acf":[],"yoast_head":"<!-- This site is optimized with the Yoast SEO plugin v22.9 - https:\/\/yoast.com\/wordpress\/plugins\/seo\/ -->\n<title>Plafonnier EP-AL99C\/D - Altris | Eclairages LED<\/title>\n<meta name=\"description\" content=\"Le plafonnier EP-AL99C\/D est un plafonnier de grande taille avec un design d&#039;\u00e9clairage haut et bas. Il adopte une source lumineuse SMD LED, une zone d&#039;\u00e9clairage plus large et un design \u00e0 faible \u00e9blouissement pour une sortie lumineuse plus douce et uniforme.\" \/>\n<meta name=\"robots\" content=\"index, follow, max-snippet:-1, max-image-preview:large, max-video-preview:-1\" \/>\n<link rel=\"canonical\" href=\"https:\/\/altrisacces.fr\/index.php\/produit\/plafonnier-ep-al99cd\/\" \/>\n<meta property=\"og:locale\" content=\"fr_FR\" \/>\n<meta property=\"og:type\" content=\"article\" \/>\n<meta property=\"og:title\" content=\"Plafonnier EP-AL99C\/D - Altris | Eclairages LED\" \/>\n<meta property=\"og:description\" content=\"Le plafonnier EP-AL99C\/D est un plafonnier de grande taille avec un design d&#039;\u00e9clairage haut et bas. Il adopte une source lumineuse SMD LED, une zone d&#039;\u00e9clairage plus large et un design \u00e0 faible \u00e9blouissement pour une sortie lumineuse plus douce et uniforme.\" \/>\n<meta property=\"og:url\" content=\"https:\/\/altrisacces.fr\/index.php\/produit\/plafonnier-ep-al99cd\/\" \/>\n<meta property=\"og:site_name\" content=\"Altris\" \/>\n<meta property=\"article:modified_time\" content=\"2024-06-26T14:25:37+00:00\" \/>\n<meta property=\"og:image\" content=\"https:\/\/altrisacces.fr\/wp-content\/uploads\/2024\/03\/EPAL99C-D.webp\" \/>\n\t<meta property=\"og:image:width\" content=\"1853\" \/>\n\t<meta property=\"og:image:height\" content=\"1853\" \/>\n\t<meta property=\"og:image:type\" content=\"image\/webp\" \/>\n<meta name=\"twitter:card\" content=\"summary_large_image\" \/>\n<meta name=\"twitter:label1\" content=\"Dur\u00e9e de lecture estim\u00e9e\" \/>\n\t<meta name=\"twitter:data1\" content=\"3 minutes\" \/>\n<script type=\"application\/ld+json\" class=\"yoast-schema-graph\">{\"@context\":\"https:\/\/schema.org\",\"@graph\":[{\"@type\":\"WebPage\",\"@id\":\"https:\/\/altrisacces.fr\/index.php\/produit\/plafonnier-ep-al99cd\/\",\"url\":\"https:\/\/altrisacces.fr\/index.php\/produit\/plafonnier-ep-al99cd\/\",\"name\":\"Plafonnier EP-AL99C\/D - Altris | Eclairages LED\",\"isPartOf\":{\"@id\":\"https:\/\/altrisacces.fr\/#website\"},\"primaryImageOfPage\":{\"@id\":\"https:\/\/altrisacces.fr\/index.php\/produit\/plafonnier-ep-al99cd\/#primaryimage\"},\"image\":{\"@id\":\"https:\/\/altrisacces.fr\/index.php\/produit\/plafonnier-ep-al99cd\/#primaryimage\"},\"thumbnailUrl\":\"https:\/\/altrisacces.fr\/wp-content\/uploads\/2024\/03\/EPAL99C-D.webp\",\"datePublished\":\"2024-03-05T07:55:28+00:00\",\"dateModified\":\"2024-06-26T14:25:37+00:00\",\"description\":\"Le plafonnier EP-AL99C\/D est un plafonnier de grande taille avec un design d'\u00e9clairage haut et bas. Il adopte une source lumineuse SMD LED, une zone d'\u00e9clairage plus large et un design \u00e0 faible \u00e9blouissement pour une sortie lumineuse plus douce et uniforme.\",\"breadcrumb\":{\"@id\":\"https:\/\/altrisacces.fr\/index.php\/produit\/plafonnier-ep-al99cd\/#breadcrumb\"},\"inLanguage\":\"fr-FR\",\"potentialAction\":[{\"@type\":\"ReadAction\",\"target\":[\"https:\/\/altrisacces.fr\/index.php\/produit\/plafonnier-ep-al99cd\/\"]}]},{\"@type\":\"ImageObject\",\"inLanguage\":\"fr-FR\",\"@id\":\"https:\/\/altrisacces.fr\/index.php\/produit\/plafonnier-ep-al99cd\/#primaryimage\",\"url\":\"https:\/\/altrisacces.fr\/wp-content\/uploads\/2024\/03\/EPAL99C-D.webp\",\"contentUrl\":\"https:\/\/altrisacces.fr\/wp-content\/uploads\/2024\/03\/EPAL99C-D.webp\",\"width\":1853,\"height\":1853},{\"@type\":\"BreadcrumbList\",\"@id\":\"https:\/\/altrisacces.fr\/index.php\/produit\/plafonnier-ep-al99cd\/#breadcrumb\",\"itemListElement\":[{\"@type\":\"ListItem\",\"position\":1,\"name\":\"Accueil\",\"item\":\"https:\/\/altrisacces.fr\/\"},{\"@type\":\"ListItem\",\"position\":2,\"name\":\"Produits\",\"item\":\"https:\/\/altrisacces.fr\/index.php\/produits\/\"},{\"@type\":\"ListItem\",\"position\":3,\"name\":\"Plafonnier EP-AL99C\/D\"}]},{\"@type\":\"WebSite\",\"@id\":\"https:\/\/altrisacces.fr\/#website\",\"url\":\"https:\/\/altrisacces.fr\/\",\"name\":\"Altris\",\"description\":\"\u00e9clairage LED public, ext\u00e9rieur, tertiaire et industriel\",\"publisher\":{\"@id\":\"https:\/\/altrisacces.fr\/#organization\"},\"potentialAction\":[{\"@type\":\"SearchAction\",\"target\":{\"@type\":\"EntryPoint\",\"urlTemplate\":\"https:\/\/altrisacces.fr\/?s={search_term_string}\"},\"query-input\":\"required name=search_term_string\"}],\"inLanguage\":\"fr-FR\"},{\"@type\":\"Organization\",\"@id\":\"https:\/\/altrisacces.fr\/#organization\",\"name\":\"Altris\",\"url\":\"https:\/\/altrisacces.fr\/\",\"logo\":{\"@type\":\"ImageObject\",\"inLanguage\":\"fr-FR\",\"@id\":\"https:\/\/altrisacces.fr\/#\/schema\/logo\/image\/\",\"url\":\"https:\/\/altrisacces.fr\/wp-content\/uploads\/2023\/10\/logo_Altris.png\",\"contentUrl\":\"https:\/\/altrisacces.fr\/wp-content\/uploads\/2023\/10\/logo_Altris.png\",\"width\":1579,\"height\":1006,\"caption\":\"Altris\"},\"image\":{\"@id\":\"https:\/\/altrisacces.fr\/#\/schema\/logo\/image\/\"}}]}<\/script>\n<!-- \/ Yoast SEO plugin. -->","yoast_head_json":{"title":"Plafonnier EP-AL99C\/D - Altris | Eclairages LED","description":"Le plafonnier EP-AL99C\/D est un plafonnier de grande taille avec un design d'\u00e9clairage haut et bas. Il adopte une source lumineuse SMD LED, une zone d'\u00e9clairage plus large et un design \u00e0 faible \u00e9blouissement pour une sortie lumineuse plus douce et uniforme.","robots":{"index":"index","follow":"follow","max-snippet":"max-snippet:-1","max-image-preview":"max-image-preview:large","max-video-preview":"max-video-preview:-1"},"canonical":"https:\/\/altrisacces.fr\/index.php\/produit\/plafonnier-ep-al99cd\/","og_locale":"fr_FR","og_type":"article","og_title":"Plafonnier EP-AL99C\/D - Altris | Eclairages LED","og_description":"Le plafonnier EP-AL99C\/D est un plafonnier de grande taille avec un design d'\u00e9clairage haut et bas. Il adopte une source lumineuse SMD LED, une zone d'\u00e9clairage plus large et un design \u00e0 faible \u00e9blouissement pour une sortie lumineuse plus douce et uniforme.","og_url":"https:\/\/altrisacces.fr\/index.php\/produit\/plafonnier-ep-al99cd\/","og_site_name":"Altris","article_modified_time":"2024-06-26T14:25:37+00:00","og_image":[{"width":1853,"height":1853,"url":"https:\/\/altrisacces.fr\/wp-content\/uploads\/2024\/03\/EPAL99C-D.webp","type":"image\/webp"}],"twitter_card":"summary_large_image","twitter_misc":{"Dur\u00e9e de lecture estim\u00e9e":"3 minutes"},"schema":{"@context":"https:\/\/schema.org","@graph":[{"@type":"WebPage","@id":"https:\/\/altrisacces.fr\/index.php\/produit\/plafonnier-ep-al99cd\/","url":"https:\/\/altrisacces.fr\/index.php\/produit\/plafonnier-ep-al99cd\/","name":"Plafonnier EP-AL99C\/D - Altris | Eclairages LED","isPartOf":{"@id":"https:\/\/altrisacces.fr\/#website"},"primaryImageOfPage":{"@id":"https:\/\/altrisacces.fr\/index.php\/produit\/plafonnier-ep-al99cd\/#primaryimage"},"image":{"@id":"https:\/\/altrisacces.fr\/index.php\/produit\/plafonnier-ep-al99cd\/#primaryimage"},"thumbnailUrl":"https:\/\/altrisacces.fr\/wp-content\/uploads\/2024\/03\/EPAL99C-D.webp","datePublished":"2024-03-05T07:55:28+00:00","dateModified":"2024-06-26T14:25:37+00:00","description":"Le plafonnier EP-AL99C\/D est un plafonnier de grande taille avec un design d'\u00e9clairage haut et bas. Il adopte une source lumineuse SMD LED, une zone d'\u00e9clairage plus large et un design \u00e0 faible \u00e9blouissement pour une sortie lumineuse plus douce et uniforme.","breadcrumb":{"@id":"https:\/\/altrisacces.fr\/index.php\/produit\/plafonnier-ep-al99cd\/#breadcrumb"},"inLanguage":"fr-FR","potentialAction":[{"@type":"ReadAction","target":["https:\/\/altrisacces.fr\/index.php\/produit\/plafonnier-ep-al99cd\/"]}]},{"@type":"ImageObject","inLanguage":"fr-FR","@id":"https:\/\/altrisacces.fr\/index.php\/produit\/plafonnier-ep-al99cd\/#primaryimage","url":"https:\/\/altrisacces.fr\/wp-content\/uploads\/2024\/03\/EPAL99C-D.webp","contentUrl":"https:\/\/altrisacces.fr\/wp-content\/uploads\/2024\/03\/EPAL99C-D.webp","width":1853,"height":1853},{"@type":"BreadcrumbList","@id":"https:\/\/altrisacces.fr\/index.php\/produit\/plafonnier-ep-al99cd\/#breadcrumb","itemListElement":[{"@type":"ListItem","position":1,"name":"Accueil","item":"https:\/\/altrisacces.fr\/"},{"@type":"ListItem","position":2,"name":"Produits","item":"https:\/\/altrisacces.fr\/index.php\/produits\/"},{"@type":"ListItem","position":3,"name":"Plafonnier EP-AL99C\/D"}]},{"@type":"WebSite","@id":"https:\/\/altrisacces.fr\/#website","url":"https:\/\/altrisacces.fr\/","name":"Altris","description":"\u00e9clairage LED public, ext\u00e9rieur, tertiaire et industriel","publisher":{"@id":"https:\/\/altrisacces.fr\/#organization"},"potentialAction":[{"@type":"SearchAction","target":{"@type":"EntryPoint","urlTemplate":"https:\/\/altrisacces.fr\/?s={search_term_string}"},"query-input":"required name=search_term_string"}],"inLanguage":"fr-FR"},{"@type":"Organization","@id":"https:\/\/altrisacces.fr\/#organization","name":"Altris","url":"https:\/\/altrisacces.fr\/","logo":{"@type":"ImageObject","inLanguage":"fr-FR","@id":"https:\/\/altrisacces.fr\/#\/schema\/logo\/image\/","url":"https:\/\/altrisacces.fr\/wp-content\/uploads\/2023\/10\/logo_Altris.png","contentUrl":"https:\/\/altrisacces.fr\/wp-content\/uploads\/2023\/10\/logo_Altris.png","width":1579,"height":1006,"caption":"Altris"},"image":{"@id":"https:\/\/altrisacces.fr\/#\/schema\/logo\/image\/"}}]}},"_links":{"self":[{"href":"https:\/\/altrisacces.fr\/index.php\/wp-json\/wp\/v2\/product\/962","targetHints":{"allow":["GET"]}}],"collection":[{"href":"https:\/\/altrisacces.fr\/index.php\/wp-json\/wp\/v2\/product"}],"about":[{"href":"https:\/\/altrisacces.fr\/index.php\/wp-json\/wp\/v2\/types\/product"}],"replies":[{"embeddable":true,"href":"https:\/\/altrisacces.fr\/index.php\/wp-json\/wp\/v2\/comments?post=962"}],"wp:featuredmedia":[{"embeddable":true,"href":"https:\/\/altrisacces.fr\/index.php\/wp-json\/wp\/v2\/media\/963"}],"wp:attachment":[{"href":"https:\/\/altrisacces.fr\/index.php\/wp-json\/wp\/v2\/media?parent=962"}],"wp:term":[{"taxonomy":"product_cat","embeddable":true,"href":"https:\/\/altrisacces.fr\/index.php\/wp-json\/wp\/v2\/product_cat?post=962"},{"taxonomy":"product_tag","embeddable":true,"href":"https:\/\/altrisacces.fr\/index.php\/wp-json\/wp\/v2\/product_tag?post=962"}],"curies":[{"name":"wp","href":"https:\/\/api.w.org\/{rel}","templated":true}]}}