{"id":967,"date":"2024-03-05T09:09:00","date_gmt":"2024-03-05T08:09:00","guid":{"rendered":"https:\/\/altrisacces.fr\/?post_type=product&#038;p=967"},"modified":"2024-06-26T16:24:11","modified_gmt":"2024-06-26T14:24:11","slug":"plafonnier-ep-al173","status":"publish","type":"product","link":"https:\/\/altrisacces.fr\/index.php\/produit\/plafonnier-ep-al173\/","title":{"rendered":"Plafonnier EP-AL173"},"content":{"rendered":"<p>Ce plafonnier EP-AL173 peut \u00eatre install\u00e9 en surface ou en suspension. Il poss\u00e8de deux sources lumineuses : la source principale est \u00e9clair\u00e9e par le bord pour l&rsquo;\u00e9clairage, et une autre source lumineuse est \u00e9clair\u00e9e par le haut, et les lignes ondul\u00e9es de r\u00e9flexion diffuse cr\u00e9ent une atmosph\u00e8re douce et chaleureuse.<\/p>\n<p>L&rsquo;enveloppe d\u00e9corative adopte la technologie de traitement des motifs CD, ce qui rend l&rsquo;ensemble de la lampe tr\u00e8s reconnaissable, esth\u00e9tique et permet une perception visuelle avanc\u00e9e.<\/p>\n<ul>\n<li>Conception rotative pour une installation rapide, disponible pour les entr\u00e9es de c\u00e2bles arri\u00e8re et lat\u00e9rales.<\/li>\n<li>Les lignes ondul\u00e9es de la r\u00e9flexion diffuse cr\u00e9ent une atmosph\u00e8re douce et chaleureuse.<\/li>\n<li>CCT interchangeable (3000K+4000K+5700K) par interrupteur \u00e0 glissi\u00e8re.<\/li>\n<li>IP54 pour l&rsquo;ensemble de la lampe.<\/li>\n<li>Pilote interne sans scintillement.<\/li>\n<li>Possibilit\u00e9 de gradation par triac.<\/li>\n<\/ul>\n<h3>Caract\u00e9ristiques du plafonnier EP-AL173<\/h3>\n<p><img fetchpriority=\"high\" decoding=\"async\" class=\"alignnone wp-image-973 size-large\" src=\"https:\/\/altrisacces.fr\/wp-content\/uploads\/2024\/03\/EP-AL173-3-1024x128.webp\" alt=\"\" width=\"800\" height=\"100\" srcset=\"https:\/\/altrisacces.fr\/wp-content\/uploads\/2024\/03\/EP-AL173-3-1024x128.webp 1024w, https:\/\/altrisacces.fr\/wp-content\/uploads\/2024\/03\/EP-AL173-3-300x38.webp 300w, https:\/\/altrisacces.fr\/wp-content\/uploads\/2024\/03\/EP-AL173-3-768x96.webp 768w, https:\/\/altrisacces.fr\/wp-content\/uploads\/2024\/03\/EP-AL173-3-1536x192.webp 1536w, https:\/\/altrisacces.fr\/wp-content\/uploads\/2024\/03\/EP-AL173-3-2048x256.webp 2048w, https:\/\/altrisacces.fr\/wp-content\/uploads\/2024\/03\/EP-AL173-3-600x75.webp 600w\" sizes=\"(max-width: 800px) 100vw, 800px\" \/><\/p>\n<p><em>Retrouvez notre gamme compl\u00e8te de plafonniers <a href=\"https:\/\/altrisacces.fr\/index.php\/categorie-produit\/eclairage-interieur\/\">ici<\/a><\/em><\/p>\n","protected":false},"excerpt":{"rendered":"<p>Ce plafonnier EP-AL173 peut \u00eatre install\u00e9 en surface ou en suspension. Il poss\u00e8de deux sources lumineuses : la source principale est \u00e9clair\u00e9e par le bord pour l&rsquo;\u00e9clairage, et une autre source lumineuse est \u00e9clair\u00e9e par le haut, et les lignes ondul\u00e9es de r\u00e9flexion diffuse cr\u00e9ent une atmosph\u00e8re douce et chaleureuse.<\/p>\n<p>Il est con\u00e7u pour des applications d&rsquo;\u00e9clairage g\u00e9n\u00e9ral. Il est \u00e9galement largement utilis\u00e9 dans les lieux publics, tels que les escaliers, les halls d&rsquo;entr\u00e9e, les r\u00e9ceptions, les couloirs, etc.<\/p>\n","protected":false},"featured_media":968,"comment_status":"open","ping_status":"closed","template":"","meta":{"_acf_changed":false},"product_cat":[32],"product_tag":[],"class_list":{"0":"post-967","1":"product","2":"type-product","3":"status-publish","4":"has-post-thumbnail","6":"product_cat-eclairage-interieur","8":"first","9":"instock","10":"shipping-taxable","11":"product-type-simple"},"acf":[],"yoast_head":"<!-- This site is optimized with the Yoast SEO plugin v22.9 - https:\/\/yoast.com\/wordpress\/plugins\/seo\/ -->\n<title>Plafonnier EP-AL173 - Altris | Eclairages LED<\/title>\n<meta name=\"description\" content=\"Ce plafonnier EP-AL173 peut \u00eatre install\u00e9 en surface ou en suspension. Il poss\u00e8de deux sources lumineuses et les lignes ondul\u00e9es de r\u00e9flexion diffuse cr\u00e9ent une atmosph\u00e8re douce et chaleureuse.\" \/>\n<meta name=\"robots\" content=\"index, follow, max-snippet:-1, max-image-preview:large, max-video-preview:-1\" \/>\n<link rel=\"canonical\" href=\"https:\/\/altrisacces.fr\/index.php\/produit\/plafonnier-ep-al173\/\" \/>\n<meta property=\"og:locale\" content=\"fr_FR\" \/>\n<meta property=\"og:type\" content=\"article\" \/>\n<meta property=\"og:title\" content=\"Plafonnier EP-AL173 - Altris | Eclairages LED\" \/>\n<meta property=\"og:description\" content=\"Ce plafonnier EP-AL173 peut \u00eatre install\u00e9 en surface ou en suspension. Il poss\u00e8de deux sources lumineuses et les lignes ondul\u00e9es de r\u00e9flexion diffuse cr\u00e9ent une atmosph\u00e8re douce et chaleureuse.\" \/>\n<meta property=\"og:url\" content=\"https:\/\/altrisacces.fr\/index.php\/produit\/plafonnier-ep-al173\/\" \/>\n<meta property=\"og:site_name\" content=\"Altris\" \/>\n<meta property=\"article:modified_time\" content=\"2024-06-26T14:24:11+00:00\" \/>\n<meta property=\"og:image\" content=\"https:\/\/altrisacces.fr\/wp-content\/uploads\/2024\/03\/EP-AL173.webp\" \/>\n\t<meta property=\"og:image:width\" content=\"2310\" \/>\n\t<meta property=\"og:image:height\" content=\"2309\" \/>\n\t<meta property=\"og:image:type\" content=\"image\/webp\" \/>\n<meta name=\"twitter:card\" content=\"summary_large_image\" \/>\n<meta name=\"twitter:label1\" content=\"Dur\u00e9e de lecture estim\u00e9e\" \/>\n\t<meta name=\"twitter:data1\" content=\"2 minutes\" \/>\n<script type=\"application\/ld+json\" class=\"yoast-schema-graph\">{\"@context\":\"https:\/\/schema.org\",\"@graph\":[{\"@type\":\"WebPage\",\"@id\":\"https:\/\/altrisacces.fr\/index.php\/produit\/plafonnier-ep-al173\/\",\"url\":\"https:\/\/altrisacces.fr\/index.php\/produit\/plafonnier-ep-al173\/\",\"name\":\"Plafonnier EP-AL173 - Altris | Eclairages LED\",\"isPartOf\":{\"@id\":\"https:\/\/altrisacces.fr\/#website\"},\"primaryImageOfPage\":{\"@id\":\"https:\/\/altrisacces.fr\/index.php\/produit\/plafonnier-ep-al173\/#primaryimage\"},\"image\":{\"@id\":\"https:\/\/altrisacces.fr\/index.php\/produit\/plafonnier-ep-al173\/#primaryimage\"},\"thumbnailUrl\":\"https:\/\/altrisacces.fr\/wp-content\/uploads\/2024\/03\/EP-AL173.webp\",\"datePublished\":\"2024-03-05T08:09:00+00:00\",\"dateModified\":\"2024-06-26T14:24:11+00:00\",\"description\":\"Ce plafonnier EP-AL173 peut \u00eatre install\u00e9 en surface ou en suspension. Il poss\u00e8de deux sources lumineuses et les lignes ondul\u00e9es de r\u00e9flexion diffuse cr\u00e9ent une atmosph\u00e8re douce et chaleureuse.\",\"breadcrumb\":{\"@id\":\"https:\/\/altrisacces.fr\/index.php\/produit\/plafonnier-ep-al173\/#breadcrumb\"},\"inLanguage\":\"fr-FR\",\"potentialAction\":[{\"@type\":\"ReadAction\",\"target\":[\"https:\/\/altrisacces.fr\/index.php\/produit\/plafonnier-ep-al173\/\"]}]},{\"@type\":\"ImageObject\",\"inLanguage\":\"fr-FR\",\"@id\":\"https:\/\/altrisacces.fr\/index.php\/produit\/plafonnier-ep-al173\/#primaryimage\",\"url\":\"https:\/\/altrisacces.fr\/wp-content\/uploads\/2024\/03\/EP-AL173.webp\",\"contentUrl\":\"https:\/\/altrisacces.fr\/wp-content\/uploads\/2024\/03\/EP-AL173.webp\",\"width\":2310,\"height\":2309},{\"@type\":\"BreadcrumbList\",\"@id\":\"https:\/\/altrisacces.fr\/index.php\/produit\/plafonnier-ep-al173\/#breadcrumb\",\"itemListElement\":[{\"@type\":\"ListItem\",\"position\":1,\"name\":\"Accueil\",\"item\":\"https:\/\/altrisacces.fr\/\"},{\"@type\":\"ListItem\",\"position\":2,\"name\":\"Produits\",\"item\":\"https:\/\/altrisacces.fr\/index.php\/produits\/\"},{\"@type\":\"ListItem\",\"position\":3,\"name\":\"Plafonnier EP-AL173\"}]},{\"@type\":\"WebSite\",\"@id\":\"https:\/\/altrisacces.fr\/#website\",\"url\":\"https:\/\/altrisacces.fr\/\",\"name\":\"Altris\",\"description\":\"\u00e9clairage LED public, ext\u00e9rieur, tertiaire et industriel\",\"publisher\":{\"@id\":\"https:\/\/altrisacces.fr\/#organization\"},\"potentialAction\":[{\"@type\":\"SearchAction\",\"target\":{\"@type\":\"EntryPoint\",\"urlTemplate\":\"https:\/\/altrisacces.fr\/?s={search_term_string}\"},\"query-input\":\"required name=search_term_string\"}],\"inLanguage\":\"fr-FR\"},{\"@type\":\"Organization\",\"@id\":\"https:\/\/altrisacces.fr\/#organization\",\"name\":\"Altris\",\"url\":\"https:\/\/altrisacces.fr\/\",\"logo\":{\"@type\":\"ImageObject\",\"inLanguage\":\"fr-FR\",\"@id\":\"https:\/\/altrisacces.fr\/#\/schema\/logo\/image\/\",\"url\":\"https:\/\/altrisacces.fr\/wp-content\/uploads\/2023\/10\/logo_Altris.png\",\"contentUrl\":\"https:\/\/altrisacces.fr\/wp-content\/uploads\/2023\/10\/logo_Altris.png\",\"width\":1579,\"height\":1006,\"caption\":\"Altris\"},\"image\":{\"@id\":\"https:\/\/altrisacces.fr\/#\/schema\/logo\/image\/\"}}]}<\/script>\n<!-- \/ Yoast SEO plugin. -->","yoast_head_json":{"title":"Plafonnier EP-AL173 - Altris | Eclairages LED","description":"Ce plafonnier EP-AL173 peut \u00eatre install\u00e9 en surface ou en suspension. Il poss\u00e8de deux sources lumineuses et les lignes ondul\u00e9es de r\u00e9flexion diffuse cr\u00e9ent une atmosph\u00e8re douce et chaleureuse.","robots":{"index":"index","follow":"follow","max-snippet":"max-snippet:-1","max-image-preview":"max-image-preview:large","max-video-preview":"max-video-preview:-1"},"canonical":"https:\/\/altrisacces.fr\/index.php\/produit\/plafonnier-ep-al173\/","og_locale":"fr_FR","og_type":"article","og_title":"Plafonnier EP-AL173 - Altris | Eclairages LED","og_description":"Ce plafonnier EP-AL173 peut \u00eatre install\u00e9 en surface ou en suspension. Il poss\u00e8de deux sources lumineuses et les lignes ondul\u00e9es de r\u00e9flexion diffuse cr\u00e9ent une atmosph\u00e8re douce et chaleureuse.","og_url":"https:\/\/altrisacces.fr\/index.php\/produit\/plafonnier-ep-al173\/","og_site_name":"Altris","article_modified_time":"2024-06-26T14:24:11+00:00","og_image":[{"width":2310,"height":2309,"url":"https:\/\/altrisacces.fr\/wp-content\/uploads\/2024\/03\/EP-AL173.webp","type":"image\/webp"}],"twitter_card":"summary_large_image","twitter_misc":{"Dur\u00e9e de lecture estim\u00e9e":"2 minutes"},"schema":{"@context":"https:\/\/schema.org","@graph":[{"@type":"WebPage","@id":"https:\/\/altrisacces.fr\/index.php\/produit\/plafonnier-ep-al173\/","url":"https:\/\/altrisacces.fr\/index.php\/produit\/plafonnier-ep-al173\/","name":"Plafonnier EP-AL173 - Altris | Eclairages LED","isPartOf":{"@id":"https:\/\/altrisacces.fr\/#website"},"primaryImageOfPage":{"@id":"https:\/\/altrisacces.fr\/index.php\/produit\/plafonnier-ep-al173\/#primaryimage"},"image":{"@id":"https:\/\/altrisacces.fr\/index.php\/produit\/plafonnier-ep-al173\/#primaryimage"},"thumbnailUrl":"https:\/\/altrisacces.fr\/wp-content\/uploads\/2024\/03\/EP-AL173.webp","datePublished":"2024-03-05T08:09:00+00:00","dateModified":"2024-06-26T14:24:11+00:00","description":"Ce plafonnier EP-AL173 peut \u00eatre install\u00e9 en surface ou en suspension. Il poss\u00e8de deux sources lumineuses et les lignes ondul\u00e9es de r\u00e9flexion diffuse cr\u00e9ent une atmosph\u00e8re douce et chaleureuse.","breadcrumb":{"@id":"https:\/\/altrisacces.fr\/index.php\/produit\/plafonnier-ep-al173\/#breadcrumb"},"inLanguage":"fr-FR","potentialAction":[{"@type":"ReadAction","target":["https:\/\/altrisacces.fr\/index.php\/produit\/plafonnier-ep-al173\/"]}]},{"@type":"ImageObject","inLanguage":"fr-FR","@id":"https:\/\/altrisacces.fr\/index.php\/produit\/plafonnier-ep-al173\/#primaryimage","url":"https:\/\/altrisacces.fr\/wp-content\/uploads\/2024\/03\/EP-AL173.webp","contentUrl":"https:\/\/altrisacces.fr\/wp-content\/uploads\/2024\/03\/EP-AL173.webp","width":2310,"height":2309},{"@type":"BreadcrumbList","@id":"https:\/\/altrisacces.fr\/index.php\/produit\/plafonnier-ep-al173\/#breadcrumb","itemListElement":[{"@type":"ListItem","position":1,"name":"Accueil","item":"https:\/\/altrisacces.fr\/"},{"@type":"ListItem","position":2,"name":"Produits","item":"https:\/\/altrisacces.fr\/index.php\/produits\/"},{"@type":"ListItem","position":3,"name":"Plafonnier EP-AL173"}]},{"@type":"WebSite","@id":"https:\/\/altrisacces.fr\/#website","url":"https:\/\/altrisacces.fr\/","name":"Altris","description":"\u00e9clairage LED public, ext\u00e9rieur, tertiaire et industriel","publisher":{"@id":"https:\/\/altrisacces.fr\/#organization"},"potentialAction":[{"@type":"SearchAction","target":{"@type":"EntryPoint","urlTemplate":"https:\/\/altrisacces.fr\/?s={search_term_string}"},"query-input":"required name=search_term_string"}],"inLanguage":"fr-FR"},{"@type":"Organization","@id":"https:\/\/altrisacces.fr\/#organization","name":"Altris","url":"https:\/\/altrisacces.fr\/","logo":{"@type":"ImageObject","inLanguage":"fr-FR","@id":"https:\/\/altrisacces.fr\/#\/schema\/logo\/image\/","url":"https:\/\/altrisacces.fr\/wp-content\/uploads\/2023\/10\/logo_Altris.png","contentUrl":"https:\/\/altrisacces.fr\/wp-content\/uploads\/2023\/10\/logo_Altris.png","width":1579,"height":1006,"caption":"Altris"},"image":{"@id":"https:\/\/altrisacces.fr\/#\/schema\/logo\/image\/"}}]}},"_links":{"self":[{"href":"https:\/\/altrisacces.fr\/index.php\/wp-json\/wp\/v2\/product\/967","targetHints":{"allow":["GET"]}}],"collection":[{"href":"https:\/\/altrisacces.fr\/index.php\/wp-json\/wp\/v2\/product"}],"about":[{"href":"https:\/\/altrisacces.fr\/index.php\/wp-json\/wp\/v2\/types\/product"}],"replies":[{"embeddable":true,"href":"https:\/\/altrisacces.fr\/index.php\/wp-json\/wp\/v2\/comments?post=967"}],"wp:featuredmedia":[{"embeddable":true,"href":"https:\/\/altrisacces.fr\/index.php\/wp-json\/wp\/v2\/media\/968"}],"wp:attachment":[{"href":"https:\/\/altrisacces.fr\/index.php\/wp-json\/wp\/v2\/media?parent=967"}],"wp:term":[{"taxonomy":"product_cat","embeddable":true,"href":"https:\/\/altrisacces.fr\/index.php\/wp-json\/wp\/v2\/product_cat?post=967"},{"taxonomy":"product_tag","embeddable":true,"href":"https:\/\/altrisacces.fr\/index.php\/wp-json\/wp\/v2\/product_tag?post=967"}],"curies":[{"name":"wp","href":"https:\/\/api.w.org\/{rel}","templated":true}]}}